{"id":9786,"date":"2026-01-27T12:02:26","date_gmt":"2026-01-27T11:02:26","guid":{"rendered":"https:\/\/motorcycle-audio.eu\/?post_type=product&#038;p=9786"},"modified":"2026-01-28T19:00:38","modified_gmt":"2026-01-28T18:00:38","slug":"soundstream-reserve-whd-sg-radio-for-harley-davidson-street-glide-electra-glide-1998-2013","status":"publish","type":"product","link":"https:\/\/motorcycle-audio.eu\/en\/shop\/radios\/soundstream-reserve-whd-sg-radio-for-harley-davidson-street-glide-electra-glide-1998-2013\/","title":{"rendered":"Radio Soundstream Reserve WHD.SG for Harley-Davidson Street Glide \/ Electra Glide 1998\u20132013"},"content":{"rendered":"<h2><b>Radio Soundstream Reserve\u00a0WHD.SG<\/b><\/h2>\n<h3>for Harley-Davidson Street Glide \/ Electra Glide 1998\u20132013<\/h3>\n<p class=\"translation-block\"><strong>Soundstream Reserve WHD.SG<\/strong> is a modern, fully integrated <em>plug &amp; play<\/em> multimedia head unit, designed specifically for <strong>Harley-Davidson Street Glide motorcycles from 1998\u20132013<\/strong>. The device combines factory-level fitment with the latest multimedia technologies, delivering maximum functionality without any modification to the motorcycle\u2019s fairing.<\/p>\n<h3>Modern connectivity \u2013 no cables required<\/h3>\n<p class=\"translation-block\">The radio supports<b> wireless Apple CarPlay\u00ae and Android Auto\u00ae<\/b>, providing convenient access to maps, music, messages, and voice calls. Control is handled via the clear touchscreen display or the factory handlebar buttons, enhancing both safety and riding comfort.<\/p>\n<h3><b>7-inch QLCD display \u2013 excellent visibility<\/b><\/h3>\n<p class=\"translation-block\">Equipped with a bright, capacitive <b>7\u201d QLCD<\/b> touchscreen, the radio ensures excellent readability even in direct sunlight. The built-in LED indicators remain clearly visible despite glare, making operation easy in all lighting conditions.<\/p>\n<h3>SiriusXM\u00ae ready<\/h3>\n<p class=\"translation-block\">The device is <b>SiriusXM Ready\u00ae<\/b> \u2013 when connected to the <b>SXV300<\/b> tuner (sold separately), you gain access to hundreds of channels, including commercial-free music, live sports, news, and exclusive programming, even while riding outside FM coverage areas.<\/p>\n<h3>Plug &amp; Play \u2013 no modifications required<\/h3>\n<p class=\"translation-block\">Soundstream WHD.SG uses <b>original mounting points, the factory antenna, and the wiring harness<\/b>, making installation quick and hassle-free. It requires no additional trim panels, adapters, or fairing modifications. Full functionality of the factory Harley-Davidson controls is retained.<\/p>\n<h3>Resistance to road conditions<\/h3>\n<p class=\"translation-block\">Thanks to the <b>IPX5 protection rating<\/b>, silicone seals, and hermetically sealed electronics, the radio is resistant to rain, motorcycle washing, and dust\u2014making it an ideal solution for long-distance touring and everyday riding.<\/p>\n<h3>Advanced audio capabilities<\/h3>\n<p class=\"translation-block\">The built-in <b>4\u00d750 W amplifier (200 W, Class A\/B, stable at 2 \u03a9)<\/b> along with <b>5 V RCA outputs (front \/ rear \/ subwoofer)<\/b> allow for easy expansion of the audio system. You also have access to a 13-band graphic equalizer, high-pass and low-pass filters, and subwoofer level control.<\/p>\n<h3>Key features:<\/h3>\n<ul>\n<li class=\"translation-block\">Dedicated radio for <b>Harley-Davidson Street Glide \/ Electra Glide 1998\u20132013<\/b><\/li>\n<li class=\"translation-block\">Wireless<b> Apple CarPlay\u00ae and Android Auto\u00ae<\/b><\/li>\n<li>7\u201d QLCD touchscreen display<\/li>\n<li class=\"translation-block\"><b>SiriusXM Ready\u00ae<\/b> (optional tuner)<\/li>\n<li class=\"translation-block\"><b>IPX5<\/b> \u2013 water resistance<\/li>\n<li class=\"translation-block\"><b>200 W<\/b> amplifier, 5 V RCA outputs<\/li>\n<li>Full support for handlebar controls<\/li>\n<li class=\"translation-block\"><b>Plug &amp; play<\/b> installation, no modifications required<\/li>\n<\/ul>","protected":false},"excerpt":{"rendered":"<p>Radio Soundstream Reserve\u00a0WHD.SG do Harley-Davidson Street Glide \/ Electra Glide 1998\u20132013 Soundstream Reserve\u00a0WHD.SG\u00a0to nowoczesna, w pe\u0142ni zintegrowana stacja multimedialna typu\u00a0plug &amp; play, zaprojektowana specjalnie dla motocykli\u00a0Harley-Davidson Street Glide z lat 1998\u20132013. Urz\u0105dzenie \u0142\u0105czy fabryczne dopasowanie z najnowszymi technologiami multimedialnymi, oferuj\u0105c maksymaln\u0105 funkcjonalno\u015b\u0107 bez ingerencji w owiewk\u0119 motocykla. Nowoczesna \u0142\u0105czno\u015b\u0107 \u2013 bez kabli Radio obs\u0142uguje\u00a0bezprzewodowe Apple&hellip; <\/p>\n<p class=\"link-more\"><a href=\"https:\/\/motorcycle-audio.eu\/en\/shop\/radios\/soundstream-reserve-whd-sg-radio-for-harley-davidson-street-glide-electra-glide-1998-2013\/\" class=\"more-link\">Read more <span class=\"screen-reader-text\"> &#8222;Radio Soundstream Reserve WHD.SG do Harley-Davidson Street Glide \/ Electra Glide 1998\u20132013&#8221;<\/span><\/a><\/p>","protected":false},"featured_media":9787,"comment_status":"closed","ping_status":"closed","template":"","meta":{"_acf_changed":false},"product_cat":[49],"product_tag":[],"class_list":{"0":"post-9786","1":"product","2":"type-product","3":"status-publish","4":"has-post-thumbnail","6":"product_cat-radia","8":"first","9":"instock","10":"taxable","11":"shipping-taxable","12":"purchasable","13":"product-type-simple"},"acf":[],"yoast_head":"<!-- This site is optimized with the Yoast SEO Premium plugin v26.7 (Yoast SEO v26.7) - https:\/\/yoast.com\/wordpress\/plugins\/seo\/ -->\n<title>Radio Soundstream Reserve WHD.SG do Harley-Davidson<\/title>\n<meta name=\"description\" content=\"Radio Soundstream WHD.SG do Harley-Davidson Street Glide \/ Electra Glide 1998\u20132013. Bezprzewodowe CarPlay i Android Auto, ekran 7\u201d QLCD, Plug &amp; Play, IPX5.\" \/>\n<meta name=\"robots\" content=\"index, follow, max-snippet:-1, max-image-preview:large, max-video-preview:-1\" \/>\n<link rel=\"canonical\" href=\"https:\/\/motorcycle-audio.eu\/en\/shop\/radios\/soundstream-reserve-whd-sg-radio-for-harley-davidson-street-glide-electra-glide-1998-2013\/\" \/>\n<meta property=\"og:locale\" content=\"en_GB\" \/>\n<meta property=\"og:type\" content=\"article\" \/>\n<meta property=\"og:title\" content=\"Radio Soundstream Reserve WHD.SG do Harley-Davidson Street Glide \/ Electra Glide 1998\u20132013\" \/>\n<meta property=\"og:description\" content=\"Radio Soundstream WHD.SG do Harley-Davidson Street Glide \/ Electra Glide 1998\u20132013. Bezprzewodowe CarPlay i Android Auto, ekran 7\u201d QLCD, Plug &amp; Play, IPX5.\" \/>\n<meta property=\"og:url\" content=\"https:\/\/motorcycle-audio.eu\/en\/shop\/radios\/soundstream-reserve-whd-sg-radio-for-harley-davidson-street-glide-electra-glide-1998-2013\/\" \/>\n<meta property=\"og:site_name\" content=\"Mefiu Motorcycle Audio\" \/>\n<meta property=\"article:publisher\" content=\"https:\/\/www.facebook.com\/HarleyDavidsonAudio\" \/>\n<meta property=\"article:modified_time\" content=\"2026-01-28T18:00:38+00:00\" \/>\n<meta property=\"og:image\" content=\"https:\/\/motorcycle-audio.eu\/wp-content\/uploads\/2026\/01\/Radio-Soundstream-Reserve-WHD-SG-do-Harley-Davidson-1.webp\" \/>\n\t<meta property=\"og:image:width\" content=\"1800\" \/>\n\t<meta property=\"og:image:height\" content=\"1800\" \/>\n\t<meta property=\"og:image:type\" content=\"image\/webp\" \/>\n<meta name=\"twitter:card\" content=\"summary_large_image\" \/>\n<meta name=\"twitter:label1\" content=\"Estimated reading time\" \/>\n\t<meta name=\"twitter:data1\" content=\"3 minutes\" \/>\n<script type=\"application\/ld+json\" class=\"yoast-schema-graph\">{\"@context\":\"https:\/\/schema.org\",\"@graph\":[{\"@type\":\"WebPage\",\"@id\":\"https:\/\/motorcycle-audio.eu\/sklep\/radia\/radio-soundstream-reserve-whd-sg-do-harley-davidson-street-glide-electra-glide-1998-2013\/\",\"url\":\"https:\/\/motorcycle-audio.eu\/sklep\/radia\/radio-soundstream-reserve-whd-sg-do-harley-davidson-street-glide-electra-glide-1998-2013\/\",\"name\":\"Radio Soundstream Reserve WHD.SG do Harley-Davidson\",\"isPartOf\":{\"@id\":\"https:\/\/motorcycle-audio.eu\/#website\"},\"primaryImageOfPage\":{\"@id\":\"https:\/\/motorcycle-audio.eu\/sklep\/radia\/radio-soundstream-reserve-whd-sg-do-harley-davidson-street-glide-electra-glide-1998-2013\/#primaryimage\"},\"image\":{\"@id\":\"https:\/\/motorcycle-audio.eu\/sklep\/radia\/radio-soundstream-reserve-whd-sg-do-harley-davidson-street-glide-electra-glide-1998-2013\/#primaryimage\"},\"thumbnailUrl\":\"https:\/\/motorcycle-audio.eu\/wp-content\/uploads\/2026\/01\/Radio-Soundstream-Reserve-WHD-SG-do-Harley-Davidson-1.webp\",\"datePublished\":\"2026-01-27T11:02:26+00:00\",\"dateModified\":\"2026-01-28T18:00:38+00:00\",\"description\":\"Radio Soundstream WHD.SG do Harley-Davidson Street Glide \/ Electra Glide 1998\u20132013. Bezprzewodowe CarPlay i Android Auto, ekran 7\u201d QLCD, Plug & Play, IPX5.\",\"breadcrumb\":{\"@id\":\"https:\/\/motorcycle-audio.eu\/sklep\/radia\/radio-soundstream-reserve-whd-sg-do-harley-davidson-street-glide-electra-glide-1998-2013\/#breadcrumb\"},\"inLanguage\":\"en-GB\",\"potentialAction\":[{\"@type\":\"ReadAction\",\"target\":[\"https:\/\/motorcycle-audio.eu\/sklep\/radia\/radio-soundstream-reserve-whd-sg-do-harley-davidson-street-glide-electra-glide-1998-2013\/\"]}]},{\"@type\":\"ImageObject\",\"inLanguage\":\"en-GB\",\"@id\":\"https:\/\/motorcycle-audio.eu\/sklep\/radia\/radio-soundstream-reserve-whd-sg-do-harley-davidson-street-glide-electra-glide-1998-2013\/#primaryimage\",\"url\":\"https:\/\/motorcycle-audio.eu\/wp-content\/uploads\/2026\/01\/Radio-Soundstream-Reserve-WHD-SG-do-Harley-Davidson-1.webp\",\"contentUrl\":\"https:\/\/motorcycle-audio.eu\/wp-content\/uploads\/2026\/01\/Radio-Soundstream-Reserve-WHD-SG-do-Harley-Davidson-1.webp\",\"width\":1800,\"height\":1800,\"caption\":\"Radio Soundstream Reserve WHD SG do Harley-Davidson\"},{\"@type\":\"BreadcrumbList\",\"@id\":\"https:\/\/motorcycle-audio.eu\/sklep\/radia\/radio-soundstream-reserve-whd-sg-do-harley-davidson-street-glide-electra-glide-1998-2013\/#breadcrumb\",\"itemListElement\":[{\"@type\":\"ListItem\",\"position\":1,\"name\":\"Strona g\u0142\u00f3wna\",\"item\":\"https:\/\/motorcycle-audio.eu\/\"},{\"@type\":\"ListItem\",\"position\":2,\"name\":\"Sklep\",\"item\":\"https:\/\/motorcycle-audio.eu\/sklep\/\"},{\"@type\":\"ListItem\",\"position\":3,\"name\":\"Radio Soundstream Reserve WHD.SG do Harley-Davidson Street Glide \/ Electra Glide 1998\u20132013\"}]},{\"@type\":\"WebSite\",\"@id\":\"https:\/\/motorcycle-audio.eu\/#website\",\"url\":\"https:\/\/motorcycle-audio.eu\/\",\"name\":\"Mefiu Motorcycle Audio\",\"description\":\"Play it loud!\",\"publisher\":{\"@id\":\"https:\/\/motorcycle-audio.eu\/#organization\"},\"potentialAction\":[{\"@type\":\"SearchAction\",\"target\":{\"@type\":\"EntryPoint\",\"urlTemplate\":\"https:\/\/motorcycle-audio.eu\/?s={search_term_string}\"},\"query-input\":{\"@type\":\"PropertyValueSpecification\",\"valueRequired\":true,\"valueName\":\"search_term_string\"}}],\"inLanguage\":\"en-GB\"},{\"@type\":\"Organization\",\"@id\":\"https:\/\/motorcycle-audio.eu\/#organization\",\"name\":\"Mefiu Motorcycle Audio\",\"url\":\"https:\/\/motorcycle-audio.eu\/\",\"logo\":{\"@type\":\"ImageObject\",\"inLanguage\":\"en-GB\",\"@id\":\"https:\/\/motorcycle-audio.eu\/#\/schema\/logo\/image\/\",\"url\":\"https:\/\/motorcycle-audio.eu\/wp-content\/uploads\/2025\/05\/mefiu_logo.png\",\"contentUrl\":\"https:\/\/motorcycle-audio.eu\/wp-content\/uploads\/2025\/05\/mefiu_logo.png\",\"width\":150,\"height\":150,\"caption\":\"Mefiu Motorcycle Audio\"},\"image\":{\"@id\":\"https:\/\/motorcycle-audio.eu\/#\/schema\/logo\/image\/\"},\"sameAs\":[\"https:\/\/www.facebook.com\/HarleyDavidsonAudio\"]}]}<\/script>\n<!-- \/ Yoast SEO Premium plugin. -->","yoast_head_json":{"title":"Soundstream Reserve WHD.SG Radio for Harley-Davidson","description":"Soundstream WHD.SG Radio for Harley-Davidson Street Glide \/ Electra Glide 1998\u20132013. Wireless CarPlay and Android Auto, 7\u201d QLCD screen, Plug &amp; Play, IPX5.","robots":{"index":"index","follow":"follow","max-snippet":"max-snippet:-1","max-image-preview":"max-image-preview:large","max-video-preview":"max-video-preview:-1"},"canonical":"https:\/\/motorcycle-audio.eu\/en\/shop\/radios\/soundstream-reserve-whd-sg-radio-for-harley-davidson-street-glide-electra-glide-1998-2013\/","og_locale":"en_GB","og_type":"article","og_title":"Radio Soundstream Reserve WHD.SG do Harley-Davidson Street Glide \/ Electra Glide 1998\u20132013","og_description":"Radio Soundstream WHD.SG do Harley-Davidson Street Glide \/ Electra Glide 1998\u20132013. Bezprzewodowe CarPlay i Android Auto, ekran 7\u201d QLCD, Plug & Play, IPX5.","og_url":"https:\/\/motorcycle-audio.eu\/en\/shop\/radios\/soundstream-reserve-whd-sg-radio-for-harley-davidson-street-glide-electra-glide-1998-2013\/","og_site_name":"Mefiu Motorcycle Audio","article_publisher":"https:\/\/www.facebook.com\/HarleyDavidsonAudio","article_modified_time":"2026-01-28T18:00:38+00:00","og_image":[{"width":1800,"height":1800,"url":"https:\/\/motorcycle-audio.eu\/wp-content\/uploads\/2026\/01\/Radio-Soundstream-Reserve-WHD-SG-do-Harley-Davidson-1.webp","type":"image\/webp"}],"twitter_card":"summary_large_image","twitter_misc":{"Estimated reading time":"3 minutes"},"schema":{"@context":"https:\/\/schema.org","@graph":[{"@type":"WebPage","@id":"https:\/\/motorcycle-audio.eu\/sklep\/radia\/radio-soundstream-reserve-whd-sg-do-harley-davidson-street-glide-electra-glide-1998-2013\/","url":"https:\/\/motorcycle-audio.eu\/sklep\/radia\/radio-soundstream-reserve-whd-sg-do-harley-davidson-street-glide-electra-glide-1998-2013\/","name":"Soundstream Reserve WHD.SG Radio for Harley-Davidson","isPartOf":{"@id":"https:\/\/motorcycle-audio.eu\/#website"},"primaryImageOfPage":{"@id":"https:\/\/motorcycle-audio.eu\/sklep\/radia\/radio-soundstream-reserve-whd-sg-do-harley-davidson-street-glide-electra-glide-1998-2013\/#primaryimage"},"image":{"@id":"https:\/\/motorcycle-audio.eu\/sklep\/radia\/radio-soundstream-reserve-whd-sg-do-harley-davidson-street-glide-electra-glide-1998-2013\/#primaryimage"},"thumbnailUrl":"https:\/\/motorcycle-audio.eu\/wp-content\/uploads\/2026\/01\/Radio-Soundstream-Reserve-WHD-SG-do-Harley-Davidson-1.webp","datePublished":"2026-01-27T11:02:26+00:00","dateModified":"2026-01-28T18:00:38+00:00","description":"Soundstream WHD.SG Radio for Harley-Davidson Street Glide \/ Electra Glide 1998\u20132013. Wireless CarPlay and Android Auto, 7\u201d QLCD screen, Plug &amp; Play, IPX5.","breadcrumb":{"@id":"https:\/\/motorcycle-audio.eu\/sklep\/radia\/radio-soundstream-reserve-whd-sg-do-harley-davidson-street-glide-electra-glide-1998-2013\/#breadcrumb"},"inLanguage":"en-GB","potentialAction":[{"@type":"ReadAction","target":["https:\/\/motorcycle-audio.eu\/sklep\/radia\/radio-soundstream-reserve-whd-sg-do-harley-davidson-street-glide-electra-glide-1998-2013\/"]}]},{"@type":"ImageObject","inLanguage":"en-GB","@id":"https:\/\/motorcycle-audio.eu\/sklep\/radia\/radio-soundstream-reserve-whd-sg-do-harley-davidson-street-glide-electra-glide-1998-2013\/#primaryimage","url":"https:\/\/motorcycle-audio.eu\/wp-content\/uploads\/2026\/01\/Radio-Soundstream-Reserve-WHD-SG-do-Harley-Davidson-1.webp","contentUrl":"https:\/\/motorcycle-audio.eu\/wp-content\/uploads\/2026\/01\/Radio-Soundstream-Reserve-WHD-SG-do-Harley-Davidson-1.webp","width":1800,"height":1800,"caption":"Radio Soundstream Reserve WHD SG do Harley-Davidson"},{"@type":"BreadcrumbList","@id":"https:\/\/motorcycle-audio.eu\/sklep\/radia\/radio-soundstream-reserve-whd-sg-do-harley-davidson-street-glide-electra-glide-1998-2013\/#breadcrumb","itemListElement":[{"@type":"ListItem","position":1,"name":"Strona g\u0142\u00f3wna","item":"https:\/\/motorcycle-audio.eu\/"},{"@type":"ListItem","position":2,"name":"Sklep","item":"https:\/\/motorcycle-audio.eu\/sklep\/"},{"@type":"ListItem","position":3,"name":"Radio Soundstream Reserve WHD.SG do Harley-Davidson Street Glide \/ Electra Glide 1998\u20132013"}]},{"@type":"WebSite","@id":"https:\/\/motorcycle-audio.eu\/#website","url":"https:\/\/motorcycle-audio.eu\/","name":"Mefiu Motorcycle Audio","description":"Turn it up!","publisher":{"@id":"https:\/\/motorcycle-audio.eu\/#organization"},"potentialAction":[{"@type":"SearchAction","target":{"@type":"EntryPoint","urlTemplate":"https:\/\/motorcycle-audio.eu\/?s={search_term_string}"},"query-input":{"@type":"PropertyValueSpecification","valueRequired":true,"valueName":"search_term_string"}}],"inLanguage":"en-GB"},{"@type":"Organization","@id":"https:\/\/motorcycle-audio.eu\/#organization","name":"Mefiu Motorcycle Audio","url":"https:\/\/motorcycle-audio.eu\/","logo":{"@type":"ImageObject","inLanguage":"en-GB","@id":"https:\/\/motorcycle-audio.eu\/#\/schema\/logo\/image\/","url":"https:\/\/motorcycle-audio.eu\/wp-content\/uploads\/2025\/05\/mefiu_logo.png","contentUrl":"https:\/\/motorcycle-audio.eu\/wp-content\/uploads\/2025\/05\/mefiu_logo.png","width":150,"height":150,"caption":"Mefiu Motorcycle Audio"},"image":{"@id":"https:\/\/motorcycle-audio.eu\/#\/schema\/logo\/image\/"},"sameAs":["https:\/\/www.facebook.com\/HarleyDavidsonAudio"]}]}},"jetpack_sharing_enabled":true,"_links":{"self":[{"href":"https:\/\/motorcycle-audio.eu\/en\/wp-json\/wp\/v2\/product\/9786","targetHints":{"allow":["GET"]}}],"collection":[{"href":"https:\/\/motorcycle-audio.eu\/en\/wp-json\/wp\/v2\/product"}],"about":[{"href":"https:\/\/motorcycle-audio.eu\/en\/wp-json\/wp\/v2\/types\/product"}],"replies":[{"embeddable":true,"href":"https:\/\/motorcycle-audio.eu\/en\/wp-json\/wp\/v2\/comments?post=9786"}],"version-history":[{"count":2,"href":"https:\/\/motorcycle-audio.eu\/en\/wp-json\/wp\/v2\/product\/9786\/revisions"}],"predecessor-version":[{"id":9807,"href":"https:\/\/motorcycle-audio.eu\/en\/wp-json\/wp\/v2\/product\/9786\/revisions\/9807"}],"wp:featuredmedia":[{"embeddable":true,"href":"https:\/\/motorcycle-audio.eu\/en\/wp-json\/wp\/v2\/media\/9787"}],"wp:attachment":[{"href":"https:\/\/motorcycle-audio.eu\/en\/wp-json\/wp\/v2\/media?parent=9786"}],"wp:term":[{"taxonomy":"product_cat","embeddable":true,"href":"https:\/\/motorcycle-audio.eu\/en\/wp-json\/wp\/v2\/product_cat?post=9786"},{"taxonomy":"product_tag","embeddable":true,"href":"https:\/\/motorcycle-audio.eu\/en\/wp-json\/wp\/v2\/product_tag?post=9786"}],"curies":[{"name":"wp","href":"https:\/\/api.w.org\/{rel}","templated":true}]}}