{"id":7657,"date":"2023-08-01T11:23:40","date_gmt":"2023-08-01T09:23:40","guid":{"rendered":"https:\/\/motorcycle-audio.eu\/?post_type=product&#038;p=7657"},"modified":"2026-02-25T14:41:28","modified_gmt":"2026-02-25T13:41:28","slug":"hertz-sx165neo-speakers-for-harley-davidson-motorcycles-replica","status":"publish","type":"product","link":"https:\/\/motorcycle-audio.eu\/en\/shop\/speakers\/hertz-sx165neo-speakers-for-harley-davidson-motorcycles-replica\/","title":{"rendered":"Hertz SV165neo speaker for Harley Davidson motorcycles."},"content":{"rendered":"<p>A fantastic speaker! It complements the sx165neo for its power and frequency response. It delivers a powerful midbass and plenty of guitar midrange. It fits into lofts and the topcase of Ultra Limited models without any modifications.<\/p>\n<p>The new SV 165 NEO is characterized by compact dimensions and low weight while maintaining excellent performance thanks to the use of N38 H neodymium in the engine units.<\/p>\n<p>To enable safe outdoor use without discolouration over time, the membranes are waterproof and UV protected, and the drive units are cataphoresis painted with insulated lead wires to avoid oxidation.<\/p>\n<p>Clamps and mounting holes are compatible for installation on Harley-Davidson motorcycles!<\/p>\n<p>&nbsp;<\/p>\n<p>Dimensions:<\/p>\n<p><img fetchpriority=\"high\" decoding=\"async\" class=\"wp-image-7651 alignleft\" src=\"https:\/\/motorcycle-audio.eu\/wp-content\/uploads\/2023\/08\/SX_165_NEO-300x164.png\" alt=\"\" width=\"351\" height=\"192\" srcset=\"https:\/\/motorcycle-audio.eu\/wp-content\/uploads\/2023\/08\/SX_165_NEO-300x164.png 300w, https:\/\/motorcycle-audio.eu\/wp-content\/uploads\/2023\/08\/SX_165_NEO-400x219.png 400w, https:\/\/motorcycle-audio.eu\/wp-content\/uploads\/2023\/08\/SX_165_NEO.png 565w\" sizes=\"(max-width: 351px) 100vw, 351px\" \/><\/p>\n<p>&nbsp;<\/p>\n<p>&nbsp;<\/p>\n<p>&nbsp;<\/p>\n<p>&nbsp;<\/p>\n<table class=\"table caption-top\" style=\"height: 160px;\" width=\"563\">\n<tbody>\n<tr>\n<td><strong>A<\/strong><\/td>\n<td>167.2 mm<\/td>\n<td><\/td>\n<\/tr>\n<tr>\n<td><strong>B<\/strong><\/td>\n<td>143.3 mm<\/td>\n<td><\/td>\n<\/tr>\n<tr>\n<td><strong>C<\/strong><\/td>\n<td>69.5 mm<\/td>\n<td><\/td>\n<\/tr>\n<tr>\n<td><strong>D<\/strong><\/td>\n<td>57.8 mm<\/td>\n<td><\/td>\n<\/tr>\n<\/tbody>\n<\/table>\n<p>Frequency Response<\/p>\n<p><img decoding=\"async\" class=\"alignnone wp-image-7650\" src=\"https:\/\/motorcycle-audio.eu\/wp-content\/uploads\/2023\/08\/Hertz_SX_165_NEO_Fc-300x179.png\" alt=\"\" width=\"350\" height=\"209\" srcset=\"https:\/\/motorcycle-audio.eu\/wp-content\/uploads\/2023\/08\/Hertz_SX_165_NEO_Fc-300x179.png 300w, https:\/\/motorcycle-audio.eu\/wp-content\/uploads\/2023\/08\/Hertz_SX_165_NEO_Fc-1024x613.png 1024w, https:\/\/motorcycle-audio.eu\/wp-content\/uploads\/2023\/08\/Hertz_SX_165_NEO_Fc-768x459.png 768w, https:\/\/motorcycle-audio.eu\/wp-content\/uploads\/2023\/08\/Hertz_SX_165_NEO_Fc-1536x919.png 1536w, https:\/\/motorcycle-audio.eu\/wp-content\/uploads\/2023\/08\/Hertz_SX_165_NEO_Fc-2048x1225.png 2048w, https:\/\/motorcycle-audio.eu\/wp-content\/uploads\/2023\/08\/Hertz_SX_165_NEO_Fc-400x239.png 400w, https:\/\/motorcycle-audio.eu\/wp-content\/uploads\/2023\/08\/Hertz_SX_165_NEO_Fc-630x377.png 630w\" sizes=\"(max-width: 350px) 100vw, 350px\" \/><\/p>\n<table class=\"table caption-top\">\n<tbody>\n<tr>\n<td><strong>Component<\/strong><\/td>\n<td>SPL Midrange<\/td>\n<\/tr>\n<tr>\n<td><strong>Size<\/strong> mm (in.)<\/td>\n<td>165 (6.5)<\/td>\n<\/tr>\n<tr>\n<td><strong>Power Handling \u2013 Continuous<\/strong> W<\/td>\n<td>150<\/td>\n<\/tr>\n<tr>\n<td><strong>Power Handling \u2013 Peak<\/strong> W<\/td>\n<td>400<\/td>\n<\/tr>\n<tr>\n<td><strong>Impedance<\/strong> Ohm<\/td>\n<td>4<\/td>\n<\/tr>\n<tr>\n<td><strong>Voice Coil diameter<\/strong><\/td>\n<td>38,6 (1.5)<\/td>\n<\/tr>\n<tr>\n<td><strong>Frequency Response<\/strong> Hz<\/td>\n<td>100 \u00f7 10,000<\/td>\n<\/tr>\n<tr>\n<td><strong>Magnet size D x d x h<\/strong> mm (in.)<\/td>\n<td>70 x 45 x 7 (2.76 x 1.77 x 0.28)<\/td>\n<\/tr>\n<tr>\n<td><strong>Weight of one speaker<\/strong> kg (lb)<\/td>\n<td>0,9 (1.98)<\/td>\n<\/tr>\n<tr>\n<td><strong>Magnet<\/strong><\/td>\n<td>Neodymium<\/td>\n<\/tr>\n<tr>\n<td><strong>Cone<\/strong><\/td>\n<td>Water-repellent pressed paper<\/td>\n<\/tr>\n<\/tbody>\n<\/table>","protected":false},"excerpt":{"rendered":"<p>A fantastic speaker! It complements the sx165neo for its power and frequency response. It delivers a powerful midbass and plenty of guitar midrange. It fits into lofts and the topcase of Ultra Limited models without any modifications.<\/p>","protected":false},"featured_media":7662,"comment_status":"closed","ping_status":"closed","template":"","meta":{"_acf_changed":false},"product_cat":[50],"product_tag":[],"class_list":{"0":"post-7657","1":"product","2":"type-product","3":"status-publish","4":"has-post-thumbnail","6":"product_brand-hertz","7":"product_cat-glosniki","9":"first","10":"instock","11":"taxable","12":"shipping-taxable","13":"purchasable","14":"product-type-simple"},"acf":[],"yoast_head":"<!-- This site is optimized with the Yoast SEO Premium plugin v26.7 (Yoast SEO v26.7) - https:\/\/yoast.com\/wordpress\/plugins\/seo\/ -->\n<title>G\u0142o\u015bnik Hertz sv165neo do motocykli Harley Davidson. - Mefiu Motorcycle Audio<\/title>\n<meta name=\"description\" content=\"SV 165 NEO \u2013 lekki, kompaktowy g\u0142o\u015bnik z mocnym midbasem i czystym \u015brodkiem. Neodymowy nap\u0119d, wodoodporna membrana i idealne dopasowanie do Harley-Davidson.\" \/>\n<meta name=\"robots\" content=\"index, follow, max-snippet:-1, max-image-preview:large, max-video-preview:-1\" \/>\n<link rel=\"canonical\" href=\"https:\/\/motorcycle-audio.eu\/en\/shop\/speakers\/hertz-sx165neo-speakers-for-harley-davidson-motorcycles-replica\/\" \/>\n<meta property=\"og:locale\" content=\"en_GB\" \/>\n<meta property=\"og:type\" content=\"article\" \/>\n<meta property=\"og:title\" content=\"G\u0142o\u015bnik Hertz sv165neo do motocykli Harley Davidson.\" \/>\n<meta property=\"og:description\" content=\"SV 165 NEO \u2013 lekki, kompaktowy g\u0142o\u015bnik z mocnym midbasem i czystym \u015brodkiem. Neodymowy nap\u0119d, wodoodporna membrana i idealne dopasowanie do Harley-Davidson.\" \/>\n<meta property=\"og:url\" content=\"https:\/\/motorcycle-audio.eu\/en\/shop\/speakers\/hertz-sx165neo-speakers-for-harley-davidson-motorcycles-replica\/\" \/>\n<meta property=\"og:site_name\" content=\"Mefiu Motorcycle Audio\" \/>\n<meta property=\"article:publisher\" content=\"https:\/\/www.facebook.com\/HarleyDavidsonAudio\" \/>\n<meta property=\"article:modified_time\" content=\"2026-02-25T13:41:28+00:00\" \/>\n<meta property=\"og:image\" content=\"https:\/\/motorcycle-audio.eu\/wp-content\/uploads\/2023\/08\/Glosnik_Hertz_SPL_SHOW_SV165NEO-1.jpg\" \/>\n\t<meta property=\"og:image:width\" content=\"1800\" \/>\n\t<meta property=\"og:image:height\" content=\"1800\" \/>\n\t<meta property=\"og:image:type\" content=\"image\/jpeg\" \/>\n<meta name=\"twitter:card\" content=\"summary_large_image\" \/>\n<meta name=\"twitter:label1\" content=\"Estimated reading time\" \/>\n\t<meta name=\"twitter:data1\" content=\"2 minutes\" \/>\n<script type=\"application\/ld+json\" class=\"yoast-schema-graph\">{\"@context\":\"https:\/\/schema.org\",\"@graph\":[{\"@type\":\"WebPage\",\"@id\":\"https:\/\/motorcycle-audio.eu\/sklep\/glosniki\/glosnik-hertz-sx165neo-do-motocykli-harley-davidson-kopia\/\",\"url\":\"https:\/\/motorcycle-audio.eu\/sklep\/glosniki\/glosnik-hertz-sx165neo-do-motocykli-harley-davidson-kopia\/\",\"name\":\"G\u0142o\u015bnik Hertz sv165neo do motocykli Harley Davidson. - Mefiu Motorcycle Audio\",\"isPartOf\":{\"@id\":\"https:\/\/motorcycle-audio.eu\/#website\"},\"primaryImageOfPage\":{\"@id\":\"https:\/\/motorcycle-audio.eu\/sklep\/glosniki\/glosnik-hertz-sx165neo-do-motocykli-harley-davidson-kopia\/#primaryimage\"},\"image\":{\"@id\":\"https:\/\/motorcycle-audio.eu\/sklep\/glosniki\/glosnik-hertz-sx165neo-do-motocykli-harley-davidson-kopia\/#primaryimage\"},\"thumbnailUrl\":\"https:\/\/motorcycle-audio.eu\/wp-content\/uploads\/2023\/08\/Glosnik_Hertz_SPL_SHOW_SV165NEO-1.jpg\",\"datePublished\":\"2023-08-01T09:23:40+00:00\",\"dateModified\":\"2026-02-25T13:41:28+00:00\",\"description\":\"SV 165 NEO \u2013 lekki, kompaktowy g\u0142o\u015bnik z mocnym midbasem i czystym \u015brodkiem. Neodymowy nap\u0119d, wodoodporna membrana i idealne dopasowanie do Harley-Davidson.\",\"breadcrumb\":{\"@id\":\"https:\/\/motorcycle-audio.eu\/sklep\/glosniki\/glosnik-hertz-sx165neo-do-motocykli-harley-davidson-kopia\/#breadcrumb\"},\"inLanguage\":\"en-GB\",\"potentialAction\":[{\"@type\":\"ReadAction\",\"target\":[\"https:\/\/motorcycle-audio.eu\/sklep\/glosniki\/glosnik-hertz-sx165neo-do-motocykli-harley-davidson-kopia\/\"]}]},{\"@type\":\"ImageObject\",\"inLanguage\":\"en-GB\",\"@id\":\"https:\/\/motorcycle-audio.eu\/sklep\/glosniki\/glosnik-hertz-sx165neo-do-motocykli-harley-davidson-kopia\/#primaryimage\",\"url\":\"https:\/\/motorcycle-audio.eu\/wp-content\/uploads\/2023\/08\/Glosnik_Hertz_SPL_SHOW_SV165NEO-1.jpg\",\"contentUrl\":\"https:\/\/motorcycle-audio.eu\/wp-content\/uploads\/2023\/08\/Glosnik_Hertz_SPL_SHOW_SV165NEO-1.jpg\",\"width\":1800,\"height\":1800,\"caption\":\"G\u0142o\u015bnik Hertz SPL SV 165 NEO\"},{\"@type\":\"BreadcrumbList\",\"@id\":\"https:\/\/motorcycle-audio.eu\/sklep\/glosniki\/glosnik-hertz-sx165neo-do-motocykli-harley-davidson-kopia\/#breadcrumb\",\"itemListElement\":[{\"@type\":\"ListItem\",\"position\":1,\"name\":\"Strona g\u0142\u00f3wna\",\"item\":\"https:\/\/motorcycle-audio.eu\/\"},{\"@type\":\"ListItem\",\"position\":2,\"name\":\"Sklep\",\"item\":\"https:\/\/motorcycle-audio.eu\/sklep\/\"},{\"@type\":\"ListItem\",\"position\":3,\"name\":\"G\u0142o\u015bnik Hertz sv165neo do motocykli Harley Davidson.\"}]},{\"@type\":\"WebSite\",\"@id\":\"https:\/\/motorcycle-audio.eu\/#website\",\"url\":\"https:\/\/motorcycle-audio.eu\/\",\"name\":\"Mefiu Motorcycle Audio\",\"description\":\"Play it loud!\",\"publisher\":{\"@id\":\"https:\/\/motorcycle-audio.eu\/#organization\"},\"potentialAction\":[{\"@type\":\"SearchAction\",\"target\":{\"@type\":\"EntryPoint\",\"urlTemplate\":\"https:\/\/motorcycle-audio.eu\/?s={search_term_string}\"},\"query-input\":{\"@type\":\"PropertyValueSpecification\",\"valueRequired\":true,\"valueName\":\"search_term_string\"}}],\"inLanguage\":\"en-GB\"},{\"@type\":\"Organization\",\"@id\":\"https:\/\/motorcycle-audio.eu\/#organization\",\"name\":\"Mefiu Motorcycle Audio\",\"url\":\"https:\/\/motorcycle-audio.eu\/\",\"logo\":{\"@type\":\"ImageObject\",\"inLanguage\":\"en-GB\",\"@id\":\"https:\/\/motorcycle-audio.eu\/#\/schema\/logo\/image\/\",\"url\":\"https:\/\/motorcycle-audio.eu\/wp-content\/uploads\/2025\/05\/mefiu_logo.png\",\"contentUrl\":\"https:\/\/motorcycle-audio.eu\/wp-content\/uploads\/2025\/05\/mefiu_logo.png\",\"width\":150,\"height\":150,\"caption\":\"Mefiu Motorcycle Audio\"},\"image\":{\"@id\":\"https:\/\/motorcycle-audio.eu\/#\/schema\/logo\/image\/\"},\"sameAs\":[\"https:\/\/www.facebook.com\/HarleyDavidsonAudio\"]}]}<\/script>\n<!-- \/ Yoast SEO Premium plugin. -->","yoast_head_json":{"title":"Hertz sv165neo speaker for Harley Davidson motorcycles. - Mefiu Motorcycle Audio","description":"SV 165 NEO \u2013 a lightweight, compact speaker with powerful mid-bass and clear midrange. Neodymium drive, waterproof cone and a perfect fit for Harley-Davidson.","robots":{"index":"index","follow":"follow","max-snippet":"max-snippet:-1","max-image-preview":"max-image-preview:large","max-video-preview":"max-video-preview:-1"},"canonical":"https:\/\/motorcycle-audio.eu\/en\/shop\/speakers\/hertz-sx165neo-speakers-for-harley-davidson-motorcycles-replica\/","og_locale":"en_GB","og_type":"article","og_title":"G\u0142o\u015bnik Hertz sv165neo do motocykli Harley Davidson.","og_description":"SV 165 NEO \u2013 lekki, kompaktowy g\u0142o\u015bnik z mocnym midbasem i czystym \u015brodkiem. Neodymowy nap\u0119d, wodoodporna membrana i idealne dopasowanie do Harley-Davidson.","og_url":"https:\/\/motorcycle-audio.eu\/en\/shop\/speakers\/hertz-sx165neo-speakers-for-harley-davidson-motorcycles-replica\/","og_site_name":"Mefiu Motorcycle Audio","article_publisher":"https:\/\/www.facebook.com\/HarleyDavidsonAudio","article_modified_time":"2026-02-25T13:41:28+00:00","og_image":[{"width":1800,"height":1800,"url":"https:\/\/motorcycle-audio.eu\/wp-content\/uploads\/2023\/08\/Glosnik_Hertz_SPL_SHOW_SV165NEO-1.jpg","type":"image\/jpeg"}],"twitter_card":"summary_large_image","twitter_misc":{"Estimated reading time":"2 minutes"},"schema":{"@context":"https:\/\/schema.org","@graph":[{"@type":"WebPage","@id":"https:\/\/motorcycle-audio.eu\/sklep\/glosniki\/glosnik-hertz-sx165neo-do-motocykli-harley-davidson-kopia\/","url":"https:\/\/motorcycle-audio.eu\/sklep\/glosniki\/glosnik-hertz-sx165neo-do-motocykli-harley-davidson-kopia\/","name":"Hertz sv165neo speaker for Harley Davidson motorcycles. - Mefiu Motorcycle Audio","isPartOf":{"@id":"https:\/\/motorcycle-audio.eu\/#website"},"primaryImageOfPage":{"@id":"https:\/\/motorcycle-audio.eu\/sklep\/glosniki\/glosnik-hertz-sx165neo-do-motocykli-harley-davidson-kopia\/#primaryimage"},"image":{"@id":"https:\/\/motorcycle-audio.eu\/sklep\/glosniki\/glosnik-hertz-sx165neo-do-motocykli-harley-davidson-kopia\/#primaryimage"},"thumbnailUrl":"https:\/\/motorcycle-audio.eu\/wp-content\/uploads\/2023\/08\/Glosnik_Hertz_SPL_SHOW_SV165NEO-1.jpg","datePublished":"2023-08-01T09:23:40+00:00","dateModified":"2026-02-25T13:41:28+00:00","description":"SV 165 NEO \u2013 a lightweight, compact speaker with powerful mid-bass and clear midrange. Neodymium drive, waterproof cone and a perfect fit for Harley-Davidson.","breadcrumb":{"@id":"https:\/\/motorcycle-audio.eu\/sklep\/glosniki\/glosnik-hertz-sx165neo-do-motocykli-harley-davidson-kopia\/#breadcrumb"},"inLanguage":"en-GB","potentialAction":[{"@type":"ReadAction","target":["https:\/\/motorcycle-audio.eu\/sklep\/glosniki\/glosnik-hertz-sx165neo-do-motocykli-harley-davidson-kopia\/"]}]},{"@type":"ImageObject","inLanguage":"en-GB","@id":"https:\/\/motorcycle-audio.eu\/sklep\/glosniki\/glosnik-hertz-sx165neo-do-motocykli-harley-davidson-kopia\/#primaryimage","url":"https:\/\/motorcycle-audio.eu\/wp-content\/uploads\/2023\/08\/Glosnik_Hertz_SPL_SHOW_SV165NEO-1.jpg","contentUrl":"https:\/\/motorcycle-audio.eu\/wp-content\/uploads\/2023\/08\/Glosnik_Hertz_SPL_SHOW_SV165NEO-1.jpg","width":1800,"height":1800,"caption":"G\u0142o\u015bnik Hertz SPL SV 165 NEO"},{"@type":"BreadcrumbList","@id":"https:\/\/motorcycle-audio.eu\/sklep\/glosniki\/glosnik-hertz-sx165neo-do-motocykli-harley-davidson-kopia\/#breadcrumb","itemListElement":[{"@type":"ListItem","position":1,"name":"Strona g\u0142\u00f3wna","item":"https:\/\/motorcycle-audio.eu\/"},{"@type":"ListItem","position":2,"name":"Sklep","item":"https:\/\/motorcycle-audio.eu\/sklep\/"},{"@type":"ListItem","position":3,"name":"G\u0142o\u015bnik Hertz sv165neo do motocykli Harley Davidson."}]},{"@type":"WebSite","@id":"https:\/\/motorcycle-audio.eu\/#website","url":"https:\/\/motorcycle-audio.eu\/","name":"Mefiu Motorcycle Audio","description":"Turn it up!","publisher":{"@id":"https:\/\/motorcycle-audio.eu\/#organization"},"potentialAction":[{"@type":"SearchAction","target":{"@type":"EntryPoint","urlTemplate":"https:\/\/motorcycle-audio.eu\/?s={search_term_string}"},"query-input":{"@type":"PropertyValueSpecification","valueRequired":true,"valueName":"search_term_string"}}],"inLanguage":"en-GB"},{"@type":"Organization","@id":"https:\/\/motorcycle-audio.eu\/#organization","name":"Mefiu Motorcycle Audio","url":"https:\/\/motorcycle-audio.eu\/","logo":{"@type":"ImageObject","inLanguage":"en-GB","@id":"https:\/\/motorcycle-audio.eu\/#\/schema\/logo\/image\/","url":"https:\/\/motorcycle-audio.eu\/wp-content\/uploads\/2025\/05\/mefiu_logo.png","contentUrl":"https:\/\/motorcycle-audio.eu\/wp-content\/uploads\/2025\/05\/mefiu_logo.png","width":150,"height":150,"caption":"Mefiu Motorcycle Audio"},"image":{"@id":"https:\/\/motorcycle-audio.eu\/#\/schema\/logo\/image\/"},"sameAs":["https:\/\/www.facebook.com\/HarleyDavidsonAudio"]}]}},"jetpack_sharing_enabled":true,"_links":{"self":[{"href":"https:\/\/motorcycle-audio.eu\/en\/wp-json\/wp\/v2\/product\/7657","targetHints":{"allow":["GET"]}}],"collection":[{"href":"https:\/\/motorcycle-audio.eu\/en\/wp-json\/wp\/v2\/product"}],"about":[{"href":"https:\/\/motorcycle-audio.eu\/en\/wp-json\/wp\/v2\/types\/product"}],"replies":[{"embeddable":true,"href":"https:\/\/motorcycle-audio.eu\/en\/wp-json\/wp\/v2\/comments?post=7657"}],"version-history":[{"count":1,"href":"https:\/\/motorcycle-audio.eu\/en\/wp-json\/wp\/v2\/product\/7657\/revisions"}],"predecessor-version":[{"id":9605,"href":"https:\/\/motorcycle-audio.eu\/en\/wp-json\/wp\/v2\/product\/7657\/revisions\/9605"}],"wp:featuredmedia":[{"embeddable":true,"href":"https:\/\/motorcycle-audio.eu\/en\/wp-json\/wp\/v2\/media\/7662"}],"wp:attachment":[{"href":"https:\/\/motorcycle-audio.eu\/en\/wp-json\/wp\/v2\/media?parent=7657"}],"wp:term":[{"taxonomy":"product_cat","embeddable":true,"href":"https:\/\/motorcycle-audio.eu\/en\/wp-json\/wp\/v2\/product_cat?post=7657"},{"taxonomy":"product_tag","embeddable":true,"href":"https:\/\/motorcycle-audio.eu\/en\/wp-json\/wp\/v2\/product_tag?post=7657"}],"curies":[{"name":"wp","href":"https:\/\/api.w.org\/{rel}","templated":true}]}}