{"id":9792,"date":"2026-01-27T12:17:19","date_gmt":"2026-01-27T11:17:19","guid":{"rendered":"https:\/\/motorcycle-audio.eu\/?post_type=product&#038;p=9792"},"modified":"2026-01-28T19:01:28","modified_gmt":"2026-01-28T18:01:28","slug":"radio-motorrad-soundstream-reserve-sg-v2-fur-harley-davidson-street-glide-1998-2013","status":"publish","type":"product","link":"https:\/\/motorcycle-audio.eu\/de\/geschaft\/radia\/radio-motorrad-soundstream-reserve-sg-v2-fur-harley-davidson-street-glide-1998-2013\/","title":{"rendered":"Motorradradio Soundstream Reserve SG.V2 f\u00fcr Harley-Davidson Street Glide (1998\u20132013)"},"content":{"rendered":"<h2><b>Motorradradio Soundstream Reserve SG.V2 f\u00fcr Harley-Davidson Street Glide (1998\u20132013)<\/b><\/h2>\n<h3>Modernes Multimedia-Zentrum, geschaffen f\u00fcr Harley-Davidson Motorr\u00e4der<\/h3>\n<p class=\"translation-block\"><b>Das Soundstream Reserve SG.V2<\/b> ist eine hochmoderne Multimedia-Station, die speziell f\u00fcr <b>Harley-Davidson Street Glide- und Electra Glide<\/b>-Motorr\u00e4der<b> der Baujahre 1998\u20132013<\/b> entwickelt wurde. Das Ger\u00e4t ist ein direkter Ersatz f\u00fcr das werkseitige Radio und wird an der urspr\u00fcnglichen Stelle im Windschild montiert \u2013 ohne Umbauten, Rahmen oder Antennenadapter. Es ist die ideale Wahl f\u00fcr Motorradfahrer, die h\u00f6chste Klangqualit\u00e4t, moderne Konnektivit\u00e4t und eine perfekte Passform erwarten.<\/p>\n<h3>Kabelloses Apple CarPlay und Android Auto \u2013 volle Kontrolle ohne Kabel<\/h3>\n<p class=\"translation-block\">Das Radio SG.V2 bietet <b>kabelloses Apple CarPlay\u00ae und Android Auto\u00ae<\/b>, sodass du Zugriff auf Karten, Musik, Anrufe und Nachrichten hast, ohne dein Smartphone \u00fcber ein Kabel anschlie\u00dfen zu m\u00fcssen. Dank der Sprachsteuerung \u00fcber <b>Siri\u00ae und Google Assistant\u2122<\/b> kannst du dich ganz auf das Fahren konzentrieren und gleichzeitig alle Funktionen deines Smartphones nutzen.<\/p>\n<h3>Gro\u00dfer, heller 8,3-Zoll-Bildschirm \u2013 Lesbarkeit unter allen Bedingungen<\/h3>\n<p class=\"translation-block\">Ausgestattet mit <b>einem 8,3-Zoll-HD-Panorama-Bildschirm <\/b>mit einer ultrahellen Hintergrundbeleuchtung <b>von 1000 NIT<\/b> bietet das Radio auch bei direkter Sonneneinstrahlung hervorragende Sichtbarkeit. Der kapazitive Touchscreen gew\u00e4hrleistet eine fl\u00fcssige und intuitive Bedienung w\u00e4hrend der Fahrt.<\/p>\n<h3>Integration iDataLink Maestro \u2013 digitale Uhren und Motorrad-Daten<\/h3>\n<p class=\"translation-block\">Dank der Kompatibilit\u00e4t mit <b>iDataLink\u00ae Maestro\u00ae RR und RR2<\/b> k\u00f6nnen \u00fcber das Radio bis zu 10 digitale Anzeigen des Motorrads angezeigt werden. Du kannst unter anderem die Motortemperatur, den Kraftstoffstand oder den \u00d6ldruck \u00fcberwachen und aus <b>\u00fcber 20 Bildschirmlayouts<\/b> w\u00e4hlen. Das System bietet zudem konfigurierbare Tasten am Lenker.<\/p>\n<h3>Integrierte iGO Primo GPS-Navigation<\/h3>\n<p class=\"translation-block\">Das Soundstream SG.V2 verf\u00fcgt \u00fcber <b>ein werkseitig vorinstalliertes iGO Primo\u00ae-Navigationssystem<\/b> mit Karten der USA und Kanadas sowie Tausenden von POIs. Im Lieferumfang ist eine GPS-Antenne enthalten, und j\u00e4hrliche Karten-Updates sind auf <a href=\"https:\/\/www.naviextras.com\/\" target=\"_self\">Naviextras.com<\/a> erh\u00e4ltlich.<\/p>\n<h3>Klarer Klang ohne zus\u00e4tzliche Verst\u00e4rker<\/h3>\n<p class=\"translation-block\">Das Radio ist mit einem integrierten Class-D-Verst\u00e4rker mit einer Leistung von <b>200 W (4-Kanal, 2-Ohm-stabil)<\/b> ausgestattet, der auch bei hohen Lautst\u00e4rken f\u00fcr einen klaren und dynamischen Klang sorgt. F\u00fcr komplexere Audiosysteme stehen <b>5-Volt-Cinch-Ausg\u00e4nge<\/b> f\u00fcr den Front-, den Heck- und den Subwooferbereich zur Verf\u00fcgung.<\/p>\n<h3>Fortgeschrittene Audio-Korrektur und vollst\u00e4ndige Personalisierung<\/h3>\n<p class=\"translation-block\">Das Audiosystem verf\u00fcgt \u00fcber <b>einen grafischen 15-Band-Equalizer<\/b>, separate Hochpassfilter f\u00fcr vorne und hinten sowie einen speziellen Subwoofer-Ausgang mit Tiefpass- und Subsonic-Filter. So kannst du den Klang pr\u00e4zise an deinen Fahrstil anpassen.<\/p>\n<h3>Bluetooth-Konnektivit\u00e4t, Intercom und Rally Mode\u2122<\/h3>\n<p class=\"translation-block\">Das Radio SG.V2 erm\u00f6glicht <b>eine drahtlose Bluetooth\u00ae-Verbindung<\/b> mit dem Smartphone sowie das Koppeln von zwei Headsets (Fahrer + Beifahrer). <b>Die<\/b> einzigartige <b>Rally Mode\u2122-Funktion<\/b> erm\u00f6glicht die \u00dcbertragung von Musik an eine unbegrenzte Anzahl von Motorradfahrern, die mit kompatiblen Ger\u00e4ten ausgestattet sind \u2013 die ideale L\u00f6sung f\u00fcr Gruppenausfahrten.<\/p>\n<h3>Witterungsbest\u00e4ndigkeit und einfache Montage<\/h3>\n<p class=\"translation-block\">Die Frontblende entspricht der Schutzklasse <b>IPx5<\/b>, was bedeutet, dass sie gegen Regen, Staub und das Abwaschen des Motorrads gesch\u00fctzt ist. Die Montage erfolgt unter Verwendung der originalen Befestigungspunkte und der OEM-Verkabelung, ohne dass Eingriffe in die Fahrzeugelektrik erforderlich sind.<\/p>\n<h3>Warum sollten Sie sich f\u00fcr Soundstream Reserve SG.V2 entscheiden?<\/h3>\n<ul>\n<li>Ideale Passform f\u00fcr Harley-Davidson Street Glide 1998\u20132013<\/li>\n<li>kabelloses CarPlay und Android Auto<\/li>\n<li>helles 8,3-Zoll-HD-Display<\/li>\n<li>eingebaute GPS-Navigation<\/li>\n<li>leistungsstarker Verst\u00e4rker 200 W<\/li>\n<li>vollst\u00e4ndige Integration mit der Motorradelektronik<\/li>\n<li>moderne Audio- und Konnektivit\u00e4tsfunktionen<\/li>\n<\/ul>","protected":false},"excerpt":{"rendered":"<p>Radio motocyklowe Soundstream Reserve SG.V2 do Harley-Davidson Street Glide (1998\u20132013) Nowoczesne centrum multimedialne stworzone dla motocykli Harley-Davidson Radio Soundstream Reserve SG.V2\u00a0to zaawansowana stacja multimedialna zaprojektowana specjalnie dla motocykli\u00a0Harley-Davidson Street Glide oraz Electra Glide z lat 1998\u20132013. Urz\u0105dzenie stanowi bezpo\u015bredni zamiennik fabrycznego radia i montowane jest w oryginalnym miejscu owiewki \u2013 bez przer\u00f3bek, ramek czy adapter\u00f3w&hellip; <\/p>\n<p class=\"link-more\"><a href=\"https:\/\/motorcycle-audio.eu\/de\/geschaft\/radia\/radio-motorrad-soundstream-reserve-sg-v2-fur-harley-davidson-street-glide-1998-2013\/\" class=\"more-link\">Read More <span class=\"screen-reader-text\"> &#8222;Radio motocyklowe Soundstream Reserve SG.V2 do Harley-Davidson Street Glide (1998\u20132013)&#8221;<\/span><\/a><\/p>","protected":false},"featured_media":9793,"comment_status":"closed","ping_status":"closed","template":"","meta":{"_acf_changed":false},"product_cat":[49],"product_tag":[],"class_list":{"0":"post-9792","1":"product","2":"type-product","3":"status-publish","4":"has-post-thumbnail","6":"product_cat-radia","8":"first","9":"instock","10":"taxable","11":"shipping-taxable","12":"purchasable","13":"product-type-simple"},"acf":[],"yoast_head":"<!-- This site is optimized with the Yoast SEO Premium plugin v26.7 (Yoast SEO v26.7) - https:\/\/yoast.com\/wordpress\/plugins\/seo\/ -->\n<title>Radio Soundstream Reserve SG.V2 do Harley-Davidson Street Glide<\/title>\n<meta name=\"description\" content=\"Radio Soundstream SG.V2 do Harley-Davidson Street Glide 1998\u20132013. Bezprzewodowy CarPlay i Android Auto, ekran 8,3\u201d HD, GPS, 200 W, Plug &amp; Play.\" \/>\n<meta name=\"robots\" content=\"index, follow, max-snippet:-1, max-image-preview:large, max-video-preview:-1\" \/>\n<link rel=\"canonical\" href=\"https:\/\/motorcycle-audio.eu\/de\/geschaft\/radia\/radio-motorrad-soundstream-reserve-sg-v2-fur-harley-davidson-street-glide-1998-2013\/\" \/>\n<meta property=\"og:locale\" content=\"de_DE\" \/>\n<meta property=\"og:type\" content=\"article\" \/>\n<meta property=\"og:title\" content=\"Radio motocyklowe Soundstream Reserve SG.V2 do Harley-Davidson Street Glide (1998\u20132013)\" \/>\n<meta property=\"og:description\" content=\"Radio Soundstream SG.V2 do Harley-Davidson Street Glide 1998\u20132013. Bezprzewodowy CarPlay i Android Auto, ekran 8,3\u201d HD, GPS, 200 W, Plug &amp; Play.\" \/>\n<meta property=\"og:url\" content=\"https:\/\/motorcycle-audio.eu\/de\/geschaft\/radia\/radio-motorrad-soundstream-reserve-sg-v2-fur-harley-davidson-street-glide-1998-2013\/\" \/>\n<meta property=\"og:site_name\" content=\"Mefiu Motorcycle Audio\" \/>\n<meta property=\"article:publisher\" content=\"https:\/\/www.facebook.com\/HarleyDavidsonAudio\" \/>\n<meta property=\"article:modified_time\" content=\"2026-01-28T18:01:28+00:00\" \/>\n<meta property=\"og:image\" content=\"https:\/\/motorcycle-audio.eu\/wp-content\/uploads\/2026\/01\/Radio-motocyklowe-Soundstream-Reserve-SG-V2-1.webp\" \/>\n\t<meta property=\"og:image:width\" content=\"1500\" \/>\n\t<meta property=\"og:image:height\" content=\"1500\" \/>\n\t<meta property=\"og:image:type\" content=\"image\/webp\" \/>\n<meta name=\"twitter:card\" content=\"summary_large_image\" \/>\n<meta name=\"twitter:label1\" content=\"Gesch\u00e4tzte Lesezeit\" \/>\n\t<meta name=\"twitter:data1\" content=\"3\u00a0Minuten\" \/>\n<script type=\"application\/ld+json\" class=\"yoast-schema-graph\">{\"@context\":\"https:\/\/schema.org\",\"@graph\":[{\"@type\":\"WebPage\",\"@id\":\"https:\/\/motorcycle-audio.eu\/sklep\/radia\/radio-motocyklowe-soundstream-reserve-sg-v2-do-harley-davidson-street-glide-1998-2013\/\",\"url\":\"https:\/\/motorcycle-audio.eu\/sklep\/radia\/radio-motocyklowe-soundstream-reserve-sg-v2-do-harley-davidson-street-glide-1998-2013\/\",\"name\":\"Radio Soundstream Reserve SG.V2 do Harley-Davidson Street Glide\",\"isPartOf\":{\"@id\":\"https:\/\/motorcycle-audio.eu\/#website\"},\"primaryImageOfPage\":{\"@id\":\"https:\/\/motorcycle-audio.eu\/sklep\/radia\/radio-motocyklowe-soundstream-reserve-sg-v2-do-harley-davidson-street-glide-1998-2013\/#primaryimage\"},\"image\":{\"@id\":\"https:\/\/motorcycle-audio.eu\/sklep\/radia\/radio-motocyklowe-soundstream-reserve-sg-v2-do-harley-davidson-street-glide-1998-2013\/#primaryimage\"},\"thumbnailUrl\":\"https:\/\/motorcycle-audio.eu\/wp-content\/uploads\/2026\/01\/Radio-motocyklowe-Soundstream-Reserve-SG-V2-1.webp\",\"datePublished\":\"2026-01-27T11:17:19+00:00\",\"dateModified\":\"2026-01-28T18:01:28+00:00\",\"description\":\"Radio Soundstream SG.V2 do Harley-Davidson Street Glide 1998\u20132013. Bezprzewodowy CarPlay i Android Auto, ekran 8,3\u201d HD, GPS, 200 W, Plug & Play.\",\"breadcrumb\":{\"@id\":\"https:\/\/motorcycle-audio.eu\/sklep\/radia\/radio-motocyklowe-soundstream-reserve-sg-v2-do-harley-davidson-street-glide-1998-2013\/#breadcrumb\"},\"inLanguage\":\"de\",\"potentialAction\":[{\"@type\":\"ReadAction\",\"target\":[\"https:\/\/motorcycle-audio.eu\/sklep\/radia\/radio-motocyklowe-soundstream-reserve-sg-v2-do-harley-davidson-street-glide-1998-2013\/\"]}]},{\"@type\":\"ImageObject\",\"inLanguage\":\"de\",\"@id\":\"https:\/\/motorcycle-audio.eu\/sklep\/radia\/radio-motocyklowe-soundstream-reserve-sg-v2-do-harley-davidson-street-glide-1998-2013\/#primaryimage\",\"url\":\"https:\/\/motorcycle-audio.eu\/wp-content\/uploads\/2026\/01\/Radio-motocyklowe-Soundstream-Reserve-SG-V2-1.webp\",\"contentUrl\":\"https:\/\/motorcycle-audio.eu\/wp-content\/uploads\/2026\/01\/Radio-motocyklowe-Soundstream-Reserve-SG-V2-1.webp\",\"width\":1500,\"height\":1500,\"caption\":\"Radio motocyklowe Soundstream Reserve SG V2\"},{\"@type\":\"BreadcrumbList\",\"@id\":\"https:\/\/motorcycle-audio.eu\/sklep\/radia\/radio-motocyklowe-soundstream-reserve-sg-v2-do-harley-davidson-street-glide-1998-2013\/#breadcrumb\",\"itemListElement\":[{\"@type\":\"ListItem\",\"position\":1,\"name\":\"Strona g\u0142\u00f3wna\",\"item\":\"https:\/\/motorcycle-audio.eu\/\"},{\"@type\":\"ListItem\",\"position\":2,\"name\":\"Sklep\",\"item\":\"https:\/\/motorcycle-audio.eu\/sklep\/\"},{\"@type\":\"ListItem\",\"position\":3,\"name\":\"Radio motocyklowe Soundstream Reserve SG.V2 do Harley-Davidson Street Glide (1998\u20132013)\"}]},{\"@type\":\"WebSite\",\"@id\":\"https:\/\/motorcycle-audio.eu\/#website\",\"url\":\"https:\/\/motorcycle-audio.eu\/\",\"name\":\"Mefiu Motorcycle Audio\",\"description\":\"Play it loud!\",\"publisher\":{\"@id\":\"https:\/\/motorcycle-audio.eu\/#organization\"},\"potentialAction\":[{\"@type\":\"SearchAction\",\"target\":{\"@type\":\"EntryPoint\",\"urlTemplate\":\"https:\/\/motorcycle-audio.eu\/?s={search_term_string}\"},\"query-input\":{\"@type\":\"PropertyValueSpecification\",\"valueRequired\":true,\"valueName\":\"search_term_string\"}}],\"inLanguage\":\"de\"},{\"@type\":\"Organization\",\"@id\":\"https:\/\/motorcycle-audio.eu\/#organization\",\"name\":\"Mefiu Motorcycle Audio\",\"url\":\"https:\/\/motorcycle-audio.eu\/\",\"logo\":{\"@type\":\"ImageObject\",\"inLanguage\":\"de\",\"@id\":\"https:\/\/motorcycle-audio.eu\/#\/schema\/logo\/image\/\",\"url\":\"https:\/\/motorcycle-audio.eu\/wp-content\/uploads\/2025\/05\/mefiu_logo.png\",\"contentUrl\":\"https:\/\/motorcycle-audio.eu\/wp-content\/uploads\/2025\/05\/mefiu_logo.png\",\"width\":150,\"height\":150,\"caption\":\"Mefiu Motorcycle Audio\"},\"image\":{\"@id\":\"https:\/\/motorcycle-audio.eu\/#\/schema\/logo\/image\/\"},\"sameAs\":[\"https:\/\/www.facebook.com\/HarleyDavidsonAudio\"]}]}<\/script>\n<!-- \/ Yoast SEO Premium plugin. -->","yoast_head_json":{"title":"Radio Soundstream Reserve SG.V2 f\u00fcr Harley-Davidson Street Glide","description":"Radio Soundstream SG.V2 f\u00fcr Harley-Davidson Street Glide 1998\u20132013. Kabelloses CarPlay und Android Auto, 8,3 Zoll HD-Bildschirm, GPS, 200 W, Plug &amp; Play.","robots":{"index":"index","follow":"follow","max-snippet":"max-snippet:-1","max-image-preview":"max-image-preview:large","max-video-preview":"max-video-preview:-1"},"canonical":"https:\/\/motorcycle-audio.eu\/de\/geschaft\/radia\/radio-motorrad-soundstream-reserve-sg-v2-fur-harley-davidson-street-glide-1998-2013\/","og_locale":"de_DE","og_type":"article","og_title":"Radio motocyklowe Soundstream Reserve SG.V2 do Harley-Davidson Street Glide (1998\u20132013)","og_description":"Radio Soundstream SG.V2 do Harley-Davidson Street Glide 1998\u20132013. Bezprzewodowy CarPlay i Android Auto, ekran 8,3\u201d HD, GPS, 200 W, Plug & Play.","og_url":"https:\/\/motorcycle-audio.eu\/de\/geschaft\/radia\/radio-motorrad-soundstream-reserve-sg-v2-fur-harley-davidson-street-glide-1998-2013\/","og_site_name":"Mefiu Motorcycle Audio","article_publisher":"https:\/\/www.facebook.com\/HarleyDavidsonAudio","article_modified_time":"2026-01-28T18:01:28+00:00","og_image":[{"width":1500,"height":1500,"url":"https:\/\/motorcycle-audio.eu\/wp-content\/uploads\/2026\/01\/Radio-motocyklowe-Soundstream-Reserve-SG-V2-1.webp","type":"image\/webp"}],"twitter_card":"summary_large_image","twitter_misc":{"Gesch\u00e4tzte Lesezeit":"3\u00a0Minuten"},"schema":{"@context":"https:\/\/schema.org","@graph":[{"@type":"WebPage","@id":"https:\/\/motorcycle-audio.eu\/sklep\/radia\/radio-motocyklowe-soundstream-reserve-sg-v2-do-harley-davidson-street-glide-1998-2013\/","url":"https:\/\/motorcycle-audio.eu\/sklep\/radia\/radio-motocyklowe-soundstream-reserve-sg-v2-do-harley-davidson-street-glide-1998-2013\/","name":"Radio Soundstream Reserve SG.V2 f\u00fcr Harley-Davidson Street Glide","isPartOf":{"@id":"https:\/\/motorcycle-audio.eu\/#website"},"primaryImageOfPage":{"@id":"https:\/\/motorcycle-audio.eu\/sklep\/radia\/radio-motocyklowe-soundstream-reserve-sg-v2-do-harley-davidson-street-glide-1998-2013\/#primaryimage"},"image":{"@id":"https:\/\/motorcycle-audio.eu\/sklep\/radia\/radio-motocyklowe-soundstream-reserve-sg-v2-do-harley-davidson-street-glide-1998-2013\/#primaryimage"},"thumbnailUrl":"https:\/\/motorcycle-audio.eu\/wp-content\/uploads\/2026\/01\/Radio-motocyklowe-Soundstream-Reserve-SG-V2-1.webp","datePublished":"2026-01-27T11:17:19+00:00","dateModified":"2026-01-28T18:01:28+00:00","description":"Radio Soundstream SG.V2 f\u00fcr Harley-Davidson Street Glide 1998\u20132013. Kabelloses CarPlay und Android Auto, 8,3 Zoll HD-Bildschirm, GPS, 200 W, Plug &amp; Play.","breadcrumb":{"@id":"https:\/\/motorcycle-audio.eu\/sklep\/radia\/radio-motocyklowe-soundstream-reserve-sg-v2-do-harley-davidson-street-glide-1998-2013\/#breadcrumb"},"inLanguage":"de","potentialAction":[{"@type":"ReadAction","target":["https:\/\/motorcycle-audio.eu\/sklep\/radia\/radio-motocyklowe-soundstream-reserve-sg-v2-do-harley-davidson-street-glide-1998-2013\/"]}]},{"@type":"ImageObject","inLanguage":"de","@id":"https:\/\/motorcycle-audio.eu\/sklep\/radia\/radio-motocyklowe-soundstream-reserve-sg-v2-do-harley-davidson-street-glide-1998-2013\/#primaryimage","url":"https:\/\/motorcycle-audio.eu\/wp-content\/uploads\/2026\/01\/Radio-motocyklowe-Soundstream-Reserve-SG-V2-1.webp","contentUrl":"https:\/\/motorcycle-audio.eu\/wp-content\/uploads\/2026\/01\/Radio-motocyklowe-Soundstream-Reserve-SG-V2-1.webp","width":1500,"height":1500,"caption":"Radio motocyklowe Soundstream Reserve SG V2"},{"@type":"BreadcrumbList","@id":"https:\/\/motorcycle-audio.eu\/sklep\/radia\/radio-motocyklowe-soundstream-reserve-sg-v2-do-harley-davidson-street-glide-1998-2013\/#breadcrumb","itemListElement":[{"@type":"ListItem","position":1,"name":"Strona g\u0142\u00f3wna","item":"https:\/\/motorcycle-audio.eu\/"},{"@type":"ListItem","position":2,"name":"Sklep","item":"https:\/\/motorcycle-audio.eu\/sklep\/"},{"@type":"ListItem","position":3,"name":"Radio motocyklowe Soundstream Reserve SG.V2 do Harley-Davidson Street Glide (1998\u20132013)"}]},{"@type":"WebSite","@id":"https:\/\/motorcycle-audio.eu\/#website","url":"https:\/\/motorcycle-audio.eu\/","name":"Mefiu Motorrad Audio","description":"Spiel es laut!","publisher":{"@id":"https:\/\/motorcycle-audio.eu\/#organization"},"potentialAction":[{"@type":"SearchAction","target":{"@type":"EntryPoint","urlTemplate":"https:\/\/motorcycle-audio.eu\/?s={search_term_string}"},"query-input":{"@type":"PropertyValueSpecification","valueRequired":true,"valueName":"search_term_string"}}],"inLanguage":"de"},{"@type":"Organization","@id":"https:\/\/motorcycle-audio.eu\/#organization","name":"Mefiu Motorrad Audio","url":"https:\/\/motorcycle-audio.eu\/","logo":{"@type":"ImageObject","inLanguage":"de","@id":"https:\/\/motorcycle-audio.eu\/#\/schema\/logo\/image\/","url":"https:\/\/motorcycle-audio.eu\/wp-content\/uploads\/2025\/05\/mefiu_logo.png","contentUrl":"https:\/\/motorcycle-audio.eu\/wp-content\/uploads\/2025\/05\/mefiu_logo.png","width":150,"height":150,"caption":"Mefiu Motorcycle Audio"},"image":{"@id":"https:\/\/motorcycle-audio.eu\/#\/schema\/logo\/image\/"},"sameAs":["https:\/\/www.facebook.com\/HarleyDavidsonAudio"]}]}},"jetpack_sharing_enabled":true,"_links":{"self":[{"href":"https:\/\/motorcycle-audio.eu\/de\/wp-json\/wp\/v2\/product\/9792","targetHints":{"allow":["GET"]}}],"collection":[{"href":"https:\/\/motorcycle-audio.eu\/de\/wp-json\/wp\/v2\/product"}],"about":[{"href":"https:\/\/motorcycle-audio.eu\/de\/wp-json\/wp\/v2\/types\/product"}],"replies":[{"embeddable":true,"href":"https:\/\/motorcycle-audio.eu\/de\/wp-json\/wp\/v2\/comments?post=9792"}],"version-history":[{"count":1,"href":"https:\/\/motorcycle-audio.eu\/de\/wp-json\/wp\/v2\/product\/9792\/revisions"}],"predecessor-version":[{"id":9799,"href":"https:\/\/motorcycle-audio.eu\/de\/wp-json\/wp\/v2\/product\/9792\/revisions\/9799"}],"wp:featuredmedia":[{"embeddable":true,"href":"https:\/\/motorcycle-audio.eu\/de\/wp-json\/wp\/v2\/media\/9793"}],"wp:attachment":[{"href":"https:\/\/motorcycle-audio.eu\/de\/wp-json\/wp\/v2\/media?parent=9792"}],"wp:term":[{"taxonomy":"product_cat","embeddable":true,"href":"https:\/\/motorcycle-audio.eu\/de\/wp-json\/wp\/v2\/product_cat?post=9792"},{"taxonomy":"product_tag","embeddable":true,"href":"https:\/\/motorcycle-audio.eu\/de\/wp-json\/wp\/v2\/product_tag?post=9792"}],"curies":[{"name":"wp","href":"https:\/\/api.w.org\/{rel}","templated":true}]}}