{"id":8973,"date":"2025-06-24T13:26:58","date_gmt":"2025-06-24T11:26:58","guid":{"rendered":"https:\/\/motorcycle-audio.eu\/?post_type=product&#038;p=8973"},"modified":"2025-12-30T15:13:26","modified_gmt":"2025-12-30T14:13:26","slug":"radio-soundstream-reserve-whd14-z-zestawem-odblokowujacym-funkcje-whd-ulock-do-motocykli-harley-davidson-road-glide-street-glide-electra-glide-2014","status":"publish","type":"product","link":"https:\/\/motorcycle-audio.eu\/de\/geschaft\/radia\/radio-soundstream-reserve-whd14-z-zestawem-odblokowujacym-funkcje-whd-ulock-do-motocykli-harley-davidson-road-glide-street-glide-electra-glide-2014\/","title":{"rendered":"Radio Soundstream Reserve WHD14+ mit dem Freischaltungsset WHD.UNLOC f\u00fcr Harley Davidson Road Glide, Street Glide, Electra Glide 2014+ Motorr\u00e4der"},"content":{"rendered":"<h2>Radio Soundstream Reserve WHD14+ \u2013 modernes Radio f\u00fcr Harley-Davidson Motorr\u00e4der Road Glide, Street Glide, Electra Glide 2014+ mit WHD.UNLOC-Funktion<\/h2>\n<h3>Komplettset mit Maestro Rr2-Modul \u2013 sofort einbaufertig<\/h3>\n<p>Wenn Sie sich f\u00fcr den Kauf des Soundstream Reserve WHD14+ Radios entscheiden, erhalten Sie ein sofort einbaufertiges Set, das speziell f\u00fcr Harley-Davidson Touring-Motorr\u00e4der ab Modelljahr 2014 entwickelt wurde. Das Ger\u00e4t ist mit einem hochwertigen Maestro Rr2 Modul ausgestattet, das eine erweiterte Lenkersteuerung und den Abruf von Fahrzeug-ECM-Daten erm\u00f6glicht. Die Verwendung originaler Steckverbinder und Buchsen erm\u00f6glicht eine einfache Installation, ohne dass zus\u00e4tzliche Adapter oder \u00c4nderungen an der elektrischen Anlage erforderlich sind.<\/p>\n<p>Bei Bedarf bieten wir technischen Support und Installationshilfe, damit Sie Ihr modernes Audio-System f\u00fcr Ihr Motorrad schnell und problemlos nutzen k\u00f6nnen.<\/p>\n<h3>Soundstream Reserve WHD14+ \u2013 dedykowane radio do motocykli Harley-Davidson Road Glide, Street Glide, Electra Glide<\/h3>\n<p>Das Radio Soundstream Reserve WHD14+ wurde speziell f\u00fcr die anspruchsvollsten Motorradbesitzer entwickelt. Dank voller Kompatibilit\u00e4t mit den Motorradmodellen Road Glide, Street Glide und Electra Glide ab Baujahr 2014+ bietet das Radio ein H\u00f6chstma\u00df an Integration und Funktionalit\u00e4t. Das System nutzt die originalen Befestigungspunkte, USB-Anschl\u00fcsse und Antennen, was die Montage des Ger\u00e4ts erheblich erleichtert und beschleunigt.<\/p>\n<h3>Erweiterte Bild- und Tonqualit\u00e4t \u2013 7-Zoll-Touchscreen und 50-W-Verst\u00e4rker<\/h3>\n<p>Ausgestattet mit einem 7-Zoll kapazitiven LCD-Touchscreen bietet das Radio ein kristallklares Bild und einen schnellen, intuitiven Zugriff auf alle Funktionen. Ein integrierter Verst\u00e4rker mit 50 W pro Kanal bei einer stabilen Impedanz von 2 Ohm liefert einen klaren und dynamischen Klang, der den Komfort jeder Fahrt erh\u00f6ht.<\/p>\n<h3>Integration mit Smartphones und kabellose Bluetooth-Konnektivit\u00e4t<\/h3>\n<p>Das Radio Soundstream Reserve WHD14+ unterst\u00fctzt drahtlose Verbindungen mit dem Bordcomputer und erm\u00f6glicht die Nutzung von Navigation, Musiksteuerung und Zugriff auf Sprachassistenten (Siri und Google Assistant). Bluetooth erm\u00f6glicht die bequeme Musikwiedergabe und Audiosteuerung ohne Kabel und erh\u00f6ht so die Sicherheit w\u00e4hrend der Fahrt.<\/p>\n<h3>Personalisierung und fortgeschrittene Klangregelung<\/h3>\n<p>Dank der M\u00f6glichkeit, Tapete und Hintergrundbild \u00fcber .jpg- und .jpeg-Dateien, die \u00fcber den USB-Port hochgeladen werden, zu \u00e4ndern, k\u00f6nnen Sie das Ger\u00e4t an Ihren Stil anpassen. Der zehnbandige grafische Equalizer mit Voreinstellungen und Anpassungsm\u00f6glichkeiten erm\u00f6glicht es Ihnen, den Klang pr\u00e4zise nach Ihren W\u00fcnschen abzustimmen, und das \u00fcbersichtliche Interface erleichtert die Nutzung der Audiofunktionen.<\/p>\n<h3>Wetterbest\u00e4ndigkeit \u2013 das Radio h\u00e4lt jedem Wetter stand<\/h3>\n<p>Das Radio Soundstream Reserve WHD14+ ist wasserdicht, was einen zuverl\u00e4ssigen Betrieb auch bei starkem Regen oder beim Waschen des Motorrads garantiert. Die Konstruktion des Ger\u00e4ts erf\u00fcllt hohe Standards an Haltbarkeit, ohne an \u00c4sthetik und Funktionalit\u00e4t einzub\u00fc\u00dfen.<\/p>\n<h3>Einfache Montage an der Originalposition mit M\u00f6glichkeit der Beibehaltung von werkseitigen Steckverbindungen<\/h3>\n<p>Die Nutzung des werkseitigen Radioeinbauplatzes am Harley-Motorrad vermeidet die Verwendung zus\u00e4tzlicher Adapter. Sie k\u00f6nnen auch die originalen USB-Anschl\u00fcsse und AM\/FM-Radioantennen beibehalten, was den Komfort erh\u00f6ht und die Installationszeit verk\u00fcrzt.<\/p>\n<h3>Erweiterte Funktionen f\u00fcr anspruchsvolle Benutzer<\/h3>\n<ul>\n<li>Maestro RR2-Modul mit vollst\u00e4ndiger Fahrzeugsystemintegration und Lenkradsteuerung<\/li>\n<li>Auslesen von Parametern wie Temperatur, Kraftstoffstand und anderen Daten aus dem ECM<\/li>\n<li>Integrierter DSP-Prozessor und ein 13-Band-Equalizer f\u00fcr pr\u00e4zise Klangregelung<\/li>\n<li>Unterst\u00fctzung f\u00fcr Streaming-Apps wie YouTube Music oder Spotify<\/li>\n<li>Das intuitive Interface erm\u00f6glicht eine einfache Nutzung von Multimedia-Funktionen w\u00e4hrend der Fahrt<\/li>\n<\/ul>\n<h3>Investition in ein erstklassiges Radio f\u00fcr Harley-Davidson Motorr\u00e4der<\/h3>\n<p>Das Radio Soundstream Reserve WHD14+ mit dem WHD.ULOCK-Kit ist die perfekte L\u00f6sung f\u00fcr Musikliebhaber, die ihre Musik auf Harley-Davidson Road Glide, Street Glide und Electra Glide Motorr\u00e4dern ab 2014 h\u00f6ren m\u00f6chten und zudem exzellente Klangqualit\u00e4t, moderne Smartphone-Integration und einfache Installation erwarten. Hergestellt von der amerikanischen Marke Soundstream, ist das Radio speziell f\u00fcr Ihr Motorrad konzipiert und erh\u00f6ht den Fahrkomfort durch sichere und fortschrittliche Funktionen.<\/p>\n<p><strong>Investieren Sie in das Soundsystem Soundstream Reserve WHD14+ und genie\u00dfen Sie jeden Kilometer Ihrer Fahrt mit bestem Klang und Komfort.<\/strong><\/p>\n<p><strong>Jetzt kaufen! Warten Sie nicht, bis es weg ist!<\/strong><\/p>","protected":false},"excerpt":{"rendered":"<p>Radio Soundstream Reserve WHD14+ &#8211; nowoczesne radio do motocykli Harley-Davidson Road Glide, Street Glide, Electra Glide 2014+ z funkcj\u0105 WHD.UNLOC Kompletny zestaw z modu\u0142em Maestro Rr2 &#8211; gotowy do monta\u017cu od r\u0119ki Decyduj\u0105c si\u0119 na zakup Radia Soundstream Reserve WHD14+, otrzymujesz gotowy do natychmiastowego monta\u017cu zestaw dedykowany do motocykli Harley-Davidson Touring od rocznika 2014+. Urz\u0105dzenie&hellip; <\/p>\n<p class=\"link-more\"><a href=\"https:\/\/motorcycle-audio.eu\/de\/geschaft\/radia\/radio-soundstream-reserve-whd14-z-zestawem-odblokowujacym-funkcje-whd-ulock-do-motocykli-harley-davidson-road-glide-street-glide-electra-glide-2014\/\" class=\"more-link\">Read More <span class=\"screen-reader-text\"> &#8222;Radio Soundstream Reserve WHD14+ z zestawem odblokowuj\u0105cym funkcje WHD.UNLOC do motocykli Harley Davidson Road Glide, Street Glide, Electra Glide 2014+&#8221;<\/span><\/a><\/p>","protected":false},"featured_media":8075,"comment_status":"closed","ping_status":"closed","template":"","meta":{"_acf_changed":false},"product_cat":[49],"product_tag":[92,91],"class_list":{"0":"post-8973","1":"product","2":"type-product","3":"status-publish","4":"has-post-thumbnail","6":"product_cat-radia","7":"product_tag-whd","8":"product_tag-whd14-unlock","10":"first","11":"instock","12":"taxable","13":"shipping-taxable","14":"purchasable","15":"product-type-simple"},"acf":[],"yoast_head":"<!-- This site is optimized with the Yoast SEO Premium plugin v26.7 (Yoast SEO v26.7) - https:\/\/yoast.com\/wordpress\/plugins\/seo\/ -->\n<title>Soundstream Reserve WHD14+ WHD.UNLOC do motocykli Harley<\/title>\n<meta name=\"description\" content=\"Soundstream Reserve WHD14+ z WHD.UNLOC To radio do Motocykli Harley-Davidson od 2014 roku w g\u00f3r\u0119. Idealny zamiennik dla oryginalnego radia.\" \/>\n<meta name=\"robots\" content=\"index, follow, max-snippet:-1, max-image-preview:large, max-video-preview:-1\" \/>\n<link rel=\"canonical\" href=\"https:\/\/motorcycle-audio.eu\/de\/geschaft\/radia\/radio-soundstream-reserve-whd14-z-zestawem-odblokowujacym-funkcje-whd-ulock-do-motocykli-harley-davidson-road-glide-street-glide-electra-glide-2014\/\" \/>\n<meta property=\"og:locale\" content=\"de_DE\" \/>\n<meta property=\"og:type\" content=\"article\" \/>\n<meta property=\"og:title\" content=\"Radio Soundstream Reserve WHD14+ z zestawem odblokowuj\u0105cym funkcje WHD.UNLOC do motocykli Harley Davidson Road Glide, Street Glide, Electra Glide 2014+\" \/>\n<meta property=\"og:description\" content=\"Soundstream Reserve WHD14+ z WHD.UNLOC To radio do Motocykli Harley-Davidson od 2014 roku w g\u00f3r\u0119. Idealny zamiennik dla oryginalnego radia.\" \/>\n<meta property=\"og:url\" content=\"https:\/\/motorcycle-audio.eu\/de\/geschaft\/radia\/radio-soundstream-reserve-whd14-z-zestawem-odblokowujacym-funkcje-whd-ulock-do-motocykli-harley-davidson-road-glide-street-glide-electra-glide-2014\/\" \/>\n<meta property=\"og:site_name\" content=\"Mefiu Motorcycle Audio\" \/>\n<meta property=\"article:publisher\" content=\"https:\/\/www.facebook.com\/HarleyDavidsonAudio\" \/>\n<meta property=\"article:modified_time\" content=\"2025-12-30T14:13:26+00:00\" \/>\n<meta property=\"og:image\" content=\"https:\/\/motorcycle-audio.eu\/wp-content\/uploads\/2024\/10\/WHD14_03-900x900-1.jpg\" \/>\n\t<meta property=\"og:image:width\" content=\"900\" \/>\n\t<meta property=\"og:image:height\" content=\"900\" \/>\n\t<meta property=\"og:image:type\" content=\"image\/jpeg\" \/>\n<meta name=\"twitter:card\" content=\"summary_large_image\" \/>\n<meta name=\"twitter:label1\" content=\"Gesch\u00e4tzte Lesezeit\" \/>\n\t<meta name=\"twitter:data1\" content=\"4\u00a0Minuten\" \/>\n<script type=\"application\/ld+json\" class=\"yoast-schema-graph\">{\"@context\":\"https:\/\/schema.org\",\"@graph\":[{\"@type\":\"WebPage\",\"@id\":\"https:\/\/motorcycle-audio.eu\/sklep\/radia\/radio-soundstream-reserve-whd14-z-zestawem-odblokowujacym-funkcje-whd-ulock-do-motocykli-harley-davidson-road-glide-street-glide-electra-glide-2014\/\",\"url\":\"https:\/\/motorcycle-audio.eu\/sklep\/radia\/radio-soundstream-reserve-whd14-z-zestawem-odblokowujacym-funkcje-whd-ulock-do-motocykli-harley-davidson-road-glide-street-glide-electra-glide-2014\/\",\"name\":\"Soundstream Reserve WHD14+ WHD.UNLOC do motocykli Harley\",\"isPartOf\":{\"@id\":\"https:\/\/motorcycle-audio.eu\/#website\"},\"primaryImageOfPage\":{\"@id\":\"https:\/\/motorcycle-audio.eu\/sklep\/radia\/radio-soundstream-reserve-whd14-z-zestawem-odblokowujacym-funkcje-whd-ulock-do-motocykli-harley-davidson-road-glide-street-glide-electra-glide-2014\/#primaryimage\"},\"image\":{\"@id\":\"https:\/\/motorcycle-audio.eu\/sklep\/radia\/radio-soundstream-reserve-whd14-z-zestawem-odblokowujacym-funkcje-whd-ulock-do-motocykli-harley-davidson-road-glide-street-glide-electra-glide-2014\/#primaryimage\"},\"thumbnailUrl\":\"https:\/\/motorcycle-audio.eu\/wp-content\/uploads\/2024\/10\/WHD14_03-900x900-1.jpg\",\"datePublished\":\"2025-06-24T11:26:58+00:00\",\"dateModified\":\"2025-12-30T14:13:26+00:00\",\"description\":\"Soundstream Reserve WHD14+ z WHD.UNLOC To radio do Motocykli Harley-Davidson od 2014 roku w g\u00f3r\u0119. Idealny zamiennik dla oryginalnego radia.\",\"breadcrumb\":{\"@id\":\"https:\/\/motorcycle-audio.eu\/sklep\/radia\/radio-soundstream-reserve-whd14-z-zestawem-odblokowujacym-funkcje-whd-ulock-do-motocykli-harley-davidson-road-glide-street-glide-electra-glide-2014\/#breadcrumb\"},\"inLanguage\":\"de\",\"potentialAction\":[{\"@type\":\"ReadAction\",\"target\":[\"https:\/\/motorcycle-audio.eu\/sklep\/radia\/radio-soundstream-reserve-whd14-z-zestawem-odblokowujacym-funkcje-whd-ulock-do-motocykli-harley-davidson-road-glide-street-glide-electra-glide-2014\/\"]}]},{\"@type\":\"ImageObject\",\"inLanguage\":\"de\",\"@id\":\"https:\/\/motorcycle-audio.eu\/sklep\/radia\/radio-soundstream-reserve-whd14-z-zestawem-odblokowujacym-funkcje-whd-ulock-do-motocykli-harley-davidson-road-glide-street-glide-electra-glide-2014\/#primaryimage\",\"url\":\"https:\/\/motorcycle-audio.eu\/wp-content\/uploads\/2024\/10\/WHD14_03-900x900-1.jpg\",\"contentUrl\":\"https:\/\/motorcycle-audio.eu\/wp-content\/uploads\/2024\/10\/WHD14_03-900x900-1.jpg\",\"width\":900,\"height\":900},{\"@type\":\"BreadcrumbList\",\"@id\":\"https:\/\/motorcycle-audio.eu\/sklep\/radia\/radio-soundstream-reserve-whd14-z-zestawem-odblokowujacym-funkcje-whd-ulock-do-motocykli-harley-davidson-road-glide-street-glide-electra-glide-2014\/#breadcrumb\",\"itemListElement\":[{\"@type\":\"ListItem\",\"position\":1,\"name\":\"Strona g\u0142\u00f3wna\",\"item\":\"https:\/\/motorcycle-audio.eu\/\"},{\"@type\":\"ListItem\",\"position\":2,\"name\":\"Sklep\",\"item\":\"https:\/\/motorcycle-audio.eu\/sklep\/\"},{\"@type\":\"ListItem\",\"position\":3,\"name\":\"Radio Soundstream Reserve WHD14+ z zestawem odblokowuj\u0105cym funkcje WHD.UNLOC do motocykli Harley Davidson Road Glide, Street Glide, Electra Glide 2014+\"}]},{\"@type\":\"WebSite\",\"@id\":\"https:\/\/motorcycle-audio.eu\/#website\",\"url\":\"https:\/\/motorcycle-audio.eu\/\",\"name\":\"Mefiu Motorcycle Audio\",\"description\":\"Play it loud!\",\"publisher\":{\"@id\":\"https:\/\/motorcycle-audio.eu\/#organization\"},\"potentialAction\":[{\"@type\":\"SearchAction\",\"target\":{\"@type\":\"EntryPoint\",\"urlTemplate\":\"https:\/\/motorcycle-audio.eu\/?s={search_term_string}\"},\"query-input\":{\"@type\":\"PropertyValueSpecification\",\"valueRequired\":true,\"valueName\":\"search_term_string\"}}],\"inLanguage\":\"de\"},{\"@type\":\"Organization\",\"@id\":\"https:\/\/motorcycle-audio.eu\/#organization\",\"name\":\"Mefiu Motorcycle Audio\",\"url\":\"https:\/\/motorcycle-audio.eu\/\",\"logo\":{\"@type\":\"ImageObject\",\"inLanguage\":\"de\",\"@id\":\"https:\/\/motorcycle-audio.eu\/#\/schema\/logo\/image\/\",\"url\":\"https:\/\/motorcycle-audio.eu\/wp-content\/uploads\/2025\/05\/mefiu_logo.png\",\"contentUrl\":\"https:\/\/motorcycle-audio.eu\/wp-content\/uploads\/2025\/05\/mefiu_logo.png\",\"width\":150,\"height\":150,\"caption\":\"Mefiu Motorcycle Audio\"},\"image\":{\"@id\":\"https:\/\/motorcycle-audio.eu\/#\/schema\/logo\/image\/\"},\"sameAs\":[\"https:\/\/www.facebook.com\/HarleyDavidsonAudio\"]}]}<\/script>\n<!-- \/ Yoast SEO Premium plugin. -->","yoast_head_json":{"title":"Soundstream Reserve WHD14+ WHD.UNLOC f\u00fcr Harley-Motorr\u00e4der","description":"Soundstream Reserve WHD14+ mit WHD.UNLOC f\u00fcr Harley-Davidson Motorr\u00e4der ab 2014. Perfekter Ersatz f\u00fcr das Originalradio.","robots":{"index":"index","follow":"follow","max-snippet":"max-snippet:-1","max-image-preview":"max-image-preview:large","max-video-preview":"max-video-preview:-1"},"canonical":"https:\/\/motorcycle-audio.eu\/de\/geschaft\/radia\/radio-soundstream-reserve-whd14-z-zestawem-odblokowujacym-funkcje-whd-ulock-do-motocykli-harley-davidson-road-glide-street-glide-electra-glide-2014\/","og_locale":"de_DE","og_type":"article","og_title":"Radio Soundstream Reserve WHD14+ z zestawem odblokowuj\u0105cym funkcje WHD.UNLOC do motocykli Harley Davidson Road Glide, Street Glide, Electra Glide 2014+","og_description":"Soundstream Reserve WHD14+ z WHD.UNLOC To radio do Motocykli Harley-Davidson od 2014 roku w g\u00f3r\u0119. Idealny zamiennik dla oryginalnego radia.","og_url":"https:\/\/motorcycle-audio.eu\/de\/geschaft\/radia\/radio-soundstream-reserve-whd14-z-zestawem-odblokowujacym-funkcje-whd-ulock-do-motocykli-harley-davidson-road-glide-street-glide-electra-glide-2014\/","og_site_name":"Mefiu Motorcycle Audio","article_publisher":"https:\/\/www.facebook.com\/HarleyDavidsonAudio","article_modified_time":"2025-12-30T14:13:26+00:00","og_image":[{"width":900,"height":900,"url":"https:\/\/motorcycle-audio.eu\/wp-content\/uploads\/2024\/10\/WHD14_03-900x900-1.jpg","type":"image\/jpeg"}],"twitter_card":"summary_large_image","twitter_misc":{"Gesch\u00e4tzte Lesezeit":"4\u00a0Minuten"},"schema":{"@context":"https:\/\/schema.org","@graph":[{"@type":"WebPage","@id":"https:\/\/motorcycle-audio.eu\/sklep\/radia\/radio-soundstream-reserve-whd14-z-zestawem-odblokowujacym-funkcje-whd-ulock-do-motocykli-harley-davidson-road-glide-street-glide-electra-glide-2014\/","url":"https:\/\/motorcycle-audio.eu\/sklep\/radia\/radio-soundstream-reserve-whd14-z-zestawem-odblokowujacym-funkcje-whd-ulock-do-motocykli-harley-davidson-road-glide-street-glide-electra-glide-2014\/","name":"Soundstream Reserve WHD14+ WHD.UNLOC f\u00fcr Harley-Motorr\u00e4der","isPartOf":{"@id":"https:\/\/motorcycle-audio.eu\/#website"},"primaryImageOfPage":{"@id":"https:\/\/motorcycle-audio.eu\/sklep\/radia\/radio-soundstream-reserve-whd14-z-zestawem-odblokowujacym-funkcje-whd-ulock-do-motocykli-harley-davidson-road-glide-street-glide-electra-glide-2014\/#primaryimage"},"image":{"@id":"https:\/\/motorcycle-audio.eu\/sklep\/radia\/radio-soundstream-reserve-whd14-z-zestawem-odblokowujacym-funkcje-whd-ulock-do-motocykli-harley-davidson-road-glide-street-glide-electra-glide-2014\/#primaryimage"},"thumbnailUrl":"https:\/\/motorcycle-audio.eu\/wp-content\/uploads\/2024\/10\/WHD14_03-900x900-1.jpg","datePublished":"2025-06-24T11:26:58+00:00","dateModified":"2025-12-30T14:13:26+00:00","description":"Soundstream Reserve WHD14+ mit WHD.UNLOC f\u00fcr Harley-Davidson Motorr\u00e4der ab 2014. Perfekter Ersatz f\u00fcr das Originalradio.","breadcrumb":{"@id":"https:\/\/motorcycle-audio.eu\/sklep\/radia\/radio-soundstream-reserve-whd14-z-zestawem-odblokowujacym-funkcje-whd-ulock-do-motocykli-harley-davidson-road-glide-street-glide-electra-glide-2014\/#breadcrumb"},"inLanguage":"de","potentialAction":[{"@type":"ReadAction","target":["https:\/\/motorcycle-audio.eu\/sklep\/radia\/radio-soundstream-reserve-whd14-z-zestawem-odblokowujacym-funkcje-whd-ulock-do-motocykli-harley-davidson-road-glide-street-glide-electra-glide-2014\/"]}]},{"@type":"ImageObject","inLanguage":"de","@id":"https:\/\/motorcycle-audio.eu\/sklep\/radia\/radio-soundstream-reserve-whd14-z-zestawem-odblokowujacym-funkcje-whd-ulock-do-motocykli-harley-davidson-road-glide-street-glide-electra-glide-2014\/#primaryimage","url":"https:\/\/motorcycle-audio.eu\/wp-content\/uploads\/2024\/10\/WHD14_03-900x900-1.jpg","contentUrl":"https:\/\/motorcycle-audio.eu\/wp-content\/uploads\/2024\/10\/WHD14_03-900x900-1.jpg","width":900,"height":900},{"@type":"BreadcrumbList","@id":"https:\/\/motorcycle-audio.eu\/sklep\/radia\/radio-soundstream-reserve-whd14-z-zestawem-odblokowujacym-funkcje-whd-ulock-do-motocykli-harley-davidson-road-glide-street-glide-electra-glide-2014\/#breadcrumb","itemListElement":[{"@type":"ListItem","position":1,"name":"Strona g\u0142\u00f3wna","item":"https:\/\/motorcycle-audio.eu\/"},{"@type":"ListItem","position":2,"name":"Sklep","item":"https:\/\/motorcycle-audio.eu\/sklep\/"},{"@type":"ListItem","position":3,"name":"Radio Soundstream Reserve WHD14+ z zestawem odblokowuj\u0105cym funkcje WHD.UNLOC do motocykli Harley Davidson Road Glide, Street Glide, Electra Glide 2014+"}]},{"@type":"WebSite","@id":"https:\/\/motorcycle-audio.eu\/#website","url":"https:\/\/motorcycle-audio.eu\/","name":"Mefiu Motorrad Audio","description":"Spiel es laut!","publisher":{"@id":"https:\/\/motorcycle-audio.eu\/#organization"},"potentialAction":[{"@type":"SearchAction","target":{"@type":"EntryPoint","urlTemplate":"https:\/\/motorcycle-audio.eu\/?s={search_term_string}"},"query-input":{"@type":"PropertyValueSpecification","valueRequired":true,"valueName":"search_term_string"}}],"inLanguage":"de"},{"@type":"Organization","@id":"https:\/\/motorcycle-audio.eu\/#organization","name":"Mefiu Motorrad Audio","url":"https:\/\/motorcycle-audio.eu\/","logo":{"@type":"ImageObject","inLanguage":"de","@id":"https:\/\/motorcycle-audio.eu\/#\/schema\/logo\/image\/","url":"https:\/\/motorcycle-audio.eu\/wp-content\/uploads\/2025\/05\/mefiu_logo.png","contentUrl":"https:\/\/motorcycle-audio.eu\/wp-content\/uploads\/2025\/05\/mefiu_logo.png","width":150,"height":150,"caption":"Mefiu Motorcycle Audio"},"image":{"@id":"https:\/\/motorcycle-audio.eu\/#\/schema\/logo\/image\/"},"sameAs":["https:\/\/www.facebook.com\/HarleyDavidsonAudio"]}]}},"jetpack_sharing_enabled":true,"_links":{"self":[{"href":"https:\/\/motorcycle-audio.eu\/de\/wp-json\/wp\/v2\/product\/8973","targetHints":{"allow":["GET"]}}],"collection":[{"href":"https:\/\/motorcycle-audio.eu\/de\/wp-json\/wp\/v2\/product"}],"about":[{"href":"https:\/\/motorcycle-audio.eu\/de\/wp-json\/wp\/v2\/types\/product"}],"replies":[{"embeddable":true,"href":"https:\/\/motorcycle-audio.eu\/de\/wp-json\/wp\/v2\/comments?post=8973"}],"version-history":[{"count":3,"href":"https:\/\/motorcycle-audio.eu\/de\/wp-json\/wp\/v2\/product\/8973\/revisions"}],"predecessor-version":[{"id":9403,"href":"https:\/\/motorcycle-audio.eu\/de\/wp-json\/wp\/v2\/product\/8973\/revisions\/9403"}],"wp:featuredmedia":[{"embeddable":true,"href":"https:\/\/motorcycle-audio.eu\/de\/wp-json\/wp\/v2\/media\/8075"}],"wp:attachment":[{"href":"https:\/\/motorcycle-audio.eu\/de\/wp-json\/wp\/v2\/media?parent=8973"}],"wp:term":[{"taxonomy":"product_cat","embeddable":true,"href":"https:\/\/motorcycle-audio.eu\/de\/wp-json\/wp\/v2\/product_cat?post=8973"},{"taxonomy":"product_tag","embeddable":true,"href":"https:\/\/motorcycle-audio.eu\/de\/wp-json\/wp\/v2\/product_tag?post=8973"}],"curies":[{"name":"wp","href":"https:\/\/api.w.org\/{rel}","templated":true}]}}