{"id":8072,"date":"2024-10-16T09:13:25","date_gmt":"2024-10-16T07:13:25","guid":{"rendered":"https:\/\/motorcycle-audio.eu\/?post_type=product&#038;p=8072"},"modified":"2025-08-21T09:26:17","modified_gmt":"2025-08-21T07:26:17","slug":"radio-soundstream-reserve-whd14-do-motocykli-harley-davidson-road-glide-street-glide-electra-glide-2014","status":"publish","type":"product","link":"https:\/\/motorcycle-audio.eu\/de\/geschaft\/radia\/radio-soundstream-reserve-whd14-do-motocykli-harley-davidson-road-glide-street-glide-electra-glide-2014\/","title":{"rendered":"Radio Soundstream Reserve WHD14+ f\u00fcr Harley Davidson Motorr\u00e4der Road Glide, Street Glide, Electra Glide 2014+"},"content":{"rendered":"<h2>Radio Soundstream Reserve WHD14+ &#8211; innowacyjne radio do motocykli Harley-Davidson Road Glide, Street Glide, Electra Glide 2014+<\/h2>\n<h3>Gotowy zestaw z modu\u0142em HDHU14.HCM &#8211; \u0142atwy monta\u017c i zaawansowane sterowanie z kierownicy<\/h3>\n<p>Wybieraj\u0105c Radio Soundstream Reserve WHD14+, otrzymujesz w pe\u0142ni wyposa\u017cony zestaw, stworzony specjalnie na potrzeby motocykli Harley-Davidson Touring z rocznika 2014+. W cenie urz\u0105dzenia zawarty jest modu\u0142 HDHU14.HCM, kt\u00f3ry umo\u017cliwia wygodne i precyzyjne sterowanie radiem bez odrywania r\u0105k od kierownicy. Instalacja jest szybka i wygodna dzi\u0119ki zastosowaniu fabrycznych miejsc monta\u017cu oraz z\u0142\u0105czy, a to nie wymaga \u017cadnych adapter\u00f3w ani modyfikacji.<\/p>\n<p>Dbamy o komfort i bezpiecze\u0144stwo instalacji, dlatego oferujemy wsparcie techniczne na ka\u017cdym etapie monta\u017cu.<\/p>\n<h3>Soundstream Reserve WHD14+ &#8211; profesjonalne radio do motocykli Harley-Davidson Road Glide, Street Glide i Electra Glide<\/h3>\n<p>Radio Soundstream Reserve WHD14+ zosta\u0142o zaprojektowane z my\u015bl\u0105 o wymagaj\u0105cych w\u0142a\u015bcicielach, kt\u00f3rzy chc\u0105 mie\u0107 radio do motocykli Harley-Davidson Touring. Idealnie integruje si\u0119 z modelami motocykli Road Glide, Street Glide oraz Electra Glide (od 2014 roku), gwarantuj\u0105c p\u0142ynn\u0105 wsp\u00f3\u0142prac\u0119 z fabryczn\u0105 instalacj\u0105 motocykla. Urz\u0105dzenie korzysta z oryginalnych mocowa\u0144, port\u00f3w USB oraz anten, co znacz\u0105co u\u0142atwia i przyspiesza proces monta\u017cu.<\/p>\n<h3>Wyj\u0105tkowa jako\u015b\u0107 obrazu i d\u017awi\u0119ku &#8211; wy\u015bwietlacz i wzmacniacz najwy\u017cszej klasy.<\/h3>\n<p>7-calowy pojemno\u015bciowy ekran LCD zapewnia \u015bwietn\u0105 klarowno\u015b\u0107 obrazu i intuicyjn\u0105 obs\u0142ug\u0119 wszystkich funkcji urz\u0105dzenia. Wbudowany wzmacniacz o mocy 50 W na kana\u0142 przy stabilnej impedancji 2 ohm, gwarantuje pot\u0119\u017cne, czyste brzmienie, kt\u00f3re podniesie ka\u017cd\u0105 przeja\u017cd\u017ck\u0119 do nowego poziomu audiofilskiego do\u015bwiadczenia.<\/p>\n<h3>Pe\u0142na integracja ze smartfonem i \u0142\u0105czno\u015b\u0107 Bluetooth<\/h3>\n<p>Radio Soundstream Reserve WHD14+ wspiera komputer pok\u0142adowy, umo\u017cliwiaj\u0105c korzystanie z funkcji Siri Eyes Free, a tak\u017ce mo\u017cliwo\u015b\u0107 z korzystania z wbudowanego asystenta Google, co pozwala bezpiecznie korzysta\u0107 z nawigacji, muzyki i innych aplikacji podczas jazdy. Bezprzewodowe po\u0142\u0105czenie Bluetooth zapewnia wygodny dost\u0119p do ulubionych playlist oraz kontrol\u0119 d\u017awi\u0119ku bez zb\u0119dnych kabli.<\/p>\n<h3>Personalizacja i precyzyjne dopasowanie d\u017awi\u0119ku do Twoich potrzeb<\/h3>\n<p>Mo\u017cesz \u0142atwo spersonalizowa\u0107 wygl\u0105d radia, zmieniaj\u0105c tapet\u0119 i t\u0142o ekranu za pomoc\u0105 plik\u00f3w .jpg lub .jpeg przesy\u0142anych przez port USB. Dziesi\u0119ciopasmowy korektor graficzny wyposa\u017cony w niestandardowe ustawienia oraz czytelny wy\u015bwietlacz graficzny pozwala dostroi\u0107 brzmienie perfekcyjnie pod indywidualne preferencje, czyni\u0105c obs\u0142ug\u0119 niezwykle prost\u0105 i intuicyjn\u0105.<\/p>\n<h3>Odporno\u015b\u0107 na ka\u017cdy rodzaj pogody<\/h3>\n<p>Radio Soundstream Reserve WHD14+ jest odporne na dzia\u0142anie wody i czynnik\u00f3w atmosferycznych, dzi\u0119ki czemu mo\u017cesz by\u0107 pewien niezawodno\u015bci podczas ka\u017cdej pogody. Solidna konstrukcja zapewnia d\u0142ugotrwa\u0142\u0105 wytrzyma\u0142o\u015b\u0107 i bezproblemow\u0105 eksploatacj\u0119 w trudnych warunkach.<\/p>\n<h3>Prosta instalacja z wykorzystaniem fabrycznych z\u0142\u0105czy<\/h3>\n<p>Dzi\u0119ki wykorzystaniu oryginalnego miejsca monta\u017cu, instalacja radia jest szybka i bezproblemowa, bez konieczno\u015bci dodatkowych adapter\u00f3w. Zachowasz r\u00f3wnie\u017c fabryczne z\u0142\u0105cza USB oraz anteny AM\/FM, co dodatkowo u\u0142atwia konfiguracj\u0119 i pozwala zachowa\u0107 estetyk\u0119 oryginalnego wyposa\u017cenia motocykla.<\/p>\n<h3>Zaawansowane technologie audio i multimedialne<\/h3>\n<ul>\n<li>Modu\u0142 HDHU14.HCM zapewnia pe\u0142ne sterowanie radiem z kierownicy<\/li>\n<li>Wbudowany procesor DSP oraz 13-surowy equalizer gwarantuj\u0105 precyzyjne dostosowanie d\u017awi\u0119ku<\/li>\n<li>Obs\u0142uga popularnych aplikacji streamingowych, takich jak YouTube Music, Spotify oraz intuicyjny dost\u0119p do Google Maps<\/li>\n<li>Przejrzysty i nowoczesny interfejs u\u017cytkownika, zaprojektowany z my\u015bl\u0105 o bezpiecze\u0144stwie podczas jazdy<\/li>\n<\/ul>\n<h3>Najlepszy wyb\u00f3r dla mi\u0142o\u015bnik\u00f3w motocykli<\/h3>\n<p>Radio Soundstream Reserve WHD14+ jest po prostu doskona\u0142e, zaawansowane audio rozwi\u0105zanie przeznaczone dla motocykli Harley-Davidson Road Glide, Street Glide i Electra Glide 2014+. Zapewnia bezkompromisow\u0105 jako\u015b\u0107 d\u017awi\u0119ku, nowoczesn\u0105 integracj\u0119 ze smartfonami oraz prostot\u0119 i wygod\u0119 instalacji. Produkowane przez renomowan\u0105 ameryka\u0144sk\u0105 mark\u0119, to radio podnosi komfort i bezpiecze\u0144stwo ka\u017cdej przeja\u017cd\u017cki.<\/p>\n<p><strong>Zainwestuj w Radio Soundstream Reserve WHD14+ i do\u015bwiadcz pe\u0142ni d\u017awi\u0119kowej satysfakcji za ka\u017cdym razem, gdy wsiadasz na sw\u00f3j motocykl!<\/strong><\/p>\n<p><strong>Kliknij \u201eDodaj do koszyka\u201d teraz &#8211; zamontuj, w\u0142\u0105cz i rozkoszuj si\u0119 muzyk\u0105 w trasie jak nigdy dot\u0105d!<\/strong><\/p>","protected":false},"excerpt":{"rendered":"<p>Radio Soundstream Reserve WHD14+ &#8211; innowacyjne radio do motocykli Harley-Davidson Road Glide, Street Glide, Electra Glide 2014+ Gotowy zestaw z modu\u0142em HDHU14.HCM &#8211; \u0142atwy monta\u017c i zaawansowane sterowanie z kierownicy Wybieraj\u0105c Radio Soundstream Reserve WHD14+, otrzymujesz w pe\u0142ni wyposa\u017cony zestaw, stworzony specjalnie na potrzeby motocykli Harley-Davidson Touring z rocznika 2014+. W cenie urz\u0105dzenia zawarty jest&hellip; <\/p>\n<p class=\"link-more\"><a href=\"https:\/\/motorcycle-audio.eu\/de\/geschaft\/radia\/radio-soundstream-reserve-whd14-do-motocykli-harley-davidson-road-glide-street-glide-electra-glide-2014\/\" class=\"more-link\">Read More <span class=\"screen-reader-text\"> &#8222;Radio Soundstream Reserve WHD14+ do motocykli Harley Davidson Road Glide, Street Glide, Electra Glide 2014+&#8221;<\/span><\/a><\/p>","protected":false},"featured_media":8075,"comment_status":"closed","ping_status":"closed","template":"","meta":{"_acf_changed":false},"product_cat":[49],"product_tag":[57,56],"class_list":{"0":"post-8072","1":"product","2":"type-product","3":"status-publish","4":"has-post-thumbnail","6":"product_cat-radia","7":"product_tag-hdhu-14","8":"product_tag-hdhu14","10":"first","11":"instock","12":"taxable","13":"shipping-taxable","14":"purchasable","15":"product-type-simple"},"acf":[],"yoast_head":"<!-- This site is optimized with the Yoast SEO Premium plugin v26.7 (Yoast SEO v26.7) - https:\/\/yoast.com\/wordpress\/plugins\/seo\/ -->\n<title>Radio Soundstream Reserve WHD14+ do motocykli Harley<\/title>\n<meta name=\"description\" content=\"Soundstream Reserve WHD14+ To radio do Motocykli Harley-Davidson od 2014 roku w g\u00f3r\u0119. Idealny zamiennik dla oryginalnego radia.\" \/>\n<meta name=\"robots\" content=\"index, follow, max-snippet:-1, max-image-preview:large, max-video-preview:-1\" \/>\n<link rel=\"canonical\" href=\"https:\/\/motorcycle-audio.eu\/de\/geschaft\/radia\/radio-soundstream-reserve-whd14-do-motocykli-harley-davidson-road-glide-street-glide-electra-glide-2014\/\" \/>\n<meta property=\"og:locale\" content=\"de_DE\" \/>\n<meta property=\"og:type\" content=\"article\" \/>\n<meta property=\"og:title\" content=\"Radio Soundstream Reserve WHD14+ do motocykli Harley Davidson Road Glide, Street Glide, Electra Glide 2014+\" \/>\n<meta property=\"og:description\" content=\"Soundstream Reserve WHD14+ To radio do Motocykli Harley-Davidson od 2014 roku w g\u00f3r\u0119. Idealny zamiennik dla oryginalnego radia.\" \/>\n<meta property=\"og:url\" content=\"https:\/\/motorcycle-audio.eu\/de\/geschaft\/radia\/radio-soundstream-reserve-whd14-do-motocykli-harley-davidson-road-glide-street-glide-electra-glide-2014\/\" \/>\n<meta property=\"og:site_name\" content=\"Mefiu Motorcycle Audio\" \/>\n<meta property=\"article:publisher\" content=\"https:\/\/www.facebook.com\/HarleyDavidsonAudio\" \/>\n<meta property=\"article:modified_time\" content=\"2025-08-21T07:26:17+00:00\" \/>\n<meta property=\"og:image\" content=\"https:\/\/motorcycle-audio.eu\/wp-content\/uploads\/2024\/10\/WHD14_03-900x900-1.jpg\" \/>\n\t<meta property=\"og:image:width\" content=\"900\" \/>\n\t<meta property=\"og:image:height\" content=\"900\" \/>\n\t<meta property=\"og:image:type\" content=\"image\/jpeg\" \/>\n<meta name=\"twitter:card\" content=\"summary_large_image\" \/>\n<meta name=\"twitter:label1\" content=\"Gesch\u00e4tzte Lesezeit\" \/>\n\t<meta name=\"twitter:data1\" content=\"4\u00a0Minuten\" \/>\n<script type=\"application\/ld+json\" class=\"yoast-schema-graph\">{\"@context\":\"https:\/\/schema.org\",\"@graph\":[{\"@type\":\"WebPage\",\"@id\":\"https:\/\/motorcycle-audio.eu\/sklep\/radia\/radio-soundstream-reserve-whd14-do-motocykli-harley-davidson-road-glide-street-glide-electra-glide-2014\/\",\"url\":\"https:\/\/motorcycle-audio.eu\/sklep\/radia\/radio-soundstream-reserve-whd14-do-motocykli-harley-davidson-road-glide-street-glide-electra-glide-2014\/\",\"name\":\"Radio Soundstream Reserve WHD14+ do motocykli Harley\",\"isPartOf\":{\"@id\":\"https:\/\/motorcycle-audio.eu\/#website\"},\"primaryImageOfPage\":{\"@id\":\"https:\/\/motorcycle-audio.eu\/sklep\/radia\/radio-soundstream-reserve-whd14-do-motocykli-harley-davidson-road-glide-street-glide-electra-glide-2014\/#primaryimage\"},\"image\":{\"@id\":\"https:\/\/motorcycle-audio.eu\/sklep\/radia\/radio-soundstream-reserve-whd14-do-motocykli-harley-davidson-road-glide-street-glide-electra-glide-2014\/#primaryimage\"},\"thumbnailUrl\":\"https:\/\/motorcycle-audio.eu\/wp-content\/uploads\/2024\/10\/WHD14_03-900x900-1.jpg\",\"datePublished\":\"2024-10-16T07:13:25+00:00\",\"dateModified\":\"2025-08-21T07:26:17+00:00\",\"description\":\"Soundstream Reserve WHD14+ To radio do Motocykli Harley-Davidson od 2014 roku w g\u00f3r\u0119. Idealny zamiennik dla oryginalnego radia.\",\"breadcrumb\":{\"@id\":\"https:\/\/motorcycle-audio.eu\/sklep\/radia\/radio-soundstream-reserve-whd14-do-motocykli-harley-davidson-road-glide-street-glide-electra-glide-2014\/#breadcrumb\"},\"inLanguage\":\"de\",\"potentialAction\":[{\"@type\":\"ReadAction\",\"target\":[\"https:\/\/motorcycle-audio.eu\/sklep\/radia\/radio-soundstream-reserve-whd14-do-motocykli-harley-davidson-road-glide-street-glide-electra-glide-2014\/\"]}]},{\"@type\":\"ImageObject\",\"inLanguage\":\"de\",\"@id\":\"https:\/\/motorcycle-audio.eu\/sklep\/radia\/radio-soundstream-reserve-whd14-do-motocykli-harley-davidson-road-glide-street-glide-electra-glide-2014\/#primaryimage\",\"url\":\"https:\/\/motorcycle-audio.eu\/wp-content\/uploads\/2024\/10\/WHD14_03-900x900-1.jpg\",\"contentUrl\":\"https:\/\/motorcycle-audio.eu\/wp-content\/uploads\/2024\/10\/WHD14_03-900x900-1.jpg\",\"width\":900,\"height\":900},{\"@type\":\"BreadcrumbList\",\"@id\":\"https:\/\/motorcycle-audio.eu\/sklep\/radia\/radio-soundstream-reserve-whd14-do-motocykli-harley-davidson-road-glide-street-glide-electra-glide-2014\/#breadcrumb\",\"itemListElement\":[{\"@type\":\"ListItem\",\"position\":1,\"name\":\"Strona g\u0142\u00f3wna\",\"item\":\"https:\/\/motorcycle-audio.eu\/\"},{\"@type\":\"ListItem\",\"position\":2,\"name\":\"Sklep\",\"item\":\"https:\/\/motorcycle-audio.eu\/sklep\/\"},{\"@type\":\"ListItem\",\"position\":3,\"name\":\"Radio Soundstream Reserve WHD14+ do motocykli Harley Davidson Road Glide, Street Glide, Electra Glide 2014+\"}]},{\"@type\":\"WebSite\",\"@id\":\"https:\/\/motorcycle-audio.eu\/#website\",\"url\":\"https:\/\/motorcycle-audio.eu\/\",\"name\":\"Mefiu Motorcycle Audio\",\"description\":\"Play it loud!\",\"publisher\":{\"@id\":\"https:\/\/motorcycle-audio.eu\/#organization\"},\"potentialAction\":[{\"@type\":\"SearchAction\",\"target\":{\"@type\":\"EntryPoint\",\"urlTemplate\":\"https:\/\/motorcycle-audio.eu\/?s={search_term_string}\"},\"query-input\":{\"@type\":\"PropertyValueSpecification\",\"valueRequired\":true,\"valueName\":\"search_term_string\"}}],\"inLanguage\":\"de\"},{\"@type\":\"Organization\",\"@id\":\"https:\/\/motorcycle-audio.eu\/#organization\",\"name\":\"Mefiu Motorcycle Audio\",\"url\":\"https:\/\/motorcycle-audio.eu\/\",\"logo\":{\"@type\":\"ImageObject\",\"inLanguage\":\"de\",\"@id\":\"https:\/\/motorcycle-audio.eu\/#\/schema\/logo\/image\/\",\"url\":\"https:\/\/motorcycle-audio.eu\/wp-content\/uploads\/2025\/05\/mefiu_logo.png\",\"contentUrl\":\"https:\/\/motorcycle-audio.eu\/wp-content\/uploads\/2025\/05\/mefiu_logo.png\",\"width\":150,\"height\":150,\"caption\":\"Mefiu Motorcycle Audio\"},\"image\":{\"@id\":\"https:\/\/motorcycle-audio.eu\/#\/schema\/logo\/image\/\"},\"sameAs\":[\"https:\/\/www.facebook.com\/HarleyDavidsonAudio\"]}]}<\/script>\n<!-- \/ Yoast SEO Premium plugin. -->","yoast_head_json":{"title":"Radio Soundstream Reserve WHD14+ do motocykli Harley","description":"Soundstream Reserve WHD14+ To radio do Motocykli Harley-Davidson od 2014 roku w g\u00f3r\u0119. Idealny zamiennik dla oryginalnego radia.","robots":{"index":"index","follow":"follow","max-snippet":"max-snippet:-1","max-image-preview":"max-image-preview:large","max-video-preview":"max-video-preview:-1"},"canonical":"https:\/\/motorcycle-audio.eu\/de\/geschaft\/radia\/radio-soundstream-reserve-whd14-do-motocykli-harley-davidson-road-glide-street-glide-electra-glide-2014\/","og_locale":"de_DE","og_type":"article","og_title":"Radio Soundstream Reserve WHD14+ do motocykli Harley Davidson Road Glide, Street Glide, Electra Glide 2014+","og_description":"Soundstream Reserve WHD14+ To radio do Motocykli Harley-Davidson od 2014 roku w g\u00f3r\u0119. Idealny zamiennik dla oryginalnego radia.","og_url":"https:\/\/motorcycle-audio.eu\/de\/geschaft\/radia\/radio-soundstream-reserve-whd14-do-motocykli-harley-davidson-road-glide-street-glide-electra-glide-2014\/","og_site_name":"Mefiu Motorcycle Audio","article_publisher":"https:\/\/www.facebook.com\/HarleyDavidsonAudio","article_modified_time":"2025-08-21T07:26:17+00:00","og_image":[{"width":900,"height":900,"url":"https:\/\/motorcycle-audio.eu\/wp-content\/uploads\/2024\/10\/WHD14_03-900x900-1.jpg","type":"image\/jpeg"}],"twitter_card":"summary_large_image","twitter_misc":{"Gesch\u00e4tzte Lesezeit":"4\u00a0Minuten"},"schema":{"@context":"https:\/\/schema.org","@graph":[{"@type":"WebPage","@id":"https:\/\/motorcycle-audio.eu\/sklep\/radia\/radio-soundstream-reserve-whd14-do-motocykli-harley-davidson-road-glide-street-glide-electra-glide-2014\/","url":"https:\/\/motorcycle-audio.eu\/sklep\/radia\/radio-soundstream-reserve-whd14-do-motocykli-harley-davidson-road-glide-street-glide-electra-glide-2014\/","name":"Radio Soundstream Reserve WHD14+ do motocykli Harley","isPartOf":{"@id":"https:\/\/motorcycle-audio.eu\/#website"},"primaryImageOfPage":{"@id":"https:\/\/motorcycle-audio.eu\/sklep\/radia\/radio-soundstream-reserve-whd14-do-motocykli-harley-davidson-road-glide-street-glide-electra-glide-2014\/#primaryimage"},"image":{"@id":"https:\/\/motorcycle-audio.eu\/sklep\/radia\/radio-soundstream-reserve-whd14-do-motocykli-harley-davidson-road-glide-street-glide-electra-glide-2014\/#primaryimage"},"thumbnailUrl":"https:\/\/motorcycle-audio.eu\/wp-content\/uploads\/2024\/10\/WHD14_03-900x900-1.jpg","datePublished":"2024-10-16T07:13:25+00:00","dateModified":"2025-08-21T07:26:17+00:00","description":"Soundstream Reserve WHD14+ To radio do Motocykli Harley-Davidson od 2014 roku w g\u00f3r\u0119. Idealny zamiennik dla oryginalnego radia.","breadcrumb":{"@id":"https:\/\/motorcycle-audio.eu\/sklep\/radia\/radio-soundstream-reserve-whd14-do-motocykli-harley-davidson-road-glide-street-glide-electra-glide-2014\/#breadcrumb"},"inLanguage":"de","potentialAction":[{"@type":"ReadAction","target":["https:\/\/motorcycle-audio.eu\/sklep\/radia\/radio-soundstream-reserve-whd14-do-motocykli-harley-davidson-road-glide-street-glide-electra-glide-2014\/"]}]},{"@type":"ImageObject","inLanguage":"de","@id":"https:\/\/motorcycle-audio.eu\/sklep\/radia\/radio-soundstream-reserve-whd14-do-motocykli-harley-davidson-road-glide-street-glide-electra-glide-2014\/#primaryimage","url":"https:\/\/motorcycle-audio.eu\/wp-content\/uploads\/2024\/10\/WHD14_03-900x900-1.jpg","contentUrl":"https:\/\/motorcycle-audio.eu\/wp-content\/uploads\/2024\/10\/WHD14_03-900x900-1.jpg","width":900,"height":900},{"@type":"BreadcrumbList","@id":"https:\/\/motorcycle-audio.eu\/sklep\/radia\/radio-soundstream-reserve-whd14-do-motocykli-harley-davidson-road-glide-street-glide-electra-glide-2014\/#breadcrumb","itemListElement":[{"@type":"ListItem","position":1,"name":"Strona g\u0142\u00f3wna","item":"https:\/\/motorcycle-audio.eu\/"},{"@type":"ListItem","position":2,"name":"Sklep","item":"https:\/\/motorcycle-audio.eu\/sklep\/"},{"@type":"ListItem","position":3,"name":"Radio Soundstream Reserve WHD14+ do motocykli Harley Davidson Road Glide, Street Glide, Electra Glide 2014+"}]},{"@type":"WebSite","@id":"https:\/\/motorcycle-audio.eu\/#website","url":"https:\/\/motorcycle-audio.eu\/","name":"Mefiu Motorrad Audio","description":"Spiel es laut!","publisher":{"@id":"https:\/\/motorcycle-audio.eu\/#organization"},"potentialAction":[{"@type":"SearchAction","target":{"@type":"EntryPoint","urlTemplate":"https:\/\/motorcycle-audio.eu\/?s={search_term_string}"},"query-input":{"@type":"PropertyValueSpecification","valueRequired":true,"valueName":"search_term_string"}}],"inLanguage":"de"},{"@type":"Organization","@id":"https:\/\/motorcycle-audio.eu\/#organization","name":"Mefiu Motorrad Audio","url":"https:\/\/motorcycle-audio.eu\/","logo":{"@type":"ImageObject","inLanguage":"de","@id":"https:\/\/motorcycle-audio.eu\/#\/schema\/logo\/image\/","url":"https:\/\/motorcycle-audio.eu\/wp-content\/uploads\/2025\/05\/mefiu_logo.png","contentUrl":"https:\/\/motorcycle-audio.eu\/wp-content\/uploads\/2025\/05\/mefiu_logo.png","width":150,"height":150,"caption":"Mefiu Motorcycle Audio"},"image":{"@id":"https:\/\/motorcycle-audio.eu\/#\/schema\/logo\/image\/"},"sameAs":["https:\/\/www.facebook.com\/HarleyDavidsonAudio"]}]}},"jetpack_sharing_enabled":true,"_links":{"self":[{"href":"https:\/\/motorcycle-audio.eu\/de\/wp-json\/wp\/v2\/product\/8072","targetHints":{"allow":["GET"]}}],"collection":[{"href":"https:\/\/motorcycle-audio.eu\/de\/wp-json\/wp\/v2\/product"}],"about":[{"href":"https:\/\/motorcycle-audio.eu\/de\/wp-json\/wp\/v2\/types\/product"}],"replies":[{"embeddable":true,"href":"https:\/\/motorcycle-audio.eu\/de\/wp-json\/wp\/v2\/comments?post=8072"}],"version-history":[{"count":7,"href":"https:\/\/motorcycle-audio.eu\/de\/wp-json\/wp\/v2\/product\/8072\/revisions"}],"predecessor-version":[{"id":9400,"href":"https:\/\/motorcycle-audio.eu\/de\/wp-json\/wp\/v2\/product\/8072\/revisions\/9400"}],"wp:featuredmedia":[{"embeddable":true,"href":"https:\/\/motorcycle-audio.eu\/de\/wp-json\/wp\/v2\/media\/8075"}],"wp:attachment":[{"href":"https:\/\/motorcycle-audio.eu\/de\/wp-json\/wp\/v2\/media?parent=8072"}],"wp:term":[{"taxonomy":"product_cat","embeddable":true,"href":"https:\/\/motorcycle-audio.eu\/de\/wp-json\/wp\/v2\/product_cat?post=8072"},{"taxonomy":"product_tag","embeddable":true,"href":"https:\/\/motorcycle-audio.eu\/de\/wp-json\/wp\/v2\/product_tag?post=8072"}],"curies":[{"name":"wp","href":"https:\/\/api.w.org\/{rel}","templated":true}]}}