{"id":8040,"date":"2024-09-30T11:03:30","date_gmt":"2024-09-30T09:03:30","guid":{"rendered":"https:\/\/motorcycle-audio.eu\/?post_type=product&#038;p=8040"},"modified":"2024-12-18T10:02:07","modified_gmt":"2024-12-18T09:02:07","slug":"obudowa-glosnikow-lower-fairing-65-675-metra-bc-hdlfp-do-modeli-touring-twin-cooled","status":"publish","type":"product","link":"https:\/\/motorcycle-audio.eu\/de\/geschaft\/accessoires\/gehause\/obudowa-glosnikow-lower-fairing-65-675-metra-bc-hdlfp-do-modeli-touring-twin-cooled\/","title":{"rendered":"Lautsprechergeh\u00e4use Lower Fairing 6,5 -6,75 Zoll Metra BC-HDLFP f\u00fcr Twin Cooled Touring Modelle"},"content":{"rendered":"<ul>\n<li>Pasuje do Harley Davidsona Twin Cooled Touring Models<\/li>\n<li>Dolna wentylowana owiewka z kratk\u0105 dla g\u0142o\u015bnik\u00f3w od 6,5&#8243; do 6,75&#8243;.<\/li>\n<li>Wykonane z tworzywa ABS z metalow\u0105 kratk\u0105<\/li>\n<li>Sprzedawane w parach<\/li>\n<li>Pomalowany na czarny mat<\/li>\n<\/ul>","protected":false},"excerpt":{"rendered":"<ul>\n<li>Pasuje do Harley Davidsona Twin Cooled Touring Models<\/li>\n<li>Dolna wentylowana owiewka z kratk\u0105 dla g\u0142o\u015bnik\u00f3w od 6,5&#8243; do 6,75&#8243;.<\/li>\n<li>Wykonane z tworzywa ABS z metalow\u0105 kratk\u0105<\/li>\n<li>Sprzedawane w parach<\/li>\n<li>Pomalowany na czarny mat<\/li>\n<\/ul>","protected":false},"featured_media":8045,"comment_status":"closed","ping_status":"closed","template":"","meta":{"_acf_changed":false},"product_cat":[53,61],"product_tag":[],"class_list":{"0":"post-8040","1":"product","2":"type-product","3":"status-publish","4":"has-post-thumbnail","6":"product_brand-metra","7":"product_cat-akcesoria","8":"product_cat-obudowy","10":"first","11":"instock","12":"taxable","13":"shipping-taxable","14":"purchasable","15":"product-type-simple"},"acf":[],"yoast_head":"<!-- This site is optimized with the Yoast SEO Premium plugin v26.7 (Yoast SEO v26.7) - https:\/\/yoast.com\/wordpress\/plugins\/seo\/ -->\n<title>Obudowa g\u0142o\u015bnik\u00f3w lower Fairing 6,5 -6,75 &quot; Metra BC-HDLFP do modeli Touring Twin Cooled - Mefiu Motorcycle Audio<\/title>\n<meta name=\"robots\" content=\"index, follow, max-snippet:-1, max-image-preview:large, max-video-preview:-1\" \/>\n<link rel=\"canonical\" href=\"https:\/\/motorcycle-audio.eu\/de\/geschaft\/accessoires\/gehause\/obudowa-glosnikow-lower-fairing-65-675-metra-bc-hdlfp-do-modeli-touring-twin-cooled\/\" \/>\n<meta property=\"og:locale\" content=\"de_DE\" \/>\n<meta property=\"og:type\" content=\"article\" \/>\n<meta property=\"og:title\" content=\"Obudowa g\u0142o\u015bnik\u00f3w lower Fairing 6,5 -6,75 &quot; Metra BC-HDLFP do modeli Touring Twin Cooled\" \/>\n<meta property=\"og:description\" content=\"Pasuje do Harley Davidsona Twin Cooled Touring Models  Dolna wentylowana owiewka z kratk\u0105 dla g\u0142o\u015bnik\u00f3w od 6,5&quot; do 6,75&quot;.  Wykonane z tworzywa ABS z metalow\u0105 kratk\u0105  Sprzedawane w parach  Pomalowany na czarny mat\" \/>\n<meta property=\"og:url\" content=\"https:\/\/motorcycle-audio.eu\/de\/geschaft\/accessoires\/gehause\/obudowa-glosnikow-lower-fairing-65-675-metra-bc-hdlfp-do-modeli-touring-twin-cooled\/\" \/>\n<meta property=\"og:site_name\" content=\"Mefiu Motorcycle Audio\" \/>\n<meta property=\"article:publisher\" content=\"https:\/\/www.facebook.com\/HarleyDavidsonAudio\" \/>\n<meta property=\"article:modified_time\" content=\"2024-12-18T09:02:07+00:00\" \/>\n<meta property=\"og:image\" content=\"https:\/\/motorcycle-audio.eu\/wp-content\/uploads\/2024\/09\/BC-HDLFP_web.jpg\" \/>\n\t<meta property=\"og:image:width\" content=\"1000\" \/>\n\t<meta property=\"og:image:height\" content=\"1000\" \/>\n\t<meta property=\"og:image:type\" content=\"image\/jpeg\" \/>\n<meta name=\"twitter:card\" content=\"summary_large_image\" \/>\n<meta name=\"twitter:label1\" content=\"Gesch\u00e4tzte Lesezeit\" \/>\n\t<meta name=\"twitter:data1\" content=\"1\u00a0Minute\" \/>\n<script type=\"application\/ld+json\" class=\"yoast-schema-graph\">{\"@context\":\"https:\/\/schema.org\",\"@graph\":[{\"@type\":\"WebPage\",\"@id\":\"https:\/\/motorcycle-audio.eu\/sklep\/akcesoria\/obudowy\/obudowa-glosnikow-lower-fairing-65-675-metra-bc-hdlfp-do-modeli-touring-twin-cooled\/\",\"url\":\"https:\/\/motorcycle-audio.eu\/sklep\/akcesoria\/obudowy\/obudowa-glosnikow-lower-fairing-65-675-metra-bc-hdlfp-do-modeli-touring-twin-cooled\/\",\"name\":\"Obudowa g\u0142o\u015bnik\u00f3w lower Fairing 6,5 -6,75 \\\" Metra BC-HDLFP do modeli Touring Twin Cooled - Mefiu Motorcycle Audio\",\"isPartOf\":{\"@id\":\"https:\/\/motorcycle-audio.eu\/#website\"},\"primaryImageOfPage\":{\"@id\":\"https:\/\/motorcycle-audio.eu\/sklep\/akcesoria\/obudowy\/obudowa-glosnikow-lower-fairing-65-675-metra-bc-hdlfp-do-modeli-touring-twin-cooled\/#primaryimage\"},\"image\":{\"@id\":\"https:\/\/motorcycle-audio.eu\/sklep\/akcesoria\/obudowy\/obudowa-glosnikow-lower-fairing-65-675-metra-bc-hdlfp-do-modeli-touring-twin-cooled\/#primaryimage\"},\"thumbnailUrl\":\"https:\/\/motorcycle-audio.eu\/wp-content\/uploads\/2024\/09\/BC-HDLFP_web.jpg\",\"datePublished\":\"2024-09-30T09:03:30+00:00\",\"dateModified\":\"2024-12-18T09:02:07+00:00\",\"breadcrumb\":{\"@id\":\"https:\/\/motorcycle-audio.eu\/sklep\/akcesoria\/obudowy\/obudowa-glosnikow-lower-fairing-65-675-metra-bc-hdlfp-do-modeli-touring-twin-cooled\/#breadcrumb\"},\"inLanguage\":\"de\",\"potentialAction\":[{\"@type\":\"ReadAction\",\"target\":[\"https:\/\/motorcycle-audio.eu\/sklep\/akcesoria\/obudowy\/obudowa-glosnikow-lower-fairing-65-675-metra-bc-hdlfp-do-modeli-touring-twin-cooled\/\"]}]},{\"@type\":\"ImageObject\",\"inLanguage\":\"de\",\"@id\":\"https:\/\/motorcycle-audio.eu\/sklep\/akcesoria\/obudowy\/obudowa-glosnikow-lower-fairing-65-675-metra-bc-hdlfp-do-modeli-touring-twin-cooled\/#primaryimage\",\"url\":\"https:\/\/motorcycle-audio.eu\/wp-content\/uploads\/2024\/09\/BC-HDLFP_web.jpg\",\"contentUrl\":\"https:\/\/motorcycle-audio.eu\/wp-content\/uploads\/2024\/09\/BC-HDLFP_web.jpg\",\"width\":1000,\"height\":1000},{\"@type\":\"BreadcrumbList\",\"@id\":\"https:\/\/motorcycle-audio.eu\/sklep\/akcesoria\/obudowy\/obudowa-glosnikow-lower-fairing-65-675-metra-bc-hdlfp-do-modeli-touring-twin-cooled\/#breadcrumb\",\"itemListElement\":[{\"@type\":\"ListItem\",\"position\":1,\"name\":\"Strona g\u0142\u00f3wna\",\"item\":\"https:\/\/motorcycle-audio.eu\/\"},{\"@type\":\"ListItem\",\"position\":2,\"name\":\"Sklep\",\"item\":\"https:\/\/motorcycle-audio.eu\/sklep\/\"},{\"@type\":\"ListItem\",\"position\":3,\"name\":\"Obudowa g\u0142o\u015bnik\u00f3w lower Fairing 6,5 -6,75 &#8221; Metra BC-HDLFP do modeli Touring Twin Cooled\"}]},{\"@type\":\"WebSite\",\"@id\":\"https:\/\/motorcycle-audio.eu\/#website\",\"url\":\"https:\/\/motorcycle-audio.eu\/\",\"name\":\"Mefiu Motorcycle Audio\",\"description\":\"Play it loud!\",\"publisher\":{\"@id\":\"https:\/\/motorcycle-audio.eu\/#organization\"},\"potentialAction\":[{\"@type\":\"SearchAction\",\"target\":{\"@type\":\"EntryPoint\",\"urlTemplate\":\"https:\/\/motorcycle-audio.eu\/?s={search_term_string}\"},\"query-input\":{\"@type\":\"PropertyValueSpecification\",\"valueRequired\":true,\"valueName\":\"search_term_string\"}}],\"inLanguage\":\"de\"},{\"@type\":\"Organization\",\"@id\":\"https:\/\/motorcycle-audio.eu\/#organization\",\"name\":\"Mefiu Motorcycle Audio\",\"url\":\"https:\/\/motorcycle-audio.eu\/\",\"logo\":{\"@type\":\"ImageObject\",\"inLanguage\":\"de\",\"@id\":\"https:\/\/motorcycle-audio.eu\/#\/schema\/logo\/image\/\",\"url\":\"https:\/\/motorcycle-audio.eu\/wp-content\/uploads\/2025\/05\/mefiu_logo.png\",\"contentUrl\":\"https:\/\/motorcycle-audio.eu\/wp-content\/uploads\/2025\/05\/mefiu_logo.png\",\"width\":150,\"height\":150,\"caption\":\"Mefiu Motorcycle Audio\"},\"image\":{\"@id\":\"https:\/\/motorcycle-audio.eu\/#\/schema\/logo\/image\/\"},\"sameAs\":[\"https:\/\/www.facebook.com\/HarleyDavidsonAudio\"]}]}<\/script>\n<!-- \/ Yoast SEO Premium plugin. -->","yoast_head_json":{"title":"Obudowa g\u0142o\u015bnik\u00f3w lower Fairing 6,5 -6,75 \" Metra BC-HDLFP do modeli Touring Twin Cooled - Mefiu Motorcycle Audio","robots":{"index":"index","follow":"follow","max-snippet":"max-snippet:-1","max-image-preview":"max-image-preview:large","max-video-preview":"max-video-preview:-1"},"canonical":"https:\/\/motorcycle-audio.eu\/de\/geschaft\/accessoires\/gehause\/obudowa-glosnikow-lower-fairing-65-675-metra-bc-hdlfp-do-modeli-touring-twin-cooled\/","og_locale":"de_DE","og_type":"article","og_title":"Obudowa g\u0142o\u015bnik\u00f3w lower Fairing 6,5 -6,75 \" Metra BC-HDLFP do modeli Touring Twin Cooled","og_description":"Pasuje do Harley Davidsona Twin Cooled Touring Models  Dolna wentylowana owiewka z kratk\u0105 dla g\u0142o\u015bnik\u00f3w od 6,5\" do 6,75\".  Wykonane z tworzywa ABS z metalow\u0105 kratk\u0105  Sprzedawane w parach  Pomalowany na czarny mat","og_url":"https:\/\/motorcycle-audio.eu\/de\/geschaft\/accessoires\/gehause\/obudowa-glosnikow-lower-fairing-65-675-metra-bc-hdlfp-do-modeli-touring-twin-cooled\/","og_site_name":"Mefiu Motorcycle Audio","article_publisher":"https:\/\/www.facebook.com\/HarleyDavidsonAudio","article_modified_time":"2024-12-18T09:02:07+00:00","og_image":[{"width":1000,"height":1000,"url":"https:\/\/motorcycle-audio.eu\/wp-content\/uploads\/2024\/09\/BC-HDLFP_web.jpg","type":"image\/jpeg"}],"twitter_card":"summary_large_image","twitter_misc":{"Gesch\u00e4tzte Lesezeit":"1\u00a0Minute"},"schema":{"@context":"https:\/\/schema.org","@graph":[{"@type":"WebPage","@id":"https:\/\/motorcycle-audio.eu\/sklep\/akcesoria\/obudowy\/obudowa-glosnikow-lower-fairing-65-675-metra-bc-hdlfp-do-modeli-touring-twin-cooled\/","url":"https:\/\/motorcycle-audio.eu\/sklep\/akcesoria\/obudowy\/obudowa-glosnikow-lower-fairing-65-675-metra-bc-hdlfp-do-modeli-touring-twin-cooled\/","name":"Obudowa g\u0142o\u015bnik\u00f3w lower Fairing 6,5 -6,75 \" Metra BC-HDLFP do modeli Touring Twin Cooled - Mefiu Motorcycle Audio","isPartOf":{"@id":"https:\/\/motorcycle-audio.eu\/#website"},"primaryImageOfPage":{"@id":"https:\/\/motorcycle-audio.eu\/sklep\/akcesoria\/obudowy\/obudowa-glosnikow-lower-fairing-65-675-metra-bc-hdlfp-do-modeli-touring-twin-cooled\/#primaryimage"},"image":{"@id":"https:\/\/motorcycle-audio.eu\/sklep\/akcesoria\/obudowy\/obudowa-glosnikow-lower-fairing-65-675-metra-bc-hdlfp-do-modeli-touring-twin-cooled\/#primaryimage"},"thumbnailUrl":"https:\/\/motorcycle-audio.eu\/wp-content\/uploads\/2024\/09\/BC-HDLFP_web.jpg","datePublished":"2024-09-30T09:03:30+00:00","dateModified":"2024-12-18T09:02:07+00:00","breadcrumb":{"@id":"https:\/\/motorcycle-audio.eu\/sklep\/akcesoria\/obudowy\/obudowa-glosnikow-lower-fairing-65-675-metra-bc-hdlfp-do-modeli-touring-twin-cooled\/#breadcrumb"},"inLanguage":"de","potentialAction":[{"@type":"ReadAction","target":["https:\/\/motorcycle-audio.eu\/sklep\/akcesoria\/obudowy\/obudowa-glosnikow-lower-fairing-65-675-metra-bc-hdlfp-do-modeli-touring-twin-cooled\/"]}]},{"@type":"ImageObject","inLanguage":"de","@id":"https:\/\/motorcycle-audio.eu\/sklep\/akcesoria\/obudowy\/obudowa-glosnikow-lower-fairing-65-675-metra-bc-hdlfp-do-modeli-touring-twin-cooled\/#primaryimage","url":"https:\/\/motorcycle-audio.eu\/wp-content\/uploads\/2024\/09\/BC-HDLFP_web.jpg","contentUrl":"https:\/\/motorcycle-audio.eu\/wp-content\/uploads\/2024\/09\/BC-HDLFP_web.jpg","width":1000,"height":1000},{"@type":"BreadcrumbList","@id":"https:\/\/motorcycle-audio.eu\/sklep\/akcesoria\/obudowy\/obudowa-glosnikow-lower-fairing-65-675-metra-bc-hdlfp-do-modeli-touring-twin-cooled\/#breadcrumb","itemListElement":[{"@type":"ListItem","position":1,"name":"Strona g\u0142\u00f3wna","item":"https:\/\/motorcycle-audio.eu\/"},{"@type":"ListItem","position":2,"name":"Sklep","item":"https:\/\/motorcycle-audio.eu\/sklep\/"},{"@type":"ListItem","position":3,"name":"Obudowa g\u0142o\u015bnik\u00f3w lower Fairing 6,5 -6,75 &#8221; Metra BC-HDLFP do modeli Touring Twin Cooled"}]},{"@type":"WebSite","@id":"https:\/\/motorcycle-audio.eu\/#website","url":"https:\/\/motorcycle-audio.eu\/","name":"Mefiu Motorrad Audio","description":"Spiel es laut!","publisher":{"@id":"https:\/\/motorcycle-audio.eu\/#organization"},"potentialAction":[{"@type":"SearchAction","target":{"@type":"EntryPoint","urlTemplate":"https:\/\/motorcycle-audio.eu\/?s={search_term_string}"},"query-input":{"@type":"PropertyValueSpecification","valueRequired":true,"valueName":"search_term_string"}}],"inLanguage":"de"},{"@type":"Organization","@id":"https:\/\/motorcycle-audio.eu\/#organization","name":"Mefiu Motorrad Audio","url":"https:\/\/motorcycle-audio.eu\/","logo":{"@type":"ImageObject","inLanguage":"de","@id":"https:\/\/motorcycle-audio.eu\/#\/schema\/logo\/image\/","url":"https:\/\/motorcycle-audio.eu\/wp-content\/uploads\/2025\/05\/mefiu_logo.png","contentUrl":"https:\/\/motorcycle-audio.eu\/wp-content\/uploads\/2025\/05\/mefiu_logo.png","width":150,"height":150,"caption":"Mefiu Motorcycle Audio"},"image":{"@id":"https:\/\/motorcycle-audio.eu\/#\/schema\/logo\/image\/"},"sameAs":["https:\/\/www.facebook.com\/HarleyDavidsonAudio"]}]}},"jetpack_sharing_enabled":true,"_links":{"self":[{"href":"https:\/\/motorcycle-audio.eu\/de\/wp-json\/wp\/v2\/product\/8040","targetHints":{"allow":["GET"]}}],"collection":[{"href":"https:\/\/motorcycle-audio.eu\/de\/wp-json\/wp\/v2\/product"}],"about":[{"href":"https:\/\/motorcycle-audio.eu\/de\/wp-json\/wp\/v2\/types\/product"}],"replies":[{"embeddable":true,"href":"https:\/\/motorcycle-audio.eu\/de\/wp-json\/wp\/v2\/comments?post=8040"}],"version-history":[{"count":0,"href":"https:\/\/motorcycle-audio.eu\/de\/wp-json\/wp\/v2\/product\/8040\/revisions"}],"wp:featuredmedia":[{"embeddable":true,"href":"https:\/\/motorcycle-audio.eu\/de\/wp-json\/wp\/v2\/media\/8045"}],"wp:attachment":[{"href":"https:\/\/motorcycle-audio.eu\/de\/wp-json\/wp\/v2\/media?parent=8040"}],"wp:term":[{"taxonomy":"product_cat","embeddable":true,"href":"https:\/\/motorcycle-audio.eu\/de\/wp-json\/wp\/v2\/product_cat?post=8040"},{"taxonomy":"product_tag","embeddable":true,"href":"https:\/\/motorcycle-audio.eu\/de\/wp-json\/wp\/v2\/product_tag?post=8040"}],"curies":[{"name":"wp","href":"https:\/\/api.w.org\/{rel}","templated":true}]}}