{"id":7824,"date":"2024-03-05T15:28:31","date_gmt":"2024-03-05T14:28:31","guid":{"rendered":"https:\/\/motorcycle-audio.eu\/?post_type=product&#038;p=7824"},"modified":"2026-01-09T10:24:52","modified_gmt":"2026-01-09T09:24:52","slug":"radio-soundstream-reserve-v2","status":"publish","type":"product","link":"https:\/\/motorcycle-audio.eu\/de\/geschaft\/radia\/radio-soundstream-reserve-v2\/","title":{"rendered":"Radio Soundstream Reserve V2 f\u00fcr Harley Davidson Motorr\u00e4der Road Glide, Street Glide, Electra Glide 2014+"},"content":{"rendered":"<h1>Radio Soundstream Reserve V2 \u2013 h\u00f6chster Audiostandard \u2013 Motorradradio f\u00fcr Harley-Davidson Road Glide, Street Glide, Electra Glide 2014+<\/h1>\n<p>Soundstream Reserve V2 ist ein fortschrittliches Premium-Motorradradio, das speziell f\u00fcr Modelle entwickelt wurde\u00a0<b>Harley-Davidson Road Glide, Street Glide und Electra Glide<\/b>\u00a0ab Baujahr 2014. Es ist ein komplettes Plug &amp; Play-Kit, bereit f\u00fcr die sofortige Montage ohne Eingriff in die Motorradverdrahtung.<\/p>\n<h2>Plug &amp; Play-komplettset \u2013 kompromissloser Einbau<\/h2>\n<p>Beim Kauf des Radios Soundstream Reserve V2 im Gesch\u00e4ft\u00a0<a href=\"https:\/\/motorcycle-audio.eu\/de\/\" target=\"_blank\" rel=\"noopener\" data-saferedirecturl=\"https:\/\/www.google.com\/url?q=http:\/\/motorcycle-audio.eu&amp;source=gmail&amp;ust=1768036592551000&amp;usg=AOvVaw0pnkI2Jg4S7WPJ_DQYEZ12\">motorrad-audio.eu<\/a>, Sie erhalten eine komplett vorbereitete L\u00f6sung, die bereit f\u00fcr den Einbau in Ihr Motorrad ist.<\/p>\n<h3>Was erhalten Sie im Set?<\/h3>\n<ul>\n<li>installierte neueste Softwareversion<\/li>\n<li>programmierbares Modul iDatalink Maestro RR<\/li>\n<li>volle Kompatibilit\u00e4t mit der Elektronik von Harley-Davidson-Motorr\u00e4dern<\/li>\n<\/ul>\n<p>Die Installation ist schnell, intuitiv und erfordert keine zus\u00e4tzlichen Adapter oder \u00c4nderungen an der Installation. Bei Bedarf bieten wir Ihnen bei jedem Schritt des Zusammenbaus technische Unterst\u00fctzung.<\/p>\n<h2>Modernit\u00e4t und volle Kompatibilit\u00e4t<\/h2>\n<p>Das Radio Soundstream Reserve V2 wurde f\u00fcr Harley-Davidson Touring Motorr\u00e4der ab 2014 entwickelt.<\/p>\n<p>Das Ger\u00e4t wird an der werkseitigen Position montiert und verwendet die originalen:<\/p>\n<ul>\n<li>Montagehalterungen<\/li>\n<li>USB-Port<\/li>\n<li>Radio- und GPS-Antenne<\/li>\n<\/ul>\n<p>Das Geh\u00e4use entspricht der Norm IPx5, wodurch das Radio regen-, staub- und spritzwassergesch\u00fctzt ist.<\/p>\n<h2>Kabelloses CarPlay und Android Auto<\/h2>\n<p>Das Radio bietet volle Unterst\u00fctzung f\u00fcr kabelloses Apple CarPlay und Android Auto.<\/p>\n<h3>Zugriff auf Smartphone-Funktionen ohne Kabel<\/h3>\n<ul>\n<li>Navigation<\/li>\n<li>Musik und Podcasts<\/li>\n<li>Kontakte<\/li>\n<li>Sprachassistenten<\/li>\n<\/ul>\n<p>Das 8-Zoll-LCD-Display mit 1000 Nits Helligkeit sorgt f\u00fcr hervorragende Lesbarkeit auch bei direkter Sonneneinstrahlung.<\/p>\n<h2>Vollst\u00e4ndige Integration mit dem Harley-Davidson Motorrad<\/h2>\n<p>Dank der Integration mit dem CANBUS-System und dem iDataLink Maestro RR Modul erm\u00f6glicht das Radio die Anzeige von Motorradparametern direkt auf dem Bildschirm.<\/p>\n<h3>Angezeigte Motorradparameter<\/h3>\n<ul>\n<li>Motortemperatur<\/li>\n<li>Lufttemperatur<\/li>\n<li>Kraftstoffstand<\/li>\n<li>\u00d6ldruck<\/li>\n<li>Kraftstoffverbrauch<\/li>\n<\/ul>\n<p>Es ist m\u00f6glich, bis zu 10 Parameter von \u00fcber 50 verf\u00fcgbaren gleichzeitig zu \u00fcberwachen.<\/p>\n<h2>Audio-Steuerung und Kompatibilit\u00e4t<\/h2>\n<h3>Lenkradfernbedienung<\/h3>\n<p>Umfassende Unterst\u00fctzung der werkseitigen Tasten mit individuellen Konfigurationsm\u00f6glichkeiten.<\/p>\n<h3>Kompatibilit\u00e4t mit Harley-Davidson Audiosystemen<\/h3>\n<ul>\n<li>Boom Audio 1<\/li>\n<li>Boom Audio 2<\/li>\n<li>HD-Audio<\/li>\n<\/ul>\n<p>Das Radio ist mit einem eingebauten 4-Kanal-Verst\u00e4rker der Klasse A\/B mit 200 W Leistung ausgestattet, stabil bei 2 \u03a9.<\/p>\n<h2>Professionelle iGo Primo GPS-Navigation<\/h2>\n<p>Das Radio verf\u00fcgt \u00fcber eine integrierte iGo Primo Navigation.<\/p>\n<h3>Navigationsfunktionen<\/h3>\n<ul>\n<li>Karten von USA und Kanada im Standardformat<\/li>\n<li>Erweiterbarkeit um Europakarten<\/li>\n<li>Karten- und POI-Updates \u00fcber Naviextras.com<\/li>\n<\/ul>\n<p>Das Radio verwendet die werkseitige GPS-Antenne oder eine optionale externe Antenne.<\/p>\n<h2>Kabellose Verbindung mit Interkoms<\/h2>\n<p>Das Radio erm\u00f6glicht die Kopplung von Fahrer- und Beifahrer-Headsets.<\/p>\n<h3>Volle Audiosteuerung<\/h3>\n<ul>\n<li>Nur Navigation anh\u00f6ren<\/li>\n<li>Nur Musik anh\u00f6ren<\/li>\n<li>Navigations- und Musikwiedergabe gleichzeitig<\/li>\n<\/ul>\n<p>Jeder Benutzer kann den Ton individuell verwalten.<\/p>\n<h2>Rally-Modus \u2013 gemeinsame Musik auf der Fahrt<\/h2>\n<p>Die einzigartige Rally-Modus-Funktion erm\u00f6glicht das Streamen von Musik zwischen Motorr\u00e4dern, die mit dem Soundstream Reserve V2-Radio ausgestattet sind. Ein Radio sendet das Signal, und die anderen Motorr\u00e4der spielen die gleiche Musik gleichzeitig ab \u2013 ohne Begrenzung der Teilnehmerzahl.<\/p>\n<h2>SiriusXM Ready\u00ae i Bluetooth<\/h2>\n<p>Das Radio ist SiriusXM Ready\u00ae (SXV300-Tuner erforderlich) und bietet Zugang zu Hunderten von Musik-, Nachrichten- und Sportkan\u00e4len. Eine stabile Bluetooth-Verbindung erm\u00f6glicht drahtloses Musikstreaming und Audiosteuerung.<\/p>\n<p>&nbsp;<\/p>\n<h2>Zus\u00e4tzliche Audiofunktionen<\/h2>\n<h3>Erweiterte Konfigurationsm\u00f6glichkeiten<\/h3>\n<ul>\n<li>R\u00fcckfahrkamera-Eingang RCA mit 12-V-Trigger<\/li>\n<li>15-Band-Digital-Equalizer mit Presets und manueller Einstellung<\/li>\n<li>RCA-Ausg\u00e4nge 4 V (vorne, hinten, Subwoofer)<\/li>\n<li>HPF-, LPF- und Subsonic-Filter<\/li>\n<\/ul>\n<h2>Neuer Soundstandard bei Harley-Davidson Motorr\u00e4dern<\/h2>\n<p>Soundstream Reserve V2 setzt neue Ma\u00dfst\u00e4be f\u00fcr Klangqualit\u00e4t, Funktionalit\u00e4t und Fahrkomfort in Harley-Davidson Touring Motorr\u00e4dern. Einbauen, losfahren und die volle Kontrolle \u00fcber den Sound genie\u00dfen \u2013 bei jedem Wetter.<\/p>","protected":false},"excerpt":{"rendered":"<div class=\"value\">\n<ul>\n<li>Maestro RR Modul komplett<\/li>\n<li>Wenn Sie bei uns kaufen, erhalten Sie ein anschlussfertiges Radio f\u00fcr Ihr Motorrad.<\/li>\n<li>Wir laden immer das neueste Software-Update auf das Radio und die Maestro RR-Module hoch<\/li>\n<li>8,3-Zoll-Bildschirm mit hoher Aufl\u00f6sung und Helligkeit<\/li>\n<li>Die iGo Primo Navigation verf\u00fcgt \u00fcber eine GPS-Antenne<\/li>\n<li>Die M\u00f6glichkeit, jedes Headset \u00fcber Bluetooth anzuschlie\u00dfen<\/li>\n<li>Rallye-Modus: M\u00f6glichkeit, bis zu 300 Einheiten anzuschlie\u00dfen<\/li>\n<li>15-Band grafischer Equalizer mit 3D-Soundmodus<\/li>\n<li>2 USB-Anschl\u00fcsse (USB-A &amp; USB-C)<strong><br \/>\n<\/strong><\/li>\n<\/ul>\n<\/div>","protected":false},"featured_media":7825,"comment_status":"closed","ping_status":"closed","template":"","meta":{"_acf_changed":false},"product_cat":[49],"product_tag":[],"class_list":{"0":"post-7824","1":"product","2":"type-product","3":"status-publish","4":"has-post-thumbnail","6":"product_brand-soundstream-reserve","7":"product_cat-radia","9":"first","10":"instock","11":"taxable","12":"shipping-taxable","13":"purchasable","14":"product-type-simple"},"acf":[],"yoast_head":"<!-- This site is optimized with the Yoast SEO Premium plugin v26.7 (Yoast SEO v26.7) - https:\/\/yoast.com\/wordpress\/plugins\/seo\/ -->\n<title>Radio Soundstream Reserve V2 do motocykli Harley Davidson<\/title>\n<meta name=\"description\" content=\"Nowo\u015b\u0107 ju\u017c dost\u0119pna w HD audio. Radio Soundstream Reserve V2 do motocykli Harley Davidson Zestaw s\u0142uchawkowy, Party Mode. Dost\u0119pne w HD-Audio\" \/>\n<meta name=\"robots\" content=\"index, follow, max-snippet:-1, max-image-preview:large, max-video-preview:-1\" \/>\n<link rel=\"canonical\" href=\"https:\/\/motorcycle-audio.eu\/de\/geschaft\/radia\/radio-soundstream-reserve-v2\/\" \/>\n<meta property=\"og:locale\" content=\"de_DE\" \/>\n<meta property=\"og:type\" content=\"article\" \/>\n<meta property=\"og:title\" content=\"Radio Soundstream Reserve V2 do motocykla Harley Davidson Road Glide, Street Glide, Electra Glide 2014+\" \/>\n<meta property=\"og:description\" content=\"Nowo\u015b\u0107 ju\u017c dost\u0119pna w HD audio. Radio Soundstream Reserve V2 do motocykli Harley Davidson Zestaw s\u0142uchawkowy, Party Mode. Dost\u0119pne w HD-Audio\" \/>\n<meta property=\"og:url\" content=\"https:\/\/motorcycle-audio.eu\/de\/geschaft\/radia\/radio-soundstream-reserve-v2\/\" \/>\n<meta property=\"og:site_name\" content=\"Mefiu Motorcycle Audio\" \/>\n<meta property=\"article:publisher\" content=\"https:\/\/www.facebook.com\/HarleyDavidsonAudio\" \/>\n<meta property=\"article:modified_time\" content=\"2026-01-09T09:24:52+00:00\" \/>\n<meta property=\"og:image\" content=\"https:\/\/motorcycle-audio.eu\/wp-content\/uploads\/2024\/03\/Radio-do-motocykla-Harley-Davidson-Soundstream-Reserve-V2.jpg\" \/>\n\t<meta property=\"og:image:width\" content=\"900\" \/>\n\t<meta property=\"og:image:height\" content=\"900\" \/>\n\t<meta property=\"og:image:type\" content=\"image\/jpeg\" \/>\n<meta name=\"twitter:card\" content=\"summary_large_image\" \/>\n<meta name=\"twitter:label1\" content=\"Gesch\u00e4tzte Lesezeit\" \/>\n\t<meta name=\"twitter:data1\" content=\"4\u00a0Minuten\" \/>\n<script type=\"application\/ld+json\" class=\"yoast-schema-graph\">{\"@context\":\"https:\/\/schema.org\",\"@graph\":[{\"@type\":\"WebPage\",\"@id\":\"https:\/\/motorcycle-audio.eu\/sklep\/radia\/radio-soundstream-reserve-v2\/\",\"url\":\"https:\/\/motorcycle-audio.eu\/sklep\/radia\/radio-soundstream-reserve-v2\/\",\"name\":\"Radio Soundstream Reserve V2 do motocykli Harley Davidson\",\"isPartOf\":{\"@id\":\"https:\/\/motorcycle-audio.eu\/#website\"},\"primaryImageOfPage\":{\"@id\":\"https:\/\/motorcycle-audio.eu\/sklep\/radia\/radio-soundstream-reserve-v2\/#primaryimage\"},\"image\":{\"@id\":\"https:\/\/motorcycle-audio.eu\/sklep\/radia\/radio-soundstream-reserve-v2\/#primaryimage\"},\"thumbnailUrl\":\"https:\/\/motorcycle-audio.eu\/wp-content\/uploads\/2024\/03\/Radio-do-motocykla-Harley-Davidson-Soundstream-Reserve-V2.jpg\",\"datePublished\":\"2024-03-05T14:28:31+00:00\",\"dateModified\":\"2026-01-09T09:24:52+00:00\",\"description\":\"Nowo\u015b\u0107 ju\u017c dost\u0119pna w HD audio. Radio Soundstream Reserve V2 do motocykli Harley Davidson Zestaw s\u0142uchawkowy, Party Mode. Dost\u0119pne w HD-Audio\",\"breadcrumb\":{\"@id\":\"https:\/\/motorcycle-audio.eu\/sklep\/radia\/radio-soundstream-reserve-v2\/#breadcrumb\"},\"inLanguage\":\"de\",\"potentialAction\":[{\"@type\":\"ReadAction\",\"target\":[\"https:\/\/motorcycle-audio.eu\/sklep\/radia\/radio-soundstream-reserve-v2\/\"]}]},{\"@type\":\"ImageObject\",\"inLanguage\":\"de\",\"@id\":\"https:\/\/motorcycle-audio.eu\/sklep\/radia\/radio-soundstream-reserve-v2\/#primaryimage\",\"url\":\"https:\/\/motorcycle-audio.eu\/wp-content\/uploads\/2024\/03\/Radio-do-motocykla-Harley-Davidson-Soundstream-Reserve-V2.jpg\",\"contentUrl\":\"https:\/\/motorcycle-audio.eu\/wp-content\/uploads\/2024\/03\/Radio-do-motocykla-Harley-Davidson-Soundstream-Reserve-V2.jpg\",\"width\":900,\"height\":900,\"caption\":\"Radio Soundstream Reserve V2 do motocykli Harley Davidson\"},{\"@type\":\"BreadcrumbList\",\"@id\":\"https:\/\/motorcycle-audio.eu\/sklep\/radia\/radio-soundstream-reserve-v2\/#breadcrumb\",\"itemListElement\":[{\"@type\":\"ListItem\",\"position\":1,\"name\":\"Strona g\u0142\u00f3wna\",\"item\":\"https:\/\/motorcycle-audio.eu\/\"},{\"@type\":\"ListItem\",\"position\":2,\"name\":\"Sklep\",\"item\":\"https:\/\/motorcycle-audio.eu\/sklep\/\"},{\"@type\":\"ListItem\",\"position\":3,\"name\":\"Radio Soundstream Reserve V2 do motocykla Harley Davidson Road Glide, Street Glide, Electra Glide 2014+\"}]},{\"@type\":\"WebSite\",\"@id\":\"https:\/\/motorcycle-audio.eu\/#website\",\"url\":\"https:\/\/motorcycle-audio.eu\/\",\"name\":\"Mefiu Motorcycle Audio\",\"description\":\"Play it loud!\",\"publisher\":{\"@id\":\"https:\/\/motorcycle-audio.eu\/#organization\"},\"potentialAction\":[{\"@type\":\"SearchAction\",\"target\":{\"@type\":\"EntryPoint\",\"urlTemplate\":\"https:\/\/motorcycle-audio.eu\/?s={search_term_string}\"},\"query-input\":{\"@type\":\"PropertyValueSpecification\",\"valueRequired\":true,\"valueName\":\"search_term_string\"}}],\"inLanguage\":\"de\"},{\"@type\":\"Organization\",\"@id\":\"https:\/\/motorcycle-audio.eu\/#organization\",\"name\":\"Mefiu Motorcycle Audio\",\"url\":\"https:\/\/motorcycle-audio.eu\/\",\"logo\":{\"@type\":\"ImageObject\",\"inLanguage\":\"de\",\"@id\":\"https:\/\/motorcycle-audio.eu\/#\/schema\/logo\/image\/\",\"url\":\"https:\/\/motorcycle-audio.eu\/wp-content\/uploads\/2025\/05\/mefiu_logo.png\",\"contentUrl\":\"https:\/\/motorcycle-audio.eu\/wp-content\/uploads\/2025\/05\/mefiu_logo.png\",\"width\":150,\"height\":150,\"caption\":\"Mefiu Motorcycle Audio\"},\"image\":{\"@id\":\"https:\/\/motorcycle-audio.eu\/#\/schema\/logo\/image\/\"},\"sameAs\":[\"https:\/\/www.facebook.com\/HarleyDavidsonAudio\"]}]}<\/script>\n<!-- \/ Yoast SEO Premium plugin. -->","yoast_head_json":{"title":"Radio Soundstream Reserve V2 f\u00fcr Harley Davidson Motorr\u00e4der","description":"Neu jetzt verf\u00fcgbar in HD Audio. Soundstream Reserve V2 Motorrad Radio f\u00fcr Harley Davidson Headset, Party Modus. Verf\u00fcgbar in HD-Audio","robots":{"index":"index","follow":"follow","max-snippet":"max-snippet:-1","max-image-preview":"max-image-preview:large","max-video-preview":"max-video-preview:-1"},"canonical":"https:\/\/motorcycle-audio.eu\/de\/geschaft\/radia\/radio-soundstream-reserve-v2\/","og_locale":"de_DE","og_type":"article","og_title":"Radio Soundstream Reserve V2 do motocykla Harley Davidson Road Glide, Street Glide, Electra Glide 2014+","og_description":"Nowo\u015b\u0107 ju\u017c dost\u0119pna w HD audio. Radio Soundstream Reserve V2 do motocykli Harley Davidson Zestaw s\u0142uchawkowy, Party Mode. Dost\u0119pne w HD-Audio","og_url":"https:\/\/motorcycle-audio.eu\/de\/geschaft\/radia\/radio-soundstream-reserve-v2\/","og_site_name":"Mefiu Motorcycle Audio","article_publisher":"https:\/\/www.facebook.com\/HarleyDavidsonAudio","article_modified_time":"2026-01-09T09:24:52+00:00","og_image":[{"width":900,"height":900,"url":"https:\/\/motorcycle-audio.eu\/wp-content\/uploads\/2024\/03\/Radio-do-motocykla-Harley-Davidson-Soundstream-Reserve-V2.jpg","type":"image\/jpeg"}],"twitter_card":"summary_large_image","twitter_misc":{"Gesch\u00e4tzte Lesezeit":"4\u00a0Minuten"},"schema":{"@context":"https:\/\/schema.org","@graph":[{"@type":"WebPage","@id":"https:\/\/motorcycle-audio.eu\/sklep\/radia\/radio-soundstream-reserve-v2\/","url":"https:\/\/motorcycle-audio.eu\/sklep\/radia\/radio-soundstream-reserve-v2\/","name":"Radio Soundstream Reserve V2 f\u00fcr Harley Davidson Motorr\u00e4der","isPartOf":{"@id":"https:\/\/motorcycle-audio.eu\/#website"},"primaryImageOfPage":{"@id":"https:\/\/motorcycle-audio.eu\/sklep\/radia\/radio-soundstream-reserve-v2\/#primaryimage"},"image":{"@id":"https:\/\/motorcycle-audio.eu\/sklep\/radia\/radio-soundstream-reserve-v2\/#primaryimage"},"thumbnailUrl":"https:\/\/motorcycle-audio.eu\/wp-content\/uploads\/2024\/03\/Radio-do-motocykla-Harley-Davidson-Soundstream-Reserve-V2.jpg","datePublished":"2024-03-05T14:28:31+00:00","dateModified":"2026-01-09T09:24:52+00:00","description":"Neu jetzt verf\u00fcgbar in HD Audio. Soundstream Reserve V2 Motorrad Radio f\u00fcr Harley Davidson Headset, Party Modus. Verf\u00fcgbar in HD-Audio","breadcrumb":{"@id":"https:\/\/motorcycle-audio.eu\/sklep\/radia\/radio-soundstream-reserve-v2\/#breadcrumb"},"inLanguage":"de","potentialAction":[{"@type":"ReadAction","target":["https:\/\/motorcycle-audio.eu\/sklep\/radia\/radio-soundstream-reserve-v2\/"]}]},{"@type":"ImageObject","inLanguage":"de","@id":"https:\/\/motorcycle-audio.eu\/sklep\/radia\/radio-soundstream-reserve-v2\/#primaryimage","url":"https:\/\/motorcycle-audio.eu\/wp-content\/uploads\/2024\/03\/Radio-do-motocykla-Harley-Davidson-Soundstream-Reserve-V2.jpg","contentUrl":"https:\/\/motorcycle-audio.eu\/wp-content\/uploads\/2024\/03\/Radio-do-motocykla-Harley-Davidson-Soundstream-Reserve-V2.jpg","width":900,"height":900,"caption":"Radio Soundstream Reserve V2 do motocykli Harley Davidson"},{"@type":"BreadcrumbList","@id":"https:\/\/motorcycle-audio.eu\/sklep\/radia\/radio-soundstream-reserve-v2\/#breadcrumb","itemListElement":[{"@type":"ListItem","position":1,"name":"Strona g\u0142\u00f3wna","item":"https:\/\/motorcycle-audio.eu\/"},{"@type":"ListItem","position":2,"name":"Sklep","item":"https:\/\/motorcycle-audio.eu\/sklep\/"},{"@type":"ListItem","position":3,"name":"Radio Soundstream Reserve V2 do motocykla Harley Davidson Road Glide, Street Glide, Electra Glide 2014+"}]},{"@type":"WebSite","@id":"https:\/\/motorcycle-audio.eu\/#website","url":"https:\/\/motorcycle-audio.eu\/","name":"Mefiu Motorrad Audio","description":"Spiel es laut!","publisher":{"@id":"https:\/\/motorcycle-audio.eu\/#organization"},"potentialAction":[{"@type":"SearchAction","target":{"@type":"EntryPoint","urlTemplate":"https:\/\/motorcycle-audio.eu\/?s={search_term_string}"},"query-input":{"@type":"PropertyValueSpecification","valueRequired":true,"valueName":"search_term_string"}}],"inLanguage":"de"},{"@type":"Organization","@id":"https:\/\/motorcycle-audio.eu\/#organization","name":"Mefiu Motorrad Audio","url":"https:\/\/motorcycle-audio.eu\/","logo":{"@type":"ImageObject","inLanguage":"de","@id":"https:\/\/motorcycle-audio.eu\/#\/schema\/logo\/image\/","url":"https:\/\/motorcycle-audio.eu\/wp-content\/uploads\/2025\/05\/mefiu_logo.png","contentUrl":"https:\/\/motorcycle-audio.eu\/wp-content\/uploads\/2025\/05\/mefiu_logo.png","width":150,"height":150,"caption":"Mefiu Motorcycle Audio"},"image":{"@id":"https:\/\/motorcycle-audio.eu\/#\/schema\/logo\/image\/"},"sameAs":["https:\/\/www.facebook.com\/HarleyDavidsonAudio"]}]}},"jetpack_sharing_enabled":true,"_links":{"self":[{"href":"https:\/\/motorcycle-audio.eu\/de\/wp-json\/wp\/v2\/product\/7824","targetHints":{"allow":["GET"]}}],"collection":[{"href":"https:\/\/motorcycle-audio.eu\/de\/wp-json\/wp\/v2\/product"}],"about":[{"href":"https:\/\/motorcycle-audio.eu\/de\/wp-json\/wp\/v2\/types\/product"}],"replies":[{"embeddable":true,"href":"https:\/\/motorcycle-audio.eu\/de\/wp-json\/wp\/v2\/comments?post=7824"}],"version-history":[{"count":12,"href":"https:\/\/motorcycle-audio.eu\/de\/wp-json\/wp\/v2\/product\/7824\/revisions"}],"predecessor-version":[{"id":9750,"href":"https:\/\/motorcycle-audio.eu\/de\/wp-json\/wp\/v2\/product\/7824\/revisions\/9750"}],"wp:featuredmedia":[{"embeddable":true,"href":"https:\/\/motorcycle-audio.eu\/de\/wp-json\/wp\/v2\/media\/7825"}],"wp:attachment":[{"href":"https:\/\/motorcycle-audio.eu\/de\/wp-json\/wp\/v2\/media?parent=7824"}],"wp:term":[{"taxonomy":"product_cat","embeddable":true,"href":"https:\/\/motorcycle-audio.eu\/de\/wp-json\/wp\/v2\/product_cat?post=7824"},{"taxonomy":"product_tag","embeddable":true,"href":"https:\/\/motorcycle-audio.eu\/de\/wp-json\/wp\/v2\/product_tag?post=7824"}],"curies":[{"name":"wp","href":"https:\/\/api.w.org\/{rel}","templated":true}]}}