{"id":7807,"date":"2024-01-05T18:41:05","date_gmt":"2024-01-05T17:41:05","guid":{"rendered":"https:\/\/motorcycle-audio.eu\/?post_type=product&#038;p=7807"},"modified":"2025-10-28T13:10:55","modified_gmt":"2025-10-28T12:10:55","slug":"glosnik-cicada-audio-ch65-4-fur-harley-davidson-motorrader","status":"publish","type":"product","link":"https:\/\/motorcycle-audio.eu\/de\/geschaft\/lautsprecher\/glosnik-cicada-audio-ch65-4-fur-harley-davidson-motorrader\/","title":{"rendered":"Cicada Audio CH65.4 Lautsprecher f\u00fcr Harley Davidson Motorr\u00e4der"},"content":{"rendered":"<p><strong>Hochwertige Koaxiallautsprecher von Cicada Audio f\u00fcr Harley-Davidson Motorr\u00e4der \u2013 ideal f\u00fcr Street Glide, Road Glide, Electra Glide und Ultra<\/strong><\/p>\n<p>Entdecken Sie revolution\u00e4re Klangqualit\u00e4t mit unseren 4-Ohm-Koaxiallautsprechern mit 6,5 Zoll von Cicada Audio, ideal f\u00fcr Harley-Modelle ab 2014. Diese Motorradlautsprecher sind nicht nur auf die Bed\u00fcrfnisse von Harley-Enthusiasten zugeschnitten, sondern auch so konzipiert, dass sie dank ihrer robusten Konstruktion rauen Stra\u00dfenbedingungen standhalten.<\/p>\n<p><strong>Schl\u00fcsselmerkmale der Lautsprecher:<\/strong><\/p>\n<ul>\n<li class=\"translation-block\"><strong>Leistung<\/strong>: 250 W RMS\/500 W maximal, f\u00fcr einen kraftvollen und klaren Klang.<\/li>\n<li class=\"translation-block\"><strong>Neodym-Magnet N35<\/strong>: Leicht, aber stark \u2013 f\u00fcr optimale Leistung.<\/li>\n<li class=\"translation-block\"><strong>Hohe Empfindlichkeit<\/strong>: 99 dB bei 1 W\/1 m, was eine au\u00dfergew\u00f6hnliche Klangklarheit garantiert.<\/li>\n<li class=\"translation-block\"><strong>Fortschrittliche K\u00fchltechnologie f\u00fcr die Stimmspule<\/strong>: F\u00fcr eine bessere W\u00e4rmeableitung und eine l\u00e4ngere Lebensdauer.<\/li>\n<li class=\"translation-block\"><strong>Frequenzbereich<\/strong>: 75 Hz \u2013 20 kHz \u00b15 dB, was einen breiten Klangbereich gew\u00e4hrleistet.<\/li>\n<li class=\"translation-block\"><strong>Speziell abgestimmte 12-dB-Frequenzweiche<\/strong>: Entwickelt f\u00fcr eine optimale Leistung der Lautsprecher.<\/li>\n<li class=\"translation-block\"><strong>Montagemasse<\/strong>: Passt perfekt zu den neueren Harley-Windschutzscheiben.<\/li>\n<\/ul>\n<p class=\"translation-block\"><strong>Entwickelt f\u00fcr Harley-Davidson-Fans:<\/strong> Cicada Audio\u00ae ist ein Unternehmen, das von einem Experten f\u00fcr 12-V-Audio mit \u00fcber 30 Jahren Erfahrung gegr\u00fcndet wurde. Unsere Koaxial-Lautsprecher sind das Ergebnis jahrelanger Forschung und Innovation und wurden speziell f\u00fcr Harley-Davidson-Motorr\u00e4der entwickelt. Sie bieten nicht nur eine au\u00dfergew\u00f6hnliche Klangqualit\u00e4t, sondern auch die Robustheit und Zuverl\u00e4ssigkeit, die Harley-Besitzer erwarten.<\/p>\n<p class=\"translation-block\"><strong>Ideal f\u00fcr die Individualisierung deiner Harley<\/strong> \u2013 ganz gleich, ob du eine Street Glide, Road Glide, Electra Glide oder Ultra f\u00e4hrst: Unsere Lautsprecher sind darauf ausgelegt, deine Erwartungen zu erf\u00fcllen. Mit ein wenig Unterst\u00fctzung durch einen Experten von Cicada Audio eignen sie sich auch f\u00fcr Motorr\u00e4der anderer Marken.<\/p>\n<p><strong>Warum Cicada Audio w\u00e4hlen?<\/strong><\/p>\n<ul>\n<li class=\"translation-block\"><strong>Speziell f\u00fcr Harley-Motorr\u00e4der<\/strong>: Wir sind ausschlie\u00dflich auf Motorrad-Audiosysteme spezialisiert.<\/li>\n<li class=\"translation-block\"><strong>Un\u00fcbertroffene Leistung<\/strong>: Unsere Lautsprecher bieten unvergleichliche Leistung und Klangqualit\u00e4t.<\/li>\n<li class=\"translation-block\"><strong>Innovatives Design<\/strong>: Patentierte Technologie und langj\u00e4hrige Erfahrung.<\/li>\n<li class=\"translation-block\"><strong>Langlebigkeit und Strapazierf\u00e4higkeit<\/strong>: Auf UV-Best\u00e4ndigkeit und Stra\u00dfenbedingungen getestet.<\/li>\n<\/ul>\n<p class=\"translation-block\"><strong>Investieren Sie in das beste Audiosystem f\u00fcr Ihre Harley.<\/strong> Sorgen Sie mit den Lautsprechern von Cicada Audio f\u00fcr ein unvergessliches Fahrerlebnis.<\/p>","protected":false},"excerpt":{"rendered":"<p>Wysokiej Jako\u015bci G\u0142o\u015bniki Koaksjalne Cicada Audio dla Motocykli Harley-Davidson \u2013 Idealne dla Street Glide, Road Glide, Electra Glide i Ultra Odkryj rewolucyjn\u0105 jako\u015b\u0107 d\u017awi\u0119ku z naszymi 6,5-calowymi g\u0142o\u015bnikami koaksjalnymi 4 Ohm od Cicada Audio, idealnymi dla modeli Harley z 2014 roku i nowszych. Te g\u0142o\u015bniki motocyklowe s\u0105 nie tylko skrojone na miar\u0119 potrzeb pasjonat\u00f3w Harleya,&hellip; <\/p>\n<p class=\"link-more\"><a href=\"https:\/\/motorcycle-audio.eu\/de\/geschaft\/lautsprecher\/glosnik-cicada-audio-ch65-4-fur-harley-davidson-motorrader\/\" class=\"more-link\">Read More <span class=\"screen-reader-text\"> &#8222;G\u0142o\u015bnik Cicada Audio CH65.4 do motocykli Harley Davidson&#8221;<\/span><\/a><\/p>","protected":false},"featured_media":7812,"comment_status":"closed","ping_status":"closed","template":"","meta":{"_acf_changed":false},"product_cat":[50],"product_tag":[],"class_list":{"0":"post-7807","1":"product","2":"type-product","3":"status-publish","4":"has-post-thumbnail","6":"product_brand-cicada-audio","7":"product_cat-glosniki","9":"first","10":"instock","11":"taxable","12":"shipping-taxable","13":"purchasable","14":"product-type-simple"},"acf":[],"yoast_head":"<!-- This site is optimized with the Yoast SEO Premium plugin v26.7 (Yoast SEO v26.7) - https:\/\/yoast.com\/wordpress\/plugins\/seo\/ -->\n<title>G\u0142o\u015bnik Cicada Audio CH65.4 do motocykli Harley Davidson - Mefiu Motorcycle Audio<\/title>\n<meta name=\"description\" content=\"Odkryj pot\u0119\u017cny d\u017awi\u0119k z g\u0142o\u015bnikami Cicada Audio 6.5\u201d 4\u03a9 do Harley-Davidson. Moc 500W, neodymowy magnes i trwa\u0142a konstrukcja stworzone dla pasjonat\u00f3w jazdy.\" \/>\n<meta name=\"robots\" content=\"index, follow, max-snippet:-1, max-image-preview:large, max-video-preview:-1\" \/>\n<link rel=\"canonical\" href=\"https:\/\/motorcycle-audio.eu\/de\/geschaft\/lautsprecher\/glosnik-cicada-audio-ch65-4-fur-harley-davidson-motorrader\/\" \/>\n<meta property=\"og:locale\" content=\"de_DE\" \/>\n<meta property=\"og:type\" content=\"article\" \/>\n<meta property=\"og:title\" content=\"G\u0142o\u015bnik Cicada Audio CH65.4 do motocykli Harley Davidson\" \/>\n<meta property=\"og:description\" content=\"Odkryj pot\u0119\u017cny d\u017awi\u0119k z g\u0142o\u015bnikami Cicada Audio 6.5\u201d 4\u03a9 do Harley-Davidson. Moc 500W, neodymowy magnes i trwa\u0142a konstrukcja stworzone dla pasjonat\u00f3w jazdy.\" \/>\n<meta property=\"og:url\" content=\"https:\/\/motorcycle-audio.eu\/de\/geschaft\/lautsprecher\/glosnik-cicada-audio-ch65-4-fur-harley-davidson-motorrader\/\" \/>\n<meta property=\"og:site_name\" content=\"Mefiu Motorcycle Audio\" \/>\n<meta property=\"article:publisher\" content=\"https:\/\/www.facebook.com\/HarleyDavidsonAudio\" \/>\n<meta property=\"article:modified_time\" content=\"2025-10-28T12:10:55+00:00\" \/>\n<meta property=\"og:image\" content=\"https:\/\/motorcycle-audio.eu\/wp-content\/uploads\/2024\/01\/glosnik_cicada_audio_ch65.4_do-motocykli_harley_davidson4.png\" \/>\n\t<meta property=\"og:image:width\" content=\"500\" \/>\n\t<meta property=\"og:image:height\" content=\"500\" \/>\n\t<meta property=\"og:image:type\" content=\"image\/png\" \/>\n<meta name=\"twitter:card\" content=\"summary_large_image\" \/>\n<meta name=\"twitter:label1\" content=\"Gesch\u00e4tzte Lesezeit\" \/>\n\t<meta name=\"twitter:data1\" content=\"2\u00a0Minuten\" \/>\n<script type=\"application\/ld+json\" class=\"yoast-schema-graph\">{\"@context\":\"https:\/\/schema.org\",\"@graph\":[{\"@type\":\"WebPage\",\"@id\":\"https:\/\/motorcycle-audio.eu\/sklep\/glosniki\/glosnik-cicada-audio-ch65-4-do-motocykli-harley-davidson\/\",\"url\":\"https:\/\/motorcycle-audio.eu\/sklep\/glosniki\/glosnik-cicada-audio-ch65-4-do-motocykli-harley-davidson\/\",\"name\":\"G\u0142o\u015bnik Cicada Audio CH65.4 do motocykli Harley Davidson - Mefiu Motorcycle Audio\",\"isPartOf\":{\"@id\":\"https:\/\/motorcycle-audio.eu\/#website\"},\"primaryImageOfPage\":{\"@id\":\"https:\/\/motorcycle-audio.eu\/sklep\/glosniki\/glosnik-cicada-audio-ch65-4-do-motocykli-harley-davidson\/#primaryimage\"},\"image\":{\"@id\":\"https:\/\/motorcycle-audio.eu\/sklep\/glosniki\/glosnik-cicada-audio-ch65-4-do-motocykli-harley-davidson\/#primaryimage\"},\"thumbnailUrl\":\"https:\/\/motorcycle-audio.eu\/wp-content\/uploads\/2024\/01\/glosnik_cicada_audio_ch65.4_do-motocykli_harley_davidson4.png\",\"datePublished\":\"2024-01-05T17:41:05+00:00\",\"dateModified\":\"2025-10-28T12:10:55+00:00\",\"description\":\"Odkryj pot\u0119\u017cny d\u017awi\u0119k z g\u0142o\u015bnikami Cicada Audio 6.5\u201d 4\u03a9 do Harley-Davidson. Moc 500W, neodymowy magnes i trwa\u0142a konstrukcja stworzone dla pasjonat\u00f3w jazdy.\",\"breadcrumb\":{\"@id\":\"https:\/\/motorcycle-audio.eu\/sklep\/glosniki\/glosnik-cicada-audio-ch65-4-do-motocykli-harley-davidson\/#breadcrumb\"},\"inLanguage\":\"de\",\"potentialAction\":[{\"@type\":\"ReadAction\",\"target\":[\"https:\/\/motorcycle-audio.eu\/sklep\/glosniki\/glosnik-cicada-audio-ch65-4-do-motocykli-harley-davidson\/\"]}]},{\"@type\":\"ImageObject\",\"inLanguage\":\"de\",\"@id\":\"https:\/\/motorcycle-audio.eu\/sklep\/glosniki\/glosnik-cicada-audio-ch65-4-do-motocykli-harley-davidson\/#primaryimage\",\"url\":\"https:\/\/motorcycle-audio.eu\/wp-content\/uploads\/2024\/01\/glosnik_cicada_audio_ch65.4_do-motocykli_harley_davidson4.png\",\"contentUrl\":\"https:\/\/motorcycle-audio.eu\/wp-content\/uploads\/2024\/01\/glosnik_cicada_audio_ch65.4_do-motocykli_harley_davidson4.png\",\"width\":500,\"height\":500},{\"@type\":\"BreadcrumbList\",\"@id\":\"https:\/\/motorcycle-audio.eu\/sklep\/glosniki\/glosnik-cicada-audio-ch65-4-do-motocykli-harley-davidson\/#breadcrumb\",\"itemListElement\":[{\"@type\":\"ListItem\",\"position\":1,\"name\":\"Strona g\u0142\u00f3wna\",\"item\":\"https:\/\/motorcycle-audio.eu\/\"},{\"@type\":\"ListItem\",\"position\":2,\"name\":\"Sklep\",\"item\":\"https:\/\/motorcycle-audio.eu\/sklep\/\"},{\"@type\":\"ListItem\",\"position\":3,\"name\":\"G\u0142o\u015bnik Cicada Audio CH65.4 do motocykli Harley Davidson\"}]},{\"@type\":\"WebSite\",\"@id\":\"https:\/\/motorcycle-audio.eu\/#website\",\"url\":\"https:\/\/motorcycle-audio.eu\/\",\"name\":\"Mefiu Motorcycle Audio\",\"description\":\"Play it loud!\",\"publisher\":{\"@id\":\"https:\/\/motorcycle-audio.eu\/#organization\"},\"potentialAction\":[{\"@type\":\"SearchAction\",\"target\":{\"@type\":\"EntryPoint\",\"urlTemplate\":\"https:\/\/motorcycle-audio.eu\/?s={search_term_string}\"},\"query-input\":{\"@type\":\"PropertyValueSpecification\",\"valueRequired\":true,\"valueName\":\"search_term_string\"}}],\"inLanguage\":\"de\"},{\"@type\":\"Organization\",\"@id\":\"https:\/\/motorcycle-audio.eu\/#organization\",\"name\":\"Mefiu Motorcycle Audio\",\"url\":\"https:\/\/motorcycle-audio.eu\/\",\"logo\":{\"@type\":\"ImageObject\",\"inLanguage\":\"de\",\"@id\":\"https:\/\/motorcycle-audio.eu\/#\/schema\/logo\/image\/\",\"url\":\"https:\/\/motorcycle-audio.eu\/wp-content\/uploads\/2025\/05\/mefiu_logo.png\",\"contentUrl\":\"https:\/\/motorcycle-audio.eu\/wp-content\/uploads\/2025\/05\/mefiu_logo.png\",\"width\":150,\"height\":150,\"caption\":\"Mefiu Motorcycle Audio\"},\"image\":{\"@id\":\"https:\/\/motorcycle-audio.eu\/#\/schema\/logo\/image\/\"},\"sameAs\":[\"https:\/\/www.facebook.com\/HarleyDavidsonAudio\"]}]}<\/script>\n<!-- \/ Yoast SEO Premium plugin. -->","yoast_head_json":{"title":"Cicada Audio CH65.4 Lautsprecher f\u00fcr Harley Davidson Motorr\u00e4der - Mefiu Motorcycle Audio","description":"Entdecken Sie kraftvollen Sound mit den 6,5-Zoll-4-Ohm-Lautsprechern von Cicada Audio f\u00fcr Harley-Davidson. 500 W Leistung, Neodym-Magnet und langlebige Konstruktion \u2013 entwickelt f\u00fcr Fahrbegeisterte.","robots":{"index":"index","follow":"follow","max-snippet":"max-snippet:-1","max-image-preview":"max-image-preview:large","max-video-preview":"max-video-preview:-1"},"canonical":"https:\/\/motorcycle-audio.eu\/de\/geschaft\/lautsprecher\/glosnik-cicada-audio-ch65-4-fur-harley-davidson-motorrader\/","og_locale":"de_DE","og_type":"article","og_title":"G\u0142o\u015bnik Cicada Audio CH65.4 do motocykli Harley Davidson","og_description":"Odkryj pot\u0119\u017cny d\u017awi\u0119k z g\u0142o\u015bnikami Cicada Audio 6.5\u201d 4\u03a9 do Harley-Davidson. Moc 500W, neodymowy magnes i trwa\u0142a konstrukcja stworzone dla pasjonat\u00f3w jazdy.","og_url":"https:\/\/motorcycle-audio.eu\/de\/geschaft\/lautsprecher\/glosnik-cicada-audio-ch65-4-fur-harley-davidson-motorrader\/","og_site_name":"Mefiu Motorcycle Audio","article_publisher":"https:\/\/www.facebook.com\/HarleyDavidsonAudio","article_modified_time":"2025-10-28T12:10:55+00:00","og_image":[{"width":500,"height":500,"url":"https:\/\/motorcycle-audio.eu\/wp-content\/uploads\/2024\/01\/glosnik_cicada_audio_ch65.4_do-motocykli_harley_davidson4.png","type":"image\/png"}],"twitter_card":"summary_large_image","twitter_misc":{"Gesch\u00e4tzte Lesezeit":"2\u00a0Minuten"},"schema":{"@context":"https:\/\/schema.org","@graph":[{"@type":"WebPage","@id":"https:\/\/motorcycle-audio.eu\/sklep\/glosniki\/glosnik-cicada-audio-ch65-4-do-motocykli-harley-davidson\/","url":"https:\/\/motorcycle-audio.eu\/sklep\/glosniki\/glosnik-cicada-audio-ch65-4-do-motocykli-harley-davidson\/","name":"Cicada Audio CH65.4 Lautsprecher f\u00fcr Harley Davidson Motorr\u00e4der - Mefiu Motorcycle Audio","isPartOf":{"@id":"https:\/\/motorcycle-audio.eu\/#website"},"primaryImageOfPage":{"@id":"https:\/\/motorcycle-audio.eu\/sklep\/glosniki\/glosnik-cicada-audio-ch65-4-do-motocykli-harley-davidson\/#primaryimage"},"image":{"@id":"https:\/\/motorcycle-audio.eu\/sklep\/glosniki\/glosnik-cicada-audio-ch65-4-do-motocykli-harley-davidson\/#primaryimage"},"thumbnailUrl":"https:\/\/motorcycle-audio.eu\/wp-content\/uploads\/2024\/01\/glosnik_cicada_audio_ch65.4_do-motocykli_harley_davidson4.png","datePublished":"2024-01-05T17:41:05+00:00","dateModified":"2025-10-28T12:10:55+00:00","description":"Entdecken Sie kraftvollen Sound mit den 6,5-Zoll-4-Ohm-Lautsprechern von Cicada Audio f\u00fcr Harley-Davidson. 500 W Leistung, Neodym-Magnet und langlebige Konstruktion \u2013 entwickelt f\u00fcr Fahrbegeisterte.","breadcrumb":{"@id":"https:\/\/motorcycle-audio.eu\/sklep\/glosniki\/glosnik-cicada-audio-ch65-4-do-motocykli-harley-davidson\/#breadcrumb"},"inLanguage":"de","potentialAction":[{"@type":"ReadAction","target":["https:\/\/motorcycle-audio.eu\/sklep\/glosniki\/glosnik-cicada-audio-ch65-4-do-motocykli-harley-davidson\/"]}]},{"@type":"ImageObject","inLanguage":"de","@id":"https:\/\/motorcycle-audio.eu\/sklep\/glosniki\/glosnik-cicada-audio-ch65-4-do-motocykli-harley-davidson\/#primaryimage","url":"https:\/\/motorcycle-audio.eu\/wp-content\/uploads\/2024\/01\/glosnik_cicada_audio_ch65.4_do-motocykli_harley_davidson4.png","contentUrl":"https:\/\/motorcycle-audio.eu\/wp-content\/uploads\/2024\/01\/glosnik_cicada_audio_ch65.4_do-motocykli_harley_davidson4.png","width":500,"height":500},{"@type":"BreadcrumbList","@id":"https:\/\/motorcycle-audio.eu\/sklep\/glosniki\/glosnik-cicada-audio-ch65-4-do-motocykli-harley-davidson\/#breadcrumb","itemListElement":[{"@type":"ListItem","position":1,"name":"Strona g\u0142\u00f3wna","item":"https:\/\/motorcycle-audio.eu\/"},{"@type":"ListItem","position":2,"name":"Sklep","item":"https:\/\/motorcycle-audio.eu\/sklep\/"},{"@type":"ListItem","position":3,"name":"G\u0142o\u015bnik Cicada Audio CH65.4 do motocykli Harley Davidson"}]},{"@type":"WebSite","@id":"https:\/\/motorcycle-audio.eu\/#website","url":"https:\/\/motorcycle-audio.eu\/","name":"Mefiu Motorrad Audio","description":"Spiel es laut!","publisher":{"@id":"https:\/\/motorcycle-audio.eu\/#organization"},"potentialAction":[{"@type":"SearchAction","target":{"@type":"EntryPoint","urlTemplate":"https:\/\/motorcycle-audio.eu\/?s={search_term_string}"},"query-input":{"@type":"PropertyValueSpecification","valueRequired":true,"valueName":"search_term_string"}}],"inLanguage":"de"},{"@type":"Organization","@id":"https:\/\/motorcycle-audio.eu\/#organization","name":"Mefiu Motorrad Audio","url":"https:\/\/motorcycle-audio.eu\/","logo":{"@type":"ImageObject","inLanguage":"de","@id":"https:\/\/motorcycle-audio.eu\/#\/schema\/logo\/image\/","url":"https:\/\/motorcycle-audio.eu\/wp-content\/uploads\/2025\/05\/mefiu_logo.png","contentUrl":"https:\/\/motorcycle-audio.eu\/wp-content\/uploads\/2025\/05\/mefiu_logo.png","width":150,"height":150,"caption":"Mefiu Motorcycle Audio"},"image":{"@id":"https:\/\/motorcycle-audio.eu\/#\/schema\/logo\/image\/"},"sameAs":["https:\/\/www.facebook.com\/HarleyDavidsonAudio"]}]}},"jetpack_sharing_enabled":true,"_links":{"self":[{"href":"https:\/\/motorcycle-audio.eu\/de\/wp-json\/wp\/v2\/product\/7807","targetHints":{"allow":["GET"]}}],"collection":[{"href":"https:\/\/motorcycle-audio.eu\/de\/wp-json\/wp\/v2\/product"}],"about":[{"href":"https:\/\/motorcycle-audio.eu\/de\/wp-json\/wp\/v2\/types\/product"}],"replies":[{"embeddable":true,"href":"https:\/\/motorcycle-audio.eu\/de\/wp-json\/wp\/v2\/comments?post=7807"}],"version-history":[{"count":2,"href":"https:\/\/motorcycle-audio.eu\/de\/wp-json\/wp\/v2\/product\/7807\/revisions"}],"predecessor-version":[{"id":9882,"href":"https:\/\/motorcycle-audio.eu\/de\/wp-json\/wp\/v2\/product\/7807\/revisions\/9882"}],"wp:featuredmedia":[{"embeddable":true,"href":"https:\/\/motorcycle-audio.eu\/de\/wp-json\/wp\/v2\/media\/7812"}],"wp:attachment":[{"href":"https:\/\/motorcycle-audio.eu\/de\/wp-json\/wp\/v2\/media?parent=7807"}],"wp:term":[{"taxonomy":"product_cat","embeddable":true,"href":"https:\/\/motorcycle-audio.eu\/de\/wp-json\/wp\/v2\/product_cat?post=7807"},{"taxonomy":"product_tag","embeddable":true,"href":"https:\/\/motorcycle-audio.eu\/de\/wp-json\/wp\/v2\/product_tag?post=7807"}],"curies":[{"name":"wp","href":"https:\/\/api.w.org\/{rel}","templated":true}]}}