{"id":7756,"date":"2023-08-02T15:33:19","date_gmt":"2023-08-02T13:33:19","guid":{"rendered":"https:\/\/motorcycle-audio.eu\/?post_type=product&#038;p=7756"},"modified":"2025-11-03T12:53:50","modified_gmt":"2025-11-03T11:53:50","slug":"aktiver-subwoofer-fur-harley-davidson-motorrader-2014","status":"publish","type":"product","link":"https:\/\/motorcycle-audio.eu\/de\/geschaft\/lautsprecher\/aktiver-subwoofer-fur-harley-davidson-motorrader-2014\/","title":{"rendered":"Aktiver Subwoofer f\u00fcr Harley Davidson Motorr\u00e4der 2014+"},"content":{"rendered":"<p><strong>All-in-One-L\u00f6sung.<\/strong><\/p>\n<p>M\u00f6chten Sie Ihrem Harley Davidson\u00ae Bass hinzuf\u00fcgen, ohne sich mit dem Anpassen eines Verst\u00e4rkers oder, noch schlimmer, mit Einpassungsarbeiten an den Satteltaschen herumschlagen zu m\u00fcssen? Precision Power hat den SBW Powered Subwoofer f\u00fcr die Satteltaschen entwickelt, eine perfekte Kombination aus einer individuell gefertigten Schallwand, einem Subwoofer und einem eingebauten digitalen Verst\u00e4rker, der komplizierte Berechnungen \u00fcberfl\u00fcssig macht. Sie werden den kraftvollen Bass lieben, den Sie selbst w\u00e4hrend der Fahrt sp\u00fcren werden.<\/p>\n<p><strong>Robust und stark<\/strong><\/p>\n<p>Das SBW-System verf\u00fcgt \u00fcber einen ma\u00dfgeschneiderten Subwoofer mit einem passiven Radiator, der den Bass durch einen eingebauten digitalen Verst\u00e4rker verst\u00e4rkt. Ein Neodym-Magnetmotor erh\u00f6ht die Leistung der Subwoofer-Motoren; er ist au\u00dferdem au\u00dfergew\u00f6hnlich leicht, was eine h\u00f6here Effizienz und ein geringeres Gewicht bedeutet. Das abgedichtete Geh\u00e4use sorgt f\u00fcr optimale Klangqualit\u00e4t, und sto\u00dffestes, rotationsgeformtes ABS-Kunststoff sch\u00fctzt es, egal wo Sie fahren oder reisen. Pegelregler f\u00fcr hohe und niedrige T\u00f6ne erm\u00f6glichen den Anschluss an jede Konfiguration, ein Plug-and-Play-System hinter OE-Radios von Harley Davidson oder sogar Nachr\u00fcstradios von Apple CarPlay und Android Auto.<\/p>\n<p>Transmembrantechnologie<\/p>\n<p>Mit dem gesamten neuen Bass kommt auch neue Technologie... Das Produktentwicklungsteam hat eine L\u00f6sung f\u00fcr das Problem gefunden, dass Bass aus einem Motorrad entweicht, ohne die Struktur des Koffers zu besch\u00e4digen. Jedes Subwoofer-Kit wird mit T\u00fcllen geliefert, die mit einer einzigartigen Membran ausgestattet sind und den Schall durchlassen, w\u00e4hrend Feuchtigkeit drau\u00dfen bleibt. Dies ist eine spezifische Technologie, die Sie alle von Ihren Sport-In-Ear-Kopfh\u00f6rern kennen und erlebt haben; diese spezielle Membran ist der Geniestreich dieses Produkts.<\/p>\n<p>Der angegebene Preis gilt pro St\u00fcck, wahlweise rechts oder links.<\/p>","protected":false},"excerpt":{"rendered":"<p>M\u00f6chten Sie Ihrem Harley Davidson\u00ae Bass hinzuf\u00fcgen, ohne sich mit dem Anpassen eines Verst\u00e4rkers oder, noch schlimmer, mit Einpassungsarbeiten an den Satteltaschen herumschlagen zu m\u00fcssen? Precision Power hat den SBW Powered Subwoofer f\u00fcr die Satteltaschen entwickelt, eine perfekte Kombination aus einer individuell gefertigten Schallwand, einem Subwoofer und einem eingebauten digitalen Verst\u00e4rker, der komplizierte Berechnungen \u00fcberfl\u00fcssig macht. Sie werden den kraftvollen Bass lieben, den Sie selbst w\u00e4hrend der Fahrt sp\u00fcren werden.<\/p>","protected":false},"featured_media":9081,"comment_status":"closed","ping_status":"closed","template":"","meta":{"_acf_changed":false},"product_cat":[50],"product_tag":[],"class_list":{"0":"post-7756","1":"product","2":"type-product","3":"status-publish","4":"has-post-thumbnail","6":"product_cat-glosniki","8":"first","9":"instock","10":"taxable","11":"shipping-taxable","12":"purchasable","13":"product-type-simple"},"acf":[],"yoast_head":"<!-- This site is optimized with the Yoast SEO Premium plugin v26.7 (Yoast SEO v26.7) - https:\/\/yoast.com\/wordpress\/plugins\/seo\/ -->\n<title>Aktywny subwoofer do motocykli Harley Davidson 2014+ - Mefiu Motorcycle Audio<\/title>\n<meta name=\"description\" content=\"Dodaj pot\u0119\u017cny bas do swojego Harley-Davidsona\u00ae bez przer\u00f3bek! Zasilany subwoofer Precision Power SBW to kompletne rozwi\u0105zanie \u201ewszystko w jednym\u201d\" \/>\n<meta name=\"robots\" content=\"index, follow, max-snippet:-1, max-image-preview:large, max-video-preview:-1\" \/>\n<link rel=\"canonical\" href=\"https:\/\/motorcycle-audio.eu\/de\/geschaft\/lautsprecher\/aktiver-subwoofer-fur-harley-davidson-motorrader-2014\/\" \/>\n<meta property=\"og:locale\" content=\"de_DE\" \/>\n<meta property=\"og:type\" content=\"article\" \/>\n<meta property=\"og:title\" content=\"Aktywny subwoofer do motocykli Harley Davidson 2014+\" \/>\n<meta property=\"og:description\" content=\"Dodaj pot\u0119\u017cny bas do swojego Harley-Davidsona\u00ae bez przer\u00f3bek! Zasilany subwoofer Precision Power SBW to kompletne rozwi\u0105zanie \u201ewszystko w jednym\u201d\" \/>\n<meta property=\"og:url\" content=\"https:\/\/motorcycle-audio.eu\/de\/geschaft\/lautsprecher\/aktiver-subwoofer-fur-harley-davidson-motorrader-2014\/\" \/>\n<meta property=\"og:site_name\" content=\"Mefiu Motorcycle Audio\" \/>\n<meta property=\"article:publisher\" content=\"https:\/\/www.facebook.com\/HarleyDavidsonAudio\" \/>\n<meta property=\"article:modified_time\" content=\"2025-11-03T11:53:50+00:00\" \/>\n<meta property=\"og:image\" content=\"https:\/\/motorcycle-audio.eu\/wp-content\/uploads\/2023\/08\/Aktywny-subwoofer-do-motocykli-Harley-Davidson-2014-1.webp\" \/>\n\t<meta property=\"og:image:width\" content=\"894\" \/>\n\t<meta property=\"og:image:height\" content=\"891\" \/>\n\t<meta property=\"og:image:type\" content=\"image\/webp\" \/>\n<meta name=\"twitter:card\" content=\"summary_large_image\" \/>\n<meta name=\"twitter:label1\" content=\"Gesch\u00e4tzte Lesezeit\" \/>\n\t<meta name=\"twitter:data1\" content=\"2\u00a0Minuten\" \/>\n<script type=\"application\/ld+json\" class=\"yoast-schema-graph\">{\"@context\":\"https:\/\/schema.org\",\"@graph\":[{\"@type\":\"WebPage\",\"@id\":\"https:\/\/motorcycle-audio.eu\/sklep\/glosniki\/aktywny-subwoofer-do-motocykli-harley-davidson-2014\/\",\"url\":\"https:\/\/motorcycle-audio.eu\/sklep\/glosniki\/aktywny-subwoofer-do-motocykli-harley-davidson-2014\/\",\"name\":\"Aktywny subwoofer do motocykli Harley Davidson 2014+ - Mefiu Motorcycle Audio\",\"isPartOf\":{\"@id\":\"https:\/\/motorcycle-audio.eu\/#website\"},\"primaryImageOfPage\":{\"@id\":\"https:\/\/motorcycle-audio.eu\/sklep\/glosniki\/aktywny-subwoofer-do-motocykli-harley-davidson-2014\/#primaryimage\"},\"image\":{\"@id\":\"https:\/\/motorcycle-audio.eu\/sklep\/glosniki\/aktywny-subwoofer-do-motocykli-harley-davidson-2014\/#primaryimage\"},\"thumbnailUrl\":\"https:\/\/motorcycle-audio.eu\/wp-content\/uploads\/2023\/08\/Aktywny-subwoofer-do-motocykli-Harley-Davidson-2014-1.webp\",\"datePublished\":\"2023-08-02T13:33:19+00:00\",\"dateModified\":\"2025-11-03T11:53:50+00:00\",\"description\":\"Dodaj pot\u0119\u017cny bas do swojego Harley-Davidsona\u00ae bez przer\u00f3bek! Zasilany subwoofer Precision Power SBW to kompletne rozwi\u0105zanie \u201ewszystko w jednym\u201d\",\"breadcrumb\":{\"@id\":\"https:\/\/motorcycle-audio.eu\/sklep\/glosniki\/aktywny-subwoofer-do-motocykli-harley-davidson-2014\/#breadcrumb\"},\"inLanguage\":\"de\",\"potentialAction\":[{\"@type\":\"ReadAction\",\"target\":[\"https:\/\/motorcycle-audio.eu\/sklep\/glosniki\/aktywny-subwoofer-do-motocykli-harley-davidson-2014\/\"]}]},{\"@type\":\"ImageObject\",\"inLanguage\":\"de\",\"@id\":\"https:\/\/motorcycle-audio.eu\/sklep\/glosniki\/aktywny-subwoofer-do-motocykli-harley-davidson-2014\/#primaryimage\",\"url\":\"https:\/\/motorcycle-audio.eu\/wp-content\/uploads\/2023\/08\/Aktywny-subwoofer-do-motocykli-Harley-Davidson-2014-1.webp\",\"contentUrl\":\"https:\/\/motorcycle-audio.eu\/wp-content\/uploads\/2023\/08\/Aktywny-subwoofer-do-motocykli-Harley-Davidson-2014-1.webp\",\"width\":894,\"height\":891},{\"@type\":\"BreadcrumbList\",\"@id\":\"https:\/\/motorcycle-audio.eu\/sklep\/glosniki\/aktywny-subwoofer-do-motocykli-harley-davidson-2014\/#breadcrumb\",\"itemListElement\":[{\"@type\":\"ListItem\",\"position\":1,\"name\":\"Strona g\u0142\u00f3wna\",\"item\":\"https:\/\/motorcycle-audio.eu\/\"},{\"@type\":\"ListItem\",\"position\":2,\"name\":\"Sklep\",\"item\":\"https:\/\/motorcycle-audio.eu\/sklep\/\"},{\"@type\":\"ListItem\",\"position\":3,\"name\":\"Aktywny subwoofer do motocykli Harley Davidson 2014+\"}]},{\"@type\":\"WebSite\",\"@id\":\"https:\/\/motorcycle-audio.eu\/#website\",\"url\":\"https:\/\/motorcycle-audio.eu\/\",\"name\":\"Mefiu Motorcycle Audio\",\"description\":\"Play it loud!\",\"publisher\":{\"@id\":\"https:\/\/motorcycle-audio.eu\/#organization\"},\"potentialAction\":[{\"@type\":\"SearchAction\",\"target\":{\"@type\":\"EntryPoint\",\"urlTemplate\":\"https:\/\/motorcycle-audio.eu\/?s={search_term_string}\"},\"query-input\":{\"@type\":\"PropertyValueSpecification\",\"valueRequired\":true,\"valueName\":\"search_term_string\"}}],\"inLanguage\":\"de\"},{\"@type\":\"Organization\",\"@id\":\"https:\/\/motorcycle-audio.eu\/#organization\",\"name\":\"Mefiu Motorcycle Audio\",\"url\":\"https:\/\/motorcycle-audio.eu\/\",\"logo\":{\"@type\":\"ImageObject\",\"inLanguage\":\"de\",\"@id\":\"https:\/\/motorcycle-audio.eu\/#\/schema\/logo\/image\/\",\"url\":\"https:\/\/motorcycle-audio.eu\/wp-content\/uploads\/2025\/05\/mefiu_logo.png\",\"contentUrl\":\"https:\/\/motorcycle-audio.eu\/wp-content\/uploads\/2025\/05\/mefiu_logo.png\",\"width\":150,\"height\":150,\"caption\":\"Mefiu Motorcycle Audio\"},\"image\":{\"@id\":\"https:\/\/motorcycle-audio.eu\/#\/schema\/logo\/image\/\"},\"sameAs\":[\"https:\/\/www.facebook.com\/HarleyDavidsonAudio\"]}]}<\/script>\n<!-- \/ Yoast SEO Premium plugin. -->","yoast_head_json":{"title":"Aktiver Subwoofer f\u00fcr Harley Davidson Motorr\u00e4der 2014+ - Mefiu Motorcycle Audio","description":"Verleihen Sie Ihrem Harley-Davidson\u00ae satten Bass, ganz ohne Umbauten! Der Precision Power SBW Subwoofer ist eine komplette \u201eAll-in-One\u201d-L\u00f6sung\u201d","robots":{"index":"index","follow":"follow","max-snippet":"max-snippet:-1","max-image-preview":"max-image-preview:large","max-video-preview":"max-video-preview:-1"},"canonical":"https:\/\/motorcycle-audio.eu\/de\/geschaft\/lautsprecher\/aktiver-subwoofer-fur-harley-davidson-motorrader-2014\/","og_locale":"de_DE","og_type":"article","og_title":"Aktywny subwoofer do motocykli Harley Davidson 2014+","og_description":"Dodaj pot\u0119\u017cny bas do swojego Harley-Davidsona\u00ae bez przer\u00f3bek! Zasilany subwoofer Precision Power SBW to kompletne rozwi\u0105zanie \u201ewszystko w jednym\u201d","og_url":"https:\/\/motorcycle-audio.eu\/de\/geschaft\/lautsprecher\/aktiver-subwoofer-fur-harley-davidson-motorrader-2014\/","og_site_name":"Mefiu Motorcycle Audio","article_publisher":"https:\/\/www.facebook.com\/HarleyDavidsonAudio","article_modified_time":"2025-11-03T11:53:50+00:00","og_image":[{"width":894,"height":891,"url":"https:\/\/motorcycle-audio.eu\/wp-content\/uploads\/2023\/08\/Aktywny-subwoofer-do-motocykli-Harley-Davidson-2014-1.webp","type":"image\/webp"}],"twitter_card":"summary_large_image","twitter_misc":{"Gesch\u00e4tzte Lesezeit":"2\u00a0Minuten"},"schema":{"@context":"https:\/\/schema.org","@graph":[{"@type":"WebPage","@id":"https:\/\/motorcycle-audio.eu\/sklep\/glosniki\/aktywny-subwoofer-do-motocykli-harley-davidson-2014\/","url":"https:\/\/motorcycle-audio.eu\/sklep\/glosniki\/aktywny-subwoofer-do-motocykli-harley-davidson-2014\/","name":"Aktiver Subwoofer f\u00fcr Harley Davidson Motorr\u00e4der 2014+ - Mefiu Motorcycle Audio","isPartOf":{"@id":"https:\/\/motorcycle-audio.eu\/#website"},"primaryImageOfPage":{"@id":"https:\/\/motorcycle-audio.eu\/sklep\/glosniki\/aktywny-subwoofer-do-motocykli-harley-davidson-2014\/#primaryimage"},"image":{"@id":"https:\/\/motorcycle-audio.eu\/sklep\/glosniki\/aktywny-subwoofer-do-motocykli-harley-davidson-2014\/#primaryimage"},"thumbnailUrl":"https:\/\/motorcycle-audio.eu\/wp-content\/uploads\/2023\/08\/Aktywny-subwoofer-do-motocykli-Harley-Davidson-2014-1.webp","datePublished":"2023-08-02T13:33:19+00:00","dateModified":"2025-11-03T11:53:50+00:00","description":"Verleihen Sie Ihrem Harley-Davidson\u00ae satten Bass, ganz ohne Umbauten! Der Precision Power SBW Subwoofer ist eine komplette \u201eAll-in-One\u201d-L\u00f6sung\u201d","breadcrumb":{"@id":"https:\/\/motorcycle-audio.eu\/sklep\/glosniki\/aktywny-subwoofer-do-motocykli-harley-davidson-2014\/#breadcrumb"},"inLanguage":"de","potentialAction":[{"@type":"ReadAction","target":["https:\/\/motorcycle-audio.eu\/sklep\/glosniki\/aktywny-subwoofer-do-motocykli-harley-davidson-2014\/"]}]},{"@type":"ImageObject","inLanguage":"de","@id":"https:\/\/motorcycle-audio.eu\/sklep\/glosniki\/aktywny-subwoofer-do-motocykli-harley-davidson-2014\/#primaryimage","url":"https:\/\/motorcycle-audio.eu\/wp-content\/uploads\/2023\/08\/Aktywny-subwoofer-do-motocykli-Harley-Davidson-2014-1.webp","contentUrl":"https:\/\/motorcycle-audio.eu\/wp-content\/uploads\/2023\/08\/Aktywny-subwoofer-do-motocykli-Harley-Davidson-2014-1.webp","width":894,"height":891},{"@type":"BreadcrumbList","@id":"https:\/\/motorcycle-audio.eu\/sklep\/glosniki\/aktywny-subwoofer-do-motocykli-harley-davidson-2014\/#breadcrumb","itemListElement":[{"@type":"ListItem","position":1,"name":"Strona g\u0142\u00f3wna","item":"https:\/\/motorcycle-audio.eu\/"},{"@type":"ListItem","position":2,"name":"Sklep","item":"https:\/\/motorcycle-audio.eu\/sklep\/"},{"@type":"ListItem","position":3,"name":"Aktywny subwoofer do motocykli Harley Davidson 2014+"}]},{"@type":"WebSite","@id":"https:\/\/motorcycle-audio.eu\/#website","url":"https:\/\/motorcycle-audio.eu\/","name":"Mefiu Motorrad Audio","description":"Spiel es laut!","publisher":{"@id":"https:\/\/motorcycle-audio.eu\/#organization"},"potentialAction":[{"@type":"SearchAction","target":{"@type":"EntryPoint","urlTemplate":"https:\/\/motorcycle-audio.eu\/?s={search_term_string}"},"query-input":{"@type":"PropertyValueSpecification","valueRequired":true,"valueName":"search_term_string"}}],"inLanguage":"de"},{"@type":"Organization","@id":"https:\/\/motorcycle-audio.eu\/#organization","name":"Mefiu Motorrad Audio","url":"https:\/\/motorcycle-audio.eu\/","logo":{"@type":"ImageObject","inLanguage":"de","@id":"https:\/\/motorcycle-audio.eu\/#\/schema\/logo\/image\/","url":"https:\/\/motorcycle-audio.eu\/wp-content\/uploads\/2025\/05\/mefiu_logo.png","contentUrl":"https:\/\/motorcycle-audio.eu\/wp-content\/uploads\/2025\/05\/mefiu_logo.png","width":150,"height":150,"caption":"Mefiu Motorcycle Audio"},"image":{"@id":"https:\/\/motorcycle-audio.eu\/#\/schema\/logo\/image\/"},"sameAs":["https:\/\/www.facebook.com\/HarleyDavidsonAudio"]}]}},"jetpack_sharing_enabled":true,"_links":{"self":[{"href":"https:\/\/motorcycle-audio.eu\/de\/wp-json\/wp\/v2\/product\/7756","targetHints":{"allow":["GET"]}}],"collection":[{"href":"https:\/\/motorcycle-audio.eu\/de\/wp-json\/wp\/v2\/product"}],"about":[{"href":"https:\/\/motorcycle-audio.eu\/de\/wp-json\/wp\/v2\/types\/product"}],"replies":[{"embeddable":true,"href":"https:\/\/motorcycle-audio.eu\/de\/wp-json\/wp\/v2\/comments?post=7756"}],"version-history":[{"count":1,"href":"https:\/\/motorcycle-audio.eu\/de\/wp-json\/wp\/v2\/product\/7756\/revisions"}],"predecessor-version":[{"id":9052,"href":"https:\/\/motorcycle-audio.eu\/de\/wp-json\/wp\/v2\/product\/7756\/revisions\/9052"}],"wp:featuredmedia":[{"embeddable":true,"href":"https:\/\/motorcycle-audio.eu\/de\/wp-json\/wp\/v2\/media\/9081"}],"wp:attachment":[{"href":"https:\/\/motorcycle-audio.eu\/de\/wp-json\/wp\/v2\/media?parent=7756"}],"wp:term":[{"taxonomy":"product_cat","embeddable":true,"href":"https:\/\/motorcycle-audio.eu\/de\/wp-json\/wp\/v2\/product_cat?post=7756"},{"taxonomy":"product_tag","embeddable":true,"href":"https:\/\/motorcycle-audio.eu\/de\/wp-json\/wp\/v2\/product_tag?post=7756"}],"curies":[{"name":"wp","href":"https:\/\/api.w.org\/{rel}","templated":true}]}}