{"id":7740,"date":"2023-08-02T15:01:14","date_gmt":"2023-08-02T13:01:14","guid":{"rendered":"https:\/\/motorcycle-audio.eu\/?post_type=product&#038;p=7740"},"modified":"2024-12-18T10:10:57","modified_gmt":"2024-12-18T09:10:57","slug":"kabelbaum-fur-den-anschluss-eines-verstarkers-harley-touring-98-13","status":"publish","type":"product","link":"https:\/\/motorcycle-audio.eu\/de\/geschaft\/accessoires\/kabel\/kabelbaum-fur-den-anschluss-eines-verstarkers-harley-touring-98-13\/","title":{"rendered":"Kabelbaum zum Anschluss eines Verst\u00e4rkers f\u00fcr Harley Touring 98-13"},"content":{"rendered":"<p>Kabelbaum zum Anschluss eines Verst\u00e4rkers f\u00fcr Harley Touring 98-13<\/p>\n<p>Dank ihr k\u00f6nnen wir jeden Verst\u00e4rker anschlie\u00dfen, ohne in die urspr\u00fcngliche Installation einzugreifen.<\/p>\n<ul>\n<li>Angeh\u00e4ngte Eingangs- und Ausgangsb\u00fcndel<\/li>\n<li>Enth\u00e4lt vorab angeschlossene Einlass- und Auslassleitungen<\/li>\n<li>Im Lieferumfang ist ein Cinch-Ausgangskabel enthalten<\/li>\n<li>Vorkabelter hinterer Lautsprecherausgang<\/li>\n<li>Universell f\u00fcr alle Verst\u00e4rker<\/li>\n<li>Das Rohr ist mit sch\u00fctzendem Gewebeband umwickelt<\/li>\n<\/ul>","protected":false},"excerpt":{"rendered":"<p>Kabelbaum zum Anschluss von Harley Touring Verst\u00e4rker 2014+<\/p>\n<p>Dank ihr k\u00f6nnen wir jeden Verst\u00e4rker anschlie\u00dfen, ohne in die urspr\u00fcngliche Installation einzugreifen.<\/p>","protected":false},"featured_media":7743,"comment_status":"closed","ping_status":"closed","template":"","meta":{"_acf_changed":false},"product_cat":[53,63],"product_tag":[],"class_list":{"0":"post-7740","1":"product","2":"type-product","3":"status-publish","4":"has-post-thumbnail","6":"product_cat-akcesoria","7":"product_cat-przewody","9":"first","10":"instock","11":"taxable","12":"shipping-taxable","13":"purchasable","14":"product-type-simple"},"acf":[],"yoast_head":"<!-- This site is optimized with the Yoast SEO Premium plugin v26.7 (Yoast SEO v26.7) - https:\/\/yoast.com\/wordpress\/plugins\/seo\/ -->\n<title>Wi\u0105zka przewod\u00f3w do pod\u0142\u0105czenia wzmacniacza Harley Touring 98-13 - Mefiu Motorcycle Audio<\/title>\n<meta name=\"robots\" content=\"index, follow, max-snippet:-1, max-image-preview:large, max-video-preview:-1\" \/>\n<link rel=\"canonical\" href=\"https:\/\/motorcycle-audio.eu\/de\/geschaft\/accessoires\/kabel\/kabelbaum-fur-den-anschluss-eines-verstarkers-harley-touring-98-13\/\" \/>\n<meta property=\"og:locale\" content=\"de_DE\" \/>\n<meta property=\"og:type\" content=\"article\" \/>\n<meta property=\"og:title\" content=\"Wi\u0105zka przewod\u00f3w do pod\u0142\u0105czenia wzmacniacza Harley Touring 98-13\" \/>\n<meta property=\"og:description\" content=\"Wi\u0105zka przewod\u00f3w do pod\u0142\u0105czenia wzmacniacza Harley Touring 2014 +  Dzi\u0119ki niej pod\u0142\u0105czymy dowolny wzmacniacz bez ingerencji w oryginaln\u0105 instalacj\u0119.\" \/>\n<meta property=\"og:url\" content=\"https:\/\/motorcycle-audio.eu\/de\/geschaft\/accessoires\/kabel\/kabelbaum-fur-den-anschluss-eines-verstarkers-harley-touring-98-13\/\" \/>\n<meta property=\"og:site_name\" content=\"Mefiu Motorcycle Audio\" \/>\n<meta property=\"article:publisher\" content=\"https:\/\/www.facebook.com\/HarleyDavidsonAudio\" \/>\n<meta property=\"article:modified_time\" content=\"2024-12-18T09:10:57+00:00\" \/>\n<meta property=\"og:image\" content=\"https:\/\/motorcycle-audio.eu\/wp-content\/uploads\/2023\/08\/Wiazka-przewodow-do-podlaczenia-wzmacniacza-Harley-Touring-98-13-b.jpg\" \/>\n\t<meta property=\"og:image:width\" content=\"2500\" \/>\n\t<meta property=\"og:image:height\" content=\"2500\" \/>\n\t<meta property=\"og:image:type\" content=\"image\/jpeg\" \/>\n<meta name=\"twitter:card\" content=\"summary_large_image\" \/>\n<script type=\"application\/ld+json\" class=\"yoast-schema-graph\">{\"@context\":\"https:\/\/schema.org\",\"@graph\":[{\"@type\":\"WebPage\",\"@id\":\"https:\/\/motorcycle-audio.eu\/sklep\/akcesoria\/przewody\/wiazka-przewodow-do-podlaczenia-wzmacniacza-harley-touring-98-13\/\",\"url\":\"https:\/\/motorcycle-audio.eu\/sklep\/akcesoria\/przewody\/wiazka-przewodow-do-podlaczenia-wzmacniacza-harley-touring-98-13\/\",\"name\":\"Wi\u0105zka przewod\u00f3w do pod\u0142\u0105czenia wzmacniacza Harley Touring 98-13 - Mefiu Motorcycle Audio\",\"isPartOf\":{\"@id\":\"https:\/\/motorcycle-audio.eu\/#website\"},\"primaryImageOfPage\":{\"@id\":\"https:\/\/motorcycle-audio.eu\/sklep\/akcesoria\/przewody\/wiazka-przewodow-do-podlaczenia-wzmacniacza-harley-touring-98-13\/#primaryimage\"},\"image\":{\"@id\":\"https:\/\/motorcycle-audio.eu\/sklep\/akcesoria\/przewody\/wiazka-przewodow-do-podlaczenia-wzmacniacza-harley-touring-98-13\/#primaryimage\"},\"thumbnailUrl\":\"https:\/\/motorcycle-audio.eu\/wp-content\/uploads\/2023\/08\/Wiazka-przewodow-do-podlaczenia-wzmacniacza-Harley-Touring-98-13-b.jpg\",\"datePublished\":\"2023-08-02T13:01:14+00:00\",\"dateModified\":\"2024-12-18T09:10:57+00:00\",\"breadcrumb\":{\"@id\":\"https:\/\/motorcycle-audio.eu\/sklep\/akcesoria\/przewody\/wiazka-przewodow-do-podlaczenia-wzmacniacza-harley-touring-98-13\/#breadcrumb\"},\"inLanguage\":\"de\",\"potentialAction\":[{\"@type\":\"ReadAction\",\"target\":[\"https:\/\/motorcycle-audio.eu\/sklep\/akcesoria\/przewody\/wiazka-przewodow-do-podlaczenia-wzmacniacza-harley-touring-98-13\/\"]}]},{\"@type\":\"ImageObject\",\"inLanguage\":\"de\",\"@id\":\"https:\/\/motorcycle-audio.eu\/sklep\/akcesoria\/przewody\/wiazka-przewodow-do-podlaczenia-wzmacniacza-harley-touring-98-13\/#primaryimage\",\"url\":\"https:\/\/motorcycle-audio.eu\/wp-content\/uploads\/2023\/08\/Wiazka-przewodow-do-podlaczenia-wzmacniacza-Harley-Touring-98-13-b.jpg\",\"contentUrl\":\"https:\/\/motorcycle-audio.eu\/wp-content\/uploads\/2023\/08\/Wiazka-przewodow-do-podlaczenia-wzmacniacza-Harley-Touring-98-13-b.jpg\",\"width\":2500,\"height\":2500},{\"@type\":\"BreadcrumbList\",\"@id\":\"https:\/\/motorcycle-audio.eu\/sklep\/akcesoria\/przewody\/wiazka-przewodow-do-podlaczenia-wzmacniacza-harley-touring-98-13\/#breadcrumb\",\"itemListElement\":[{\"@type\":\"ListItem\",\"position\":1,\"name\":\"Strona g\u0142\u00f3wna\",\"item\":\"https:\/\/motorcycle-audio.eu\/\"},{\"@type\":\"ListItem\",\"position\":2,\"name\":\"Sklep\",\"item\":\"https:\/\/motorcycle-audio.eu\/sklep\/\"},{\"@type\":\"ListItem\",\"position\":3,\"name\":\"Wi\u0105zka przewod\u00f3w do pod\u0142\u0105czenia wzmacniacza Harley Touring 98-13\"}]},{\"@type\":\"WebSite\",\"@id\":\"https:\/\/motorcycle-audio.eu\/#website\",\"url\":\"https:\/\/motorcycle-audio.eu\/\",\"name\":\"Mefiu Motorcycle Audio\",\"description\":\"Play it loud!\",\"publisher\":{\"@id\":\"https:\/\/motorcycle-audio.eu\/#organization\"},\"potentialAction\":[{\"@type\":\"SearchAction\",\"target\":{\"@type\":\"EntryPoint\",\"urlTemplate\":\"https:\/\/motorcycle-audio.eu\/?s={search_term_string}\"},\"query-input\":{\"@type\":\"PropertyValueSpecification\",\"valueRequired\":true,\"valueName\":\"search_term_string\"}}],\"inLanguage\":\"de\"},{\"@type\":\"Organization\",\"@id\":\"https:\/\/motorcycle-audio.eu\/#organization\",\"name\":\"Mefiu Motorcycle Audio\",\"url\":\"https:\/\/motorcycle-audio.eu\/\",\"logo\":{\"@type\":\"ImageObject\",\"inLanguage\":\"de\",\"@id\":\"https:\/\/motorcycle-audio.eu\/#\/schema\/logo\/image\/\",\"url\":\"https:\/\/motorcycle-audio.eu\/wp-content\/uploads\/2025\/05\/mefiu_logo.png\",\"contentUrl\":\"https:\/\/motorcycle-audio.eu\/wp-content\/uploads\/2025\/05\/mefiu_logo.png\",\"width\":150,\"height\":150,\"caption\":\"Mefiu Motorcycle Audio\"},\"image\":{\"@id\":\"https:\/\/motorcycle-audio.eu\/#\/schema\/logo\/image\/\"},\"sameAs\":[\"https:\/\/www.facebook.com\/HarleyDavidsonAudio\"]}]}<\/script>\n<!-- \/ Yoast SEO Premium plugin. -->","yoast_head_json":{"title":"Kabelbaum f\u00fcr Harley Touring Verst\u00e4rker 98-13 - Mefiu Motorcycle Audio","robots":{"index":"index","follow":"follow","max-snippet":"max-snippet:-1","max-image-preview":"max-image-preview:large","max-video-preview":"max-video-preview:-1"},"canonical":"https:\/\/motorcycle-audio.eu\/de\/geschaft\/accessoires\/kabel\/kabelbaum-fur-den-anschluss-eines-verstarkers-harley-touring-98-13\/","og_locale":"de_DE","og_type":"article","og_title":"Wi\u0105zka przewod\u00f3w do pod\u0142\u0105czenia wzmacniacza Harley Touring 98-13","og_description":"Wi\u0105zka przewod\u00f3w do pod\u0142\u0105czenia wzmacniacza Harley Touring 2014 +  Dzi\u0119ki niej pod\u0142\u0105czymy dowolny wzmacniacz bez ingerencji w oryginaln\u0105 instalacj\u0119.","og_url":"https:\/\/motorcycle-audio.eu\/de\/geschaft\/accessoires\/kabel\/kabelbaum-fur-den-anschluss-eines-verstarkers-harley-touring-98-13\/","og_site_name":"Mefiu Motorcycle Audio","article_publisher":"https:\/\/www.facebook.com\/HarleyDavidsonAudio","article_modified_time":"2024-12-18T09:10:57+00:00","og_image":[{"width":2500,"height":2500,"url":"https:\/\/motorcycle-audio.eu\/wp-content\/uploads\/2023\/08\/Wiazka-przewodow-do-podlaczenia-wzmacniacza-Harley-Touring-98-13-b.jpg","type":"image\/jpeg"}],"twitter_card":"summary_large_image","schema":{"@context":"https:\/\/schema.org","@graph":[{"@type":"WebPage","@id":"https:\/\/motorcycle-audio.eu\/sklep\/akcesoria\/przewody\/wiazka-przewodow-do-podlaczenia-wzmacniacza-harley-touring-98-13\/","url":"https:\/\/motorcycle-audio.eu\/sklep\/akcesoria\/przewody\/wiazka-przewodow-do-podlaczenia-wzmacniacza-harley-touring-98-13\/","name":"Kabelbaum f\u00fcr Harley Touring Verst\u00e4rker 98-13 - Mefiu Motorcycle Audio","isPartOf":{"@id":"https:\/\/motorcycle-audio.eu\/#website"},"primaryImageOfPage":{"@id":"https:\/\/motorcycle-audio.eu\/sklep\/akcesoria\/przewody\/wiazka-przewodow-do-podlaczenia-wzmacniacza-harley-touring-98-13\/#primaryimage"},"image":{"@id":"https:\/\/motorcycle-audio.eu\/sklep\/akcesoria\/przewody\/wiazka-przewodow-do-podlaczenia-wzmacniacza-harley-touring-98-13\/#primaryimage"},"thumbnailUrl":"https:\/\/motorcycle-audio.eu\/wp-content\/uploads\/2023\/08\/Wiazka-przewodow-do-podlaczenia-wzmacniacza-Harley-Touring-98-13-b.jpg","datePublished":"2023-08-02T13:01:14+00:00","dateModified":"2024-12-18T09:10:57+00:00","breadcrumb":{"@id":"https:\/\/motorcycle-audio.eu\/sklep\/akcesoria\/przewody\/wiazka-przewodow-do-podlaczenia-wzmacniacza-harley-touring-98-13\/#breadcrumb"},"inLanguage":"de","potentialAction":[{"@type":"ReadAction","target":["https:\/\/motorcycle-audio.eu\/sklep\/akcesoria\/przewody\/wiazka-przewodow-do-podlaczenia-wzmacniacza-harley-touring-98-13\/"]}]},{"@type":"ImageObject","inLanguage":"de","@id":"https:\/\/motorcycle-audio.eu\/sklep\/akcesoria\/przewody\/wiazka-przewodow-do-podlaczenia-wzmacniacza-harley-touring-98-13\/#primaryimage","url":"https:\/\/motorcycle-audio.eu\/wp-content\/uploads\/2023\/08\/Wiazka-przewodow-do-podlaczenia-wzmacniacza-Harley-Touring-98-13-b.jpg","contentUrl":"https:\/\/motorcycle-audio.eu\/wp-content\/uploads\/2023\/08\/Wiazka-przewodow-do-podlaczenia-wzmacniacza-Harley-Touring-98-13-b.jpg","width":2500,"height":2500},{"@type":"BreadcrumbList","@id":"https:\/\/motorcycle-audio.eu\/sklep\/akcesoria\/przewody\/wiazka-przewodow-do-podlaczenia-wzmacniacza-harley-touring-98-13\/#breadcrumb","itemListElement":[{"@type":"ListItem","position":1,"name":"Strona g\u0142\u00f3wna","item":"https:\/\/motorcycle-audio.eu\/"},{"@type":"ListItem","position":2,"name":"Sklep","item":"https:\/\/motorcycle-audio.eu\/sklep\/"},{"@type":"ListItem","position":3,"name":"Wi\u0105zka przewod\u00f3w do pod\u0142\u0105czenia wzmacniacza Harley Touring 98-13"}]},{"@type":"WebSite","@id":"https:\/\/motorcycle-audio.eu\/#website","url":"https:\/\/motorcycle-audio.eu\/","name":"Mefiu Motorrad Audio","description":"Spiel es laut!","publisher":{"@id":"https:\/\/motorcycle-audio.eu\/#organization"},"potentialAction":[{"@type":"SearchAction","target":{"@type":"EntryPoint","urlTemplate":"https:\/\/motorcycle-audio.eu\/?s={search_term_string}"},"query-input":{"@type":"PropertyValueSpecification","valueRequired":true,"valueName":"search_term_string"}}],"inLanguage":"de"},{"@type":"Organization","@id":"https:\/\/motorcycle-audio.eu\/#organization","name":"Mefiu Motorrad Audio","url":"https:\/\/motorcycle-audio.eu\/","logo":{"@type":"ImageObject","inLanguage":"de","@id":"https:\/\/motorcycle-audio.eu\/#\/schema\/logo\/image\/","url":"https:\/\/motorcycle-audio.eu\/wp-content\/uploads\/2025\/05\/mefiu_logo.png","contentUrl":"https:\/\/motorcycle-audio.eu\/wp-content\/uploads\/2025\/05\/mefiu_logo.png","width":150,"height":150,"caption":"Mefiu Motorcycle Audio"},"image":{"@id":"https:\/\/motorcycle-audio.eu\/#\/schema\/logo\/image\/"},"sameAs":["https:\/\/www.facebook.com\/HarleyDavidsonAudio"]}]}},"jetpack_sharing_enabled":true,"_links":{"self":[{"href":"https:\/\/motorcycle-audio.eu\/de\/wp-json\/wp\/v2\/product\/7740","targetHints":{"allow":["GET"]}}],"collection":[{"href":"https:\/\/motorcycle-audio.eu\/de\/wp-json\/wp\/v2\/product"}],"about":[{"href":"https:\/\/motorcycle-audio.eu\/de\/wp-json\/wp\/v2\/types\/product"}],"replies":[{"embeddable":true,"href":"https:\/\/motorcycle-audio.eu\/de\/wp-json\/wp\/v2\/comments?post=7740"}],"version-history":[{"count":0,"href":"https:\/\/motorcycle-audio.eu\/de\/wp-json\/wp\/v2\/product\/7740\/revisions"}],"wp:featuredmedia":[{"embeddable":true,"href":"https:\/\/motorcycle-audio.eu\/de\/wp-json\/wp\/v2\/media\/7743"}],"wp:attachment":[{"href":"https:\/\/motorcycle-audio.eu\/de\/wp-json\/wp\/v2\/media?parent=7740"}],"wp:term":[{"taxonomy":"product_cat","embeddable":true,"href":"https:\/\/motorcycle-audio.eu\/de\/wp-json\/wp\/v2\/product_cat?post=7740"},{"taxonomy":"product_tag","embeddable":true,"href":"https:\/\/motorcycle-audio.eu\/de\/wp-json\/wp\/v2\/product_tag?post=7740"}],"curies":[{"name":"wp","href":"https:\/\/api.w.org\/{rel}","templated":true}]}}