{"id":7712,"date":"2023-08-02T14:11:31","date_gmt":"2023-08-02T12:11:31","guid":{"rendered":"https:\/\/motorcycle-audio.eu\/?post_type=product&#038;p=7712"},"modified":"2026-02-25T14:42:46","modified_gmt":"2026-02-25T13:42:46","slug":"234-kanal-verstarker-600w-hertz-sp4-500-fur-harley-davidson-motorrader","status":"publish","type":"product","link":"https:\/\/motorcycle-audio.eu\/de\/geschaft\/verstarker\/234-kanal-verstarker-600w-hertz-sp4-500-fur-harley-davidson-motorrader\/","title":{"rendered":"2,3,4-Kanal-Verst\u00e4rker 600W Hertz SP4.500 f\u00fcr Harley-Davidson-Motorr\u00e4der"},"content":{"rendered":"<p>Der Hertz SP4.500 ist die Fortsetzung der SP-Linie, also fantastische, leistungsstarke Verst\u00e4rker, die unter allen Bedingungen zurechtkommen. Dies ist eine absolute Neuheit.<\/p>\n<p>Wir nehmen jetzt die ersten Vorbestellungen entgegen. Verf\u00fcgbar im September.<\/p>\n<p>&nbsp;<\/p>\n<p>Der SP 4.500 ist der erste Hertz-Verst\u00e4rker, der mit der neuen Hertz ADC-Endstufe (Advanced D-Class) ausgestattet ist, einen Wirkungsgrad von bis zu 85 % erreicht und eine beeindruckende Nennleistung von 160 \u00d7 4 (4 \u03a9) W RMS bzw. 500 W \u00d7 2 (4 \u03a9) RMS im Br\u00fcckenbetrieb bei ultrakompakten Abmessungen von 211,6 \u00d7 130 mm. Der SP4.500 ist dank seiner Abmessungen und seiner enormen Leistung die ideale Wahl f\u00fcr Motorrad-Anwendungen.<\/p>\n<p>Die Hertz-ADC-Technologie sorgt daf\u00fcr, dass der SP 4.500 herk\u00f6mmliche ultrakompakte Verst\u00e4rker \u00fcbertrifft, indem er einen au\u00dfergew\u00f6hnlichen Rauschabstand von 105 dBA und einen Klirrfaktor von 0,021 % bietet sowie EMI- und RFI-St\u00f6rungen nahezu vollst\u00e4ndig eliminiert und so eine unvergleichliche Klangqualit\u00e4t gew\u00e4hrleistet.<\/p>\n<p>Diese Vielseitigkeit ist perfekt, um Frontlautsprecher mit hoher Leistung (4\u03a9) \u00fcberbr\u00fcckt (4\u03a9) mit einem Subwoofer anzutreiben.<\/p>\n<p>SP 4.500 ist vollst\u00e4ndig vor \u00dcberhitzung und Gleichstromausg\u00e4ngen gesch\u00fctzt, indem es sich sofort in den Schutzmodus schaltet (rote LED leuchtet), um das Lautsprechersystem zu retten.<\/p>\n<p>Das Aluminiumgeh\u00e4use ist nach IP55 zertifiziert und bietet maximalen Schutz vor Feuchtigkeit und Umwelteinfl\u00fcssen. Das Fehlen eines internen L\u00fcfters verhindert die Ansammlung von Schmutz. Die SP 4.500-Hauptplatine ist mit einer Schutzbeschichtung versehen, die Sch\u00e4den durch interne Kondensation verhindert, die auftreten k\u00f6nnen, wenn warme, feuchte Luft auf das k\u00e4ltere Verst\u00e4rkergeh\u00e4use trifft.<\/p>\n<p>Alle Bedienelemente sind durch eine abnehmbare Aluminiumplatte gesch\u00fctzt, um die SP 4.500 gem\u00e4\u00df IP55 zu machen und das Eindringen von Feuchtigkeit in die Schalter zu verhindern.<\/p>\n<p>SP 4.500 verf\u00fcgt \u00fcber ein integriertes, wasserdichtes Stromkabel, Line-In und Lautsprecherausg\u00e4nge, um selbst unter widrigsten Wetterbedingungen eine sichere Stromversorgung zu gew\u00e4hrleisten. Der robuste Kabelbaum f\u00fcr die Stromversorgung bietet eine ultra-stabile Strom- und Erdungsverbindung und verhindert so den Verlust des Kontakts durch Vibrationen. Aufgrund seiner speziellen Konstruktion ist der SP 4.500 die beste Wahl f\u00fcr Motorradanwendungen.<\/p>\n<p>Der SP 4.500 verf\u00fcgt \u00fcber einen integrierten USS (Universal Speakers Simulator), eine dynamische Lastschaltung an den Hi-Level-Eing\u00e4ngen, die dem OEM-Ausgangskanal zun\u00e4chst eine ausreichend geringe Last anzeigt, um die Schutzschaltung zur Stummschaltung von OEM-Lautsprecherausg\u00e4ngen zu neutralisieren. Nach Aktivierung der Schaltung wird eine h\u00f6here Last eingef\u00fchrt \u2013 immer noch gering genug, um die Class-D-Ausg\u00e4nge zu d\u00e4mpfen, aber nicht so gering, dass sie Stromprobleme oder W\u00e4rmeableitungsprobleme verursacht.<\/p>\n<p>Der SP 4.500 bietet sowohl die Erkennung von Remote-Signalen als auch die DC-Offset-Erkennung an den Lautsprechereing\u00e4ngen zur automatischen Einschaltung und gew\u00e4hrleistet so die vollst\u00e4ndige Integration in jedes Fahrzeug.<\/p>\n<p>Die universellen Frequenzweichenfilter und der Steuerkn\u00f6pfe befinden sich auf einer Seite, um eine einfache Kalibrierung nach der Installation des Produkts zu erm\u00f6glichen.<\/p>\n<p>Der Filterbereich verf\u00fcgt \u00fcber \u00e4u\u00dferst flexible Hoch- und Tiefpassfilter, die zwischen 50 Hz und 5 kHz mit einer Flankensteilheit von 12 dB\/Oktave einstellbar sind. Zusammen mit dem Bass-Boost-Regler (45 Hz, 0\u00f78 dB) erm\u00f6glichen sie die Konfiguration beider Frontkan\u00e4le f\u00fcr Vollbereichsbetrieb oder f\u00fcr den Einsatz mit einem Subwoofer und den zugeh\u00f6rigen Lautsprechern.<\/p>\n<p>Der Hochpassfilter kann auch zur Optimierung von Hochleistungslautsprechern der SPL Show neo-Serie wie sx165neo, sx690neo und sv165neo verwendet werden.<\/p>\n<table class=\"table caption-top\">\n<tbody>\n<tr>\n<td><strong>Kan\u00e4le<\/strong><\/td>\n<td>4 \u2013 3 \u2013 2<\/td>\n<\/tr>\n<tr>\n<td><strong>Nenn-Versorgungsspannung<\/strong><\/td>\n<td>11 \u00f7 15 V Gleichstrom<\/td>\n<\/tr>\n<tr>\n<td><strong>Betriebsimpulsspannung<\/strong><\/td>\n<td>6 \u00f7 16 VDC<\/td>\n<\/tr>\n<tr>\n<td><strong>Leerlaufstrom<\/strong><\/td>\n<td>0,9 A<\/td>\n<\/tr>\n<tr>\n<td><strong>Leerlaufstrom im ausgeschalteten Zustand<\/strong><\/td>\n<td>0,03 mA<\/td>\n<\/tr>\n<tr>\n<td><strong>Verbrauch @ 14,4 VDC, MIN Lastimpedanz (Max Musikeistung)<\/strong><\/td>\n<td>27 A<\/td>\n<\/tr>\n<tr>\n<td><strong>Remote EIN<\/strong><\/td>\n<td>6 \u00f7 15 VDC (9 mA)<\/td>\n<\/tr>\n<tr>\n<td><strong>DC-REM \u2013 Remote Einschaltung durch SPK DC von OUTPUT BTL Lautsprechern<\/strong><\/td>\n<td>3,5 \u00f7 7 VDC<\/td>\n<\/tr>\n<tr>\n<td><strong>Verzerrung \u2013 THD bei 1 kHz, 4 \u03a9, 70% Nennleistung<\/strong><\/td>\n<td>&lt;0,02%<\/td>\n<\/tr>\n<tr>\n<td><strong>D\u00e4mpfungsfaktor @ 1 kHz, 4\u03a9, 2 VRMS<\/strong><\/td>\n<td>150<\/td>\n<\/tr>\n<tr>\n<td><strong>Bandbreite bei -3 dB<\/strong><\/td>\n<td>10 Hz \u00f7 35 kHz<\/td>\n<\/tr>\n<tr>\n<td><strong>Rauschabstand (A-bewertet @ 1 V Eingang)<\/strong><\/td>\n<td>100 dBA<\/td>\n<\/tr>\n<tr>\n<td><strong>Pr\u00e4-In-Sensibilit\u00e4t<\/strong><\/td>\n<td>0,6 \u00f7 6 VRMS<\/td>\n<\/tr>\n<tr>\n<td><strong>Lautsprecherempfindlichkeit<\/strong><\/td>\n<td>2,2 \u00f7 22 VRMS<\/td>\n<\/tr>\n<tr>\n<td><strong>Minimale Lastimpedanz:<\/strong><\/td>\n<td><\/td>\n<\/tr>\n<tr>\n<td>@ 4Ch<\/td>\n<td>2\u03a9<\/td>\n<\/tr>\n<tr>\n<td>@ 3Ch<\/td>\n<td>8\u03a9<\/td>\n<\/tr>\n<tr>\n<td>@ 2Ch<\/td>\n<td>4\u03a9<\/td>\n<\/tr>\n<tr>\n<td><strong>Schutzart<\/strong><\/td>\n<td>IP55<\/td>\n<\/tr>\n<tr>\n<td><strong>Betriebstemperaturbereich<\/strong><\/td>\n<td>0\u00b0C (32\u00b0F) bis 55\u00b0C (131\u00b0F)<\/td>\n<\/tr>\n<tr>\n<td><strong>Maximale Gr\u00f6\u00dfe (mm\/Zoll)<\/strong><\/td>\n<td>192.7 x 130 x 49 \/ 7.58 x 4.18 x 1.9<\/td>\n<\/tr>\n<tr>\n<td><strong>Gewicht (kg\/lbs)<\/strong><\/td>\n<td>2.15 \/ 4.74<\/td>\n<\/tr>\n<tr>\n<td><strong>Verstellbare Frequenzweichen<\/strong><\/td>\n<td>Ja<\/td>\n<\/tr>\n<\/tbody>\n<\/table>","protected":false},"excerpt":{"rendered":"<p>Der Hertz SP4.500 ist die Fortsetzung der SP-Linie, also fantastische, leistungsstarke Verst\u00e4rker, die unter allen Bedingungen zurechtkommen. Dies ist eine absolute Neuheit.<\/p>\n<p>Wir nehmen jetzt die ersten Vorbestellungen entgegen. Verf\u00fcgbar im September.<\/p>","protected":false},"featured_media":7713,"comment_status":"closed","ping_status":"closed","template":"","meta":{"_acf_changed":false},"product_cat":[51],"product_tag":[],"class_list":{"0":"post-7712","1":"product","2":"type-product","3":"status-publish","4":"has-post-thumbnail","6":"product_brand-hertz","7":"product_cat-wzmacniacze","9":"first","10":"instock","11":"taxable","12":"shipping-taxable","13":"purchasable","14":"product-type-simple"},"acf":[],"yoast_head":"<!-- This site is optimized with the Yoast SEO Premium plugin v26.7 (Yoast SEO v26.7) - https:\/\/yoast.com\/wordpress\/plugins\/seo\/ -->\n<title>Wzmacniacz 2,3,4 kana\u0142owy 600W Hertz SP4.500 do motocykli Harley Davidson - Mefiu Motorcycle Audio<\/title>\n<meta name=\"robots\" content=\"index, follow, max-snippet:-1, max-image-preview:large, max-video-preview:-1\" \/>\n<link rel=\"canonical\" href=\"https:\/\/motorcycle-audio.eu\/de\/geschaft\/verstarker\/234-kanal-verstarker-600w-hertz-sp4-500-fur-harley-davidson-motorrader\/\" \/>\n<meta property=\"og:locale\" content=\"de_DE\" \/>\n<meta property=\"og:type\" content=\"article\" \/>\n<meta property=\"og:title\" content=\"Wzmacniacz 2,3,4 kana\u0142owy 600W Hertz SP4.500 do motocykli Harley Davidson\" \/>\n<meta property=\"og:description\" content=\"Hertz SP4.500 jest kontynuacj\u0105 linii SP czyli fantastycznych mocnych wzmacniaczy, kt\u00f3re radz\u0105 sobie w ka\u017cdych warunkach. Jest to totalna nowo\u015b\u0107.  Ju\u017c teraz przyjmujemy pierwsze zam\u00f3wienia w przedsprzeda\u017cy. Dostepne na we wrze\u015bniu.\" \/>\n<meta property=\"og:url\" content=\"https:\/\/motorcycle-audio.eu\/de\/geschaft\/verstarker\/234-kanal-verstarker-600w-hertz-sp4-500-fur-harley-davidson-motorrader\/\" \/>\n<meta property=\"og:site_name\" content=\"Mefiu Motorcycle Audio\" \/>\n<meta property=\"article:publisher\" content=\"https:\/\/www.facebook.com\/HarleyDavidsonAudio\" \/>\n<meta property=\"article:modified_time\" content=\"2026-02-25T13:42:46+00:00\" \/>\n<meta property=\"og:image\" content=\"https:\/\/motorcycle-audio.eu\/wp-content\/uploads\/2023\/08\/Wzmacniacz-4-3-2-kanalowy-Hertz-SP4.900-do-motocykli-Harley-Davidson.jpg\" \/>\n\t<meta property=\"og:image:width\" content=\"1800\" \/>\n\t<meta property=\"og:image:height\" content=\"1800\" \/>\n\t<meta property=\"og:image:type\" content=\"image\/jpeg\" \/>\n<meta name=\"twitter:card\" content=\"summary_large_image\" \/>\n<meta name=\"twitter:label1\" content=\"Gesch\u00e4tzte Lesezeit\" \/>\n\t<meta name=\"twitter:data1\" content=\"4\u00a0Minuten\" \/>\n<script type=\"application\/ld+json\" class=\"yoast-schema-graph\">{\"@context\":\"https:\/\/schema.org\",\"@graph\":[{\"@type\":\"WebPage\",\"@id\":\"https:\/\/motorcycle-audio.eu\/sklep\/wzmacniacze\/wzmacniacz-234-kanalowy-600w-hertz-sp4-500-do-motocykli-harley-davidson\/\",\"url\":\"https:\/\/motorcycle-audio.eu\/sklep\/wzmacniacze\/wzmacniacz-234-kanalowy-600w-hertz-sp4-500-do-motocykli-harley-davidson\/\",\"name\":\"Wzmacniacz 2,3,4 kana\u0142owy 600W Hertz SP4.500 do motocykli Harley Davidson - Mefiu Motorcycle Audio\",\"isPartOf\":{\"@id\":\"https:\/\/motorcycle-audio.eu\/#website\"},\"primaryImageOfPage\":{\"@id\":\"https:\/\/motorcycle-audio.eu\/sklep\/wzmacniacze\/wzmacniacz-234-kanalowy-600w-hertz-sp4-500-do-motocykli-harley-davidson\/#primaryimage\"},\"image\":{\"@id\":\"https:\/\/motorcycle-audio.eu\/sklep\/wzmacniacze\/wzmacniacz-234-kanalowy-600w-hertz-sp4-500-do-motocykli-harley-davidson\/#primaryimage\"},\"thumbnailUrl\":\"https:\/\/motorcycle-audio.eu\/wp-content\/uploads\/2023\/08\/Wzmacniacz-4-3-2-kanalowy-Hertz-SP4.900-do-motocykli-Harley-Davidson.jpg\",\"datePublished\":\"2023-08-02T12:11:31+00:00\",\"dateModified\":\"2026-02-25T13:42:46+00:00\",\"breadcrumb\":{\"@id\":\"https:\/\/motorcycle-audio.eu\/sklep\/wzmacniacze\/wzmacniacz-234-kanalowy-600w-hertz-sp4-500-do-motocykli-harley-davidson\/#breadcrumb\"},\"inLanguage\":\"de\",\"potentialAction\":[{\"@type\":\"ReadAction\",\"target\":[\"https:\/\/motorcycle-audio.eu\/sklep\/wzmacniacze\/wzmacniacz-234-kanalowy-600w-hertz-sp4-500-do-motocykli-harley-davidson\/\"]}]},{\"@type\":\"ImageObject\",\"inLanguage\":\"de\",\"@id\":\"https:\/\/motorcycle-audio.eu\/sklep\/wzmacniacze\/wzmacniacz-234-kanalowy-600w-hertz-sp4-500-do-motocykli-harley-davidson\/#primaryimage\",\"url\":\"https:\/\/motorcycle-audio.eu\/wp-content\/uploads\/2023\/08\/Wzmacniacz-4-3-2-kanalowy-Hertz-SP4.900-do-motocykli-Harley-Davidson.jpg\",\"contentUrl\":\"https:\/\/motorcycle-audio.eu\/wp-content\/uploads\/2023\/08\/Wzmacniacz-4-3-2-kanalowy-Hertz-SP4.900-do-motocykli-Harley-Davidson.jpg\",\"width\":1800,\"height\":1800,\"caption\":\"Wzmacniacz 4, 3, 2 kana\u0142owy Hertz SP4.900 do motocykli Harley Davidson\"},{\"@type\":\"BreadcrumbList\",\"@id\":\"https:\/\/motorcycle-audio.eu\/sklep\/wzmacniacze\/wzmacniacz-234-kanalowy-600w-hertz-sp4-500-do-motocykli-harley-davidson\/#breadcrumb\",\"itemListElement\":[{\"@type\":\"ListItem\",\"position\":1,\"name\":\"Strona g\u0142\u00f3wna\",\"item\":\"https:\/\/motorcycle-audio.eu\/\"},{\"@type\":\"ListItem\",\"position\":2,\"name\":\"Sklep\",\"item\":\"https:\/\/motorcycle-audio.eu\/sklep\/\"},{\"@type\":\"ListItem\",\"position\":3,\"name\":\"Wzmacniacz 2,3,4 kana\u0142owy 600W Hertz SP4.500 do motocykli Harley Davidson\"}]},{\"@type\":\"WebSite\",\"@id\":\"https:\/\/motorcycle-audio.eu\/#website\",\"url\":\"https:\/\/motorcycle-audio.eu\/\",\"name\":\"Mefiu Motorcycle Audio\",\"description\":\"Play it loud!\",\"publisher\":{\"@id\":\"https:\/\/motorcycle-audio.eu\/#organization\"},\"potentialAction\":[{\"@type\":\"SearchAction\",\"target\":{\"@type\":\"EntryPoint\",\"urlTemplate\":\"https:\/\/motorcycle-audio.eu\/?s={search_term_string}\"},\"query-input\":{\"@type\":\"PropertyValueSpecification\",\"valueRequired\":true,\"valueName\":\"search_term_string\"}}],\"inLanguage\":\"de\"},{\"@type\":\"Organization\",\"@id\":\"https:\/\/motorcycle-audio.eu\/#organization\",\"name\":\"Mefiu Motorcycle Audio\",\"url\":\"https:\/\/motorcycle-audio.eu\/\",\"logo\":{\"@type\":\"ImageObject\",\"inLanguage\":\"de\",\"@id\":\"https:\/\/motorcycle-audio.eu\/#\/schema\/logo\/image\/\",\"url\":\"https:\/\/motorcycle-audio.eu\/wp-content\/uploads\/2025\/05\/mefiu_logo.png\",\"contentUrl\":\"https:\/\/motorcycle-audio.eu\/wp-content\/uploads\/2025\/05\/mefiu_logo.png\",\"width\":150,\"height\":150,\"caption\":\"Mefiu Motorcycle Audio\"},\"image\":{\"@id\":\"https:\/\/motorcycle-audio.eu\/#\/schema\/logo\/image\/\"},\"sameAs\":[\"https:\/\/www.facebook.com\/HarleyDavidsonAudio\"]}]}<\/script>\n<!-- \/ Yoast SEO Premium plugin. -->","yoast_head_json":{"title":"Verst\u00e4rker 2,3,4-Kanal 600W Hertz SP4.500 f\u00fcr Harley Davidson Motorr\u00e4der - Mefiu Motorcycle Audio","robots":{"index":"index","follow":"follow","max-snippet":"max-snippet:-1","max-image-preview":"max-image-preview:large","max-video-preview":"max-video-preview:-1"},"canonical":"https:\/\/motorcycle-audio.eu\/de\/geschaft\/verstarker\/234-kanal-verstarker-600w-hertz-sp4-500-fur-harley-davidson-motorrader\/","og_locale":"de_DE","og_type":"article","og_title":"Wzmacniacz 2,3,4 kana\u0142owy 600W Hertz SP4.500 do motocykli Harley Davidson","og_description":"Hertz SP4.500 jest kontynuacj\u0105 linii SP czyli fantastycznych mocnych wzmacniaczy, kt\u00f3re radz\u0105 sobie w ka\u017cdych warunkach. Jest to totalna nowo\u015b\u0107.  Ju\u017c teraz przyjmujemy pierwsze zam\u00f3wienia w przedsprzeda\u017cy. Dostepne na we wrze\u015bniu.","og_url":"https:\/\/motorcycle-audio.eu\/de\/geschaft\/verstarker\/234-kanal-verstarker-600w-hertz-sp4-500-fur-harley-davidson-motorrader\/","og_site_name":"Mefiu Motorcycle Audio","article_publisher":"https:\/\/www.facebook.com\/HarleyDavidsonAudio","article_modified_time":"2026-02-25T13:42:46+00:00","og_image":[{"width":1800,"height":1800,"url":"https:\/\/motorcycle-audio.eu\/wp-content\/uploads\/2023\/08\/Wzmacniacz-4-3-2-kanalowy-Hertz-SP4.900-do-motocykli-Harley-Davidson.jpg","type":"image\/jpeg"}],"twitter_card":"summary_large_image","twitter_misc":{"Gesch\u00e4tzte Lesezeit":"4\u00a0Minuten"},"schema":{"@context":"https:\/\/schema.org","@graph":[{"@type":"WebPage","@id":"https:\/\/motorcycle-audio.eu\/sklep\/wzmacniacze\/wzmacniacz-234-kanalowy-600w-hertz-sp4-500-do-motocykli-harley-davidson\/","url":"https:\/\/motorcycle-audio.eu\/sklep\/wzmacniacze\/wzmacniacz-234-kanalowy-600w-hertz-sp4-500-do-motocykli-harley-davidson\/","name":"Verst\u00e4rker 2,3,4-Kanal 600W Hertz SP4.500 f\u00fcr Harley Davidson Motorr\u00e4der - Mefiu Motorcycle Audio","isPartOf":{"@id":"https:\/\/motorcycle-audio.eu\/#website"},"primaryImageOfPage":{"@id":"https:\/\/motorcycle-audio.eu\/sklep\/wzmacniacze\/wzmacniacz-234-kanalowy-600w-hertz-sp4-500-do-motocykli-harley-davidson\/#primaryimage"},"image":{"@id":"https:\/\/motorcycle-audio.eu\/sklep\/wzmacniacze\/wzmacniacz-234-kanalowy-600w-hertz-sp4-500-do-motocykli-harley-davidson\/#primaryimage"},"thumbnailUrl":"https:\/\/motorcycle-audio.eu\/wp-content\/uploads\/2023\/08\/Wzmacniacz-4-3-2-kanalowy-Hertz-SP4.900-do-motocykli-Harley-Davidson.jpg","datePublished":"2023-08-02T12:11:31+00:00","dateModified":"2026-02-25T13:42:46+00:00","breadcrumb":{"@id":"https:\/\/motorcycle-audio.eu\/sklep\/wzmacniacze\/wzmacniacz-234-kanalowy-600w-hertz-sp4-500-do-motocykli-harley-davidson\/#breadcrumb"},"inLanguage":"de","potentialAction":[{"@type":"ReadAction","target":["https:\/\/motorcycle-audio.eu\/sklep\/wzmacniacze\/wzmacniacz-234-kanalowy-600w-hertz-sp4-500-do-motocykli-harley-davidson\/"]}]},{"@type":"ImageObject","inLanguage":"de","@id":"https:\/\/motorcycle-audio.eu\/sklep\/wzmacniacze\/wzmacniacz-234-kanalowy-600w-hertz-sp4-500-do-motocykli-harley-davidson\/#primaryimage","url":"https:\/\/motorcycle-audio.eu\/wp-content\/uploads\/2023\/08\/Wzmacniacz-4-3-2-kanalowy-Hertz-SP4.900-do-motocykli-Harley-Davidson.jpg","contentUrl":"https:\/\/motorcycle-audio.eu\/wp-content\/uploads\/2023\/08\/Wzmacniacz-4-3-2-kanalowy-Hertz-SP4.900-do-motocykli-Harley-Davidson.jpg","width":1800,"height":1800,"caption":"Wzmacniacz 4, 3, 2 kana\u0142owy Hertz SP4.900 do motocykli Harley Davidson"},{"@type":"BreadcrumbList","@id":"https:\/\/motorcycle-audio.eu\/sklep\/wzmacniacze\/wzmacniacz-234-kanalowy-600w-hertz-sp4-500-do-motocykli-harley-davidson\/#breadcrumb","itemListElement":[{"@type":"ListItem","position":1,"name":"Strona g\u0142\u00f3wna","item":"https:\/\/motorcycle-audio.eu\/"},{"@type":"ListItem","position":2,"name":"Sklep","item":"https:\/\/motorcycle-audio.eu\/sklep\/"},{"@type":"ListItem","position":3,"name":"Wzmacniacz 2,3,4 kana\u0142owy 600W Hertz SP4.500 do motocykli Harley Davidson"}]},{"@type":"WebSite","@id":"https:\/\/motorcycle-audio.eu\/#website","url":"https:\/\/motorcycle-audio.eu\/","name":"Mefiu Motorrad Audio","description":"Spiel es laut!","publisher":{"@id":"https:\/\/motorcycle-audio.eu\/#organization"},"potentialAction":[{"@type":"SearchAction","target":{"@type":"EntryPoint","urlTemplate":"https:\/\/motorcycle-audio.eu\/?s={search_term_string}"},"query-input":{"@type":"PropertyValueSpecification","valueRequired":true,"valueName":"search_term_string"}}],"inLanguage":"de"},{"@type":"Organization","@id":"https:\/\/motorcycle-audio.eu\/#organization","name":"Mefiu Motorrad Audio","url":"https:\/\/motorcycle-audio.eu\/","logo":{"@type":"ImageObject","inLanguage":"de","@id":"https:\/\/motorcycle-audio.eu\/#\/schema\/logo\/image\/","url":"https:\/\/motorcycle-audio.eu\/wp-content\/uploads\/2025\/05\/mefiu_logo.png","contentUrl":"https:\/\/motorcycle-audio.eu\/wp-content\/uploads\/2025\/05\/mefiu_logo.png","width":150,"height":150,"caption":"Mefiu Motorcycle Audio"},"image":{"@id":"https:\/\/motorcycle-audio.eu\/#\/schema\/logo\/image\/"},"sameAs":["https:\/\/www.facebook.com\/HarleyDavidsonAudio"]}]}},"jetpack_sharing_enabled":true,"_links":{"self":[{"href":"https:\/\/motorcycle-audio.eu\/de\/wp-json\/wp\/v2\/product\/7712","targetHints":{"allow":["GET"]}}],"collection":[{"href":"https:\/\/motorcycle-audio.eu\/de\/wp-json\/wp\/v2\/product"}],"about":[{"href":"https:\/\/motorcycle-audio.eu\/de\/wp-json\/wp\/v2\/types\/product"}],"replies":[{"embeddable":true,"href":"https:\/\/motorcycle-audio.eu\/de\/wp-json\/wp\/v2\/comments?post=7712"}],"version-history":[{"count":2,"href":"https:\/\/motorcycle-audio.eu\/de\/wp-json\/wp\/v2\/product\/7712\/revisions"}],"predecessor-version":[{"id":9889,"href":"https:\/\/motorcycle-audio.eu\/de\/wp-json\/wp\/v2\/product\/7712\/revisions\/9889"}],"wp:featuredmedia":[{"embeddable":true,"href":"https:\/\/motorcycle-audio.eu\/de\/wp-json\/wp\/v2\/media\/7713"}],"wp:attachment":[{"href":"https:\/\/motorcycle-audio.eu\/de\/wp-json\/wp\/v2\/media?parent=7712"}],"wp:term":[{"taxonomy":"product_cat","embeddable":true,"href":"https:\/\/motorcycle-audio.eu\/de\/wp-json\/wp\/v2\/product_cat?post=7712"},{"taxonomy":"product_tag","embeddable":true,"href":"https:\/\/motorcycle-audio.eu\/de\/wp-json\/wp\/v2\/product_tag?post=7712"}],"curies":[{"name":"wp","href":"https:\/\/api.w.org\/{rel}","templated":true}]}}