{"id":7702,"date":"2023-08-02T13:24:50","date_gmt":"2023-08-02T11:24:50","guid":{"rendered":"https:\/\/motorcycle-audio.eu\/?post_type=product&#038;p=7702"},"modified":"2026-02-25T14:42:56","modified_gmt":"2026-02-25T13:42:56","slug":"hertz-hmp-4d-600w-4-kanal-verstarker-fur-harley-davidson-motorrader","status":"publish","type":"product","link":"https:\/\/motorcycle-audio.eu\/de\/geschaft\/verstarker\/hertz-hmp-4d-600w-4-kanal-verstarker-fur-harley-davidson-motorrader\/","title":{"rendered":"4\/2-Kanal Verst\u00e4rker 600W Hertz HMP4D f\u00fcr Harley Davidson Motorr\u00e4der"},"content":{"rendered":"<p>Ein wenig kleiner, aber immer noch sehr leistungsstarker Verst\u00e4rker, der Hertz HMP4D, ist unsere Wahl f\u00fcr 2- und 4-Kanal-Installationen. Gebr\u00fcckt liefert er 150W pro Kanal an 4 Ohm und 300W an 2 Ohm. Ausgezeichnet und zuverl\u00e4ssig.<\/p>\n<p>Dank des ultrakompakten Geh\u00e4uses aus Aluminiumguss (Schutzart IP64) ist der HMP 4D Verst\u00e4rker wetterbest\u00e4ndig und somit die ideale Wahl f\u00fcr UTV\/ATV\/Motorradinstallationen.<\/p>\n<p>Er zeichnet sich durch ein unglaubliches Leistungs-Gr\u00f6\u00dfen-Verh\u00e4ltnis und eine einfache Konfiguration dank des integrierten Frequenzweichenfilters aus. Die Front-End-Sektion enth\u00e4lt ein komplettes und umgehbar aufschaltbares Frequenzweichensystem, das volle Flexibilit\u00e4t beim Systemdesign mit oder ohne externe Prozessoren bietet und dem Benutzer unbegrenzte Anschlussm\u00f6glichkeiten an jede beliebige Quelle er\u00f6ffnet.<\/p>\n<p>Die Eing\u00e4nge sind mit speziellen symmetrischen Schaltungen ausgestattet, die eine hohe Unterdr\u00fcckung von elektromagnetischen St\u00f6rungen gew\u00e4hrleisten und rauschfreie Ergebnisse erm\u00f6glichen.<\/p>\n<p>&nbsp;<\/p>\n<table class=\"table caption-top\">\n<tbody>\n<tr>\n<td><strong>Kan\u00e4le<\/strong><\/td>\n<td>4 \u2013 2<\/td>\n<\/tr>\n<tr>\n<td>STROMVERSORGUNG<\/td>\n<td><\/td>\n<\/tr>\n<tr>\n<td><strong>Stromversorgungsspannung \/ Sicherung:<\/strong><\/td>\n<td>11 \u00f7 15 VDC \/ 1 x 15 A<\/td>\n<\/tr>\n<tr>\n<td><strong>Leerlaufstrom (Ein\/Aus)<\/strong><\/td>\n<td>1,2 A \/ 0,04 mA<\/td>\n<\/tr>\n<tr>\n<td><strong>Verbrauch @ 2 \u03a9, 14,4 VDC (Max. Musikleistung): <\/strong><\/td>\n<td>15 A<\/td>\n<\/tr>\n<tr>\n<td><strong>Fern Ein <\/strong><\/td>\n<td>4 \u00f7 15 VDC \u2013 1 mA<\/td>\n<\/tr>\n<tr>\n<td><strong>KUNST:<\/strong><\/td>\n<td>Automatisches Ein-\/Ausschalten aus der Ferne<\/td>\n<\/tr>\n<tr>\n<td>VERST\u00c4RKERSTUFE<\/td>\n<td><\/td>\n<\/tr>\n<tr>\n<td><strong>Verzerrung \u2013 Klirrfaktor (100 Hz @ 4\u03a9)<\/strong><\/td>\n<td>0.2 %<\/td>\n<\/tr>\n<tr>\n<td><strong>Bandbreite<\/strong><\/td>\n<td>10 \u00f7 30 kHz<\/td>\n<\/tr>\n<tr>\n<td><strong>Rauschabstand (A-bewertet @ 1 V)<\/strong><\/td>\n<td>95 dB<\/td>\n<\/tr>\n<tr>\n<td><strong>D\u00e4mpfungsfaktor (100 Hz @ 4\u03a9)<\/strong><\/td>\n<td>45<\/td>\n<\/tr>\n<tr>\n<td><strong>Pr\u00e4-In-Sensitivit\u00e4t<\/strong><\/td>\n<td>LO: 0.2 \u00f7 5 V<br \/>\nHI: 0,8 \u00f7 20 V<\/td>\n<\/tr>\n<tr>\n<td><strong>Lastimpedanz (MIN)<\/strong><br \/>\n@ 4 Kan\u00e4le:<br \/>\n@ 2 Ch:<\/td>\n<td>2 \u03a9<br \/>\n4 \u03a9<\/td>\n<\/tr>\n<tr>\n<td><strong>Maximale Gr\u00f6\u00dfe (mm\/Zoll):<\/strong><\/td>\n<td>223 x 100,5 x 43,6 \/ 8.77 x 3.95 x 1.71<\/td>\n<\/tr>\n<tr>\n<td><strong>Gewicht (kg\/lb): <\/strong><\/td>\n<td>1.35 \/ 2.97<\/td>\n<\/tr>\n<tr>\n<td><strong>Verstellbare Frequenzweichen<\/strong><\/td>\n<td>Ja<\/td>\n<\/tr>\n<\/tbody>\n<\/table>","protected":false},"excerpt":{"rendered":"<p>Ein wenig kleiner, aber immer noch sehr leistungsstarker Verst\u00e4rker, der Hertz HMP4D, ist unsere Wahl f\u00fcr 2- und 4-Kanal-Installationen. Gebr\u00fcckt liefert er 150W pro Kanal an 4 Ohm und 300W an 2 Ohm. Ausgezeichnet und zuverl\u00e4ssig.<\/p>\n<p>&nbsp;<\/p>","protected":false},"featured_media":7706,"comment_status":"closed","ping_status":"closed","template":"","meta":{"_acf_changed":false},"product_cat":[51],"product_tag":[],"class_list":{"0":"post-7702","1":"product","2":"type-product","3":"status-publish","4":"has-post-thumbnail","6":"product_brand-hertz","7":"product_cat-wzmacniacze","9":"first","10":"instock","11":"taxable","12":"shipping-taxable","13":"purchasable","14":"product-type-simple"},"acf":[],"yoast_head":"<!-- This site is optimized with the Yoast SEO Premium plugin v26.7 (Yoast SEO v26.7) - https:\/\/yoast.com\/wordpress\/plugins\/seo\/ -->\n<title>Wzmacniacz 4\/2 kana\u0142owy 600W Hertz HMP4D do motocykli Harley Davidson - Mefiu Motorcycle Audio<\/title>\n<meta name=\"robots\" content=\"index, follow, max-snippet:-1, max-image-preview:large, max-video-preview:-1\" \/>\n<link rel=\"canonical\" href=\"https:\/\/motorcycle-audio.eu\/de\/geschaft\/verstarker\/hertz-hmp-4d-600w-4-kanal-verstarker-fur-harley-davidson-motorrader\/\" \/>\n<meta property=\"og:locale\" content=\"de_DE\" \/>\n<meta property=\"og:type\" content=\"article\" \/>\n<meta property=\"og:title\" content=\"Wzmacniacz 4\/2 kana\u0142owy 600W Hertz HMP4D do motocykli Harley Davidson\" \/>\n<meta property=\"og:description\" content=\"Troszk\u0119 mniejszy ale nadal Bardzo mocny wzmacniacz Hertz HMP4D, jest naszym wyborem do instalacji 2 i 4 g\u0142o\u015bnikowych. Przy zmostkowaniu daje po 150W na kana\u0142 przy 4 Omh i 300W przy 2 Ohm. Doskona\u0142y i niezawodny.  &nbsp;\" \/>\n<meta property=\"og:url\" content=\"https:\/\/motorcycle-audio.eu\/de\/geschaft\/verstarker\/hertz-hmp-4d-600w-4-kanal-verstarker-fur-harley-davidson-motorrader\/\" \/>\n<meta property=\"og:site_name\" content=\"Mefiu Motorcycle Audio\" \/>\n<meta property=\"article:publisher\" content=\"https:\/\/www.facebook.com\/HarleyDavidsonAudio\" \/>\n<meta property=\"article:modified_time\" content=\"2026-02-25T13:42:56+00:00\" \/>\n<meta property=\"og:image\" content=\"https:\/\/motorcycle-audio.eu\/wp-content\/uploads\/2023\/08\/Wzmacniacz-Hertz-HMP4D-do-motocykli-Harley-Davidson.jpg\" \/>\n\t<meta property=\"og:image:width\" content=\"1800\" \/>\n\t<meta property=\"og:image:height\" content=\"1800\" \/>\n\t<meta property=\"og:image:type\" content=\"image\/jpeg\" \/>\n<meta name=\"twitter:card\" content=\"summary_large_image\" \/>\n<meta name=\"twitter:label1\" content=\"Gesch\u00e4tzte Lesezeit\" \/>\n\t<meta name=\"twitter:data1\" content=\"2\u00a0Minuten\" \/>\n<script type=\"application\/ld+json\" class=\"yoast-schema-graph\">{\"@context\":\"https:\/\/schema.org\",\"@graph\":[{\"@type\":\"WebPage\",\"@id\":\"https:\/\/motorcycle-audio.eu\/sklep\/wzmacniacze\/wzmacniacz-4-2-kanalowy-600w-hertz-hmp4d-do-motocykli-harley-davidson\/\",\"url\":\"https:\/\/motorcycle-audio.eu\/sklep\/wzmacniacze\/wzmacniacz-4-2-kanalowy-600w-hertz-hmp4d-do-motocykli-harley-davidson\/\",\"name\":\"Wzmacniacz 4\/2 kana\u0142owy 600W Hertz HMP4D do motocykli Harley Davidson - Mefiu Motorcycle Audio\",\"isPartOf\":{\"@id\":\"https:\/\/motorcycle-audio.eu\/#website\"},\"primaryImageOfPage\":{\"@id\":\"https:\/\/motorcycle-audio.eu\/sklep\/wzmacniacze\/wzmacniacz-4-2-kanalowy-600w-hertz-hmp4d-do-motocykli-harley-davidson\/#primaryimage\"},\"image\":{\"@id\":\"https:\/\/motorcycle-audio.eu\/sklep\/wzmacniacze\/wzmacniacz-4-2-kanalowy-600w-hertz-hmp4d-do-motocykli-harley-davidson\/#primaryimage\"},\"thumbnailUrl\":\"https:\/\/motorcycle-audio.eu\/wp-content\/uploads\/2023\/08\/Wzmacniacz-Hertz-HMP4D-do-motocykli-Harley-Davidson.jpg\",\"datePublished\":\"2023-08-02T11:24:50+00:00\",\"dateModified\":\"2026-02-25T13:42:56+00:00\",\"breadcrumb\":{\"@id\":\"https:\/\/motorcycle-audio.eu\/sklep\/wzmacniacze\/wzmacniacz-4-2-kanalowy-600w-hertz-hmp4d-do-motocykli-harley-davidson\/#breadcrumb\"},\"inLanguage\":\"de\",\"potentialAction\":[{\"@type\":\"ReadAction\",\"target\":[\"https:\/\/motorcycle-audio.eu\/sklep\/wzmacniacze\/wzmacniacz-4-2-kanalowy-600w-hertz-hmp4d-do-motocykli-harley-davidson\/\"]}]},{\"@type\":\"ImageObject\",\"inLanguage\":\"de\",\"@id\":\"https:\/\/motorcycle-audio.eu\/sklep\/wzmacniacze\/wzmacniacz-4-2-kanalowy-600w-hertz-hmp4d-do-motocykli-harley-davidson\/#primaryimage\",\"url\":\"https:\/\/motorcycle-audio.eu\/wp-content\/uploads\/2023\/08\/Wzmacniacz-Hertz-HMP4D-do-motocykli-Harley-Davidson.jpg\",\"contentUrl\":\"https:\/\/motorcycle-audio.eu\/wp-content\/uploads\/2023\/08\/Wzmacniacz-Hertz-HMP4D-do-motocykli-Harley-Davidson.jpg\",\"width\":1800,\"height\":1800,\"caption\":\"Wzmacniacz Hertz HMP4D do motocykli Harley Davidson\"},{\"@type\":\"BreadcrumbList\",\"@id\":\"https:\/\/motorcycle-audio.eu\/sklep\/wzmacniacze\/wzmacniacz-4-2-kanalowy-600w-hertz-hmp4d-do-motocykli-harley-davidson\/#breadcrumb\",\"itemListElement\":[{\"@type\":\"ListItem\",\"position\":1,\"name\":\"Strona g\u0142\u00f3wna\",\"item\":\"https:\/\/motorcycle-audio.eu\/\"},{\"@type\":\"ListItem\",\"position\":2,\"name\":\"Sklep\",\"item\":\"https:\/\/motorcycle-audio.eu\/sklep\/\"},{\"@type\":\"ListItem\",\"position\":3,\"name\":\"Wzmacniacz 4\/2 kana\u0142owy 600W Hertz HMP4D do motocykli Harley Davidson\"}]},{\"@type\":\"WebSite\",\"@id\":\"https:\/\/motorcycle-audio.eu\/#website\",\"url\":\"https:\/\/motorcycle-audio.eu\/\",\"name\":\"Mefiu Motorcycle Audio\",\"description\":\"Play it loud!\",\"publisher\":{\"@id\":\"https:\/\/motorcycle-audio.eu\/#organization\"},\"potentialAction\":[{\"@type\":\"SearchAction\",\"target\":{\"@type\":\"EntryPoint\",\"urlTemplate\":\"https:\/\/motorcycle-audio.eu\/?s={search_term_string}\"},\"query-input\":{\"@type\":\"PropertyValueSpecification\",\"valueRequired\":true,\"valueName\":\"search_term_string\"}}],\"inLanguage\":\"de\"},{\"@type\":\"Organization\",\"@id\":\"https:\/\/motorcycle-audio.eu\/#organization\",\"name\":\"Mefiu Motorcycle Audio\",\"url\":\"https:\/\/motorcycle-audio.eu\/\",\"logo\":{\"@type\":\"ImageObject\",\"inLanguage\":\"de\",\"@id\":\"https:\/\/motorcycle-audio.eu\/#\/schema\/logo\/image\/\",\"url\":\"https:\/\/motorcycle-audio.eu\/wp-content\/uploads\/2025\/05\/mefiu_logo.png\",\"contentUrl\":\"https:\/\/motorcycle-audio.eu\/wp-content\/uploads\/2025\/05\/mefiu_logo.png\",\"width\":150,\"height\":150,\"caption\":\"Mefiu Motorcycle Audio\"},\"image\":{\"@id\":\"https:\/\/motorcycle-audio.eu\/#\/schema\/logo\/image\/\"},\"sameAs\":[\"https:\/\/www.facebook.com\/HarleyDavidsonAudio\"]}]}<\/script>\n<!-- \/ Yoast SEO Premium plugin. -->","yoast_head_json":{"title":"Hertz HMP4D 600W 4\/2-Kanal Verst\u00e4rker f\u00fcr Harley Davidson Motorr\u00e4der - Mefiu Motorcycle Audio","robots":{"index":"index","follow":"follow","max-snippet":"max-snippet:-1","max-image-preview":"max-image-preview:large","max-video-preview":"max-video-preview:-1"},"canonical":"https:\/\/motorcycle-audio.eu\/de\/geschaft\/verstarker\/hertz-hmp-4d-600w-4-kanal-verstarker-fur-harley-davidson-motorrader\/","og_locale":"de_DE","og_type":"article","og_title":"Wzmacniacz 4\/2 kana\u0142owy 600W Hertz HMP4D do motocykli Harley Davidson","og_description":"Troszk\u0119 mniejszy ale nadal Bardzo mocny wzmacniacz Hertz HMP4D, jest naszym wyborem do instalacji 2 i 4 g\u0142o\u015bnikowych. Przy zmostkowaniu daje po 150W na kana\u0142 przy 4 Omh i 300W przy 2 Ohm. Doskona\u0142y i niezawodny.  &nbsp;","og_url":"https:\/\/motorcycle-audio.eu\/de\/geschaft\/verstarker\/hertz-hmp-4d-600w-4-kanal-verstarker-fur-harley-davidson-motorrader\/","og_site_name":"Mefiu Motorcycle Audio","article_publisher":"https:\/\/www.facebook.com\/HarleyDavidsonAudio","article_modified_time":"2026-02-25T13:42:56+00:00","og_image":[{"width":1800,"height":1800,"url":"https:\/\/motorcycle-audio.eu\/wp-content\/uploads\/2023\/08\/Wzmacniacz-Hertz-HMP4D-do-motocykli-Harley-Davidson.jpg","type":"image\/jpeg"}],"twitter_card":"summary_large_image","twitter_misc":{"Gesch\u00e4tzte Lesezeit":"2\u00a0Minuten"},"schema":{"@context":"https:\/\/schema.org","@graph":[{"@type":"WebPage","@id":"https:\/\/motorcycle-audio.eu\/sklep\/wzmacniacze\/wzmacniacz-4-2-kanalowy-600w-hertz-hmp4d-do-motocykli-harley-davidson\/","url":"https:\/\/motorcycle-audio.eu\/sklep\/wzmacniacze\/wzmacniacz-4-2-kanalowy-600w-hertz-hmp4d-do-motocykli-harley-davidson\/","name":"Hertz HMP4D 600W 4\/2-Kanal Verst\u00e4rker f\u00fcr Harley Davidson Motorr\u00e4der - Mefiu Motorcycle Audio","isPartOf":{"@id":"https:\/\/motorcycle-audio.eu\/#website"},"primaryImageOfPage":{"@id":"https:\/\/motorcycle-audio.eu\/sklep\/wzmacniacze\/wzmacniacz-4-2-kanalowy-600w-hertz-hmp4d-do-motocykli-harley-davidson\/#primaryimage"},"image":{"@id":"https:\/\/motorcycle-audio.eu\/sklep\/wzmacniacze\/wzmacniacz-4-2-kanalowy-600w-hertz-hmp4d-do-motocykli-harley-davidson\/#primaryimage"},"thumbnailUrl":"https:\/\/motorcycle-audio.eu\/wp-content\/uploads\/2023\/08\/Wzmacniacz-Hertz-HMP4D-do-motocykli-Harley-Davidson.jpg","datePublished":"2023-08-02T11:24:50+00:00","dateModified":"2026-02-25T13:42:56+00:00","breadcrumb":{"@id":"https:\/\/motorcycle-audio.eu\/sklep\/wzmacniacze\/wzmacniacz-4-2-kanalowy-600w-hertz-hmp4d-do-motocykli-harley-davidson\/#breadcrumb"},"inLanguage":"de","potentialAction":[{"@type":"ReadAction","target":["https:\/\/motorcycle-audio.eu\/sklep\/wzmacniacze\/wzmacniacz-4-2-kanalowy-600w-hertz-hmp4d-do-motocykli-harley-davidson\/"]}]},{"@type":"ImageObject","inLanguage":"de","@id":"https:\/\/motorcycle-audio.eu\/sklep\/wzmacniacze\/wzmacniacz-4-2-kanalowy-600w-hertz-hmp4d-do-motocykli-harley-davidson\/#primaryimage","url":"https:\/\/motorcycle-audio.eu\/wp-content\/uploads\/2023\/08\/Wzmacniacz-Hertz-HMP4D-do-motocykli-Harley-Davidson.jpg","contentUrl":"https:\/\/motorcycle-audio.eu\/wp-content\/uploads\/2023\/08\/Wzmacniacz-Hertz-HMP4D-do-motocykli-Harley-Davidson.jpg","width":1800,"height":1800,"caption":"Wzmacniacz Hertz HMP4D do motocykli Harley Davidson"},{"@type":"BreadcrumbList","@id":"https:\/\/motorcycle-audio.eu\/sklep\/wzmacniacze\/wzmacniacz-4-2-kanalowy-600w-hertz-hmp4d-do-motocykli-harley-davidson\/#breadcrumb","itemListElement":[{"@type":"ListItem","position":1,"name":"Strona g\u0142\u00f3wna","item":"https:\/\/motorcycle-audio.eu\/"},{"@type":"ListItem","position":2,"name":"Sklep","item":"https:\/\/motorcycle-audio.eu\/sklep\/"},{"@type":"ListItem","position":3,"name":"Wzmacniacz 4\/2 kana\u0142owy 600W Hertz HMP4D do motocykli Harley Davidson"}]},{"@type":"WebSite","@id":"https:\/\/motorcycle-audio.eu\/#website","url":"https:\/\/motorcycle-audio.eu\/","name":"Mefiu Motorrad Audio","description":"Spiel es laut!","publisher":{"@id":"https:\/\/motorcycle-audio.eu\/#organization"},"potentialAction":[{"@type":"SearchAction","target":{"@type":"EntryPoint","urlTemplate":"https:\/\/motorcycle-audio.eu\/?s={search_term_string}"},"query-input":{"@type":"PropertyValueSpecification","valueRequired":true,"valueName":"search_term_string"}}],"inLanguage":"de"},{"@type":"Organization","@id":"https:\/\/motorcycle-audio.eu\/#organization","name":"Mefiu Motorrad Audio","url":"https:\/\/motorcycle-audio.eu\/","logo":{"@type":"ImageObject","inLanguage":"de","@id":"https:\/\/motorcycle-audio.eu\/#\/schema\/logo\/image\/","url":"https:\/\/motorcycle-audio.eu\/wp-content\/uploads\/2025\/05\/mefiu_logo.png","contentUrl":"https:\/\/motorcycle-audio.eu\/wp-content\/uploads\/2025\/05\/mefiu_logo.png","width":150,"height":150,"caption":"Mefiu Motorcycle Audio"},"image":{"@id":"https:\/\/motorcycle-audio.eu\/#\/schema\/logo\/image\/"},"sameAs":["https:\/\/www.facebook.com\/HarleyDavidsonAudio"]}]}},"jetpack_sharing_enabled":true,"_links":{"self":[{"href":"https:\/\/motorcycle-audio.eu\/de\/wp-json\/wp\/v2\/product\/7702","targetHints":{"allow":["GET"]}}],"collection":[{"href":"https:\/\/motorcycle-audio.eu\/de\/wp-json\/wp\/v2\/product"}],"about":[{"href":"https:\/\/motorcycle-audio.eu\/de\/wp-json\/wp\/v2\/types\/product"}],"replies":[{"embeddable":true,"href":"https:\/\/motorcycle-audio.eu\/de\/wp-json\/wp\/v2\/comments?post=7702"}],"version-history":[{"count":2,"href":"https:\/\/motorcycle-audio.eu\/de\/wp-json\/wp\/v2\/product\/7702\/revisions"}],"predecessor-version":[{"id":9885,"href":"https:\/\/motorcycle-audio.eu\/de\/wp-json\/wp\/v2\/product\/7702\/revisions\/9885"}],"wp:featuredmedia":[{"embeddable":true,"href":"https:\/\/motorcycle-audio.eu\/de\/wp-json\/wp\/v2\/media\/7706"}],"wp:attachment":[{"href":"https:\/\/motorcycle-audio.eu\/de\/wp-json\/wp\/v2\/media?parent=7702"}],"wp:term":[{"taxonomy":"product_cat","embeddable":true,"href":"https:\/\/motorcycle-audio.eu\/de\/wp-json\/wp\/v2\/product_cat?post=7702"},{"taxonomy":"product_tag","embeddable":true,"href":"https:\/\/motorcycle-audio.eu\/de\/wp-json\/wp\/v2\/product_tag?post=7702"}],"curies":[{"name":"wp","href":"https:\/\/api.w.org\/{rel}","templated":true}]}}