{"id":7694,"date":"2023-08-01T15:58:05","date_gmt":"2023-08-01T13:58:05","guid":{"rendered":"https:\/\/motorcycle-audio.eu\/?post_type=product&#038;p=7694"},"modified":"2026-02-25T14:43:07","modified_gmt":"2026-02-25T13:43:07","slug":"hertz-sp-4-900-verstarker-fur-harley-davidson-motorrader","status":"publish","type":"product","link":"https:\/\/motorcycle-audio.eu\/de\/geschaft\/verstarker\/hertz-sp-4-900-verstarker-fur-harley-davidson-motorrader\/","title":{"rendered":"Hertz SP4.900 Verst\u00e4rker f\u00fcr Harley Davidson Motorr\u00e4der"},"content":{"rendered":"<p>Der SP 4.900 ist der erste Hertz-Verst\u00e4rker, der mit der neuen Hertz ADC-Endstufe (Advanced D-Class) ausgestattet ist, einen Wirkungsgrad von bis zu 85 % erreicht und eine beeindruckende Nennleistung von 160 \u00d7 4 (4 \u03a9) W RMS bzw. 500 W \u00d7 2 (4 \u03a9) RMS im Br\u00fcckenbetrieb bei ultrakompakten Abmessungen von 211,6 \u00d7 130 mm. Der SP4.900 ist dank seiner Abmessungen und seiner enormen Leistung die ideale Wahl f\u00fcr Motorrad-Anwendungen.<\/p>\n<p>Die Hertz-ADC-Technologie sorgt daf\u00fcr, dass der SP 4.900 herk\u00f6mmliche ultrakompakte Verst\u00e4rker \u00fcbertrifft: Er bietet einen au\u00dfergew\u00f6hnlichen Rauschabstand von 105 dBA und einen Klirrfaktor von 0,021 % (TP3T) sowie eine nahezu vollst\u00e4ndige Unterdr\u00fcckung von EMI- und RFI-St\u00f6rungen, was zu einer unvergleichlichen Klangqualit\u00e4t f\u00fchrt.<\/p>\n<p>Diese Vielseitigkeit ist perfekt, um Frontlautsprecher mit hoher Leistung (4\u03a9) \u00fcberbr\u00fcckt (4\u03a9) mit einem Subwoofer anzutreiben.<\/p>\n<p>Der SP 4.900 ist vollst\u00e4ndig vor \u00dcberhitzung und Gleichstromausg\u00e4ngen gesch\u00fctzt, indem er sofort in den Schutzmodus (rote LED leuchtet) wechselt, um das Lautsprechersystem zu retten.<\/p>\n<p>Das Aluminiumgeh\u00e4use mit IP55-Zertifizierung bietet maximalen Schutz vor Feuchtigkeit und Umwelteinfl\u00fcssen, und das Fehlen eines internen L\u00fcfters verhindert Schmutzablagerungen. Das SP 4.900-Motherboard ist mit einer Schutzlackierung versehen, die Sch\u00e4den verhindert, die durch interne Kondensation verursacht werden k\u00f6nnen, wenn warme, feuchte Luft auf das k\u00fchler temperierte Geh\u00e4use des Verst\u00e4rkers trifft.<\/p>\n<p>Alle Bedienelemente sind durch eine abnehmbare Aluminiumplatte gesch\u00fctzt, um den SP 4.900 nach IP55 konform zu machen und das Eindringen von Feuchtigkeit in die Schalter zu verhindern.<\/p>\n<p>SP 4.900 verf\u00fcgt \u00fcber ein integriertes, abgedichtetes Stromkabel, Line-Eing\u00e4nge und Lautsprecherausg\u00e4nge, die auch bei widrigsten Wetterbedingungen eine sichere Stromversorgung gew\u00e4hrleisten. Der robuste Stromkabelbaum sorgt f\u00fcr eine ultra-stabile Strom- und Erdungsverbindung und verhindert so einen Kontaktverlust durch Vibrationen. Aufgrund seiner speziellen Konstruktion ist der SP 4.900 die beste Option f\u00fcr Motorradanwendungen.<\/p>\n<p>Der SP 4.900 verf\u00fcgt \u00fcber einen integrierten USS (Universal Speakers Simulator), eine dynamische Lastschaltung an den Hi-Level-Eing\u00e4ngen, die zun\u00e4chst dem OEM-Ausgangskanal eine ausreichend niedrige Last vorgaukelt, um die Schutzschaltung der OEM-Lautsprecherausgangsabschaltung zu neutralisieren. Nach der Aktivierung der Schaltung wird eine h\u00f6here Last eingef\u00fchrt \u2013 immer noch niedrig genug, um Class-D-Ausg\u00e4nge zu d\u00e4mpfen, aber nicht niedrig genug, um Probleme mit dem Stromverbrauch oder der W\u00e4rmeableitung zu verursachen.<\/p>\n<p>Der SP 4.900 bietet sowohl Fern-Signalerkennung als auch DC-Offset-Erkennung an den Lautsprechereing\u00e4ngen zur automatischen Einschaltung und sorgt so f\u00fcr eine vollst\u00e4ndige Integration in jedes Fahrzeug.<\/p>\n<p>Die universellen Frequenzweichenfilter und der Steuerkn\u00f6pfe befinden sich auf einer Seite, um eine einfache Kalibrierung nach der Installation des Produkts zu erm\u00f6glichen.<\/p>\n<p>Der Filterbereich verf\u00fcgt \u00fcber \u00e4u\u00dferst flexible Hoch- und Tiefpassfilter, die zwischen 50 Hz und 5 kHz mit einer Flankensteilheit von 12 dB\/Oktave einstellbar sind. Zusammen mit dem Bass-Boost-Regler (45 Hz, 0\u00f78 dB) erm\u00f6glichen sie die Konfiguration beider Frontkan\u00e4le f\u00fcr Vollbereichsbetrieb oder f\u00fcr den Einsatz mit einem Subwoofer und den zugeh\u00f6rigen Lautsprechern.<\/p>\n<p>Der Hochpassfilter kann auch zur Optimierung von Hochleistungslautsprechern der SPL Show neo-Serie wie sx165neo, sx690neo und sv165neo verwendet werden.<\/p>","protected":false},"excerpt":{"rendered":"<p>Der SP 4.900 ist der erste Hertz-Verst\u00e4rker, der mit der neuen Hertz ADC-Endstufe (Advanced D-Class) ausgestattet ist, einen Wirkungsgrad von bis zu 85 % erreicht und eine beeindruckende Nennleistung von 160 \u00d7 4 (4 \u03a9) W RMS bzw. 500 W \u00d7 2 (4 \u03a9) RMS im Br\u00fcckenbetrieb bei ultrakompakten Abmessungen von 211,6 \u00d7 130 mm. Der SP4.900 ist dank seiner Abmessungen und seiner enormen Leistung die ideale Wahl f\u00fcr Motorrad-Anwendungen.<\/p>","protected":false},"featured_media":7695,"comment_status":"closed","ping_status":"closed","template":"","meta":{"_acf_changed":false},"product_cat":[51],"product_tag":[],"class_list":{"0":"post-7694","1":"product","2":"type-product","3":"status-publish","4":"has-post-thumbnail","6":"product_brand-hertz","7":"product_cat-wzmacniacze","9":"first","10":"instock","11":"taxable","12":"shipping-taxable","13":"purchasable","14":"product-type-simple"},"acf":[],"yoast_head":"<!-- This site is optimized with the Yoast SEO Premium plugin v26.7 (Yoast SEO v26.7) - https:\/\/yoast.com\/wordpress\/plugins\/seo\/ -->\n<title>Wzmacniacz Hertz SP4.900 do motocykli Harley Davidson - Mefiu Motorcycle Audio<\/title>\n<meta name=\"robots\" content=\"index, follow, max-snippet:-1, max-image-preview:large, max-video-preview:-1\" \/>\n<link rel=\"canonical\" href=\"https:\/\/motorcycle-audio.eu\/de\/geschaft\/verstarker\/hertz-sp-4-900-verstarker-fur-harley-davidson-motorrader\/\" \/>\n<meta property=\"og:locale\" content=\"de_DE\" \/>\n<meta property=\"og:type\" content=\"article\" \/>\n<meta property=\"og:title\" content=\"Wzmacniacz Hertz SP4.900 do motocykli Harley Davidson\" \/>\n<meta property=\"og:description\" content=\"SP 4.900 to pierwszy wzmacniacz Hertz wyposa\u017cony w nowy stopie\u0144 wyj\u015bciowy Hertz ADC (Advanced D-Class), osi\u0105gaj\u0105cy sprawno\u015b\u0107 do 85% i zapewniaj\u0105cy imponuj\u0105c\u0105 moc znamionow\u0105 160 x 4 (4 \u03a9) W RMS lub 500 W x 2 (4 \u03a9) W RMS po zmostkowaniu, przy ultra kompaktowych wymiarach 211,6x130 mm. SP4.900 jest idealnym wyborem do zastosowa\u0144 motocyklowych dzi\u0119ki swoim wymiarom i ogromnej mocy.\" \/>\n<meta property=\"og:url\" content=\"https:\/\/motorcycle-audio.eu\/de\/geschaft\/verstarker\/hertz-sp-4-900-verstarker-fur-harley-davidson-motorrader\/\" \/>\n<meta property=\"og:site_name\" content=\"Mefiu Motorcycle Audio\" \/>\n<meta property=\"article:publisher\" content=\"https:\/\/www.facebook.com\/HarleyDavidsonAudio\" \/>\n<meta property=\"article:modified_time\" content=\"2026-02-25T13:43:07+00:00\" \/>\n<meta property=\"og:image\" content=\"https:\/\/motorcycle-audio.eu\/wp-content\/uploads\/2023\/08\/Wzmacniacz_Hertz_SP4900_Harley_Davidson.jpg\" \/>\n\t<meta property=\"og:image:width\" content=\"1800\" \/>\n\t<meta property=\"og:image:height\" content=\"1800\" \/>\n\t<meta property=\"og:image:type\" content=\"image\/jpeg\" \/>\n<meta name=\"twitter:card\" content=\"summary_large_image\" \/>\n<meta name=\"twitter:label1\" content=\"Gesch\u00e4tzte Lesezeit\" \/>\n\t<meta name=\"twitter:data1\" content=\"3\u00a0Minuten\" \/>\n<script type=\"application\/ld+json\" class=\"yoast-schema-graph\">{\"@context\":\"https:\/\/schema.org\",\"@graph\":[{\"@type\":\"WebPage\",\"@id\":\"https:\/\/motorcycle-audio.eu\/sklep\/wzmacniacze\/wzmacniacz-hertz-sp4-900-do-motocykli-harley-davidson\/\",\"url\":\"https:\/\/motorcycle-audio.eu\/sklep\/wzmacniacze\/wzmacniacz-hertz-sp4-900-do-motocykli-harley-davidson\/\",\"name\":\"Wzmacniacz Hertz SP4.900 do motocykli Harley Davidson - Mefiu Motorcycle Audio\",\"isPartOf\":{\"@id\":\"https:\/\/motorcycle-audio.eu\/#website\"},\"primaryImageOfPage\":{\"@id\":\"https:\/\/motorcycle-audio.eu\/sklep\/wzmacniacze\/wzmacniacz-hertz-sp4-900-do-motocykli-harley-davidson\/#primaryimage\"},\"image\":{\"@id\":\"https:\/\/motorcycle-audio.eu\/sklep\/wzmacniacze\/wzmacniacz-hertz-sp4-900-do-motocykli-harley-davidson\/#primaryimage\"},\"thumbnailUrl\":\"https:\/\/motorcycle-audio.eu\/wp-content\/uploads\/2023\/08\/Wzmacniacz_Hertz_SP4900_Harley_Davidson.jpg\",\"datePublished\":\"2023-08-01T13:58:05+00:00\",\"dateModified\":\"2026-02-25T13:43:07+00:00\",\"breadcrumb\":{\"@id\":\"https:\/\/motorcycle-audio.eu\/sklep\/wzmacniacze\/wzmacniacz-hertz-sp4-900-do-motocykli-harley-davidson\/#breadcrumb\"},\"inLanguage\":\"de\",\"potentialAction\":[{\"@type\":\"ReadAction\",\"target\":[\"https:\/\/motorcycle-audio.eu\/sklep\/wzmacniacze\/wzmacniacz-hertz-sp4-900-do-motocykli-harley-davidson\/\"]}]},{\"@type\":\"ImageObject\",\"inLanguage\":\"de\",\"@id\":\"https:\/\/motorcycle-audio.eu\/sklep\/wzmacniacze\/wzmacniacz-hertz-sp4-900-do-motocykli-harley-davidson\/#primaryimage\",\"url\":\"https:\/\/motorcycle-audio.eu\/wp-content\/uploads\/2023\/08\/Wzmacniacz_Hertz_SP4900_Harley_Davidson.jpg\",\"contentUrl\":\"https:\/\/motorcycle-audio.eu\/wp-content\/uploads\/2023\/08\/Wzmacniacz_Hertz_SP4900_Harley_Davidson.jpg\",\"width\":1800,\"height\":1800,\"caption\":\"Wzmacniacz Hertz SP4900 Harley Davidson\"},{\"@type\":\"BreadcrumbList\",\"@id\":\"https:\/\/motorcycle-audio.eu\/sklep\/wzmacniacze\/wzmacniacz-hertz-sp4-900-do-motocykli-harley-davidson\/#breadcrumb\",\"itemListElement\":[{\"@type\":\"ListItem\",\"position\":1,\"name\":\"Strona g\u0142\u00f3wna\",\"item\":\"https:\/\/motorcycle-audio.eu\/\"},{\"@type\":\"ListItem\",\"position\":2,\"name\":\"Sklep\",\"item\":\"https:\/\/motorcycle-audio.eu\/sklep\/\"},{\"@type\":\"ListItem\",\"position\":3,\"name\":\"Wzmacniacz Hertz SP4.900 do motocykli Harley Davidson\"}]},{\"@type\":\"WebSite\",\"@id\":\"https:\/\/motorcycle-audio.eu\/#website\",\"url\":\"https:\/\/motorcycle-audio.eu\/\",\"name\":\"Mefiu Motorcycle Audio\",\"description\":\"Play it loud!\",\"publisher\":{\"@id\":\"https:\/\/motorcycle-audio.eu\/#organization\"},\"potentialAction\":[{\"@type\":\"SearchAction\",\"target\":{\"@type\":\"EntryPoint\",\"urlTemplate\":\"https:\/\/motorcycle-audio.eu\/?s={search_term_string}\"},\"query-input\":{\"@type\":\"PropertyValueSpecification\",\"valueRequired\":true,\"valueName\":\"search_term_string\"}}],\"inLanguage\":\"de\"},{\"@type\":\"Organization\",\"@id\":\"https:\/\/motorcycle-audio.eu\/#organization\",\"name\":\"Mefiu Motorcycle Audio\",\"url\":\"https:\/\/motorcycle-audio.eu\/\",\"logo\":{\"@type\":\"ImageObject\",\"inLanguage\":\"de\",\"@id\":\"https:\/\/motorcycle-audio.eu\/#\/schema\/logo\/image\/\",\"url\":\"https:\/\/motorcycle-audio.eu\/wp-content\/uploads\/2025\/05\/mefiu_logo.png\",\"contentUrl\":\"https:\/\/motorcycle-audio.eu\/wp-content\/uploads\/2025\/05\/mefiu_logo.png\",\"width\":150,\"height\":150,\"caption\":\"Mefiu Motorcycle Audio\"},\"image\":{\"@id\":\"https:\/\/motorcycle-audio.eu\/#\/schema\/logo\/image\/\"},\"sameAs\":[\"https:\/\/www.facebook.com\/HarleyDavidsonAudio\"]}]}<\/script>\n<!-- \/ Yoast SEO Premium plugin. -->","yoast_head_json":{"title":"Hertz SP4.900 Verst\u00e4rker f\u00fcr Harley Davidson Motorr\u00e4der - Mefiu Motorcycle Audio","robots":{"index":"index","follow":"follow","max-snippet":"max-snippet:-1","max-image-preview":"max-image-preview:large","max-video-preview":"max-video-preview:-1"},"canonical":"https:\/\/motorcycle-audio.eu\/de\/geschaft\/verstarker\/hertz-sp-4-900-verstarker-fur-harley-davidson-motorrader\/","og_locale":"de_DE","og_type":"article","og_title":"Wzmacniacz Hertz SP4.900 do motocykli Harley Davidson","og_description":"SP 4.900 to pierwszy wzmacniacz Hertz wyposa\u017cony w nowy stopie\u0144 wyj\u015bciowy Hertz ADC (Advanced D-Class), osi\u0105gaj\u0105cy sprawno\u015b\u0107 do 85% i zapewniaj\u0105cy imponuj\u0105c\u0105 moc znamionow\u0105 160 x 4 (4 \u03a9) W RMS lub 500 W x 2 (4 \u03a9) W RMS po zmostkowaniu, przy ultra kompaktowych wymiarach 211,6x130 mm. SP4.900 jest idealnym wyborem do zastosowa\u0144 motocyklowych dzi\u0119ki swoim wymiarom i ogromnej mocy.","og_url":"https:\/\/motorcycle-audio.eu\/de\/geschaft\/verstarker\/hertz-sp-4-900-verstarker-fur-harley-davidson-motorrader\/","og_site_name":"Mefiu Motorcycle Audio","article_publisher":"https:\/\/www.facebook.com\/HarleyDavidsonAudio","article_modified_time":"2026-02-25T13:43:07+00:00","og_image":[{"width":1800,"height":1800,"url":"https:\/\/motorcycle-audio.eu\/wp-content\/uploads\/2023\/08\/Wzmacniacz_Hertz_SP4900_Harley_Davidson.jpg","type":"image\/jpeg"}],"twitter_card":"summary_large_image","twitter_misc":{"Gesch\u00e4tzte Lesezeit":"3\u00a0Minuten"},"schema":{"@context":"https:\/\/schema.org","@graph":[{"@type":"WebPage","@id":"https:\/\/motorcycle-audio.eu\/sklep\/wzmacniacze\/wzmacniacz-hertz-sp4-900-do-motocykli-harley-davidson\/","url":"https:\/\/motorcycle-audio.eu\/sklep\/wzmacniacze\/wzmacniacz-hertz-sp4-900-do-motocykli-harley-davidson\/","name":"Hertz SP4.900 Verst\u00e4rker f\u00fcr Harley Davidson Motorr\u00e4der - Mefiu Motorcycle Audio","isPartOf":{"@id":"https:\/\/motorcycle-audio.eu\/#website"},"primaryImageOfPage":{"@id":"https:\/\/motorcycle-audio.eu\/sklep\/wzmacniacze\/wzmacniacz-hertz-sp4-900-do-motocykli-harley-davidson\/#primaryimage"},"image":{"@id":"https:\/\/motorcycle-audio.eu\/sklep\/wzmacniacze\/wzmacniacz-hertz-sp4-900-do-motocykli-harley-davidson\/#primaryimage"},"thumbnailUrl":"https:\/\/motorcycle-audio.eu\/wp-content\/uploads\/2023\/08\/Wzmacniacz_Hertz_SP4900_Harley_Davidson.jpg","datePublished":"2023-08-01T13:58:05+00:00","dateModified":"2026-02-25T13:43:07+00:00","breadcrumb":{"@id":"https:\/\/motorcycle-audio.eu\/sklep\/wzmacniacze\/wzmacniacz-hertz-sp4-900-do-motocykli-harley-davidson\/#breadcrumb"},"inLanguage":"de","potentialAction":[{"@type":"ReadAction","target":["https:\/\/motorcycle-audio.eu\/sklep\/wzmacniacze\/wzmacniacz-hertz-sp4-900-do-motocykli-harley-davidson\/"]}]},{"@type":"ImageObject","inLanguage":"de","@id":"https:\/\/motorcycle-audio.eu\/sklep\/wzmacniacze\/wzmacniacz-hertz-sp4-900-do-motocykli-harley-davidson\/#primaryimage","url":"https:\/\/motorcycle-audio.eu\/wp-content\/uploads\/2023\/08\/Wzmacniacz_Hertz_SP4900_Harley_Davidson.jpg","contentUrl":"https:\/\/motorcycle-audio.eu\/wp-content\/uploads\/2023\/08\/Wzmacniacz_Hertz_SP4900_Harley_Davidson.jpg","width":1800,"height":1800,"caption":"Wzmacniacz Hertz SP4900 Harley Davidson"},{"@type":"BreadcrumbList","@id":"https:\/\/motorcycle-audio.eu\/sklep\/wzmacniacze\/wzmacniacz-hertz-sp4-900-do-motocykli-harley-davidson\/#breadcrumb","itemListElement":[{"@type":"ListItem","position":1,"name":"Strona g\u0142\u00f3wna","item":"https:\/\/motorcycle-audio.eu\/"},{"@type":"ListItem","position":2,"name":"Sklep","item":"https:\/\/motorcycle-audio.eu\/sklep\/"},{"@type":"ListItem","position":3,"name":"Wzmacniacz Hertz SP4.900 do motocykli Harley Davidson"}]},{"@type":"WebSite","@id":"https:\/\/motorcycle-audio.eu\/#website","url":"https:\/\/motorcycle-audio.eu\/","name":"Mefiu Motorrad Audio","description":"Spiel es laut!","publisher":{"@id":"https:\/\/motorcycle-audio.eu\/#organization"},"potentialAction":[{"@type":"SearchAction","target":{"@type":"EntryPoint","urlTemplate":"https:\/\/motorcycle-audio.eu\/?s={search_term_string}"},"query-input":{"@type":"PropertyValueSpecification","valueRequired":true,"valueName":"search_term_string"}}],"inLanguage":"de"},{"@type":"Organization","@id":"https:\/\/motorcycle-audio.eu\/#organization","name":"Mefiu Motorrad Audio","url":"https:\/\/motorcycle-audio.eu\/","logo":{"@type":"ImageObject","inLanguage":"de","@id":"https:\/\/motorcycle-audio.eu\/#\/schema\/logo\/image\/","url":"https:\/\/motorcycle-audio.eu\/wp-content\/uploads\/2025\/05\/mefiu_logo.png","contentUrl":"https:\/\/motorcycle-audio.eu\/wp-content\/uploads\/2025\/05\/mefiu_logo.png","width":150,"height":150,"caption":"Mefiu Motorcycle Audio"},"image":{"@id":"https:\/\/motorcycle-audio.eu\/#\/schema\/logo\/image\/"},"sameAs":["https:\/\/www.facebook.com\/HarleyDavidsonAudio"]}]}},"jetpack_sharing_enabled":true,"_links":{"self":[{"href":"https:\/\/motorcycle-audio.eu\/de\/wp-json\/wp\/v2\/product\/7694","targetHints":{"allow":["GET"]}}],"collection":[{"href":"https:\/\/motorcycle-audio.eu\/de\/wp-json\/wp\/v2\/product"}],"about":[{"href":"https:\/\/motorcycle-audio.eu\/de\/wp-json\/wp\/v2\/types\/product"}],"replies":[{"embeddable":true,"href":"https:\/\/motorcycle-audio.eu\/de\/wp-json\/wp\/v2\/comments?post=7694"}],"version-history":[{"count":2,"href":"https:\/\/motorcycle-audio.eu\/de\/wp-json\/wp\/v2\/product\/7694\/revisions"}],"predecessor-version":[{"id":9888,"href":"https:\/\/motorcycle-audio.eu\/de\/wp-json\/wp\/v2\/product\/7694\/revisions\/9888"}],"wp:featuredmedia":[{"embeddable":true,"href":"https:\/\/motorcycle-audio.eu\/de\/wp-json\/wp\/v2\/media\/7695"}],"wp:attachment":[{"href":"https:\/\/motorcycle-audio.eu\/de\/wp-json\/wp\/v2\/media?parent=7694"}],"wp:term":[{"taxonomy":"product_cat","embeddable":true,"href":"https:\/\/motorcycle-audio.eu\/de\/wp-json\/wp\/v2\/product_cat?post=7694"},{"taxonomy":"product_tag","embeddable":true,"href":"https:\/\/motorcycle-audio.eu\/de\/wp-json\/wp\/v2\/product_tag?post=7694"}],"curies":[{"name":"wp","href":"https:\/\/api.w.org\/{rel}","templated":true}]}}