{"id":7684,"date":"2023-08-01T12:33:53","date_gmt":"2023-08-01T10:33:53","guid":{"rendered":"https:\/\/motorcycle-audio.eu\/?post_type=product&#038;p=7684"},"modified":"2026-02-25T14:41:11","modified_gmt":"2026-02-25T13:41:11","slug":"glosnik-ground-zero-gzcf-6-5spl-neo-do-motocykli-harley-davidson","status":"publish","type":"product","link":"https:\/\/motorcycle-audio.eu\/de\/geschaft\/lautsprecher\/glosnik-ground-zero-gzcf-6-5spl-neo-do-motocykli-harley-davidson\/","title":{"rendered":"Ground Zero GZCF 6.5SPL-NEO Lautsprecher f\u00fcr Harley Davidson Motorr\u00e4der."},"content":{"rendered":"<p>G\u0142o\u015bnik Ground Zero Yellow Basket znany jest z tego, \u017ce potrafi zagra\u0107 Bardzo nisko i mega g\u0142o\u015bno. U\u017cywamy tego g\u0142o\u015bnika w sytuacji kiedy klient nie chcia\u0142by modyfikowa\u0107 kufr\u00f3w z ty\u0142u, gdzie mogliby\u015bmy doda\u0107 inny wi\u0119kszy i ni\u017cej graj\u0105cy g\u0142o\u015bnik. Potrafi przyj\u0105\u0107 nawet do 250 W mocy i zagra\u0107 ju\u017c od 70HZ.<\/p>\n<p>Jest to nowo\u015b\u0107 od Ground Zero. Sam Yellow Basket jest bardzo popularnym wyborem w motocyklach Competition, wyst\u0119powa\u0142 on wcze\u015bniej tylko z magnesem ferrytowym, przez co jego rozmiar nie pozwala\u0142 na monta\u017c w owiewce Street lub Road Glide bez modyfikacji obud\u00f3w. Teraz mamy tak\u0105 mo\u017cliwo\u015b\u0107 w\u0142a\u015bnie dzi\u0119ki zastosowaniu magnesu neodymowego.<\/p>\n<p>Pasuje tylko do owiewek Street\/Electra i Road Glide. Do monta\u017cu w kufrze centralnym potrzebne dystanse.<\/p>\n<p>165 mm \/ 6,5\u2033 2-dro\u017cny koncentryczny system g\u0142o\u015bnik\u00f3w z papierow\u0105 membran\u0105 i 28 mm \/ 1,1\u2033 g\u0142o\u015bnikiem wysokotonowym<\/p>\n<ul>\n<li>Dwudro\u017cny wsp\u00f3\u0142osiowy system g\u0142o\u015bnik\u00f3w<\/li>\n<li>Membrana z prasowanego papieru<\/li>\n<li>W-surround z pianki o du\u017cym skoku<\/li>\n<li>Silnik neodymowy<\/li>\n<li>Bezrezonansowy stalowy kosz<\/li>\n<li>Kompaktowa konstrukcja silnika<\/li>\n<li>28 mm \/ 1,1\u2033 g\u0142o\u015bnik wysokotonowy<\/li>\n<li>Filtr g\u00f3rnoprzepustowy 6 dB\/oct<\/li>\n<\/ul>","protected":false},"excerpt":{"rendered":"<p>G\u0142o\u015bnik Ground Zero Yellow Basket znany jest z tego, \u017ce potrafi zagra\u0107 Bardzo nisko i mega g\u0142o\u015bno. U\u017cywamy tego g\u0142o\u015bnika w sytuacji kiedy klient nie chcia\u0142by modyfikowa\u0107 kufr\u00f3w z ty\u0142u, gdzie mogliby\u015bmy doda\u0107 inny wi\u0119kszy i ni\u017cej graj\u0105cy g\u0142o\u015bnik. Potrafi przyj\u0105\u0107 nawet do 250 W mocy i zagra\u0107 ju\u017c od 70HZ.<\/p>","protected":false},"featured_media":7688,"comment_status":"closed","ping_status":"closed","template":"","meta":{"_acf_changed":false},"product_cat":[50],"product_tag":[],"class_list":{"0":"post-7684","1":"product","2":"type-product","3":"status-publish","4":"has-post-thumbnail","6":"product_brand-ground-zero","7":"product_cat-glosniki","9":"first","10":"instock","11":"taxable","12":"shipping-taxable","13":"purchasable","14":"product-type-simple"},"acf":[],"yoast_head":"<!-- This site is optimized with the Yoast SEO Premium plugin v26.7 (Yoast SEO v26.7) - https:\/\/yoast.com\/wordpress\/plugins\/seo\/ -->\n<title>G\u0142o\u015bnik Ground Zero GZCF 6.5SPL-NEO do motocykli Harley Davidson. - Mefiu Motorcycle Audio<\/title>\n<meta name=\"description\" content=\"Ground Zero Yellow Basket \u2013 mocny, kompaktowy g\u0142o\u015bnik z basem od 70 Hz i moc\u0105 do 250 W. Idealny do owiewek Street\/Electra i Road Glide bez przer\u00f3bek.\" \/>\n<meta name=\"robots\" content=\"index, follow, max-snippet:-1, max-image-preview:large, max-video-preview:-1\" \/>\n<link rel=\"canonical\" href=\"https:\/\/motorcycle-audio.eu\/de\/geschaft\/lautsprecher\/glosnik-ground-zero-gzcf-6-5spl-neo-do-motocykli-harley-davidson\/\" \/>\n<meta property=\"og:locale\" content=\"de_DE\" \/>\n<meta property=\"og:type\" content=\"article\" \/>\n<meta property=\"og:title\" content=\"G\u0142o\u015bnik Ground Zero GZCF 6.5SPL-NEO do motocykli Harley Davidson.\" \/>\n<meta property=\"og:description\" content=\"Ground Zero Yellow Basket \u2013 mocny, kompaktowy g\u0142o\u015bnik z basem od 70 Hz i moc\u0105 do 250 W. Idealny do owiewek Street\/Electra i Road Glide bez przer\u00f3bek.\" \/>\n<meta property=\"og:url\" content=\"https:\/\/motorcycle-audio.eu\/de\/geschaft\/lautsprecher\/glosnik-ground-zero-gzcf-6-5spl-neo-do-motocykli-harley-davidson\/\" \/>\n<meta property=\"og:site_name\" content=\"Mefiu Motorcycle Audio\" \/>\n<meta property=\"article:publisher\" content=\"https:\/\/www.facebook.com\/HarleyDavidsonAudio\" \/>\n<meta property=\"article:modified_time\" content=\"2026-02-25T13:41:11+00:00\" \/>\n<meta property=\"og:image\" content=\"https:\/\/motorcycle-audio.eu\/wp-content\/uploads\/2023\/08\/Glosnik-GZCF-6.5SPL-NEO_Do_Motocykli_Harley_Davidson-1024x1024.png\" \/>\n\t<meta property=\"og:image:width\" content=\"1024\" \/>\n\t<meta property=\"og:image:height\" content=\"1024\" \/>\n\t<meta property=\"og:image:type\" content=\"image\/png\" \/>\n<meta name=\"twitter:card\" content=\"summary_large_image\" \/>\n<meta name=\"twitter:label1\" content=\"Gesch\u00e4tzte Lesezeit\" \/>\n\t<meta name=\"twitter:data1\" content=\"2\u00a0Minuten\" \/>\n<script type=\"application\/ld+json\" class=\"yoast-schema-graph\">{\"@context\":\"https:\/\/schema.org\",\"@graph\":[{\"@type\":\"WebPage\",\"@id\":\"https:\/\/motorcycle-audio.eu\/sklep\/glosniki\/glosnik-ground-zero-gzcf-6-5spl-neo-do-motocykli-harley-davidson\/\",\"url\":\"https:\/\/motorcycle-audio.eu\/sklep\/glosniki\/glosnik-ground-zero-gzcf-6-5spl-neo-do-motocykli-harley-davidson\/\",\"name\":\"G\u0142o\u015bnik Ground Zero GZCF 6.5SPL-NEO do motocykli Harley Davidson. - Mefiu Motorcycle Audio\",\"isPartOf\":{\"@id\":\"https:\/\/motorcycle-audio.eu\/#website\"},\"primaryImageOfPage\":{\"@id\":\"https:\/\/motorcycle-audio.eu\/sklep\/glosniki\/glosnik-ground-zero-gzcf-6-5spl-neo-do-motocykli-harley-davidson\/#primaryimage\"},\"image\":{\"@id\":\"https:\/\/motorcycle-audio.eu\/sklep\/glosniki\/glosnik-ground-zero-gzcf-6-5spl-neo-do-motocykli-harley-davidson\/#primaryimage\"},\"thumbnailUrl\":\"https:\/\/motorcycle-audio.eu\/wp-content\/uploads\/2023\/08\/Glosnik-GZCF-6.5SPL-NEO_Do_Motocykli_Harley_Davidson.png\",\"datePublished\":\"2023-08-01T10:33:53+00:00\",\"dateModified\":\"2026-02-25T13:41:11+00:00\",\"description\":\"Ground Zero Yellow Basket \u2013 mocny, kompaktowy g\u0142o\u015bnik z basem od 70 Hz i moc\u0105 do 250 W. Idealny do owiewek Street\/Electra i Road Glide bez przer\u00f3bek.\",\"breadcrumb\":{\"@id\":\"https:\/\/motorcycle-audio.eu\/sklep\/glosniki\/glosnik-ground-zero-gzcf-6-5spl-neo-do-motocykli-harley-davidson\/#breadcrumb\"},\"inLanguage\":\"de\",\"potentialAction\":[{\"@type\":\"ReadAction\",\"target\":[\"https:\/\/motorcycle-audio.eu\/sklep\/glosniki\/glosnik-ground-zero-gzcf-6-5spl-neo-do-motocykli-harley-davidson\/\"]}]},{\"@type\":\"ImageObject\",\"inLanguage\":\"de\",\"@id\":\"https:\/\/motorcycle-audio.eu\/sklep\/glosniki\/glosnik-ground-zero-gzcf-6-5spl-neo-do-motocykli-harley-davidson\/#primaryimage\",\"url\":\"https:\/\/motorcycle-audio.eu\/wp-content\/uploads\/2023\/08\/Glosnik-GZCF-6.5SPL-NEO_Do_Motocykli_Harley_Davidson.png\",\"contentUrl\":\"https:\/\/motorcycle-audio.eu\/wp-content\/uploads\/2023\/08\/Glosnik-GZCF-6.5SPL-NEO_Do_Motocykli_Harley_Davidson.png\",\"width\":1800,\"height\":1800,\"caption\":\"G\u0142o\u015bnik GZCF-6.5SPL-NEO Do Motocykli Harley Davidson\"},{\"@type\":\"BreadcrumbList\",\"@id\":\"https:\/\/motorcycle-audio.eu\/sklep\/glosniki\/glosnik-ground-zero-gzcf-6-5spl-neo-do-motocykli-harley-davidson\/#breadcrumb\",\"itemListElement\":[{\"@type\":\"ListItem\",\"position\":1,\"name\":\"Strona g\u0142\u00f3wna\",\"item\":\"https:\/\/motorcycle-audio.eu\/\"},{\"@type\":\"ListItem\",\"position\":2,\"name\":\"Sklep\",\"item\":\"https:\/\/motorcycle-audio.eu\/sklep\/\"},{\"@type\":\"ListItem\",\"position\":3,\"name\":\"G\u0142o\u015bnik Ground Zero GZCF 6.5SPL-NEO do motocykli Harley Davidson.\"}]},{\"@type\":\"WebSite\",\"@id\":\"https:\/\/motorcycle-audio.eu\/#website\",\"url\":\"https:\/\/motorcycle-audio.eu\/\",\"name\":\"Mefiu Motorcycle Audio\",\"description\":\"Play it loud!\",\"publisher\":{\"@id\":\"https:\/\/motorcycle-audio.eu\/#organization\"},\"potentialAction\":[{\"@type\":\"SearchAction\",\"target\":{\"@type\":\"EntryPoint\",\"urlTemplate\":\"https:\/\/motorcycle-audio.eu\/?s={search_term_string}\"},\"query-input\":{\"@type\":\"PropertyValueSpecification\",\"valueRequired\":true,\"valueName\":\"search_term_string\"}}],\"inLanguage\":\"de\"},{\"@type\":\"Organization\",\"@id\":\"https:\/\/motorcycle-audio.eu\/#organization\",\"name\":\"Mefiu Motorcycle Audio\",\"url\":\"https:\/\/motorcycle-audio.eu\/\",\"logo\":{\"@type\":\"ImageObject\",\"inLanguage\":\"de\",\"@id\":\"https:\/\/motorcycle-audio.eu\/#\/schema\/logo\/image\/\",\"url\":\"https:\/\/motorcycle-audio.eu\/wp-content\/uploads\/2025\/05\/mefiu_logo.png\",\"contentUrl\":\"https:\/\/motorcycle-audio.eu\/wp-content\/uploads\/2025\/05\/mefiu_logo.png\",\"width\":150,\"height\":150,\"caption\":\"Mefiu Motorcycle Audio\"},\"image\":{\"@id\":\"https:\/\/motorcycle-audio.eu\/#\/schema\/logo\/image\/\"},\"sameAs\":[\"https:\/\/www.facebook.com\/HarleyDavidsonAudio\"]}]}<\/script>\n<!-- \/ Yoast SEO Premium plugin. -->","yoast_head_json":{"title":"G\u0142o\u015bnik Ground Zero GZCF 6.5SPL-NEO do motocykli Harley Davidson. - Mefiu Motorcycle Audio","description":"Ground Zero Yellow Basket \u2013 mocny, kompaktowy g\u0142o\u015bnik z basem od 70 Hz i moc\u0105 do 250 W. Idealny do owiewek Street\/Electra i Road Glide bez przer\u00f3bek.","robots":{"index":"index","follow":"follow","max-snippet":"max-snippet:-1","max-image-preview":"max-image-preview:large","max-video-preview":"max-video-preview:-1"},"canonical":"https:\/\/motorcycle-audio.eu\/de\/geschaft\/lautsprecher\/glosnik-ground-zero-gzcf-6-5spl-neo-do-motocykli-harley-davidson\/","og_locale":"de_DE","og_type":"article","og_title":"G\u0142o\u015bnik Ground Zero GZCF 6.5SPL-NEO do motocykli Harley Davidson.","og_description":"Ground Zero Yellow Basket \u2013 mocny, kompaktowy g\u0142o\u015bnik z basem od 70 Hz i moc\u0105 do 250 W. Idealny do owiewek Street\/Electra i Road Glide bez przer\u00f3bek.","og_url":"https:\/\/motorcycle-audio.eu\/de\/geschaft\/lautsprecher\/glosnik-ground-zero-gzcf-6-5spl-neo-do-motocykli-harley-davidson\/","og_site_name":"Mefiu Motorcycle Audio","article_publisher":"https:\/\/www.facebook.com\/HarleyDavidsonAudio","article_modified_time":"2026-02-25T13:41:11+00:00","og_image":[{"width":1024,"height":1024,"url":"https:\/\/motorcycle-audio.eu\/wp-content\/uploads\/2023\/08\/Glosnik-GZCF-6.5SPL-NEO_Do_Motocykli_Harley_Davidson-1024x1024.png","type":"image\/png"}],"twitter_card":"summary_large_image","twitter_misc":{"Gesch\u00e4tzte Lesezeit":"2\u00a0Minuten"},"schema":{"@context":"https:\/\/schema.org","@graph":[{"@type":"WebPage","@id":"https:\/\/motorcycle-audio.eu\/sklep\/glosniki\/glosnik-ground-zero-gzcf-6-5spl-neo-do-motocykli-harley-davidson\/","url":"https:\/\/motorcycle-audio.eu\/sklep\/glosniki\/glosnik-ground-zero-gzcf-6-5spl-neo-do-motocykli-harley-davidson\/","name":"G\u0142o\u015bnik Ground Zero GZCF 6.5SPL-NEO do motocykli Harley Davidson. - Mefiu Motorcycle Audio","isPartOf":{"@id":"https:\/\/motorcycle-audio.eu\/#website"},"primaryImageOfPage":{"@id":"https:\/\/motorcycle-audio.eu\/sklep\/glosniki\/glosnik-ground-zero-gzcf-6-5spl-neo-do-motocykli-harley-davidson\/#primaryimage"},"image":{"@id":"https:\/\/motorcycle-audio.eu\/sklep\/glosniki\/glosnik-ground-zero-gzcf-6-5spl-neo-do-motocykli-harley-davidson\/#primaryimage"},"thumbnailUrl":"https:\/\/motorcycle-audio.eu\/wp-content\/uploads\/2023\/08\/Glosnik-GZCF-6.5SPL-NEO_Do_Motocykli_Harley_Davidson.png","datePublished":"2023-08-01T10:33:53+00:00","dateModified":"2026-02-25T13:41:11+00:00","description":"Ground Zero Yellow Basket \u2013 mocny, kompaktowy g\u0142o\u015bnik z basem od 70 Hz i moc\u0105 do 250 W. Idealny do owiewek Street\/Electra i Road Glide bez przer\u00f3bek.","breadcrumb":{"@id":"https:\/\/motorcycle-audio.eu\/sklep\/glosniki\/glosnik-ground-zero-gzcf-6-5spl-neo-do-motocykli-harley-davidson\/#breadcrumb"},"inLanguage":"de","potentialAction":[{"@type":"ReadAction","target":["https:\/\/motorcycle-audio.eu\/sklep\/glosniki\/glosnik-ground-zero-gzcf-6-5spl-neo-do-motocykli-harley-davidson\/"]}]},{"@type":"ImageObject","inLanguage":"de","@id":"https:\/\/motorcycle-audio.eu\/sklep\/glosniki\/glosnik-ground-zero-gzcf-6-5spl-neo-do-motocykli-harley-davidson\/#primaryimage","url":"https:\/\/motorcycle-audio.eu\/wp-content\/uploads\/2023\/08\/Glosnik-GZCF-6.5SPL-NEO_Do_Motocykli_Harley_Davidson.png","contentUrl":"https:\/\/motorcycle-audio.eu\/wp-content\/uploads\/2023\/08\/Glosnik-GZCF-6.5SPL-NEO_Do_Motocykli_Harley_Davidson.png","width":1800,"height":1800,"caption":"G\u0142o\u015bnik GZCF-6.5SPL-NEO Do Motocykli Harley Davidson"},{"@type":"BreadcrumbList","@id":"https:\/\/motorcycle-audio.eu\/sklep\/glosniki\/glosnik-ground-zero-gzcf-6-5spl-neo-do-motocykli-harley-davidson\/#breadcrumb","itemListElement":[{"@type":"ListItem","position":1,"name":"Strona g\u0142\u00f3wna","item":"https:\/\/motorcycle-audio.eu\/"},{"@type":"ListItem","position":2,"name":"Sklep","item":"https:\/\/motorcycle-audio.eu\/sklep\/"},{"@type":"ListItem","position":3,"name":"G\u0142o\u015bnik Ground Zero GZCF 6.5SPL-NEO do motocykli Harley Davidson."}]},{"@type":"WebSite","@id":"https:\/\/motorcycle-audio.eu\/#website","url":"https:\/\/motorcycle-audio.eu\/","name":"Mefiu Motorrad Audio","description":"Spiel es laut!","publisher":{"@id":"https:\/\/motorcycle-audio.eu\/#organization"},"potentialAction":[{"@type":"SearchAction","target":{"@type":"EntryPoint","urlTemplate":"https:\/\/motorcycle-audio.eu\/?s={search_term_string}"},"query-input":{"@type":"PropertyValueSpecification","valueRequired":true,"valueName":"search_term_string"}}],"inLanguage":"de"},{"@type":"Organization","@id":"https:\/\/motorcycle-audio.eu\/#organization","name":"Mefiu Motorrad Audio","url":"https:\/\/motorcycle-audio.eu\/","logo":{"@type":"ImageObject","inLanguage":"de","@id":"https:\/\/motorcycle-audio.eu\/#\/schema\/logo\/image\/","url":"https:\/\/motorcycle-audio.eu\/wp-content\/uploads\/2025\/05\/mefiu_logo.png","contentUrl":"https:\/\/motorcycle-audio.eu\/wp-content\/uploads\/2025\/05\/mefiu_logo.png","width":150,"height":150,"caption":"Mefiu Motorcycle Audio"},"image":{"@id":"https:\/\/motorcycle-audio.eu\/#\/schema\/logo\/image\/"},"sameAs":["https:\/\/www.facebook.com\/HarleyDavidsonAudio"]}]}},"jetpack_sharing_enabled":true,"_links":{"self":[{"href":"https:\/\/motorcycle-audio.eu\/de\/wp-json\/wp\/v2\/product\/7684","targetHints":{"allow":["GET"]}}],"collection":[{"href":"https:\/\/motorcycle-audio.eu\/de\/wp-json\/wp\/v2\/product"}],"about":[{"href":"https:\/\/motorcycle-audio.eu\/de\/wp-json\/wp\/v2\/types\/product"}],"replies":[{"embeddable":true,"href":"https:\/\/motorcycle-audio.eu\/de\/wp-json\/wp\/v2\/comments?post=7684"}],"version-history":[{"count":1,"href":"https:\/\/motorcycle-audio.eu\/de\/wp-json\/wp\/v2\/product\/7684\/revisions"}],"predecessor-version":[{"id":9604,"href":"https:\/\/motorcycle-audio.eu\/de\/wp-json\/wp\/v2\/product\/7684\/revisions\/9604"}],"wp:featuredmedia":[{"embeddable":true,"href":"https:\/\/motorcycle-audio.eu\/de\/wp-json\/wp\/v2\/media\/7688"}],"wp:attachment":[{"href":"https:\/\/motorcycle-audio.eu\/de\/wp-json\/wp\/v2\/media?parent=7684"}],"wp:term":[{"taxonomy":"product_cat","embeddable":true,"href":"https:\/\/motorcycle-audio.eu\/de\/wp-json\/wp\/v2\/product_cat?post=7684"},{"taxonomy":"product_tag","embeddable":true,"href":"https:\/\/motorcycle-audio.eu\/de\/wp-json\/wp\/v2\/product_tag?post=7684"}],"curies":[{"name":"wp","href":"https:\/\/api.w.org\/{rel}","templated":true}]}}