{"id":7671,"date":"2023-08-01T11:44:42","date_gmt":"2023-08-01T09:44:42","guid":{"rendered":"https:\/\/motorcycle-audio.eu\/?post_type=product&#038;p=7671"},"modified":"2026-02-25T14:41:20","modified_gmt":"2026-02-25T13:41:20","slug":"hertz-sx690neo-lautsprecher-fur-harley-davidson-motorrader","status":"publish","type":"product","link":"https:\/\/motorcycle-audio.eu\/de\/geschaft\/lautsprecher\/hertz-sx690neo-lautsprecher-fur-harley-davidson-motorrader\/","title":{"rendered":"Hertz sx690neo Lautsprecher f\u00fcr Harley Davidson Motorr\u00e4der."},"content":{"rendered":"<p>Der Lautsprecher, der die Audio-Wahrnehmung in HD ver\u00e4ndert. Leistungsstark, laut und vor allem mit gro\u00dfartigem Bass. Ein enormer Sprung von einem 2-Lautsprecher-System auf 4. Erg\u00e4nzung zu den sx165neo, die Mitten und H\u00f6hen wiedergeben. Wir k\u00f6nnen ihn in jedem HD-Motorrad montieren, ohne die Seitentaschendeckel austauschen zu m\u00fcssen. Wir montieren sie mit unseren Schneids\u00e4tzen in den Originalkoffern.<\/p>\n<p>Die SX 690 NEO ist ein echtes Kraftpaket mit einer Hi-SPL Mid-Hi Einheit, die auf einem 1,4-Zoll-Kalotten-Hocht\u00f6ner und einem 1-Zoll-Kalotten-Superhocht\u00f6ner mit einem zur\u00fccksetzbaren Halbleiterschutzschaltkreis basiert. Die Membran besteht aus witterungsbest\u00e4ndigem, steifem Pre\u00dfpapier, das sich durch eine innovative Wasser-\/Feuchtigkeitsbest\u00e4ndigkeit und UV-Schutz auszeichnet.<\/p>\n<p>Die zweilagige Kupferschwingspule, gewickelt auf einem Polyimid-Former, liefert eine un\u00fcbertroffene Belastbarkeit. Die neuen Antriebseinheiten sind aus speziellem N38 H Neodym gefertigt, f\u00fcr minimale Baugr\u00f6\u00dfe und gesteigerte Effizienz.<\/p>\n<p>Abmessungen:<\/p>\n<p><img fetchpriority=\"high\" decoding=\"async\" class=\"alignnone wp-image-7675\" src=\"https:\/\/motorcycle-audio.eu\/wp-content\/uploads\/2023\/08\/SX_690_NEO-300x124.png\" alt=\"\" width=\"426\" height=\"176\" srcset=\"https:\/\/motorcycle-audio.eu\/wp-content\/uploads\/2023\/08\/SX_690_NEO-300x124.png 300w, https:\/\/motorcycle-audio.eu\/wp-content\/uploads\/2023\/08\/SX_690_NEO-768x318.png 768w, https:\/\/motorcycle-audio.eu\/wp-content\/uploads\/2023\/08\/SX_690_NEO-400x166.png 400w, https:\/\/motorcycle-audio.eu\/wp-content\/uploads\/2023\/08\/SX_690_NEO-630x261.png 630w, https:\/\/motorcycle-audio.eu\/wp-content\/uploads\/2023\/08\/SX_690_NEO.png 828w\" sizes=\"(max-width: 426px) 100vw, 426px\" \/><\/p>\n<table class=\"table caption-top\">\n<tbody>\n<tr>\n<td><strong>A<\/strong><\/td>\n<td>237,5 mm<\/td>\n<td><\/td>\n<\/tr>\n<tr>\n<td><strong>B<\/strong><\/td>\n<td>225 mm<\/td>\n<td><\/td>\n<\/tr>\n<tr>\n<td><strong>C<\/strong><\/td>\n<td>93 mm<\/td>\n<td><\/td>\n<\/tr>\n<tr>\n<td><strong>D<\/strong><\/td>\n<td>85 mm<\/td>\n<td><\/td>\n<\/tr>\n<tr>\n<td><strong>E<\/strong><\/td>\n<td>163 mm<\/td>\n<td><\/td>\n<\/tr>\n<tr>\n<td><strong>F<\/strong><\/td>\n<td>154 mm<\/td>\n<td><\/td>\n<\/tr>\n<\/tbody>\n<\/table>\n<p>Frequenzgang:<\/p>\n<p><img decoding=\"async\" class=\"alignnone wp-image-7676\" src=\"https:\/\/motorcycle-audio.eu\/wp-content\/uploads\/2023\/08\/Hertz_SX_690_NEO_Fc-300x177.png\" alt=\"\" width=\"354\" height=\"209\" srcset=\"https:\/\/motorcycle-audio.eu\/wp-content\/uploads\/2023\/08\/Hertz_SX_690_NEO_Fc-300x177.png 300w, https:\/\/motorcycle-audio.eu\/wp-content\/uploads\/2023\/08\/Hertz_SX_690_NEO_Fc-1024x604.png 1024w, https:\/\/motorcycle-audio.eu\/wp-content\/uploads\/2023\/08\/Hertz_SX_690_NEO_Fc-768x453.png 768w, https:\/\/motorcycle-audio.eu\/wp-content\/uploads\/2023\/08\/Hertz_SX_690_NEO_Fc-1536x906.png 1536w, https:\/\/motorcycle-audio.eu\/wp-content\/uploads\/2023\/08\/Hertz_SX_690_NEO_Fc-2048x1209.png 2048w, https:\/\/motorcycle-audio.eu\/wp-content\/uploads\/2023\/08\/Hertz_SX_690_NEO_Fc-400x236.png 400w, https:\/\/motorcycle-audio.eu\/wp-content\/uploads\/2023\/08\/Hertz_SX_690_NEO_Fc-630x372.png 630w\" sizes=\"(max-width: 354px) 100vw, 354px\" \/><\/p>\n<table class=\"table caption-top\">\n<tbody>\n<tr>\n<td><strong>Komponente<\/strong><\/td>\n<td>SPL KOAXIAL<\/td>\n<\/tr>\n<tr>\n<td><strong>Gr\u00f6\u00dfe<\/strong> mm (Zoll)<\/td>\n<td>in. 6 x 9<\/td>\n<\/tr>\n<tr>\n<td><strong>Belastbarkeit \u2013 Dauerbelastung<\/strong> W<\/td>\n<td>130<\/td>\n<\/tr>\n<tr>\n<td><strong>Belastbarkeit \u2013 Spitzenwert<\/strong> W<\/td>\n<td>260<\/td>\n<\/tr>\n<tr>\n<td><strong>Impedanz<\/strong> Ohm<\/td>\n<td>4<\/td>\n<\/tr>\n<tr>\n<td><strong>Hocht\u00f6ner-Membran<\/strong> mm (Zoll)<\/td>\n<td>29 (1.14)<\/td>\n<\/tr>\n<tr>\n<td><strong>Woofer Schwingspulendurchmesser<\/strong> mm (Zoll)<\/td>\n<td>38 (1.5)<\/td>\n<\/tr>\n<tr>\n<td><strong>Schwingspulen-\u00d8 des Hocht\u00f6ners<\/strong> mm (Zoll)<\/td>\n<td>25 (1)<\/td>\n<\/tr>\n<tr>\n<td><strong>Frequenzgang<\/strong> Hz<\/td>\n<td>65 geteilt durch 24t<\/td>\n<\/tr>\n<tr>\n<td><strong>Woofer Magnetgr\u00f6\u00dfe D x d x H<\/strong> mm (Zoll)<\/td>\n<td>110 x 45 x 20 (4.33 x 1.77 x 0.79)<\/td>\n<\/tr>\n<tr>\n<td><strong>Tweeter-Magnet-Gr\u00f6\u00dfe D x H<\/strong> mm (Zoll)<\/td>\n<td>24,5 x 6 x 3,5 (0.96 x 0.24 x 0.14)<\/td>\n<\/tr>\n<tr>\n<td><strong>Gewicht eines Lautsprechers<\/strong> kg (Pfund)<\/td>\n<td>1,69 (3.73)<\/td>\n<\/tr>\n<tr>\n<td><strong>Tieftonmagnet<\/strong><\/td>\n<td>Spezielle Neodym N38 H<\/td>\n<\/tr>\n<tr>\n<td><strong>Hocht\u00f6nermagnet<\/strong><\/td>\n<td>Spezielle Neodym N38 H<\/td>\n<\/tr>\n<tr>\n<td><strong>Kegel<\/strong><\/td>\n<td>Wasserabweisendes, gepresstes Papier<\/td>\n<\/tr>\n<tr>\n<td><strong>Kuppel<\/strong><\/td>\n<td>Tetolon<\/td>\n<\/tr>\n<\/tbody>\n<\/table>","protected":false},"excerpt":{"rendered":"<p>Der Lautsprecher, der die Audio-Wahrnehmung in HD ver\u00e4ndert. Leistungsstark, laut und vor allem mit gro\u00dfartigem Bass. Ein enormer Sprung von einem 2-Lautsprecher-System auf 4. Erg\u00e4nzung zu den sx165neo, die Mitten und H\u00f6hen wiedergeben. Wir k\u00f6nnen ihn in jedem HD-Motorrad montieren, ohne die Seitentaschendeckel austauschen zu m\u00fcssen. Wir montieren sie mit unseren Schneids\u00e4tzen in den Originalkoffern.<\/p>","protected":false},"featured_media":7678,"comment_status":"closed","ping_status":"closed","template":"","meta":{"_acf_changed":false},"product_cat":[50],"product_tag":[],"class_list":{"0":"post-7671","1":"product","2":"type-product","3":"status-publish","4":"has-post-thumbnail","6":"product_brand-hertz","7":"product_cat-glosniki","9":"first","10":"instock","11":"taxable","12":"shipping-taxable","13":"purchasable","14":"product-type-simple"},"acf":[],"yoast_head":"<!-- This site is optimized with the Yoast SEO Premium plugin v26.7 (Yoast SEO v26.7) - https:\/\/yoast.com\/wordpress\/plugins\/seo\/ -->\n<title>G\u0142o\u015bnik Hertz sx690neo do motocykli Harley Davidson. - Mefiu Motorcycle Audio<\/title>\n<meta name=\"description\" content=\"Hertz SX690 NEO \u2013 pot\u0119\u017cny 6x9\u201d g\u0142o\u015bnik do Harley-Davidsona z g\u0142\u0119bokim basem, du\u017c\u0105 moc\u0105 i wodoodporn\u0105 membran\u0105. Monta\u017c bez wymiany pokryw kufr\u00f3w.\" \/>\n<meta name=\"robots\" content=\"index, follow, max-snippet:-1, max-image-preview:large, max-video-preview:-1\" \/>\n<link rel=\"canonical\" href=\"https:\/\/motorcycle-audio.eu\/de\/geschaft\/lautsprecher\/hertz-sx690neo-lautsprecher-fur-harley-davidson-motorrader\/\" \/>\n<meta property=\"og:locale\" content=\"de_DE\" \/>\n<meta property=\"og:type\" content=\"article\" \/>\n<meta property=\"og:title\" content=\"G\u0142o\u015bnik Hertz sx690neo do motocykli Harley Davidson.\" \/>\n<meta property=\"og:description\" content=\"Hertz SX690 NEO \u2013 pot\u0119\u017cny 6x9\u201d g\u0142o\u015bnik do Harley-Davidsona z g\u0142\u0119bokim basem, du\u017c\u0105 moc\u0105 i wodoodporn\u0105 membran\u0105. Monta\u017c bez wymiany pokryw kufr\u00f3w.\" \/>\n<meta property=\"og:url\" content=\"https:\/\/motorcycle-audio.eu\/de\/geschaft\/lautsprecher\/hertz-sx690neo-lautsprecher-fur-harley-davidson-motorrader\/\" \/>\n<meta property=\"og:site_name\" content=\"Mefiu Motorcycle Audio\" \/>\n<meta property=\"article:publisher\" content=\"https:\/\/www.facebook.com\/HarleyDavidsonAudio\" \/>\n<meta property=\"article:modified_time\" content=\"2026-02-25T13:41:20+00:00\" \/>\n<meta property=\"og:image\" content=\"https:\/\/motorcycle-audio.eu\/wp-content\/uploads\/2023\/08\/Glosnik_Hertz_SPL_SHOW_SX690NEO.jpg\" \/>\n\t<meta property=\"og:image:width\" content=\"1800\" \/>\n\t<meta property=\"og:image:height\" content=\"1800\" \/>\n\t<meta property=\"og:image:type\" content=\"image\/jpeg\" \/>\n<meta name=\"twitter:card\" content=\"summary_large_image\" \/>\n<meta name=\"twitter:label1\" content=\"Gesch\u00e4tzte Lesezeit\" \/>\n\t<meta name=\"twitter:data1\" content=\"3\u00a0Minuten\" \/>\n<script type=\"application\/ld+json\" class=\"yoast-schema-graph\">{\"@context\":\"https:\/\/schema.org\",\"@graph\":[{\"@type\":\"WebPage\",\"@id\":\"https:\/\/motorcycle-audio.eu\/sklep\/glosniki\/glosnik-hertz-sx690neo-do-motocykli-harley-davidson\/\",\"url\":\"https:\/\/motorcycle-audio.eu\/sklep\/glosniki\/glosnik-hertz-sx690neo-do-motocykli-harley-davidson\/\",\"name\":\"G\u0142o\u015bnik Hertz sx690neo do motocykli Harley Davidson. - Mefiu Motorcycle Audio\",\"isPartOf\":{\"@id\":\"https:\/\/motorcycle-audio.eu\/#website\"},\"primaryImageOfPage\":{\"@id\":\"https:\/\/motorcycle-audio.eu\/sklep\/glosniki\/glosnik-hertz-sx690neo-do-motocykli-harley-davidson\/#primaryimage\"},\"image\":{\"@id\":\"https:\/\/motorcycle-audio.eu\/sklep\/glosniki\/glosnik-hertz-sx690neo-do-motocykli-harley-davidson\/#primaryimage\"},\"thumbnailUrl\":\"https:\/\/motorcycle-audio.eu\/wp-content\/uploads\/2023\/08\/Glosnik_Hertz_SPL_SHOW_SX690NEO.jpg\",\"datePublished\":\"2023-08-01T09:44:42+00:00\",\"dateModified\":\"2026-02-25T13:41:20+00:00\",\"description\":\"Hertz SX690 NEO \u2013 pot\u0119\u017cny 6x9\u201d g\u0142o\u015bnik do Harley-Davidsona z g\u0142\u0119bokim basem, du\u017c\u0105 moc\u0105 i wodoodporn\u0105 membran\u0105. Monta\u017c bez wymiany pokryw kufr\u00f3w.\",\"breadcrumb\":{\"@id\":\"https:\/\/motorcycle-audio.eu\/sklep\/glosniki\/glosnik-hertz-sx690neo-do-motocykli-harley-davidson\/#breadcrumb\"},\"inLanguage\":\"de\",\"potentialAction\":[{\"@type\":\"ReadAction\",\"target\":[\"https:\/\/motorcycle-audio.eu\/sklep\/glosniki\/glosnik-hertz-sx690neo-do-motocykli-harley-davidson\/\"]}]},{\"@type\":\"ImageObject\",\"inLanguage\":\"de\",\"@id\":\"https:\/\/motorcycle-audio.eu\/sklep\/glosniki\/glosnik-hertz-sx690neo-do-motocykli-harley-davidson\/#primaryimage\",\"url\":\"https:\/\/motorcycle-audio.eu\/wp-content\/uploads\/2023\/08\/Glosnik_Hertz_SPL_SHOW_SX690NEO.jpg\",\"contentUrl\":\"https:\/\/motorcycle-audio.eu\/wp-content\/uploads\/2023\/08\/Glosnik_Hertz_SPL_SHOW_SX690NEO.jpg\",\"width\":1800,\"height\":1800,\"caption\":\"G\u0142o\u015bnik Hertz sx 690 neo do motocykli Harley Davidson.\"},{\"@type\":\"BreadcrumbList\",\"@id\":\"https:\/\/motorcycle-audio.eu\/sklep\/glosniki\/glosnik-hertz-sx690neo-do-motocykli-harley-davidson\/#breadcrumb\",\"itemListElement\":[{\"@type\":\"ListItem\",\"position\":1,\"name\":\"Strona g\u0142\u00f3wna\",\"item\":\"https:\/\/motorcycle-audio.eu\/\"},{\"@type\":\"ListItem\",\"position\":2,\"name\":\"Sklep\",\"item\":\"https:\/\/motorcycle-audio.eu\/sklep\/\"},{\"@type\":\"ListItem\",\"position\":3,\"name\":\"G\u0142o\u015bnik Hertz sx690neo do motocykli Harley Davidson.\"}]},{\"@type\":\"WebSite\",\"@id\":\"https:\/\/motorcycle-audio.eu\/#website\",\"url\":\"https:\/\/motorcycle-audio.eu\/\",\"name\":\"Mefiu Motorcycle Audio\",\"description\":\"Play it loud!\",\"publisher\":{\"@id\":\"https:\/\/motorcycle-audio.eu\/#organization\"},\"potentialAction\":[{\"@type\":\"SearchAction\",\"target\":{\"@type\":\"EntryPoint\",\"urlTemplate\":\"https:\/\/motorcycle-audio.eu\/?s={search_term_string}\"},\"query-input\":{\"@type\":\"PropertyValueSpecification\",\"valueRequired\":true,\"valueName\":\"search_term_string\"}}],\"inLanguage\":\"de\"},{\"@type\":\"Organization\",\"@id\":\"https:\/\/motorcycle-audio.eu\/#organization\",\"name\":\"Mefiu Motorcycle Audio\",\"url\":\"https:\/\/motorcycle-audio.eu\/\",\"logo\":{\"@type\":\"ImageObject\",\"inLanguage\":\"de\",\"@id\":\"https:\/\/motorcycle-audio.eu\/#\/schema\/logo\/image\/\",\"url\":\"https:\/\/motorcycle-audio.eu\/wp-content\/uploads\/2025\/05\/mefiu_logo.png\",\"contentUrl\":\"https:\/\/motorcycle-audio.eu\/wp-content\/uploads\/2025\/05\/mefiu_logo.png\",\"width\":150,\"height\":150,\"caption\":\"Mefiu Motorcycle Audio\"},\"image\":{\"@id\":\"https:\/\/motorcycle-audio.eu\/#\/schema\/logo\/image\/\"},\"sameAs\":[\"https:\/\/www.facebook.com\/HarleyDavidsonAudio\"]}]}<\/script>\n<!-- \/ Yoast SEO Premium plugin. -->","yoast_head_json":{"title":"Hertz SX690neo Lautsprecher f\u00fcr Harley Davidson Motorr\u00e4der. - Mefiu Motorcycle Audio","description":"Hertz SX690 NEO \u2013 leistungsstarker 6x9-Zoll-Lautsprecher f\u00fcr Harley-Davidson mit tiefen B\u00e4ssen, hoher Leistung und wasserdichter Membran. Montage ohne Austausch der Kofferdeckel.","robots":{"index":"index","follow":"follow","max-snippet":"max-snippet:-1","max-image-preview":"max-image-preview:large","max-video-preview":"max-video-preview:-1"},"canonical":"https:\/\/motorcycle-audio.eu\/de\/geschaft\/lautsprecher\/hertz-sx690neo-lautsprecher-fur-harley-davidson-motorrader\/","og_locale":"de_DE","og_type":"article","og_title":"G\u0142o\u015bnik Hertz sx690neo do motocykli Harley Davidson.","og_description":"Hertz SX690 NEO \u2013 pot\u0119\u017cny 6x9\u201d g\u0142o\u015bnik do Harley-Davidsona z g\u0142\u0119bokim basem, du\u017c\u0105 moc\u0105 i wodoodporn\u0105 membran\u0105. Monta\u017c bez wymiany pokryw kufr\u00f3w.","og_url":"https:\/\/motorcycle-audio.eu\/de\/geschaft\/lautsprecher\/hertz-sx690neo-lautsprecher-fur-harley-davidson-motorrader\/","og_site_name":"Mefiu Motorcycle Audio","article_publisher":"https:\/\/www.facebook.com\/HarleyDavidsonAudio","article_modified_time":"2026-02-25T13:41:20+00:00","og_image":[{"width":1800,"height":1800,"url":"https:\/\/motorcycle-audio.eu\/wp-content\/uploads\/2023\/08\/Glosnik_Hertz_SPL_SHOW_SX690NEO.jpg","type":"image\/jpeg"}],"twitter_card":"summary_large_image","twitter_misc":{"Gesch\u00e4tzte Lesezeit":"3\u00a0Minuten"},"schema":{"@context":"https:\/\/schema.org","@graph":[{"@type":"WebPage","@id":"https:\/\/motorcycle-audio.eu\/sklep\/glosniki\/glosnik-hertz-sx690neo-do-motocykli-harley-davidson\/","url":"https:\/\/motorcycle-audio.eu\/sklep\/glosniki\/glosnik-hertz-sx690neo-do-motocykli-harley-davidson\/","name":"Hertz SX690neo Lautsprecher f\u00fcr Harley Davidson Motorr\u00e4der. - Mefiu Motorcycle Audio","isPartOf":{"@id":"https:\/\/motorcycle-audio.eu\/#website"},"primaryImageOfPage":{"@id":"https:\/\/motorcycle-audio.eu\/sklep\/glosniki\/glosnik-hertz-sx690neo-do-motocykli-harley-davidson\/#primaryimage"},"image":{"@id":"https:\/\/motorcycle-audio.eu\/sklep\/glosniki\/glosnik-hertz-sx690neo-do-motocykli-harley-davidson\/#primaryimage"},"thumbnailUrl":"https:\/\/motorcycle-audio.eu\/wp-content\/uploads\/2023\/08\/Glosnik_Hertz_SPL_SHOW_SX690NEO.jpg","datePublished":"2023-08-01T09:44:42+00:00","dateModified":"2026-02-25T13:41:20+00:00","description":"Hertz SX690 NEO \u2013 leistungsstarker 6x9-Zoll-Lautsprecher f\u00fcr Harley-Davidson mit tiefen B\u00e4ssen, hoher Leistung und wasserdichter Membran. Montage ohne Austausch der Kofferdeckel.","breadcrumb":{"@id":"https:\/\/motorcycle-audio.eu\/sklep\/glosniki\/glosnik-hertz-sx690neo-do-motocykli-harley-davidson\/#breadcrumb"},"inLanguage":"de","potentialAction":[{"@type":"ReadAction","target":["https:\/\/motorcycle-audio.eu\/sklep\/glosniki\/glosnik-hertz-sx690neo-do-motocykli-harley-davidson\/"]}]},{"@type":"ImageObject","inLanguage":"de","@id":"https:\/\/motorcycle-audio.eu\/sklep\/glosniki\/glosnik-hertz-sx690neo-do-motocykli-harley-davidson\/#primaryimage","url":"https:\/\/motorcycle-audio.eu\/wp-content\/uploads\/2023\/08\/Glosnik_Hertz_SPL_SHOW_SX690NEO.jpg","contentUrl":"https:\/\/motorcycle-audio.eu\/wp-content\/uploads\/2023\/08\/Glosnik_Hertz_SPL_SHOW_SX690NEO.jpg","width":1800,"height":1800,"caption":"G\u0142o\u015bnik Hertz sx 690 neo do motocykli Harley Davidson."},{"@type":"BreadcrumbList","@id":"https:\/\/motorcycle-audio.eu\/sklep\/glosniki\/glosnik-hertz-sx690neo-do-motocykli-harley-davidson\/#breadcrumb","itemListElement":[{"@type":"ListItem","position":1,"name":"Strona g\u0142\u00f3wna","item":"https:\/\/motorcycle-audio.eu\/"},{"@type":"ListItem","position":2,"name":"Sklep","item":"https:\/\/motorcycle-audio.eu\/sklep\/"},{"@type":"ListItem","position":3,"name":"G\u0142o\u015bnik Hertz sx690neo do motocykli Harley Davidson."}]},{"@type":"WebSite","@id":"https:\/\/motorcycle-audio.eu\/#website","url":"https:\/\/motorcycle-audio.eu\/","name":"Mefiu Motorrad Audio","description":"Spiel es laut!","publisher":{"@id":"https:\/\/motorcycle-audio.eu\/#organization"},"potentialAction":[{"@type":"SearchAction","target":{"@type":"EntryPoint","urlTemplate":"https:\/\/motorcycle-audio.eu\/?s={search_term_string}"},"query-input":{"@type":"PropertyValueSpecification","valueRequired":true,"valueName":"search_term_string"}}],"inLanguage":"de"},{"@type":"Organization","@id":"https:\/\/motorcycle-audio.eu\/#organization","name":"Mefiu Motorrad Audio","url":"https:\/\/motorcycle-audio.eu\/","logo":{"@type":"ImageObject","inLanguage":"de","@id":"https:\/\/motorcycle-audio.eu\/#\/schema\/logo\/image\/","url":"https:\/\/motorcycle-audio.eu\/wp-content\/uploads\/2025\/05\/mefiu_logo.png","contentUrl":"https:\/\/motorcycle-audio.eu\/wp-content\/uploads\/2025\/05\/mefiu_logo.png","width":150,"height":150,"caption":"Mefiu Motorcycle Audio"},"image":{"@id":"https:\/\/motorcycle-audio.eu\/#\/schema\/logo\/image\/"},"sameAs":["https:\/\/www.facebook.com\/HarleyDavidsonAudio"]}]}},"jetpack_sharing_enabled":true,"_links":{"self":[{"href":"https:\/\/motorcycle-audio.eu\/de\/wp-json\/wp\/v2\/product\/7671","targetHints":{"allow":["GET"]}}],"collection":[{"href":"https:\/\/motorcycle-audio.eu\/de\/wp-json\/wp\/v2\/product"}],"about":[{"href":"https:\/\/motorcycle-audio.eu\/de\/wp-json\/wp\/v2\/types\/product"}],"replies":[{"embeddable":true,"href":"https:\/\/motorcycle-audio.eu\/de\/wp-json\/wp\/v2\/comments?post=7671"}],"version-history":[{"count":2,"href":"https:\/\/motorcycle-audio.eu\/de\/wp-json\/wp\/v2\/product\/7671\/revisions"}],"predecessor-version":[{"id":9884,"href":"https:\/\/motorcycle-audio.eu\/de\/wp-json\/wp\/v2\/product\/7671\/revisions\/9884"}],"wp:featuredmedia":[{"embeddable":true,"href":"https:\/\/motorcycle-audio.eu\/de\/wp-json\/wp\/v2\/media\/7678"}],"wp:attachment":[{"href":"https:\/\/motorcycle-audio.eu\/de\/wp-json\/wp\/v2\/media?parent=7671"}],"wp:term":[{"taxonomy":"product_cat","embeddable":true,"href":"https:\/\/motorcycle-audio.eu\/de\/wp-json\/wp\/v2\/product_cat?post=7671"},{"taxonomy":"product_tag","embeddable":true,"href":"https:\/\/motorcycle-audio.eu\/de\/wp-json\/wp\/v2\/product_tag?post=7671"}],"curies":[{"name":"wp","href":"https:\/\/api.w.org\/{rel}","templated":true}]}}