{"id":7657,"date":"2023-08-01T11:23:40","date_gmt":"2023-08-01T09:23:40","guid":{"rendered":"https:\/\/motorcycle-audio.eu\/?post_type=product&#038;p=7657"},"modified":"2026-02-25T14:41:28","modified_gmt":"2026-02-25T13:41:28","slug":"hertz-sx-165-neo-lautsprecher-fur-harley-davidson-motorrader-kopie","status":"publish","type":"product","link":"https:\/\/motorcycle-audio.eu\/de\/geschaft\/lautsprecher\/hertz-sx-165-neo-lautsprecher-fur-harley-davidson-motorrader-kopie\/","title":{"rendered":"Hertz sv165neo Lautsprecher f\u00fcr Harley Davidson Motorr\u00e4der."},"content":{"rendered":"<p>Fantastischer Lautsprecher!!! Erg\u00e4nzung zum sx165neo wegen seiner Leistung und des Frequenzbereichs, den er wiedergibt. Er liefert mega starken Midbass und viel Gitarrenmitten. Passt ohne jegliche Modifikationen in die \"Taubenschl\u00e4ge\" und in den zentralen Koffer bei Ultra Limited Modellen.<\/p>\n<p>Der neue SV 165 NEO zeichnet sich durch kompakte Abmessungen und ein geringes Gewicht aus, w\u00e4hrend er dank der Verwendung von N38 H Neodym in den Antriebseinheiten hervorragende Leistungen bietet.<\/p>\n<p>Um eine sichere Au\u00dfenanwendung ohne Verf\u00e4rbung im Laufe der Zeit zu erm\u00f6glichen, sind die Membranen wasserdicht und UV-gesch\u00fctzt, und die Antriebseinheiten sind kataforetisch lackiert mit isolierten Anschlussdr\u00e4hten, um eine Oxidation zu vermeiden.<\/p>\n<p>Die Klemmen und Montagebohrungen sind kompatibel f\u00fcr die Montage an Harley-Davidson-Motorr\u00e4dern!<\/p>\n<p>&nbsp;<\/p>\n<p>Abmessungen:<\/p>\n<p><img fetchpriority=\"high\" decoding=\"async\" class=\"wp-image-7651 alignleft\" src=\"https:\/\/motorcycle-audio.eu\/wp-content\/uploads\/2023\/08\/SX_165_NEO-300x164.png\" alt=\"\" width=\"351\" height=\"192\" srcset=\"https:\/\/motorcycle-audio.eu\/wp-content\/uploads\/2023\/08\/SX_165_NEO-300x164.png 300w, https:\/\/motorcycle-audio.eu\/wp-content\/uploads\/2023\/08\/SX_165_NEO-400x219.png 400w, https:\/\/motorcycle-audio.eu\/wp-content\/uploads\/2023\/08\/SX_165_NEO.png 565w\" sizes=\"(max-width: 351px) 100vw, 351px\" \/><\/p>\n<p>&nbsp;<\/p>\n<p>&nbsp;<\/p>\n<p>&nbsp;<\/p>\n<p>&nbsp;<\/p>\n<table class=\"table caption-top\" style=\"height: 160px;\" width=\"563\">\n<tbody>\n<tr>\n<td><strong>A<\/strong><\/td>\n<td>167,2 mm<\/td>\n<td><\/td>\n<\/tr>\n<tr>\n<td><strong>B<\/strong><\/td>\n<td>143,3 mm<\/td>\n<td><\/td>\n<\/tr>\n<tr>\n<td><strong>C<\/strong><\/td>\n<td>69,5 mm<\/td>\n<td><\/td>\n<\/tr>\n<tr>\n<td><strong>D<\/strong><\/td>\n<td>57,8 mm<\/td>\n<td><\/td>\n<\/tr>\n<\/tbody>\n<\/table>\n<p>Frequenzgang<\/p>\n<p><img decoding=\"async\" class=\"alignnone wp-image-7650\" src=\"https:\/\/motorcycle-audio.eu\/wp-content\/uploads\/2023\/08\/Hertz_SX_165_NEO_Fc-300x179.png\" alt=\"\" width=\"350\" height=\"209\" srcset=\"https:\/\/motorcycle-audio.eu\/wp-content\/uploads\/2023\/08\/Hertz_SX_165_NEO_Fc-300x179.png 300w, https:\/\/motorcycle-audio.eu\/wp-content\/uploads\/2023\/08\/Hertz_SX_165_NEO_Fc-1024x613.png 1024w, https:\/\/motorcycle-audio.eu\/wp-content\/uploads\/2023\/08\/Hertz_SX_165_NEO_Fc-768x459.png 768w, https:\/\/motorcycle-audio.eu\/wp-content\/uploads\/2023\/08\/Hertz_SX_165_NEO_Fc-1536x919.png 1536w, https:\/\/motorcycle-audio.eu\/wp-content\/uploads\/2023\/08\/Hertz_SX_165_NEO_Fc-2048x1225.png 2048w, https:\/\/motorcycle-audio.eu\/wp-content\/uploads\/2023\/08\/Hertz_SX_165_NEO_Fc-400x239.png 400w, https:\/\/motorcycle-audio.eu\/wp-content\/uploads\/2023\/08\/Hertz_SX_165_NEO_Fc-630x377.png 630w\" sizes=\"(max-width: 350px) 100vw, 350px\" \/><\/p>\n<table class=\"table caption-top\">\n<tbody>\n<tr>\n<td><strong>Komponente<\/strong><\/td>\n<td>SPL Mittelt\u00f6ner<\/td>\n<\/tr>\n<tr>\n<td><strong>Gr\u00f6\u00dfe<\/strong> mm (Zoll)<\/td>\n<td>165 (6.5)<\/td>\n<\/tr>\n<tr>\n<td><strong>Belastbarkeit \u2013 Dauerbelastung<\/strong> W<\/td>\n<td>150<\/td>\n<\/tr>\n<tr>\n<td><strong>Belastbarkeit \u2013 Spitzenwert<\/strong> W<\/td>\n<td>400<\/td>\n<\/tr>\n<tr>\n<td><strong>Impedanz<\/strong> Ohm<\/td>\n<td>4<\/td>\n<\/tr>\n<tr>\n<td><strong>Schwingspulendurchmesser<\/strong><\/td>\n<td>38,6 (1.5)<\/td>\n<\/tr>\n<tr>\n<td><strong>Frequenzgang<\/strong> Hz<\/td>\n<td>100 geteilt durch 10 Tausend<\/td>\n<\/tr>\n<tr>\n<td><strong>Magnetgr\u00f6\u00dfe D x d x h<\/strong> mm (Zoll)<\/td>\n<td>70 x 45 x 7 (2.76 x 1.77 x 0.28)<\/td>\n<\/tr>\n<tr>\n<td><strong>Gewicht eines Lautsprechers<\/strong> kg (Pfund)<\/td>\n<td>0,9 (1.98)<\/td>\n<\/tr>\n<tr>\n<td><strong>Magnet<\/strong><\/td>\n<td>Neodym<\/td>\n<\/tr>\n<tr>\n<td><strong>Kegel<\/strong><\/td>\n<td>Wasserabweisendes, gepresstes Papier<\/td>\n<\/tr>\n<\/tbody>\n<\/table>","protected":false},"excerpt":{"rendered":"<p>Fantastischer Lautsprecher!!! Erg\u00e4nzung zum sx165neo wegen seiner Leistung und des Frequenzbereichs, den er wiedergibt. Er liefert mega starken Midbass und viel Gitarrenmitten. Passt ohne jegliche Modifikationen in die \"Taubenschl\u00e4ge\" und in den zentralen Koffer bei Ultra Limited Modellen.<\/p>","protected":false},"featured_media":7662,"comment_status":"closed","ping_status":"closed","template":"","meta":{"_acf_changed":false},"product_cat":[50],"product_tag":[],"class_list":{"0":"post-7657","1":"product","2":"type-product","3":"status-publish","4":"has-post-thumbnail","6":"product_brand-hertz","7":"product_cat-glosniki","9":"first","10":"instock","11":"taxable","12":"shipping-taxable","13":"purchasable","14":"product-type-simple"},"acf":[],"yoast_head":"<!-- This site is optimized with the Yoast SEO Premium plugin v26.7 (Yoast SEO v26.7) - https:\/\/yoast.com\/wordpress\/plugins\/seo\/ -->\n<title>G\u0142o\u015bnik Hertz sv165neo do motocykli Harley Davidson. - Mefiu Motorcycle Audio<\/title>\n<meta name=\"description\" content=\"SV 165 NEO \u2013 lekki, kompaktowy g\u0142o\u015bnik z mocnym midbasem i czystym \u015brodkiem. Neodymowy nap\u0119d, wodoodporna membrana i idealne dopasowanie do Harley-Davidson.\" \/>\n<meta name=\"robots\" content=\"index, follow, max-snippet:-1, max-image-preview:large, max-video-preview:-1\" \/>\n<link rel=\"canonical\" href=\"https:\/\/motorcycle-audio.eu\/de\/geschaft\/lautsprecher\/hertz-sx-165-neo-lautsprecher-fur-harley-davidson-motorrader-kopie\/\" \/>\n<meta property=\"og:locale\" content=\"de_DE\" \/>\n<meta property=\"og:type\" content=\"article\" \/>\n<meta property=\"og:title\" content=\"G\u0142o\u015bnik Hertz sv165neo do motocykli Harley Davidson.\" \/>\n<meta property=\"og:description\" content=\"SV 165 NEO \u2013 lekki, kompaktowy g\u0142o\u015bnik z mocnym midbasem i czystym \u015brodkiem. Neodymowy nap\u0119d, wodoodporna membrana i idealne dopasowanie do Harley-Davidson.\" \/>\n<meta property=\"og:url\" content=\"https:\/\/motorcycle-audio.eu\/de\/geschaft\/lautsprecher\/hertz-sx-165-neo-lautsprecher-fur-harley-davidson-motorrader-kopie\/\" \/>\n<meta property=\"og:site_name\" content=\"Mefiu Motorcycle Audio\" \/>\n<meta property=\"article:publisher\" content=\"https:\/\/www.facebook.com\/HarleyDavidsonAudio\" \/>\n<meta property=\"article:modified_time\" content=\"2026-02-25T13:41:28+00:00\" \/>\n<meta property=\"og:image\" content=\"https:\/\/motorcycle-audio.eu\/wp-content\/uploads\/2023\/08\/Glosnik_Hertz_SPL_SHOW_SV165NEO-1.jpg\" \/>\n\t<meta property=\"og:image:width\" content=\"1800\" \/>\n\t<meta property=\"og:image:height\" content=\"1800\" \/>\n\t<meta property=\"og:image:type\" content=\"image\/jpeg\" \/>\n<meta name=\"twitter:card\" content=\"summary_large_image\" \/>\n<meta name=\"twitter:label1\" content=\"Gesch\u00e4tzte Lesezeit\" \/>\n\t<meta name=\"twitter:data1\" content=\"2\u00a0Minuten\" \/>\n<script type=\"application\/ld+json\" class=\"yoast-schema-graph\">{\"@context\":\"https:\/\/schema.org\",\"@graph\":[{\"@type\":\"WebPage\",\"@id\":\"https:\/\/motorcycle-audio.eu\/sklep\/glosniki\/glosnik-hertz-sx165neo-do-motocykli-harley-davidson-kopia\/\",\"url\":\"https:\/\/motorcycle-audio.eu\/sklep\/glosniki\/glosnik-hertz-sx165neo-do-motocykli-harley-davidson-kopia\/\",\"name\":\"G\u0142o\u015bnik Hertz sv165neo do motocykli Harley Davidson. - Mefiu Motorcycle Audio\",\"isPartOf\":{\"@id\":\"https:\/\/motorcycle-audio.eu\/#website\"},\"primaryImageOfPage\":{\"@id\":\"https:\/\/motorcycle-audio.eu\/sklep\/glosniki\/glosnik-hertz-sx165neo-do-motocykli-harley-davidson-kopia\/#primaryimage\"},\"image\":{\"@id\":\"https:\/\/motorcycle-audio.eu\/sklep\/glosniki\/glosnik-hertz-sx165neo-do-motocykli-harley-davidson-kopia\/#primaryimage\"},\"thumbnailUrl\":\"https:\/\/motorcycle-audio.eu\/wp-content\/uploads\/2023\/08\/Glosnik_Hertz_SPL_SHOW_SV165NEO-1.jpg\",\"datePublished\":\"2023-08-01T09:23:40+00:00\",\"dateModified\":\"2026-02-25T13:41:28+00:00\",\"description\":\"SV 165 NEO \u2013 lekki, kompaktowy g\u0142o\u015bnik z mocnym midbasem i czystym \u015brodkiem. Neodymowy nap\u0119d, wodoodporna membrana i idealne dopasowanie do Harley-Davidson.\",\"breadcrumb\":{\"@id\":\"https:\/\/motorcycle-audio.eu\/sklep\/glosniki\/glosnik-hertz-sx165neo-do-motocykli-harley-davidson-kopia\/#breadcrumb\"},\"inLanguage\":\"de\",\"potentialAction\":[{\"@type\":\"ReadAction\",\"target\":[\"https:\/\/motorcycle-audio.eu\/sklep\/glosniki\/glosnik-hertz-sx165neo-do-motocykli-harley-davidson-kopia\/\"]}]},{\"@type\":\"ImageObject\",\"inLanguage\":\"de\",\"@id\":\"https:\/\/motorcycle-audio.eu\/sklep\/glosniki\/glosnik-hertz-sx165neo-do-motocykli-harley-davidson-kopia\/#primaryimage\",\"url\":\"https:\/\/motorcycle-audio.eu\/wp-content\/uploads\/2023\/08\/Glosnik_Hertz_SPL_SHOW_SV165NEO-1.jpg\",\"contentUrl\":\"https:\/\/motorcycle-audio.eu\/wp-content\/uploads\/2023\/08\/Glosnik_Hertz_SPL_SHOW_SV165NEO-1.jpg\",\"width\":1800,\"height\":1800,\"caption\":\"G\u0142o\u015bnik Hertz SPL SV 165 NEO\"},{\"@type\":\"BreadcrumbList\",\"@id\":\"https:\/\/motorcycle-audio.eu\/sklep\/glosniki\/glosnik-hertz-sx165neo-do-motocykli-harley-davidson-kopia\/#breadcrumb\",\"itemListElement\":[{\"@type\":\"ListItem\",\"position\":1,\"name\":\"Strona g\u0142\u00f3wna\",\"item\":\"https:\/\/motorcycle-audio.eu\/\"},{\"@type\":\"ListItem\",\"position\":2,\"name\":\"Sklep\",\"item\":\"https:\/\/motorcycle-audio.eu\/sklep\/\"},{\"@type\":\"ListItem\",\"position\":3,\"name\":\"G\u0142o\u015bnik Hertz sv165neo do motocykli Harley Davidson.\"}]},{\"@type\":\"WebSite\",\"@id\":\"https:\/\/motorcycle-audio.eu\/#website\",\"url\":\"https:\/\/motorcycle-audio.eu\/\",\"name\":\"Mefiu Motorcycle Audio\",\"description\":\"Play it loud!\",\"publisher\":{\"@id\":\"https:\/\/motorcycle-audio.eu\/#organization\"},\"potentialAction\":[{\"@type\":\"SearchAction\",\"target\":{\"@type\":\"EntryPoint\",\"urlTemplate\":\"https:\/\/motorcycle-audio.eu\/?s={search_term_string}\"},\"query-input\":{\"@type\":\"PropertyValueSpecification\",\"valueRequired\":true,\"valueName\":\"search_term_string\"}}],\"inLanguage\":\"de\"},{\"@type\":\"Organization\",\"@id\":\"https:\/\/motorcycle-audio.eu\/#organization\",\"name\":\"Mefiu Motorcycle Audio\",\"url\":\"https:\/\/motorcycle-audio.eu\/\",\"logo\":{\"@type\":\"ImageObject\",\"inLanguage\":\"de\",\"@id\":\"https:\/\/motorcycle-audio.eu\/#\/schema\/logo\/image\/\",\"url\":\"https:\/\/motorcycle-audio.eu\/wp-content\/uploads\/2025\/05\/mefiu_logo.png\",\"contentUrl\":\"https:\/\/motorcycle-audio.eu\/wp-content\/uploads\/2025\/05\/mefiu_logo.png\",\"width\":150,\"height\":150,\"caption\":\"Mefiu Motorcycle Audio\"},\"image\":{\"@id\":\"https:\/\/motorcycle-audio.eu\/#\/schema\/logo\/image\/\"},\"sameAs\":[\"https:\/\/www.facebook.com\/HarleyDavidsonAudio\"]}]}<\/script>\n<!-- \/ Yoast SEO Premium plugin. -->","yoast_head_json":{"title":"Lautsprecher Hertz sv165neo f\u00fcr Harley Davidson Motorr\u00e4der. - Mefiu Motorcycle Audio","description":"SV 165 NEO \u2013 leichte, kompakte Lautsprecher mit kr\u00e4ftigem Tiefmitten und klaren Mitten. Neodym-Antrieb, wasserdichte Membran und perfekte Abstimmung f\u00fcr Harley-Davidson.","robots":{"index":"index","follow":"follow","max-snippet":"max-snippet:-1","max-image-preview":"max-image-preview:large","max-video-preview":"max-video-preview:-1"},"canonical":"https:\/\/motorcycle-audio.eu\/de\/geschaft\/lautsprecher\/hertz-sx-165-neo-lautsprecher-fur-harley-davidson-motorrader-kopie\/","og_locale":"de_DE","og_type":"article","og_title":"G\u0142o\u015bnik Hertz sv165neo do motocykli Harley Davidson.","og_description":"SV 165 NEO \u2013 lekki, kompaktowy g\u0142o\u015bnik z mocnym midbasem i czystym \u015brodkiem. Neodymowy nap\u0119d, wodoodporna membrana i idealne dopasowanie do Harley-Davidson.","og_url":"https:\/\/motorcycle-audio.eu\/de\/geschaft\/lautsprecher\/hertz-sx-165-neo-lautsprecher-fur-harley-davidson-motorrader-kopie\/","og_site_name":"Mefiu Motorcycle Audio","article_publisher":"https:\/\/www.facebook.com\/HarleyDavidsonAudio","article_modified_time":"2026-02-25T13:41:28+00:00","og_image":[{"width":1800,"height":1800,"url":"https:\/\/motorcycle-audio.eu\/wp-content\/uploads\/2023\/08\/Glosnik_Hertz_SPL_SHOW_SV165NEO-1.jpg","type":"image\/jpeg"}],"twitter_card":"summary_large_image","twitter_misc":{"Gesch\u00e4tzte Lesezeit":"2\u00a0Minuten"},"schema":{"@context":"https:\/\/schema.org","@graph":[{"@type":"WebPage","@id":"https:\/\/motorcycle-audio.eu\/sklep\/glosniki\/glosnik-hertz-sx165neo-do-motocykli-harley-davidson-kopia\/","url":"https:\/\/motorcycle-audio.eu\/sklep\/glosniki\/glosnik-hertz-sx165neo-do-motocykli-harley-davidson-kopia\/","name":"Lautsprecher Hertz sv165neo f\u00fcr Harley Davidson Motorr\u00e4der. - Mefiu Motorcycle Audio","isPartOf":{"@id":"https:\/\/motorcycle-audio.eu\/#website"},"primaryImageOfPage":{"@id":"https:\/\/motorcycle-audio.eu\/sklep\/glosniki\/glosnik-hertz-sx165neo-do-motocykli-harley-davidson-kopia\/#primaryimage"},"image":{"@id":"https:\/\/motorcycle-audio.eu\/sklep\/glosniki\/glosnik-hertz-sx165neo-do-motocykli-harley-davidson-kopia\/#primaryimage"},"thumbnailUrl":"https:\/\/motorcycle-audio.eu\/wp-content\/uploads\/2023\/08\/Glosnik_Hertz_SPL_SHOW_SV165NEO-1.jpg","datePublished":"2023-08-01T09:23:40+00:00","dateModified":"2026-02-25T13:41:28+00:00","description":"SV 165 NEO \u2013 leichte, kompakte Lautsprecher mit kr\u00e4ftigem Tiefmitten und klaren Mitten. Neodym-Antrieb, wasserdichte Membran und perfekte Abstimmung f\u00fcr Harley-Davidson.","breadcrumb":{"@id":"https:\/\/motorcycle-audio.eu\/sklep\/glosniki\/glosnik-hertz-sx165neo-do-motocykli-harley-davidson-kopia\/#breadcrumb"},"inLanguage":"de","potentialAction":[{"@type":"ReadAction","target":["https:\/\/motorcycle-audio.eu\/sklep\/glosniki\/glosnik-hertz-sx165neo-do-motocykli-harley-davidson-kopia\/"]}]},{"@type":"ImageObject","inLanguage":"de","@id":"https:\/\/motorcycle-audio.eu\/sklep\/glosniki\/glosnik-hertz-sx165neo-do-motocykli-harley-davidson-kopia\/#primaryimage","url":"https:\/\/motorcycle-audio.eu\/wp-content\/uploads\/2023\/08\/Glosnik_Hertz_SPL_SHOW_SV165NEO-1.jpg","contentUrl":"https:\/\/motorcycle-audio.eu\/wp-content\/uploads\/2023\/08\/Glosnik_Hertz_SPL_SHOW_SV165NEO-1.jpg","width":1800,"height":1800,"caption":"G\u0142o\u015bnik Hertz SPL SV 165 NEO"},{"@type":"BreadcrumbList","@id":"https:\/\/motorcycle-audio.eu\/sklep\/glosniki\/glosnik-hertz-sx165neo-do-motocykli-harley-davidson-kopia\/#breadcrumb","itemListElement":[{"@type":"ListItem","position":1,"name":"Strona g\u0142\u00f3wna","item":"https:\/\/motorcycle-audio.eu\/"},{"@type":"ListItem","position":2,"name":"Sklep","item":"https:\/\/motorcycle-audio.eu\/sklep\/"},{"@type":"ListItem","position":3,"name":"G\u0142o\u015bnik Hertz sv165neo do motocykli Harley Davidson."}]},{"@type":"WebSite","@id":"https:\/\/motorcycle-audio.eu\/#website","url":"https:\/\/motorcycle-audio.eu\/","name":"Mefiu Motorrad Audio","description":"Spiel es laut!","publisher":{"@id":"https:\/\/motorcycle-audio.eu\/#organization"},"potentialAction":[{"@type":"SearchAction","target":{"@type":"EntryPoint","urlTemplate":"https:\/\/motorcycle-audio.eu\/?s={search_term_string}"},"query-input":{"@type":"PropertyValueSpecification","valueRequired":true,"valueName":"search_term_string"}}],"inLanguage":"de"},{"@type":"Organization","@id":"https:\/\/motorcycle-audio.eu\/#organization","name":"Mefiu Motorrad Audio","url":"https:\/\/motorcycle-audio.eu\/","logo":{"@type":"ImageObject","inLanguage":"de","@id":"https:\/\/motorcycle-audio.eu\/#\/schema\/logo\/image\/","url":"https:\/\/motorcycle-audio.eu\/wp-content\/uploads\/2025\/05\/mefiu_logo.png","contentUrl":"https:\/\/motorcycle-audio.eu\/wp-content\/uploads\/2025\/05\/mefiu_logo.png","width":150,"height":150,"caption":"Mefiu Motorcycle Audio"},"image":{"@id":"https:\/\/motorcycle-audio.eu\/#\/schema\/logo\/image\/"},"sameAs":["https:\/\/www.facebook.com\/HarleyDavidsonAudio"]}]}},"jetpack_sharing_enabled":true,"_links":{"self":[{"href":"https:\/\/motorcycle-audio.eu\/de\/wp-json\/wp\/v2\/product\/7657","targetHints":{"allow":["GET"]}}],"collection":[{"href":"https:\/\/motorcycle-audio.eu\/de\/wp-json\/wp\/v2\/product"}],"about":[{"href":"https:\/\/motorcycle-audio.eu\/de\/wp-json\/wp\/v2\/types\/product"}],"replies":[{"embeddable":true,"href":"https:\/\/motorcycle-audio.eu\/de\/wp-json\/wp\/v2\/comments?post=7657"}],"version-history":[{"count":1,"href":"https:\/\/motorcycle-audio.eu\/de\/wp-json\/wp\/v2\/product\/7657\/revisions"}],"predecessor-version":[{"id":9605,"href":"https:\/\/motorcycle-audio.eu\/de\/wp-json\/wp\/v2\/product\/7657\/revisions\/9605"}],"wp:featuredmedia":[{"embeddable":true,"href":"https:\/\/motorcycle-audio.eu\/de\/wp-json\/wp\/v2\/media\/7662"}],"wp:attachment":[{"href":"https:\/\/motorcycle-audio.eu\/de\/wp-json\/wp\/v2\/media?parent=7657"}],"wp:term":[{"taxonomy":"product_cat","embeddable":true,"href":"https:\/\/motorcycle-audio.eu\/de\/wp-json\/wp\/v2\/product_cat?post=7657"},{"taxonomy":"product_tag","embeddable":true,"href":"https:\/\/motorcycle-audio.eu\/de\/wp-json\/wp\/v2\/product_tag?post=7657"}],"curies":[{"name":"wp","href":"https:\/\/api.w.org\/{rel}","templated":true}]}}