{"id":7643,"date":"2023-08-01T11:04:33","date_gmt":"2023-08-01T09:04:33","guid":{"rendered":"https:\/\/motorcycle-audio.eu\/?post_type=product&#038;p=7643"},"modified":"2026-02-25T14:41:36","modified_gmt":"2026-02-25T13:41:36","slug":"hertz-sx165neo-lautsprecher-fur-harley-davidson-motorrader","status":"publish","type":"product","link":"https:\/\/motorcycle-audio.eu\/de\/geschaft\/lautsprecher\/hertz-sx165neo-lautsprecher-fur-harley-davidson-motorrader\/","title":{"rendered":"Hertz SX 165 Neo Lautsprecher f\u00fcr Harley Davidson Motorr\u00e4der."},"content":{"rendered":"<p>Einer unserer Lieblingslautsprecher Hertz sx165neo.<\/p>\n<p>Passt perfekt zu den Verkleidungen von Street\/Electra und Road Glide. Keine Modifikationen erforderlich. Dies ist ein Lautsprecher, der sehr leistungsf\u00e4hig, laut und vor allem wetterfest ist. Man kann damit ruhig Wasser \u00fcbersch\u00fctten und fahren \ud83d\ude09 Am besten zusammen mit dem sx690neo in den Satteltaschen\/Koffern oder dem sv165neo im Tourpack verwenden.<\/p>\n<p>Der brandneue HERTZ SX 165 NEO Lautsprecher ist aus witterungsbest\u00e4ndigem, steifem Pressed Paper gefertigt, der sich durch eine innovative Behandlung auszeichnet, die gegen Wasser, Feuchtigkeit und UV-Strahlen best\u00e4ndig ist.<\/p>\n<p>Eine zweilagige Kupfer-Schwingspule, gewickelt auf einem Polyamidtr\u00e4ger, erm\u00f6glicht eine un\u00fcbertroffene Belastbarkeit. Neue Antriebseinheiten sind aus speziell ausgew\u00e4hlten N38 H Neodym-Magneten gefertigt, um minimales Volumen und gesteigerte Effizienz zu erzielen.<\/p>\n<p>Der SX 165 NEO ist mit einem gro\u00dfen 1,4-Zoll-PEI-Hi-SPL-Kalottenhocht\u00f6ner mit einem zur\u00fccksetzbaren Halbleiterschutzschaltkreis und einer sch\u00fctzenden Gummidichtung f\u00fcr hohe SPL und sichere Au\u00dfennutzung ausgestattet.<\/p>\n<p>Abmessungen:<\/p>\n<p><img fetchpriority=\"high\" decoding=\"async\" class=\"wp-image-7651 alignleft\" src=\"https:\/\/motorcycle-audio.eu\/wp-content\/uploads\/2023\/08\/SX_165_NEO-300x164.png\" alt=\"\" width=\"351\" height=\"192\" srcset=\"https:\/\/motorcycle-audio.eu\/wp-content\/uploads\/2023\/08\/SX_165_NEO-300x164.png 300w, https:\/\/motorcycle-audio.eu\/wp-content\/uploads\/2023\/08\/SX_165_NEO-400x219.png 400w, https:\/\/motorcycle-audio.eu\/wp-content\/uploads\/2023\/08\/SX_165_NEO.png 565w\" sizes=\"(max-width: 351px) 100vw, 351px\" \/><\/p>\n<p>&nbsp;<\/p>\n<p>&nbsp;<\/p>\n<p>&nbsp;<\/p>\n<p>&nbsp;<\/p>\n<table class=\"table caption-top\" style=\"height: 160px;\" width=\"563\">\n<tbody>\n<tr>\n<td><strong>A<\/strong><\/td>\n<td>167,2 mm<\/td>\n<td><\/td>\n<\/tr>\n<tr>\n<td><strong>B<\/strong><\/td>\n<td>143,3 mm<\/td>\n<td><\/td>\n<\/tr>\n<tr>\n<td><strong>C<\/strong><\/td>\n<td>69,5 mm<\/td>\n<td><\/td>\n<\/tr>\n<tr>\n<td><strong>D<\/strong><\/td>\n<td>57,8 mm<\/td>\n<td><\/td>\n<\/tr>\n<\/tbody>\n<\/table>\n<p>Frequenzgang<\/p>\n<p><img decoding=\"async\" class=\"alignnone wp-image-7650\" src=\"https:\/\/motorcycle-audio.eu\/wp-content\/uploads\/2023\/08\/Hertz_SX_165_NEO_Fc-300x179.png\" alt=\"\" width=\"350\" height=\"209\" srcset=\"https:\/\/motorcycle-audio.eu\/wp-content\/uploads\/2023\/08\/Hertz_SX_165_NEO_Fc-300x179.png 300w, https:\/\/motorcycle-audio.eu\/wp-content\/uploads\/2023\/08\/Hertz_SX_165_NEO_Fc-1024x613.png 1024w, https:\/\/motorcycle-audio.eu\/wp-content\/uploads\/2023\/08\/Hertz_SX_165_NEO_Fc-768x459.png 768w, https:\/\/motorcycle-audio.eu\/wp-content\/uploads\/2023\/08\/Hertz_SX_165_NEO_Fc-1536x919.png 1536w, https:\/\/motorcycle-audio.eu\/wp-content\/uploads\/2023\/08\/Hertz_SX_165_NEO_Fc-2048x1225.png 2048w, https:\/\/motorcycle-audio.eu\/wp-content\/uploads\/2023\/08\/Hertz_SX_165_NEO_Fc-400x239.png 400w, https:\/\/motorcycle-audio.eu\/wp-content\/uploads\/2023\/08\/Hertz_SX_165_NEO_Fc-630x377.png 630w\" sizes=\"(max-width: 350px) 100vw, 350px\" \/><\/p>\n<table>\n<tbody>\n<tr>\n<td><strong>Komponente<\/strong><\/td>\n<td>SPL KOAXIAL<\/td>\n<\/tr>\n<tr>\n<td><strong>Gr\u00f6\u00dfe<\/strong> mm (Zoll)<\/td>\n<td>165 (6.5)<\/td>\n<\/tr>\n<tr>\n<td><strong>Belastbarkeit \u2013 Dauerbelastung<\/strong> W<\/td>\n<td>100<\/td>\n<\/tr>\n<tr>\n<td><strong>Belastbarkeit \u2013 Spitzenwert<\/strong> W<\/td>\n<td>200<\/td>\n<\/tr>\n<tr>\n<td><strong>Impedanz<\/strong> Ohm<\/td>\n<td>4<\/td>\n<\/tr>\n<tr>\n<td><strong>Hocht\u00f6ner-Membran<\/strong> mm (Zoll)<\/td>\n<td>PEI<\/td>\n<\/tr>\n<tr>\n<td><strong>Woofer Schwingspulendurchmesser<\/strong> mm (Zoll)<\/td>\n<td>38 (1.5)<\/td>\n<\/tr>\n<tr>\n<td><strong>Schwingspulen-\u00d8 des Hocht\u00f6ners<\/strong> mm (Zoll)<\/td>\n<td>28 (1.1)<\/td>\n<\/tr>\n<tr>\n<td><strong>Frequenzgang<\/strong> Hz<\/td>\n<td>100 geteilt durch 20.000<\/td>\n<\/tr>\n<tr>\n<td><strong>Woofer Magnetgr\u00f6\u00dfe D x d x H<\/strong> mm (Zoll)<\/td>\n<td>70 x 45 x 7 (2.76 x 1.77 x 0.28)<\/td>\n<\/tr>\n<tr>\n<td><strong>Tweeter-Magnet-Gr\u00f6\u00dfe D x H<\/strong> mm (Zoll)<\/td>\n<td>19 x 3 (0.75 x 0.12)<\/td>\n<\/tr>\n<tr>\n<td><strong>Gewicht eines Lautsprechers<\/strong> kg (Pfund)<\/td>\n<td>0,94 (2.08)<\/td>\n<\/tr>\n<tr>\n<td><strong>Tieftonmagnet<\/strong><\/td>\n<td>Spezielle Neodym N38 H<\/td>\n<\/tr>\n<tr>\n<td><strong>Hocht\u00f6nermagnet<\/strong><\/td>\n<td>Spezielle Neodym N38 H<\/td>\n<\/tr>\n<tr>\n<td><strong>Kegel<\/strong><\/td>\n<td>Wasserabweisendes, gepresstes Papier<\/td>\n<\/tr>\n<\/tbody>\n<\/table>\n<p>&nbsp;<\/p>","protected":false},"excerpt":{"rendered":"<p>Einer unserer Lieblingslautsprecher Hertz sx165neo.<\/p>\n<p>Passt perfekt zu den Verkleidungen von Street\/Electra und Road Glide. Keine Modifikationen erforderlich. Dies ist ein Lautsprecher, der sehr leistungsf\u00e4hig, laut und vor allem wetterfest ist. Man kann damit ruhig Wasser \u00fcbersch\u00fctten und fahren \ud83d\ude09 Am besten zusammen mit dem sx690neo in den Satteltaschen\/Koffern oder dem sv165neo im Tourpack verwenden.<\/p>","protected":false},"featured_media":7648,"comment_status":"closed","ping_status":"closed","template":"","meta":{"_acf_changed":false},"product_cat":[50],"product_tag":[],"class_list":{"0":"post-7643","1":"product","2":"type-product","3":"status-publish","4":"has-post-thumbnail","6":"product_brand-hertz","7":"product_cat-glosniki","9":"first","10":"instock","11":"taxable","12":"shipping-taxable","13":"purchasable","14":"product-type-simple"},"acf":[],"yoast_head":"<!-- This site is optimized with the Yoast SEO Premium plugin v26.7 (Yoast SEO v26.7) - https:\/\/yoast.com\/wordpress\/plugins\/seo\/ -->\n<title>G\u0142o\u015bnik Hertz sx165neo do motocykli Harley Davidson. - Mefiu Motorcycle Audio<\/title>\n<meta name=\"description\" content=\"Hertz SX165 NEO \u2013 wydajny, g\u0142o\u015bny i wodoodporny g\u0142o\u015bnik do Harley-Davidsona. Neodymowy nap\u0119d, czysty d\u017awi\u0119k i monta\u017c bez przer\u00f3bek w owiewkach.\" \/>\n<meta name=\"robots\" content=\"index, follow, max-snippet:-1, max-image-preview:large, max-video-preview:-1\" \/>\n<link rel=\"canonical\" href=\"https:\/\/motorcycle-audio.eu\/de\/geschaft\/lautsprecher\/hertz-sx165neo-lautsprecher-fur-harley-davidson-motorrader\/\" \/>\n<meta property=\"og:locale\" content=\"de_DE\" \/>\n<meta property=\"og:type\" content=\"article\" \/>\n<meta property=\"og:title\" content=\"G\u0142o\u015bnik Hertz sx165neo do motocykli Harley Davidson.\" \/>\n<meta property=\"og:description\" content=\"Hertz SX165 NEO \u2013 wydajny, g\u0142o\u015bny i wodoodporny g\u0142o\u015bnik do Harley-Davidsona. Neodymowy nap\u0119d, czysty d\u017awi\u0119k i monta\u017c bez przer\u00f3bek w owiewkach.\" \/>\n<meta property=\"og:url\" content=\"https:\/\/motorcycle-audio.eu\/de\/geschaft\/lautsprecher\/hertz-sx165neo-lautsprecher-fur-harley-davidson-motorrader\/\" \/>\n<meta property=\"og:site_name\" content=\"Mefiu Motorcycle Audio\" \/>\n<meta property=\"article:publisher\" content=\"https:\/\/www.facebook.com\/HarleyDavidsonAudio\" \/>\n<meta property=\"article:modified_time\" content=\"2026-02-25T13:41:36+00:00\" \/>\n<meta property=\"og:image\" content=\"https:\/\/motorcycle-audio.eu\/wp-content\/uploads\/2023\/08\/Glosnik_Hertz_SPL_SHOW_SX165NEO-1.jpg\" \/>\n\t<meta property=\"og:image:width\" content=\"1800\" \/>\n\t<meta property=\"og:image:height\" content=\"1800\" \/>\n\t<meta property=\"og:image:type\" content=\"image\/jpeg\" \/>\n<meta name=\"twitter:card\" content=\"summary_large_image\" \/>\n<meta name=\"twitter:label1\" content=\"Gesch\u00e4tzte Lesezeit\" \/>\n\t<meta name=\"twitter:data1\" content=\"3\u00a0Minuten\" \/>\n<script type=\"application\/ld+json\" class=\"yoast-schema-graph\">{\"@context\":\"https:\/\/schema.org\",\"@graph\":[{\"@type\":\"WebPage\",\"@id\":\"https:\/\/motorcycle-audio.eu\/sklep\/glosniki\/glosnik-hertz-sx165neo-do-motocykli-harley-davidson\/\",\"url\":\"https:\/\/motorcycle-audio.eu\/sklep\/glosniki\/glosnik-hertz-sx165neo-do-motocykli-harley-davidson\/\",\"name\":\"G\u0142o\u015bnik Hertz sx165neo do motocykli Harley Davidson. - Mefiu Motorcycle Audio\",\"isPartOf\":{\"@id\":\"https:\/\/motorcycle-audio.eu\/#website\"},\"primaryImageOfPage\":{\"@id\":\"https:\/\/motorcycle-audio.eu\/sklep\/glosniki\/glosnik-hertz-sx165neo-do-motocykli-harley-davidson\/#primaryimage\"},\"image\":{\"@id\":\"https:\/\/motorcycle-audio.eu\/sklep\/glosniki\/glosnik-hertz-sx165neo-do-motocykli-harley-davidson\/#primaryimage\"},\"thumbnailUrl\":\"https:\/\/motorcycle-audio.eu\/wp-content\/uploads\/2023\/08\/Glosnik_Hertz_SPL_SHOW_SX165NEO-1.jpg\",\"datePublished\":\"2023-08-01T09:04:33+00:00\",\"dateModified\":\"2026-02-25T13:41:36+00:00\",\"description\":\"Hertz SX165 NEO \u2013 wydajny, g\u0142o\u015bny i wodoodporny g\u0142o\u015bnik do Harley-Davidsona. Neodymowy nap\u0119d, czysty d\u017awi\u0119k i monta\u017c bez przer\u00f3bek w owiewkach.\",\"breadcrumb\":{\"@id\":\"https:\/\/motorcycle-audio.eu\/sklep\/glosniki\/glosnik-hertz-sx165neo-do-motocykli-harley-davidson\/#breadcrumb\"},\"inLanguage\":\"de\",\"potentialAction\":[{\"@type\":\"ReadAction\",\"target\":[\"https:\/\/motorcycle-audio.eu\/sklep\/glosniki\/glosnik-hertz-sx165neo-do-motocykli-harley-davidson\/\"]}]},{\"@type\":\"ImageObject\",\"inLanguage\":\"de\",\"@id\":\"https:\/\/motorcycle-audio.eu\/sklep\/glosniki\/glosnik-hertz-sx165neo-do-motocykli-harley-davidson\/#primaryimage\",\"url\":\"https:\/\/motorcycle-audio.eu\/wp-content\/uploads\/2023\/08\/Glosnik_Hertz_SPL_SHOW_SX165NEO-1.jpg\",\"contentUrl\":\"https:\/\/motorcycle-audio.eu\/wp-content\/uploads\/2023\/08\/Glosnik_Hertz_SPL_SHOW_SX165NEO-1.jpg\",\"width\":1800,\"height\":1800,\"caption\":\"G\u0142o\u015bnik Hertz sx 165 neo do motocykli Harley Davidson\"},{\"@type\":\"BreadcrumbList\",\"@id\":\"https:\/\/motorcycle-audio.eu\/sklep\/glosniki\/glosnik-hertz-sx165neo-do-motocykli-harley-davidson\/#breadcrumb\",\"itemListElement\":[{\"@type\":\"ListItem\",\"position\":1,\"name\":\"Strona g\u0142\u00f3wna\",\"item\":\"https:\/\/motorcycle-audio.eu\/\"},{\"@type\":\"ListItem\",\"position\":2,\"name\":\"Sklep\",\"item\":\"https:\/\/motorcycle-audio.eu\/sklep\/\"},{\"@type\":\"ListItem\",\"position\":3,\"name\":\"G\u0142o\u015bnik Hertz sx165neo do motocykli Harley Davidson.\"}]},{\"@type\":\"WebSite\",\"@id\":\"https:\/\/motorcycle-audio.eu\/#website\",\"url\":\"https:\/\/motorcycle-audio.eu\/\",\"name\":\"Mefiu Motorcycle Audio\",\"description\":\"Play it loud!\",\"publisher\":{\"@id\":\"https:\/\/motorcycle-audio.eu\/#organization\"},\"potentialAction\":[{\"@type\":\"SearchAction\",\"target\":{\"@type\":\"EntryPoint\",\"urlTemplate\":\"https:\/\/motorcycle-audio.eu\/?s={search_term_string}\"},\"query-input\":{\"@type\":\"PropertyValueSpecification\",\"valueRequired\":true,\"valueName\":\"search_term_string\"}}],\"inLanguage\":\"de\"},{\"@type\":\"Organization\",\"@id\":\"https:\/\/motorcycle-audio.eu\/#organization\",\"name\":\"Mefiu Motorcycle Audio\",\"url\":\"https:\/\/motorcycle-audio.eu\/\",\"logo\":{\"@type\":\"ImageObject\",\"inLanguage\":\"de\",\"@id\":\"https:\/\/motorcycle-audio.eu\/#\/schema\/logo\/image\/\",\"url\":\"https:\/\/motorcycle-audio.eu\/wp-content\/uploads\/2025\/05\/mefiu_logo.png\",\"contentUrl\":\"https:\/\/motorcycle-audio.eu\/wp-content\/uploads\/2025\/05\/mefiu_logo.png\",\"width\":150,\"height\":150,\"caption\":\"Mefiu Motorcycle Audio\"},\"image\":{\"@id\":\"https:\/\/motorcycle-audio.eu\/#\/schema\/logo\/image\/\"},\"sameAs\":[\"https:\/\/www.facebook.com\/HarleyDavidsonAudio\"]}]}<\/script>\n<!-- \/ Yoast SEO Premium plugin. -->","yoast_head_json":{"title":"Hertz sx165neo Lautsprecher f\u00fcr Harley Davidson Motorr\u00e4der. - Mefiu Motorcycle Audio","description":"Hertz SX165 NEO \u2013 leistungsstarker, lauter und wasserdichter Lautsprecher f\u00fcr Harley-Davidson. Neodym-Antrieb, sauberer Klang und Nachr\u00fcstmontage in Verkleidungen.","robots":{"index":"index","follow":"follow","max-snippet":"max-snippet:-1","max-image-preview":"max-image-preview:large","max-video-preview":"max-video-preview:-1"},"canonical":"https:\/\/motorcycle-audio.eu\/de\/geschaft\/lautsprecher\/hertz-sx165neo-lautsprecher-fur-harley-davidson-motorrader\/","og_locale":"de_DE","og_type":"article","og_title":"G\u0142o\u015bnik Hertz sx165neo do motocykli Harley Davidson.","og_description":"Hertz SX165 NEO \u2013 wydajny, g\u0142o\u015bny i wodoodporny g\u0142o\u015bnik do Harley-Davidsona. Neodymowy nap\u0119d, czysty d\u017awi\u0119k i monta\u017c bez przer\u00f3bek w owiewkach.","og_url":"https:\/\/motorcycle-audio.eu\/de\/geschaft\/lautsprecher\/hertz-sx165neo-lautsprecher-fur-harley-davidson-motorrader\/","og_site_name":"Mefiu Motorcycle Audio","article_publisher":"https:\/\/www.facebook.com\/HarleyDavidsonAudio","article_modified_time":"2026-02-25T13:41:36+00:00","og_image":[{"width":1800,"height":1800,"url":"https:\/\/motorcycle-audio.eu\/wp-content\/uploads\/2023\/08\/Glosnik_Hertz_SPL_SHOW_SX165NEO-1.jpg","type":"image\/jpeg"}],"twitter_card":"summary_large_image","twitter_misc":{"Gesch\u00e4tzte Lesezeit":"3\u00a0Minuten"},"schema":{"@context":"https:\/\/schema.org","@graph":[{"@type":"WebPage","@id":"https:\/\/motorcycle-audio.eu\/sklep\/glosniki\/glosnik-hertz-sx165neo-do-motocykli-harley-davidson\/","url":"https:\/\/motorcycle-audio.eu\/sklep\/glosniki\/glosnik-hertz-sx165neo-do-motocykli-harley-davidson\/","name":"Hertz sx165neo Lautsprecher f\u00fcr Harley Davidson Motorr\u00e4der. - Mefiu Motorcycle Audio","isPartOf":{"@id":"https:\/\/motorcycle-audio.eu\/#website"},"primaryImageOfPage":{"@id":"https:\/\/motorcycle-audio.eu\/sklep\/glosniki\/glosnik-hertz-sx165neo-do-motocykli-harley-davidson\/#primaryimage"},"image":{"@id":"https:\/\/motorcycle-audio.eu\/sklep\/glosniki\/glosnik-hertz-sx165neo-do-motocykli-harley-davidson\/#primaryimage"},"thumbnailUrl":"https:\/\/motorcycle-audio.eu\/wp-content\/uploads\/2023\/08\/Glosnik_Hertz_SPL_SHOW_SX165NEO-1.jpg","datePublished":"2023-08-01T09:04:33+00:00","dateModified":"2026-02-25T13:41:36+00:00","description":"Hertz SX165 NEO \u2013 leistungsstarker, lauter und wasserdichter Lautsprecher f\u00fcr Harley-Davidson. Neodym-Antrieb, sauberer Klang und Nachr\u00fcstmontage in Verkleidungen.","breadcrumb":{"@id":"https:\/\/motorcycle-audio.eu\/sklep\/glosniki\/glosnik-hertz-sx165neo-do-motocykli-harley-davidson\/#breadcrumb"},"inLanguage":"de","potentialAction":[{"@type":"ReadAction","target":["https:\/\/motorcycle-audio.eu\/sklep\/glosniki\/glosnik-hertz-sx165neo-do-motocykli-harley-davidson\/"]}]},{"@type":"ImageObject","inLanguage":"de","@id":"https:\/\/motorcycle-audio.eu\/sklep\/glosniki\/glosnik-hertz-sx165neo-do-motocykli-harley-davidson\/#primaryimage","url":"https:\/\/motorcycle-audio.eu\/wp-content\/uploads\/2023\/08\/Glosnik_Hertz_SPL_SHOW_SX165NEO-1.jpg","contentUrl":"https:\/\/motorcycle-audio.eu\/wp-content\/uploads\/2023\/08\/Glosnik_Hertz_SPL_SHOW_SX165NEO-1.jpg","width":1800,"height":1800,"caption":"G\u0142o\u015bnik Hertz sx 165 neo do motocykli Harley Davidson"},{"@type":"BreadcrumbList","@id":"https:\/\/motorcycle-audio.eu\/sklep\/glosniki\/glosnik-hertz-sx165neo-do-motocykli-harley-davidson\/#breadcrumb","itemListElement":[{"@type":"ListItem","position":1,"name":"Strona g\u0142\u00f3wna","item":"https:\/\/motorcycle-audio.eu\/"},{"@type":"ListItem","position":2,"name":"Sklep","item":"https:\/\/motorcycle-audio.eu\/sklep\/"},{"@type":"ListItem","position":3,"name":"G\u0142o\u015bnik Hertz sx165neo do motocykli Harley Davidson."}]},{"@type":"WebSite","@id":"https:\/\/motorcycle-audio.eu\/#website","url":"https:\/\/motorcycle-audio.eu\/","name":"Mefiu Motorrad Audio","description":"Spiel es laut!","publisher":{"@id":"https:\/\/motorcycle-audio.eu\/#organization"},"potentialAction":[{"@type":"SearchAction","target":{"@type":"EntryPoint","urlTemplate":"https:\/\/motorcycle-audio.eu\/?s={search_term_string}"},"query-input":{"@type":"PropertyValueSpecification","valueRequired":true,"valueName":"search_term_string"}}],"inLanguage":"de"},{"@type":"Organization","@id":"https:\/\/motorcycle-audio.eu\/#organization","name":"Mefiu Motorrad Audio","url":"https:\/\/motorcycle-audio.eu\/","logo":{"@type":"ImageObject","inLanguage":"de","@id":"https:\/\/motorcycle-audio.eu\/#\/schema\/logo\/image\/","url":"https:\/\/motorcycle-audio.eu\/wp-content\/uploads\/2025\/05\/mefiu_logo.png","contentUrl":"https:\/\/motorcycle-audio.eu\/wp-content\/uploads\/2025\/05\/mefiu_logo.png","width":150,"height":150,"caption":"Mefiu Motorcycle Audio"},"image":{"@id":"https:\/\/motorcycle-audio.eu\/#\/schema\/logo\/image\/"},"sameAs":["https:\/\/www.facebook.com\/HarleyDavidsonAudio"]}]}},"jetpack_sharing_enabled":true,"_links":{"self":[{"href":"https:\/\/motorcycle-audio.eu\/de\/wp-json\/wp\/v2\/product\/7643","targetHints":{"allow":["GET"]}}],"collection":[{"href":"https:\/\/motorcycle-audio.eu\/de\/wp-json\/wp\/v2\/product"}],"about":[{"href":"https:\/\/motorcycle-audio.eu\/de\/wp-json\/wp\/v2\/types\/product"}],"replies":[{"embeddable":true,"href":"https:\/\/motorcycle-audio.eu\/de\/wp-json\/wp\/v2\/comments?post=7643"}],"version-history":[{"count":1,"href":"https:\/\/motorcycle-audio.eu\/de\/wp-json\/wp\/v2\/product\/7643\/revisions"}],"predecessor-version":[{"id":9606,"href":"https:\/\/motorcycle-audio.eu\/de\/wp-json\/wp\/v2\/product\/7643\/revisions\/9606"}],"wp:featuredmedia":[{"embeddable":true,"href":"https:\/\/motorcycle-audio.eu\/de\/wp-json\/wp\/v2\/media\/7648"}],"wp:attachment":[{"href":"https:\/\/motorcycle-audio.eu\/de\/wp-json\/wp\/v2\/media?parent=7643"}],"wp:term":[{"taxonomy":"product_cat","embeddable":true,"href":"https:\/\/motorcycle-audio.eu\/de\/wp-json\/wp\/v2\/product_cat?post=7643"},{"taxonomy":"product_tag","embeddable":true,"href":"https:\/\/motorcycle-audio.eu\/de\/wp-json\/wp\/v2\/product_tag?post=7643"}],"curies":[{"name":"wp","href":"https:\/\/api.w.org\/{rel}","templated":true}]}}