{"id":7337,"date":"2023-07-05T08:23:53","date_gmt":"2023-07-05T06:23:53","guid":{"rendered":"http:\/\/motorcycle-audio.eu\/?post_type=product&#038;p=7337"},"modified":"2026-02-18T10:49:59","modified_gmt":"2026-02-18T09:49:59","slug":"radio-soundstream-reserve-hdhu-9813rg-fur-motorrader-harley-davidson-road-glide-98-13-mit-android-auto-und-car-play","status":"publish","type":"product","link":"https:\/\/motorcycle-audio.eu\/de\/geschaft\/radia\/radio-soundstream-reserve-hdhu-9813rg-fur-motorrader-harley-davidson-road-glide-98-13-mit-android-auto-und-car-play\/","title":{"rendered":"Radio Soundstream Reserve HDHU.9813RG f\u00fcr Harley Davidson Road Glide Motorr\u00e4der 98-13 mit Android Auto\/Car Play"},"content":{"rendered":"<p class=\"translation-block\"><strong>Das Soundstream Reserve HDHU.9813RG<\/strong> ist ein fortschrittliches, wetterfestes Multimedia-Ger\u00e4t, das speziell f\u00fcr <strong>Harley-Davidson Road Glide<\/strong>-Motorr\u00e4der<strong> der Baujahre 1998\u20132013<\/strong> entwickelt wurde. Es bietet dank <strong>Android Auto<\/strong> und <strong>Apple CarPlay<\/strong> eine vollst\u00e4ndige Smartphone-Integration und erm\u00f6glicht so w\u00e4hrend der Fahrt bequemen Zugriff auf Navigation, Musik, Anrufe und Nachrichten.<\/p>\n<p class=\"translation-block\">Das Ger\u00e4t beh\u00e4lt die werkseitige Steuerung \u00fcber den Lenker bei, f\u00fcgt sich nahtlos in das urspr\u00fcngliche Erscheinungsbild des Motorrads ein und l\u00e4sst sich ohne zus\u00e4tzliche Halterungen oder Umbauten montieren \u2013 <strong>ein<\/strong> komplettes <strong>Plug-and-Play-System<\/strong> unter Verwendung der werkseitigen Schrauben und der Antenne.<\/p>\n<p class=\"translation-block\">Das Radio ist mit <strong>einem 7-Zoll-HD-Kapazitivbildschirm<\/strong>, einer regen- und staubgesch\u00fctzten Frontscheibe (IPX5) sowie einer einstellbaren RGB-Hintergrundbeleuchtung ausgestattet. Die verwendeten <strong>4<\/strong>-<strong>V<\/strong>-Cinch-Ausg\u00e4nge f\u00fcr vorne, hinten und den Subwoofer erm\u00f6glichen den Aufbau eines leistungsstarken Audiosystems, und der integrierte 4\u00d750-W-Verst\u00e4rker sowie der Equalizer mit Voreinstellungen lassen den Klang an die Vorlieben des Motorradfahrers anpassen.<\/p>\n<p class=\"translation-block\">Der Player unterst\u00fctzt <strong>Bluetooth<\/strong>, Audiodateien \u00fcber USB (MP3\/WMA\/AAC\/FLAC) sowie das Aufladen mobiler Ger\u00e4te. \u00dcber den zus\u00e4tzlichen Kameraeingang l\u00e4sst sich eine Live-Ansicht mit automatischer Stromversorgung anschlie\u00dfen.<\/p>\n<p>Dies ist ein komplettes Cockpit-Upgrade f\u00fcr die Road Glide, f\u00fcr alle, die moderne Funktionen, besseren Sound und perfekten Einbau w\u00fcnschen \u2013 ohne Kompromisse bei Aussehen und Wetterbest\u00e4ndigkeit.<\/p>\n<h3><b>Die wichtigsten Merkmale des Soundstream Reserve HDHU.9813RG Radios:<\/b><\/h3>\n<ul>\n<li>Geeignet f\u00fcr Harley-Davidson Road Glide 1998\u20132013<\/li>\n<li class=\"translation-block\"><strong>Plug-and-Play<\/strong>-Installation unter Verwendung der werkseitig mitgelieferten Schrauben und der Antenne<\/li>\n<li class=\"translation-block\">Wasserdichte Frontkonstruktion mit Schutzklasse <strong>IPX5<\/strong><\/li>\n<li class=\"translation-block\"><strong>7-Zoll-HD-Bildschirm<\/strong> mit kapazitivem Touchscreen und RGB-Hintergrundbeleuchtung<\/li>\n<li class=\"translation-block\">Unterst\u00fctzung <strong>f\u00fcr Apple CarPlay<\/strong> und <strong>Android Auto<\/strong> mit Google Assistant<\/li>\n<li class=\"translation-block\"><strong>Bluetooth<\/strong>-Verbindung zur Musikwiedergabe<\/li>\n<li>Cinch-Eingang f\u00fcr Videokamera mit 12V Trigger<\/li>\n<li>Personalisierung von Hintergrundbildern (jpg\/jpeg \u00fcber USB)<\/li>\n<li>Touch-Tasten mit einstellbarer RGB-Hintergrundbeleuchtung<\/li>\n<li>Aufladen des Smartphones \u00fcber USB (5 V \/ 1,5 A)<\/li>\n<li>Wiedergabe von MP3\/WMA\/AAC\/FLAC-Audio (USB bis 64 GB)<\/li>\n<li>RCA-Audioausg\u00e4nge 4 V: vorne, hinten, Subwoofer<\/li>\n<li>Eingebauter Equalizer und grafische Audioanzeige<\/li>\n<li>4\u00d750 W Verst\u00e4rker bei 2 \u03a9<\/li>\n<\/ul>","protected":false},"excerpt":{"rendered":"<p>Soundstream Reserve HDHU.9813RG to zaawansowana, odporna na warunki atmosferyczne jednostka multimedialna stworzona specjalnie dla motocykli Harley-Davidson Road Glide z lat 1998\u20132013. Zapewnia pe\u0142n\u0105 integracj\u0119 ze smartfonem dzi\u0119ki\u00a0Android Auto\u00a0i\u00a0Apple CarPlay, oferuj\u0105c wygodny dost\u0119p do nawigacji, muzyki, po\u0142\u0105cze\u0144 i wiadomo\u015bci w czasie jazdy. Urz\u0105dzenie zachowuje fabryczne sterowanie z kierownicy, wpasowuje si\u0119 w oryginalny wygl\u0105d motocykla i montuje&hellip; <\/p>\n<p class=\"link-more\"><a href=\"https:\/\/motorcycle-audio.eu\/de\/geschaft\/radia\/radio-soundstream-reserve-hdhu-9813rg-fur-motorrader-harley-davidson-road-glide-98-13-mit-android-auto-und-car-play\/\" class=\"more-link\">Read More <span class=\"screen-reader-text\"> &#8222;Radio Soundstream Reserve HDHU.9813RG do motocykli Harley Davidson Road Glide 98-13 z Android Auto\/Car Play&#8221;<\/span><\/a><\/p>","protected":false},"featured_media":7338,"comment_status":"closed","ping_status":"closed","template":"","meta":{"_acf_changed":false},"product_cat":[49],"product_tag":[],"class_list":{"0":"post-7337","1":"product","2":"type-product","3":"status-publish","4":"has-post-thumbnail","6":"product_cat-radia","8":"first","9":"outofstock","10":"taxable","11":"shipping-taxable","12":"purchasable","13":"product-type-simple"},"acf":[],"yoast_head":"<!-- This site is optimized with the Yoast SEO Premium plugin v26.7 (Yoast SEO v26.7) - https:\/\/yoast.com\/wordpress\/plugins\/seo\/ -->\n<title>Radio Soundstream Reserve HDHU.9813RG do motocykli Harley Davidson Road Glide 98-13 z Android Auto\/Car Play - Mefiu Motorcycle Audio<\/title>\n<meta name=\"description\" content=\"Zaawansowana, wodoodporna jednostka multimedialna Soundstream Reserve HDHU.9813RG do Harley-Davidson Road Glide 1998\u20132013, z 7&quot; ekranem HD\" \/>\n<meta name=\"robots\" content=\"index, follow, max-snippet:-1, max-image-preview:large, max-video-preview:-1\" \/>\n<link rel=\"canonical\" href=\"https:\/\/motorcycle-audio.eu\/de\/geschaft\/radia\/radio-soundstream-reserve-hdhu-9813rg-fur-motorrader-harley-davidson-road-glide-98-13-mit-android-auto-und-car-play\/\" \/>\n<meta property=\"og:locale\" content=\"de_DE\" \/>\n<meta property=\"og:type\" content=\"article\" \/>\n<meta property=\"og:title\" content=\"Radio Soundstream Reserve HDHU.9813RG do motocykli Harley Davidson Road Glide 98-13 z Android Auto\/Car Play\" \/>\n<meta property=\"og:description\" content=\"Zaawansowana, wodoodporna jednostka multimedialna Soundstream Reserve HDHU.9813RG do Harley-Davidson Road Glide 1998\u20132013, z 7&quot; ekranem HD\" \/>\n<meta property=\"og:url\" content=\"https:\/\/motorcycle-audio.eu\/de\/geschaft\/radia\/radio-soundstream-reserve-hdhu-9813rg-fur-motorrader-harley-davidson-road-glide-98-13-mit-android-auto-und-car-play\/\" \/>\n<meta property=\"og:site_name\" content=\"Mefiu Motorcycle Audio\" \/>\n<meta property=\"article:publisher\" content=\"https:\/\/www.facebook.com\/HarleyDavidsonAudio\" \/>\n<meta property=\"article:modified_time\" content=\"2026-02-18T09:49:59+00:00\" \/>\n<meta property=\"og:image\" content=\"https:\/\/motorcycle-audio.eu\/wp-content\/uploads\/2023\/07\/Motorcycle-Audio-HDHU.9813RG-Road-Glide-Replacement-Headunit-1536x1536-1.jpg\" \/>\n\t<meta property=\"og:image:width\" content=\"1536\" \/>\n\t<meta property=\"og:image:height\" content=\"1536\" \/>\n\t<meta property=\"og:image:type\" content=\"image\/jpeg\" \/>\n<meta name=\"twitter:card\" content=\"summary_large_image\" \/>\n<meta name=\"twitter:label1\" content=\"Gesch\u00e4tzte Lesezeit\" \/>\n\t<meta name=\"twitter:data1\" content=\"2\u00a0Minuten\" \/>\n<script type=\"application\/ld+json\" class=\"yoast-schema-graph\">{\"@context\":\"https:\/\/schema.org\",\"@graph\":[{\"@type\":\"WebPage\",\"@id\":\"https:\/\/motorcycle-audio.eu\/sklep\/radia\/radio-soundstream-reserve-hdhu-9813rg-do-motocykli-harley-davidson-road-glide-98-13-z-android-auto-car-play\/\",\"url\":\"https:\/\/motorcycle-audio.eu\/sklep\/radia\/radio-soundstream-reserve-hdhu-9813rg-do-motocykli-harley-davidson-road-glide-98-13-z-android-auto-car-play\/\",\"name\":\"Radio Soundstream Reserve HDHU.9813RG do motocykli Harley Davidson Road Glide 98-13 z Android Auto\/Car Play - Mefiu Motorcycle Audio\",\"isPartOf\":{\"@id\":\"https:\/\/motorcycle-audio.eu\/#website\"},\"primaryImageOfPage\":{\"@id\":\"https:\/\/motorcycle-audio.eu\/sklep\/radia\/radio-soundstream-reserve-hdhu-9813rg-do-motocykli-harley-davidson-road-glide-98-13-z-android-auto-car-play\/#primaryimage\"},\"image\":{\"@id\":\"https:\/\/motorcycle-audio.eu\/sklep\/radia\/radio-soundstream-reserve-hdhu-9813rg-do-motocykli-harley-davidson-road-glide-98-13-z-android-auto-car-play\/#primaryimage\"},\"thumbnailUrl\":\"https:\/\/motorcycle-audio.eu\/wp-content\/uploads\/2023\/07\/Motorcycle-Audio-HDHU.9813RG-Road-Glide-Replacement-Headunit-1536x1536-1.jpg\",\"datePublished\":\"2023-07-05T06:23:53+00:00\",\"dateModified\":\"2026-02-18T09:49:59+00:00\",\"description\":\"Zaawansowana, wodoodporna jednostka multimedialna Soundstream Reserve HDHU.9813RG do Harley-Davidson Road Glide 1998\u20132013, z 7\\\" ekranem HD\",\"breadcrumb\":{\"@id\":\"https:\/\/motorcycle-audio.eu\/sklep\/radia\/radio-soundstream-reserve-hdhu-9813rg-do-motocykli-harley-davidson-road-glide-98-13-z-android-auto-car-play\/#breadcrumb\"},\"inLanguage\":\"de\",\"potentialAction\":[{\"@type\":\"ReadAction\",\"target\":[\"https:\/\/motorcycle-audio.eu\/sklep\/radia\/radio-soundstream-reserve-hdhu-9813rg-do-motocykli-harley-davidson-road-glide-98-13-z-android-auto-car-play\/\"]}]},{\"@type\":\"ImageObject\",\"inLanguage\":\"de\",\"@id\":\"https:\/\/motorcycle-audio.eu\/sklep\/radia\/radio-soundstream-reserve-hdhu-9813rg-do-motocykli-harley-davidson-road-glide-98-13-z-android-auto-car-play\/#primaryimage\",\"url\":\"https:\/\/motorcycle-audio.eu\/wp-content\/uploads\/2023\/07\/Motorcycle-Audio-HDHU.9813RG-Road-Glide-Replacement-Headunit-1536x1536-1.jpg\",\"contentUrl\":\"https:\/\/motorcycle-audio.eu\/wp-content\/uploads\/2023\/07\/Motorcycle-Audio-HDHU.9813RG-Road-Glide-Replacement-Headunit-1536x1536-1.jpg\",\"width\":1536,\"height\":1536,\"caption\":\"Radio Soundstream Reserve HDHU.9813RG\"},{\"@type\":\"BreadcrumbList\",\"@id\":\"https:\/\/motorcycle-audio.eu\/sklep\/radia\/radio-soundstream-reserve-hdhu-9813rg-do-motocykli-harley-davidson-road-glide-98-13-z-android-auto-car-play\/#breadcrumb\",\"itemListElement\":[{\"@type\":\"ListItem\",\"position\":1,\"name\":\"Strona g\u0142\u00f3wna\",\"item\":\"https:\/\/motorcycle-audio.eu\/\"},{\"@type\":\"ListItem\",\"position\":2,\"name\":\"Sklep\",\"item\":\"https:\/\/motorcycle-audio.eu\/sklep\/\"},{\"@type\":\"ListItem\",\"position\":3,\"name\":\"Radio Soundstream Reserve HDHU.9813RG do motocykli Harley Davidson Road Glide 98-13 z Android Auto\/Car Play\"}]},{\"@type\":\"WebSite\",\"@id\":\"https:\/\/motorcycle-audio.eu\/#website\",\"url\":\"https:\/\/motorcycle-audio.eu\/\",\"name\":\"Mefiu Motorcycle Audio\",\"description\":\"Play it loud!\",\"publisher\":{\"@id\":\"https:\/\/motorcycle-audio.eu\/#organization\"},\"potentialAction\":[{\"@type\":\"SearchAction\",\"target\":{\"@type\":\"EntryPoint\",\"urlTemplate\":\"https:\/\/motorcycle-audio.eu\/?s={search_term_string}\"},\"query-input\":{\"@type\":\"PropertyValueSpecification\",\"valueRequired\":true,\"valueName\":\"search_term_string\"}}],\"inLanguage\":\"de\"},{\"@type\":\"Organization\",\"@id\":\"https:\/\/motorcycle-audio.eu\/#organization\",\"name\":\"Mefiu Motorcycle Audio\",\"url\":\"https:\/\/motorcycle-audio.eu\/\",\"logo\":{\"@type\":\"ImageObject\",\"inLanguage\":\"de\",\"@id\":\"https:\/\/motorcycle-audio.eu\/#\/schema\/logo\/image\/\",\"url\":\"https:\/\/motorcycle-audio.eu\/wp-content\/uploads\/2025\/05\/mefiu_logo.png\",\"contentUrl\":\"https:\/\/motorcycle-audio.eu\/wp-content\/uploads\/2025\/05\/mefiu_logo.png\",\"width\":150,\"height\":150,\"caption\":\"Mefiu Motorcycle Audio\"},\"image\":{\"@id\":\"https:\/\/motorcycle-audio.eu\/#\/schema\/logo\/image\/\"},\"sameAs\":[\"https:\/\/www.facebook.com\/HarleyDavidsonAudio\"]}]}<\/script>\n<!-- \/ Yoast SEO Premium plugin. -->","yoast_head_json":{"title":"Radio Soundstream Reserve HDHU.9813RG f\u00fcr Harley Davidson Road Glide Motorr\u00e4der 98-13 mit Android Auto\/Car Play - Mefiu Motorcycle Audio","description":"Fortschrittliche, wasserdichte Soundstream Reserve HDHU.9813RG Multimedia-Einheit f\u00fcr Harley-Davidson Road Glide 1998\u20132013 mit 7-Zoll-HD-Bildschirm","robots":{"index":"index","follow":"follow","max-snippet":"max-snippet:-1","max-image-preview":"max-image-preview:large","max-video-preview":"max-video-preview:-1"},"canonical":"https:\/\/motorcycle-audio.eu\/de\/geschaft\/radia\/radio-soundstream-reserve-hdhu-9813rg-fur-motorrader-harley-davidson-road-glide-98-13-mit-android-auto-und-car-play\/","og_locale":"de_DE","og_type":"article","og_title":"Radio Soundstream Reserve HDHU.9813RG do motocykli Harley Davidson Road Glide 98-13 z Android Auto\/Car Play","og_description":"Zaawansowana, wodoodporna jednostka multimedialna Soundstream Reserve HDHU.9813RG do Harley-Davidson Road Glide 1998\u20132013, z 7\" ekranem HD","og_url":"https:\/\/motorcycle-audio.eu\/de\/geschaft\/radia\/radio-soundstream-reserve-hdhu-9813rg-fur-motorrader-harley-davidson-road-glide-98-13-mit-android-auto-und-car-play\/","og_site_name":"Mefiu Motorcycle Audio","article_publisher":"https:\/\/www.facebook.com\/HarleyDavidsonAudio","article_modified_time":"2026-02-18T09:49:59+00:00","og_image":[{"width":1536,"height":1536,"url":"https:\/\/motorcycle-audio.eu\/wp-content\/uploads\/2023\/07\/Motorcycle-Audio-HDHU.9813RG-Road-Glide-Replacement-Headunit-1536x1536-1.jpg","type":"image\/jpeg"}],"twitter_card":"summary_large_image","twitter_misc":{"Gesch\u00e4tzte Lesezeit":"2\u00a0Minuten"},"schema":{"@context":"https:\/\/schema.org","@graph":[{"@type":"WebPage","@id":"https:\/\/motorcycle-audio.eu\/sklep\/radia\/radio-soundstream-reserve-hdhu-9813rg-do-motocykli-harley-davidson-road-glide-98-13-z-android-auto-car-play\/","url":"https:\/\/motorcycle-audio.eu\/sklep\/radia\/radio-soundstream-reserve-hdhu-9813rg-do-motocykli-harley-davidson-road-glide-98-13-z-android-auto-car-play\/","name":"Radio Soundstream Reserve HDHU.9813RG f\u00fcr Harley Davidson Road Glide Motorr\u00e4der 98-13 mit Android Auto\/Car Play - Mefiu Motorcycle Audio","isPartOf":{"@id":"https:\/\/motorcycle-audio.eu\/#website"},"primaryImageOfPage":{"@id":"https:\/\/motorcycle-audio.eu\/sklep\/radia\/radio-soundstream-reserve-hdhu-9813rg-do-motocykli-harley-davidson-road-glide-98-13-z-android-auto-car-play\/#primaryimage"},"image":{"@id":"https:\/\/motorcycle-audio.eu\/sklep\/radia\/radio-soundstream-reserve-hdhu-9813rg-do-motocykli-harley-davidson-road-glide-98-13-z-android-auto-car-play\/#primaryimage"},"thumbnailUrl":"https:\/\/motorcycle-audio.eu\/wp-content\/uploads\/2023\/07\/Motorcycle-Audio-HDHU.9813RG-Road-Glide-Replacement-Headunit-1536x1536-1.jpg","datePublished":"2023-07-05T06:23:53+00:00","dateModified":"2026-02-18T09:49:59+00:00","description":"Fortschrittliche, wasserdichte Soundstream Reserve HDHU.9813RG Multimedia-Einheit f\u00fcr Harley-Davidson Road Glide 1998\u20132013 mit 7-Zoll-HD-Bildschirm","breadcrumb":{"@id":"https:\/\/motorcycle-audio.eu\/sklep\/radia\/radio-soundstream-reserve-hdhu-9813rg-do-motocykli-harley-davidson-road-glide-98-13-z-android-auto-car-play\/#breadcrumb"},"inLanguage":"de","potentialAction":[{"@type":"ReadAction","target":["https:\/\/motorcycle-audio.eu\/sklep\/radia\/radio-soundstream-reserve-hdhu-9813rg-do-motocykli-harley-davidson-road-glide-98-13-z-android-auto-car-play\/"]}]},{"@type":"ImageObject","inLanguage":"de","@id":"https:\/\/motorcycle-audio.eu\/sklep\/radia\/radio-soundstream-reserve-hdhu-9813rg-do-motocykli-harley-davidson-road-glide-98-13-z-android-auto-car-play\/#primaryimage","url":"https:\/\/motorcycle-audio.eu\/wp-content\/uploads\/2023\/07\/Motorcycle-Audio-HDHU.9813RG-Road-Glide-Replacement-Headunit-1536x1536-1.jpg","contentUrl":"https:\/\/motorcycle-audio.eu\/wp-content\/uploads\/2023\/07\/Motorcycle-Audio-HDHU.9813RG-Road-Glide-Replacement-Headunit-1536x1536-1.jpg","width":1536,"height":1536,"caption":"Radio Soundstream Reserve HDHU.9813RG"},{"@type":"BreadcrumbList","@id":"https:\/\/motorcycle-audio.eu\/sklep\/radia\/radio-soundstream-reserve-hdhu-9813rg-do-motocykli-harley-davidson-road-glide-98-13-z-android-auto-car-play\/#breadcrumb","itemListElement":[{"@type":"ListItem","position":1,"name":"Strona g\u0142\u00f3wna","item":"https:\/\/motorcycle-audio.eu\/"},{"@type":"ListItem","position":2,"name":"Sklep","item":"https:\/\/motorcycle-audio.eu\/sklep\/"},{"@type":"ListItem","position":3,"name":"Radio Soundstream Reserve HDHU.9813RG do motocykli Harley Davidson Road Glide 98-13 z Android Auto\/Car Play"}]},{"@type":"WebSite","@id":"https:\/\/motorcycle-audio.eu\/#website","url":"https:\/\/motorcycle-audio.eu\/","name":"Mefiu Motorrad Audio","description":"Spiel es laut!","publisher":{"@id":"https:\/\/motorcycle-audio.eu\/#organization"},"potentialAction":[{"@type":"SearchAction","target":{"@type":"EntryPoint","urlTemplate":"https:\/\/motorcycle-audio.eu\/?s={search_term_string}"},"query-input":{"@type":"PropertyValueSpecification","valueRequired":true,"valueName":"search_term_string"}}],"inLanguage":"de"},{"@type":"Organization","@id":"https:\/\/motorcycle-audio.eu\/#organization","name":"Mefiu Motorrad Audio","url":"https:\/\/motorcycle-audio.eu\/","logo":{"@type":"ImageObject","inLanguage":"de","@id":"https:\/\/motorcycle-audio.eu\/#\/schema\/logo\/image\/","url":"https:\/\/motorcycle-audio.eu\/wp-content\/uploads\/2025\/05\/mefiu_logo.png","contentUrl":"https:\/\/motorcycle-audio.eu\/wp-content\/uploads\/2025\/05\/mefiu_logo.png","width":150,"height":150,"caption":"Mefiu Motorcycle Audio"},"image":{"@id":"https:\/\/motorcycle-audio.eu\/#\/schema\/logo\/image\/"},"sameAs":["https:\/\/www.facebook.com\/HarleyDavidsonAudio"]}]}},"jetpack_sharing_enabled":true,"_links":{"self":[{"href":"https:\/\/motorcycle-audio.eu\/de\/wp-json\/wp\/v2\/product\/7337","targetHints":{"allow":["GET"]}}],"collection":[{"href":"https:\/\/motorcycle-audio.eu\/de\/wp-json\/wp\/v2\/product"}],"about":[{"href":"https:\/\/motorcycle-audio.eu\/de\/wp-json\/wp\/v2\/types\/product"}],"replies":[{"embeddable":true,"href":"https:\/\/motorcycle-audio.eu\/de\/wp-json\/wp\/v2\/comments?post=7337"}],"version-history":[{"count":3,"href":"https:\/\/motorcycle-audio.eu\/de\/wp-json\/wp\/v2\/product\/7337\/revisions"}],"predecessor-version":[{"id":9668,"href":"https:\/\/motorcycle-audio.eu\/de\/wp-json\/wp\/v2\/product\/7337\/revisions\/9668"}],"wp:featuredmedia":[{"embeddable":true,"href":"https:\/\/motorcycle-audio.eu\/de\/wp-json\/wp\/v2\/media\/7338"}],"wp:attachment":[{"href":"https:\/\/motorcycle-audio.eu\/de\/wp-json\/wp\/v2\/media?parent=7337"}],"wp:term":[{"taxonomy":"product_cat","embeddable":true,"href":"https:\/\/motorcycle-audio.eu\/de\/wp-json\/wp\/v2\/product_cat?post=7337"},{"taxonomy":"product_tag","embeddable":true,"href":"https:\/\/motorcycle-audio.eu\/de\/wp-json\/wp\/v2\/product_tag?post=7337"}],"curies":[{"name":"wp","href":"https:\/\/api.w.org\/{rel}","templated":true}]}}